{"id":23,"date":"2010-11-30T12:26:08","date_gmt":"2010-11-30T12:26:08","guid":{"rendered":"https:\/\/www.youronlinechoices.com\/lv"},"modified":"2013-06-13T07:55:41","modified_gmt":"2013-06-13T07:55:41","slug":"opt-out-help","status":"publish","type":"page","link":"https:\/\/www.youronlinechoices.com\/lv\/opt-out-help","title":{"rendered":"Pal\u012bdz\u012bbas lapa"},"content":{"rendered":"<h4>Da\u017eas lietas, kas j\u0101zina par izvair\u012b\u0161anos\u2026<\/h4>\n<p><!-- br--><br \/>\n<!-- br--><\/p>\n<ul>\n<li>Ja izv\u0113laties izvair\u012bties no uzved\u012bbas rekl\u0101m\u0101m, izmantojot\u00a0<a href=\"https:\/\/www.youronlinechoices.com\/lv\/your-ad-choices\">\u0161aj\u0101 vietn\u0113 sniegto lapu<\/a>, atcerieties\u00a0\u2014 tas nenoz\u012bm\u0113, ka, izmantojot internetu, j\u016bs vairs nesa\u0146emsit rekl\u0101mas. Tom\u0113r tas noz\u012bm\u0113 to, ka j\u016bsu apmekl\u0113taj\u0101s vietn\u0113s redzam\u0101s rekl\u0101mas neb\u016bs piel\u0101gotas jums un j\u016bsu interes\u0113m, t\u0101tad, iesp\u0113jams, neb\u016bs tik piem\u0113rotas.<\/li>\n<p><!-- br--><br \/>\n<!-- br--><\/p>\n<li>Ja j\u016bs izv\u0113laties izvair\u012bties no konkr\u0113ta pakalpojumu sniedz\u0113ja uzved\u012bbas rekl\u0101m\u0101m, tas attieksies tikai uz konkr\u0113ta uz\u0146\u0113muma datu kolekciju j\u016bsu izmantotaj\u0101 t\u012bmek\u013ca p\u0101rl\u016bk\u0101. T\u0101pat, ja j\u016bs izv\u0113laties izvair\u012bties no vis\u0101m nor\u0101d\u012bto pakalpojumu sniedz\u0113ju uzved\u012bbas rekl\u0101m\u0101m, tas attieksies tikai uz j\u016bsu tobr\u012bd izmantoto\u00a0<a title=\"Jargon Buster\" href=\"https:\/\/www.youronlinechoices.com\/lv\/jargon-buster\">t\u012bmek\u013ca p\u0101rl\u016bku<\/a>\u00a0.\u00a0<strong>\u0160\u0101ds pats process jums b\u016bs j\u0101izmanto visos citos t\u012bmek\u013ca p\u0101rl\u016bkos, kurus j\u016bs lietojat taj\u0101 pa\u0161\u0101 un\/vai citos datoros vai ier\u012bc\u0113s.<\/strong>\u00a0L\u016bdzu, \u0146emiet v\u0113r\u0101\u00a0\u2014 ja j\u016bsu m\u0101jas dator\u0101 ir atsevi\u0161\u0137i lietot\u0101ju konti, preferences ir j\u0101piel\u0101go katram kontam. <a title=\"Top Tips\" href=\"https:\/\/www.youronlinechoices.com\/lv\/five-top-tips\">Skatiet m\u016bsu lab\u0101kos padomus<\/a><strong>.<\/strong><\/li>\n<p><!-- br--><br \/>\n<!-- br--><\/p>\n<li>Ja esat izvair\u012bjies no uzved\u012bbas rekl\u0101m\u0101m un p\u0113c tam izlemjat, ka v\u0113laties sa\u0146emt rekl\u0101mas atbilsto\u0161i sav\u0101m interes\u0113m, varat izvair\u012bties, izmantojot to pa\u0161u veidlapu m\u016bsu\u00a0<a href=\"https:\/\/www.youronlinechoices.com\/lv\/your-ad-choices\">izvair\u012b\u0161an\u0101s lap\u0101<\/a>.\u00a0Alternat\u012bvi varat izdz\u0113st s\u012bkfailus t\u012bmek\u013ca p\u0101rl\u016bk\u0101.\u00a0<a title=\"Top Tips\" href=\"https:\/\/www.youronlinechoices.com\/lv\/five-top-tips\">Lai to izdar\u012btu, skatiet m\u016bsu lab\u0101kos padomus<\/a>.<\/li>\n<p><!-- br--><\/p>\n<li>Ja, izmantojot m\u016bsu izvair\u012b\u0161an\u0101s lapu, jums rodas k\u0101das \u012bpa\u0161as vai past\u0101v\u012bgas probl\u0113mas, l\u016bdzu, skatiet t\u0101l\u0101k sniegto inform\u0101ciju.<\/li>\n<p><!-- br--><\/p>\n<li>Izvair\u012b\u0161an\u0101s lapas veiktsp\u0113ju var ietekm\u0113t daudzi faktori, kas atrodas \u0101rpus m\u016bsu kontroles.\u00a0 No tiem var min\u0113t interneta savienojuma, uz\u0146\u0113muma t\u012bkla dro\u0161\u012bbas un t\u012bmek\u013ca p\u0101rl\u016bka iestat\u012bjumu probl\u0113mas.<\/li>\n<\/ul>\n<p><!-- br--><br \/>\n<!-- br--><\/p>\n<h4>Vai jums ir probl\u0113mas, izmantojot \u0161\u012bs vietnes izvair\u012b\u0161an\u0101s r\u012bku?<\/h4>\n<p><!-- br--><br \/>\nJa jums rodas ar izvair\u012b\u0161anos saist\u012btas probl\u0113mas, izmantojot saites, kuras esam nor\u0101d\u012bju\u0161i \u0161aj\u0101 vietn\u0113, iesak\u0101m vispirms\u00a0<a title=\"Opt out\" href=\"https:\/\/www.youronlinechoices.com\/lv\/your-ad-choices\">m\u0113\u0123in\u0101t v\u0113lreiz<\/a>.<br \/>\n<!-- br--><br \/>\n<!-- br--><\/p>\n<h4>Ja probl\u0113ma saglab\u0101jas, skatiet t\u0101l\u0101k.<\/h4>\n<p><!-- br--><br \/>\n<!-- br--><\/p>\n<ul>\n<li>Da\u017e\u0101die nodro\u0161in\u0101tie izvair\u012b\u0161an\u0101s r\u012bki ir izveidoti uz s\u012bkfailu b\u0101zes. T\u0101p\u0113c t\u012bmek\u013ca p\u0101rl\u016bks ir j\u0101iestata tre\u0161\u0101s puses s\u012bkfailu apstiprin\u0101\u0161anai, lai izvair\u012b\u0161an\u0101s darbotos veiksm\u012bgi.\u00a0Apmekl\u0113jiet m\u016bsu lab\u0101kos padomus\u00a0<a title=\"Top Tips\" href=\"https:\/\/www.youronlinechoices.com\/lv\/five-top-tips\">\u0161eit<\/a>\u00a0, lai ieg\u016btu papildinform\u0101ciju par konfidencialit\u0101tes iestat\u012bjumu iestat\u012b\u0161anu j\u016bsu izmantotaj\u0101 t\u012bmek\u013ca p\u0101rl\u016bk\u0101.<\/li>\n<li>Lai ieg\u016btu papildinform\u0101ciju un atbalstu, varat apmekl\u0113t ar\u012b izmantot\u0101 t\u012bmek\u013ca p\u0101rl\u016bka specifisko pal\u012bdz\u012bbas lapu:<\/li>\n<\/ul>\n<p><a href=\"http:\/\/support.microsoft.com\/kb\/283185\">Internet Explorer<\/a><\/p>\n<p><a href=\"http:\/\/support.mozilla.com\/en-US\/kb\/Options+window+-+Privacy+panel\">Firefox<\/a><\/p>\n<p><a href=\"http:\/\/docs.info.apple.com\/article.html?path=Safari\/3.0\/en\/9277.html\">Safari<\/a><\/p>\n<p><a href=\"http:\/\/www.google.com\/support\/chrome\/bin\/answer.py?hl=en&amp;answer=95647\">Chrome<\/a><\/p>\n<ul>\n<li>Ja jums joproj\u0101m ir ar izvair\u012b\u0161an\u0101s r\u012bku saist\u012btas probl\u0113mas, varat sazin\u0101ties ar mums<a href=\"mailto:david@youronlinechoices.com\" target=\"_blank\">\u00a0\u0161eit<\/a>.<\/li>\n<\/ul>\n<p><!-- br--><br \/>\n<!-- br--><\/p>\n<h3>Nos\u016btiet mums savu atsauksmi:\u00a0<a href=\"mailto:feedback@iabuk.net\">david@youronlinechoices.com<\/a><\/h3>\n","protected":false},"excerpt":{"rendered":"<p>Da\u017eas lietas, kas j\u0101zina par izvair\u012b\u0161anos\u2026 Ja izv\u0113laties izvair\u012bties no uzved\u012bbas rekl\u0101m\u0101m, izmantojot\u00a0\u0161aj\u0101 vietn\u0113 sniegto lapu, atcerieties\u00a0\u2014 tas nenoz\u012bm\u0113, ka, izmantojot internetu, j\u016bs vairs nesa\u0146emsit rekl\u0101mas. Tom\u0113r tas noz\u012bm\u0113 to, ka j\u016bsu apmekl\u0113taj\u0101s vietn\u0113s redzam\u0101s rekl\u0101mas neb\u016bs piel\u0101gotas jums un j\u016bsu interes\u0113m, t\u0101tad, iesp\u0113jams, neb\u016bs tik piem\u0113rotas. Ja j\u016bs izv\u0113laties izvair\u012bties no konkr\u0113ta pakalpojumu sniedz\u0113ja [&hellip;]<\/p>\n","protected":false},"author":3,"featured_media":0,"parent":0,"menu_order":11,"comment_status":"closed","ping_status":"closed","template":"","meta":[],"_links":{"self":[{"href":"https:\/\/www.youronlinechoices.com\/lv\/wp-json\/wp\/v2\/pages\/23"}],"collection":[{"href":"https:\/\/www.youronlinechoices.com\/lv\/wp-json\/wp\/v2\/pages"}],"about":[{"href":"https:\/\/www.youronlinechoices.com\/lv\/wp-json\/wp\/v2\/types\/page"}],"author":[{"embeddable":true,"href":"https:\/\/www.youronlinechoices.com\/lv\/wp-json\/wp\/v2\/users\/3"}],"replies":[{"embeddable":true,"href":"https:\/\/www.youronlinechoices.com\/lv\/wp-json\/wp\/v2\/comments?post=23"}],"version-history":[{"count":24,"href":"https:\/\/www.youronlinechoices.com\/lv\/wp-json\/wp\/v2\/pages\/23\/revisions"}],"predecessor-version":[{"id":348,"href":"https:\/\/www.youronlinechoices.com\/lv\/wp-json\/wp\/v2\/pages\/23\/revisions\/348"}],"wp:attachment":[{"href":"https:\/\/www.youronlinechoices.com\/lv\/wp-json\/wp\/v2\/media?parent=23"}],"curies":[{"name":"wp","href":"https:\/\/api.w.org\/{rel}","templated":true}]}}