{"id":184,"date":"2011-03-07T14:48:17","date_gmt":"2011-03-07T14:48:17","guid":{"rendered":"https:\/\/www.youronlinechoices.com\/lv\/?page_id=184"},"modified":"2015-05-14T12:11:08","modified_gmt":"2015-05-14T12:11:08","slug":"your-ad-choices","status":"publish","type":"page","link":"https:\/\/www.youronlinechoices.com\/lv\/your-ad-choices","title":{"rendered":"J\u016bsu izv\u0113les"},"content":{"rendered":"<div class=\"mb10\">T\u0101l\u0101k nor\u0101d\u012btie uz\u0146\u0113mumi ir da\u017ei no pakalpojumu sniedz\u0113jiem, kuri sadarbojas ar vietnes operatoriem, lai iev\u0101ktu un izmantotu inform\u0101ciju, nodro\u0161inot tie\u0161saistes uzved\u012bbas rekl\u0101mas.<br \/>\n<!-- br --><br \/>\nLai kontrol\u0113tu savas tie\u0161saistes uzved\u012bbas rekl\u0101mu preferences, l\u016bdzu, izmantojiet t\u0101l\u0101k nor\u0101d\u012bt\u0101s pogas. Varat izsl\u0113gt vai iesl\u0113gt visus uz\u0146\u0113mumus vai ar\u012b iestat\u012bt savas preferences atsevi\u0161\u0137iem uz\u0146\u0113mumiem. Noklik\u0161\u0137inot uz pogas <img src=\"https:\/\/www.youronlinechoices.com\/wp-content\/plugins\/optout\/css\/images\/info.gif\" alt=\"\" \/>, varat atrast papildinform\u0101ciju par pa\u0161u uz\u0146\u0113mumu, k\u0101 ar\u012b t\u0101s uzved\u012bbas rekl\u0101mu statusu t\u012bmek\u013ca p\u0101rl\u016bkprogramm\u0101, kuru izmantojat. Ja izv\u0113\u013cu iesl\u0113g\u0161ana vai izsl\u0113g\u0161ana rada probl\u0113mas, l\u016bdzu, apmekl\u0113jiet m\u016bsu <a href=\"https:\/\/www.youronlinechoices.com\/lv\/opt-out-help\">pal\u012bdz\u012bbas lapu<\/a><\/div>\n<div class=\"liteyellowbg p10\">\n<div class=\"bbsolid bcdarkyellow pb10 mb10\">\n<div class=\"fleft pt10 pl5 pr10\"><img class=\"block attention\" src=\"https:\/\/www.youronlinechoices.com\/images\/pixel.png\" alt=\"\" \/><\/div>\n<div class=\"fleft w90\">Please note: this does not turn off all internet advertising only advertisements that are customised to your likely interests based upon previous web browsing activity. <a class=\"block mt5\" href=\"opt-out-help\">Read more about the process<\/a><\/div>\n<\/div>\n<div class=\"pl40 pt10 pb10\">\n<p><strong class=\"block mb5\">Status symbols scheme:<\/strong><\/p>\n<div>\n<div class=\"block mb10\"><img class=\"iblock mr5 legend nocookie vamiddle\" src=\"https:\/\/www.youronlinechoices.com\/images\/pixel.png\" alt=\"\" \/><span class=\"iblock w530 vamiddle\">This company has not set-up a cookie, but may deliver in the future advertisements that are customised to your interests.<\/span><\/div>\n<div class=\"block mb10\"><img class=\"iblock vamiddle mr5 legend on\" src=\"https:\/\/www.youronlinechoices.com\/images\/pixel.png\" alt=\"\" \/><span class=\"iblock w530 vamiddle\">This company is delivering advertisements customised to your interests.<\/span><\/div>\n<div class=\"block mb10\"><img class=\"iblock vamiddle mr5 legend off\" src=\"https:\/\/www.youronlinechoices.com\/images\/pixel.png\" alt=\"\" \/><span class=\"iblock w530 vamiddle\">This company is not delivering advertisements customised to your interests.<\/span><\/div>\n<div class=\"block\"><img class=\"iblock vamiddle mr5 legend noconnection\" src=\"https:\/\/www.youronlinechoices.com\/images\/pixel.png\" alt=\"\" \/><span class=\"iblock w530 vamiddle\">This company is experiencing technical issues, and we cannot retrieve your status.<\/span><\/div>\n<\/div>\n<\/div>\n<\/div>\n<div>\n<p><iframe loading=\"lazy\" width=\"100%\" height=\"3700\" id=\"myiframeid\" name=\"myiframeid\" src=\"https:\/\/www.youronlinechoices.com\/opt_out_interface_v2?lang=lv\" scrolling=\"no\" frameborder=\"0\" onload=\"\"><\/iframe><\/p>\n<div id=\"loadingLoad\">\n<div class=\"reloadButtons\">aaa<\/div>\n<p><span id=\"loadingLoadText\"><\/span>\n<\/div>\n<\/div>\n","protected":false},"excerpt":{"rendered":"<p>T\u0101l\u0101k nor\u0101d\u012btie uz\u0146\u0113mumi ir da\u017ei no pakalpojumu sniedz\u0113jiem, kuri sadarbojas ar vietnes operatoriem, lai iev\u0101ktu un izmantotu inform\u0101ciju, nodro\u0161inot tie\u0161saistes uzved\u012bbas rekl\u0101mas. Lai kontrol\u0113tu savas tie\u0161saistes uzved\u012bbas rekl\u0101mu preferences, l\u016bdzu, izmantojiet t\u0101l\u0101k nor\u0101d\u012bt\u0101s pogas. Varat izsl\u0113gt vai iesl\u0113gt visus uz\u0146\u0113mumus vai ar\u012b iestat\u012bt savas preferences atsevi\u0161\u0137iem uz\u0146\u0113mumiem. Noklik\u0161\u0137inot uz pogas , varat atrast papildinform\u0101ciju par [&hellip;]<\/p>\n","protected":false},"author":3,"featured_media":0,"parent":0,"menu_order":3,"comment_status":"closed","ping_status":"open","template":"","meta":[],"_links":{"self":[{"href":"https:\/\/www.youronlinechoices.com\/lv\/wp-json\/wp\/v2\/pages\/184"}],"collection":[{"href":"https:\/\/www.youronlinechoices.com\/lv\/wp-json\/wp\/v2\/pages"}],"about":[{"href":"https:\/\/www.youronlinechoices.com\/lv\/wp-json\/wp\/v2\/types\/page"}],"author":[{"embeddable":true,"href":"https:\/\/www.youronlinechoices.com\/lv\/wp-json\/wp\/v2\/users\/3"}],"replies":[{"embeddable":true,"href":"https:\/\/www.youronlinechoices.com\/lv\/wp-json\/wp\/v2\/comments?post=184"}],"version-history":[{"count":26,"href":"https:\/\/www.youronlinechoices.com\/lv\/wp-json\/wp\/v2\/pages\/184\/revisions"}],"predecessor-version":[{"id":378,"href":"https:\/\/www.youronlinechoices.com\/lv\/wp-json\/wp\/v2\/pages\/184\/revisions\/378"}],"wp:attachment":[{"href":"https:\/\/www.youronlinechoices.com\/lv\/wp-json\/wp\/v2\/media?parent=184"}],"curies":[{"name":"wp","href":"https:\/\/api.w.org\/{rel}","templated":true}]}}