{"id":12,"date":"2010-11-30T11:58:27","date_gmt":"2010-11-30T11:58:27","guid":{"rendered":"https:\/\/www.youronlinechoices.com\/lv"},"modified":"2015-09-10T11:01:04","modified_gmt":"2015-09-10T11:01:04","slug":"five-top-tips","status":"publish","type":"page","link":"https:\/\/www.youronlinechoices.com\/lv\/five-top-tips","title":{"rendered":"Pieci lab\u0101kie padomi"},"content":{"rendered":"<p>Pieci lab\u0101kie padomi, kas jums pal\u012bdz\u0113s p\u0101rvald\u012bt j\u016bsu konfidencialit\u0101ti tie\u0161saist\u0113.<\/p>\n<table border=\"0\">\n<tbody>\n<tr>\n<td><img loading=\"lazy\" class=\"alignnone size-full wp-image-473\" title=\"Number-1-blue_4076\" src=\"https:\/\/youronlinechoices.com\/wp-content\/uploads\/2009\/08\/Number-1-blue_4076.jpg\" alt=\"Number-1-blue_4076\" width=\"80\" height=\"80\" \/><\/td>\n<td><span style=\"color: #000000; font-size: medium;\"><strong><strong>Bez panikas<\/strong><\/strong><\/span><br \/>\nTie\u0161saistes uzved\u012bbas rekl\u0101mas ir dro\u0161as un caurskat\u0101mas. Rekl\u0101mdev\u0113ji nezina, kas j\u016bs esat, jo iev\u0101kto inform\u0101ciju nevar izmantot j\u016bsu identifik\u0101cijai un t\u0101s pamat\u0101 ir p\u0101rl\u016bko\u0161anas aktivit\u0101te, lai nodro\u0161in\u0101tu rekl\u0101mas, kas atspogu\u013co \u0161\u012bs intereses.\u00a0<a href=\"https:\/\/www.youronlinechoices.com\/lv\/about-behavioural-advertising\">Veltiet k\u0101du br\u012bdi, lai vair\u0101k uzzin\u0101tu par uzved\u012bbas rekl\u0101m\u0101m.<\/a><\/td>\n<td><\/td>\n<\/tr>\n<tr>\n<td><img loading=\"lazy\" class=\"alignnone size-full wp-image-474\" title=\"number-3-pink_4077\" src=\"https:\/\/youronlinechoices.com\/wp-content\/uploads\/2009\/08\/number-3-pink_4077.jpg\" alt=\"number-3-pink_4077\" width=\"80\" height=\"80\" \/><\/td>\n<td><span style=\"color: #000000; font-size: medium;\"><strong><strong>Mekl\u0113jiet inform\u0101ciju par uzved\u012bbas rekl\u0101m\u0101m jebkur\u0101 vietn\u0113, kuru apmekl\u0113jat<\/strong><\/strong><\/span><br \/>\nKatr\u0101 vietn\u0113, kura pied\u0101v\u0101 uzved\u012bbas rekl\u0101mas, ir nepiecie\u0161ama noder\u012bga inform\u0101cija par datu iev\u0101k\u0161anu un izmanto\u0161anu \u0161iem nol\u016bkiem, neraugoties uz to, vai to iev\u0101c \u0161\u012bs konkr\u0113t\u0101s vietnes \u012bpa\u0161nieks vai tre\u0161\u0101s puses pakalpojumu sniedz\u0113js, piem\u0113ram, rekl\u0101mu t\u012bkls<\/td>\n<\/tr>\n<tr>\n<td><img loading=\"lazy\" class=\"alignnone size-full wp-image-471\" title=\"three_4191\" src=\"https:\/\/youronlinechoices.com\/wp-content\/uploads\/2009\/08\/three_4191.jpg\" alt=\"three_4191\" width=\"80\" height=\"80\" \/><\/td>\n<td><a name=\"6\"><\/a>Uz\u0146\u0113mumi, kuri pied\u0101v\u0101 uzved\u012bbas rekl\u0101mas, jums sniegs ar\u012b papildinform\u0101ciju par to, k\u0101 noraid\u012bt uzved\u012bbas rekl\u0101mas.\u00a0<a href=\"https:\/\/www.youronlinechoices.com\/lv\/your-ad-choices\">Izvairieties no uzved\u012bbas rekl\u0101m\u0101m.<\/a><a name=\"6\"><\/a><\/td>\n<\/tr>\n<tr>\n<td><img loading=\"lazy\" class=\"alignnone size-full wp-image-472\" title=\"number4pink_4079\" src=\"https:\/\/youronlinechoices.com\/wp-content\/uploads\/2009\/08\/number4pink_4079.jpg\" alt=\"number4pink_4079\" width=\"80\" height=\"80\" \/><\/td>\n<td><span style=\"color: #000000; font-size: medium;\"><strong><strong>Uzziniet nedaudz vair\u0101k par sava datora konfidencialit\u0101tes iestat\u012bjumiem.<\/strong><\/strong><\/span><br \/>\nTos var atrast p\u0101rl\u016bkprogrammas opciju izv\u0113ln\u0113. Atlasot ar s\u012bkfailiem saist\u012bt\u0101s opcijas, \u0146emiet v\u0113r\u0101, ka tie bie\u017ei padara vietnes piem\u0113rot\u0101kas lietot\u0101jam (piem\u0113ram, iegaum\u0113jot vietnes preferences un valodas iestat\u012bjumus).<\/td>\n<\/tr>\n<\/tbody>\n<\/table>\n<p>N\u0101kamaj\u0101 piem\u0113r\u0101 ir par\u0101d\u012bts, k\u0101 konfidencialit\u0101tes iestat\u012bjumus var p\u0101rvald\u012bt p\u0101rl\u016bkprogramm\u0101 Internet Explorer<\/p>\n<p>&nbsp;<\/p>\n<p style=\"text-align: center;\"><img class=\"size-full wp-image-1137 aligncenter\" title=\"privacy at medium\" src=\"https:\/\/www.youronlinechoices.com\/uk\/wp-content\/uploads\/2015\/09\/IE11_privacy.jpg\" alt=\"privacy at medium\"style=\"width:50%;height:auto\"\/><\/p>\n<p style=\"text-align: center;\"><img class=\"size-full wp-image-128 aligncenter\" title=\"Advanced privacy settings\" src=\"https:\/\/www.youronlinechoices.com\/uk\/wp-content\/uploads\/2015\/09\/IE11_cookies.jpg\" alt=\"Advanced privacy settings\" style=\"width:50%;height:auto\"\/><\/p>\n<p>N\u0101kamaj\u0101 piem\u0113r\u0101 ir par\u0101d\u012bts, k\u0101 konfidencialit\u0101tes iestat\u012bjumus var p\u0101rvald\u012bt p\u0101rl\u016bkprogramm\u0101 Microsoft EDGE.<\/p>\n<p>&nbsp;<\/p>\n<p style=\"text-align: center;\"><img class=\"size-full wp-image-1137 aligncenter\" title=\"privacy at medium\" src=\"https:\/\/www.youronlinechoices.com\/uk\/wp-content\/uploads\/2015\/09\/EDGE_privacy.jpg\" alt=\"privacy at medium\" style=\"width:50%;height:auto\" \/><\/p>\n<p style=\"text-align: center;\"><img class=\"size-full wp-image-128 aligncenter\" title=\"Advanced privacy settings\" src=\"https:\/\/www.youronlinechoices.com\/uk\/wp-content\/uploads\/2015\/09\/EDGE_cookies.jpg\" alt=\"Advanced privacy settings\" style=\"width:50%;height:auto\" \/><\/p>\n<p>N\u0101kamaj\u0101 piem\u0113r\u0101 ir par\u0101d\u012bts, k\u0101 konfidencialit\u0101tes iestat\u012bjumus var p\u0101rvald\u012bt p\u0101rl\u016bkprogramm\u0101 Google Chrome.<\/p>\n<p>&nbsp;<\/p>\n<p style=\"text-align: center;\"><img class=\"size-full wp-image-1137 aligncenter\" title=\"privacy at medium\" src=\"https:\/\/www.youronlinechoices.com\/uk\/wp-content\/uploads\/2015\/09\/CHROME_privacy.png\" alt=\"privacy at medium\" style=\"width:90%;height:auto\" \/><\/p>\n<p style=\"text-align: center;\"><img class=\"size-full wp-image-128 aligncenter\" title=\"Advanced privacy settings\" src=\"https:\/\/www.youronlinechoices.com\/uk\/wp-content\/uploads\/2015\/09\/CHROME_cookies.png\" alt=\"Advanced privacy settings\" style=\"width:90%;height:auto\" \/><\/p>\n<p>N\u0101kamaj\u0101 piem\u0113r\u0101 ir par\u0101d\u012bts, k\u0101 konfidencialit\u0101tes iestat\u012bjumus var p\u0101rvald\u012bt p\u0101rl\u016bkprogramm\u0101 Google Chrome for Mobile.<\/p>\n<p>&nbsp;<\/p>\n<p style=\"text-align: center;\"><img class=\"size-full wp-image-1137 aligncenter\" title=\"privacy at medium\" src=\"https:\/\/www.youronlinechoices.com\/uk\/wp-content\/uploads\/2015\/09\/Chrome_mobile_settings.jpg\" alt=\"privacy at medium\" style=\"width:50%;height:auto\" \/><\/p>\n<p style=\"text-align: center;\"><img class=\"size-full wp-image-128 aligncenter\" title=\"Advanced privacy settings\" src=\"https:\/\/www.youronlinechoices.com\/uk\/wp-content\/uploads\/2015\/09\/Chrome_mobile_cookies.jpg\" alt=\"Advanced privacy settings\" style=\"width:50%;height:auto\" \/><\/p>\n<p>N\u0101kamaj\u0101 piem\u0113r\u0101 ir par\u0101d\u012bts, k\u0101 konfidencialit\u0101tes iestat\u012bjumus var p\u0101rvald\u012bt p\u0101rl\u016bkprogramm\u0101 Safari.<\/p>\n<p>&nbsp;<\/p>\n<p style=\"text-align: center;\"><img class=\"size-full wp-image-1137 aligncenter\" title=\"privacy at medium\" src=\"https:\/\/www.youronlinechoices.com\/uk\/wp-content\/uploads\/2015\/09\/SAFARI_privacy.png\" alt=\"privacy at medium\" style=\"width:70%;height:auto\" \/><\/p>\n<p><\/p>\n<p style=\"text-align: center;\"><img class=\"size-full wp-image-128 aligncenter\" title=\"Advanced privacy settings\" src=\"https:\/\/www.youronlinechoices.com\/uk\/wp-content\/uploads\/2015\/09\/SAFARI_cookies.png\" alt=\"Advanced privacy settings\" style=\"width:70%;height:auto\" \/><\/p>\n<p>N\u0101kamaj\u0101 piem\u0113r\u0101 ir par\u0101d\u012bts, k\u0101 konfidencialit\u0101tes iestat\u012bjumus var p\u0101rvald\u012bt p\u0101rl\u016bkprogramm\u0101 Safari for Mobile.<\/p>\n<p>&nbsp;<\/p>\n<p style=\"text-align: center;\"><img class=\"size-full wp-image-1137 aligncenter\" title=\"privacy at medium\" src=\"https:\/\/www.youronlinechoices.com\/uk\/wp-content\/uploads\/2015\/09\/Safari_Mobile_Settings.jpg\" alt=\"privacy at medium\" style=\"width:50%;height:auto\" \/><\/p>\n<p style=\"text-align: center;\"><img class=\"size-full wp-image-128 aligncenter\" title=\"Advanced privacy settings\" src=\"https:\/\/www.youronlinechoices.com\/uk\/wp-content\/uploads\/2015\/09\/Safari_Mobile_privacy.jpg\" alt=\"Advanced privacy settings\" style=\"width:50%;height:auto\" \/><\/p>\n<p style=\"text-align: center;\"><img class=\"size-full wp-image-128 aligncenter\" title=\"Advanced privacy settings\" src=\"https:\/\/www.youronlinechoices.com\/uk\/wp-content\/uploads\/2015\/09\/Safari_Mobile_cookies.jpg\" alt=\"Advanced privacy settings\" style=\"width:50%;height:auto\" \/><\/p>\n<table border=\"0\">\n<tbody>\n<tr>\n<td><img loading=\"lazy\" class=\"alignnone size-full wp-image-497\" title=\"Number-5-blue_4080\" src=\"https:\/\/youronlinechoices.com\/wp-content\/uploads\/2009\/08\/Number-5-blue_4080.jpg\" alt=\"Number-5-blue_4080\" width=\"80\" height=\"80\" \/><\/td>\n<td><\/td>\n<td><span style=\"color: #000000; font-size: medium;\"><strong><br \/>\n<strong>Izm\u0113\u0123iniet un piel\u0101gojiet \u0161os konfidencialit\u0101tes iestat\u012bjumus atbilsto\u0161i savas \u0123imenes vajadz\u012bb\u0101m.<\/strong><\/strong><\/span><br \/>\nInternets tiek izmantots da\u017e\u0101dos veidos un da\u017e\u0101diem nol\u016bkiem. \u0122imen\u0113s, kur vienu datoru izmanto vair\u0101k nek\u0101 viens cilv\u0113ks, ieteicams, lai katram lietot\u0101jam b\u016btu savs lietot\u0101ja konts. T\u0101d\u0113j\u0101di konfidencialit\u0101tes iestat\u012bjumus (piem\u0113ram, s\u012bkfaila iestat\u012bjums vai izvair\u012b\u0161an\u0101s preferences) var piel\u0101got katra lietot\u0101ja vajadz\u012bb\u0101m un pras\u012bb\u0101m.<\/td>\n<\/tr>\n<\/tbody>\n<\/table>\n<p>&nbsp;<br \/>\nWindows 10:<\/p>\n<p style=\"text-align: center;\"><img class=\"size-full wp-image-129 aligncenter\" title=\"user accounts\" src=\"https:\/\/www.youronlinechoices.com\/uk\/wp-content\/uploads\/2015\/09\/Windows10_accounts.png\" alt=\"user accounts\" style=\"width:70%;height:auto\" \/><\/p>\n<p>Mac OS:<\/p>\n<p style=\"text-align: center;\"><img class=\"size-full wp-image-129 aligncenter\" title=\"user accounts\" src=\"https:\/\/www.youronlinechoices.com\/uk\/wp-content\/uploads\/2015\/09\/MAC_accounts.jpg\" alt=\"user accounts\" style=\"width:70%;height:auto\" \/><\/p>\n<p>&nbsp;<\/p>\n","protected":false},"excerpt":{"rendered":"<p>Pieci lab\u0101kie padomi, kas jums pal\u012bdz\u0113s p\u0101rvald\u012bt j\u016bsu konfidencialit\u0101ti tie\u0161saist\u0113. Bez panikas Tie\u0161saistes uzved\u012bbas rekl\u0101mas ir dro\u0161as un caurskat\u0101mas. Rekl\u0101mdev\u0113ji nezina, kas j\u016bs esat, jo iev\u0101kto inform\u0101ciju nevar izmantot j\u016bsu identifik\u0101cijai un t\u0101s pamat\u0101 ir p\u0101rl\u016bko\u0161anas aktivit\u0101te, lai nodro\u0161in\u0101tu rekl\u0101mas, kas atspogu\u013co \u0161\u012bs intereses.\u00a0Veltiet k\u0101du br\u012bdi, lai vair\u0101k uzzin\u0101tu par uzved\u012bbas rekl\u0101m\u0101m. Mekl\u0113jiet inform\u0101ciju par [&hellip;]<\/p>\n","protected":false},"author":3,"featured_media":0,"parent":0,"menu_order":5,"comment_status":"closed","ping_status":"closed","template":"","meta":[],"_links":{"self":[{"href":"https:\/\/www.youronlinechoices.com\/lv\/wp-json\/wp\/v2\/pages\/12"}],"collection":[{"href":"https:\/\/www.youronlinechoices.com\/lv\/wp-json\/wp\/v2\/pages"}],"about":[{"href":"https:\/\/www.youronlinechoices.com\/lv\/wp-json\/wp\/v2\/types\/page"}],"author":[{"embeddable":true,"href":"https:\/\/www.youronlinechoices.com\/lv\/wp-json\/wp\/v2\/users\/3"}],"replies":[{"embeddable":true,"href":"https:\/\/www.youronlinechoices.com\/lv\/wp-json\/wp\/v2\/comments?post=12"}],"version-history":[{"count":15,"href":"https:\/\/www.youronlinechoices.com\/lv\/wp-json\/wp\/v2\/pages\/12\/revisions"}],"predecessor-version":[{"id":380,"href":"https:\/\/www.youronlinechoices.com\/lv\/wp-json\/wp\/v2\/pages\/12\/revisions\/380"}],"wp:attachment":[{"href":"https:\/\/www.youronlinechoices.com\/lv\/wp-json\/wp\/v2\/media?parent=12"}],"curies":[{"name":"wp","href":"https:\/\/api.w.org\/{rel}","templated":true}]}}