{"id":10,"date":"2010-11-30T11:52:58","date_gmt":"2010-11-30T11:52:58","guid":{"rendered":"https:\/\/www.youronlinechoices.com\/lv\/?page_id=10"},"modified":"2013-06-13T07:46:22","modified_gmt":"2013-06-13T07:46:22","slug":"faqs","status":"publish","type":"page","link":"https:\/\/www.youronlinechoices.com\/lv\/faqs","title":{"rendered":"Bie\u017e\u0101k uzdotie jaut\u0101jumi"},"content":{"rendered":"<p>T\u0101l\u0101k ir ietverts saraksts ar bie\u017ei uzdotiem jaut\u0101jumiem, kas var jums pal\u012bdz\u0113t izprast uzved\u012bbas rekl\u0101mas.<br \/>\n<!-- br--><br \/>\n<!-- br--><\/p>\n<ul>\n<li>\n<ul>\n<li><a href=\"https:\/\/www.youronlinechoices.com\/lv\/faqs#1\">Kas ir tie\u0161saistes uzved\u012bbas rekl\u0101mas?<\/a><\/li>\n<li><a href=\"https:\/\/www.youronlinechoices.com\/lv\/faqs#2\">K\u0101 tas darbojas?<\/a><\/li>\n<li><a href=\"https:\/\/www.youronlinechoices.com\/lv\/faqs#3\">K\u0101di dati tiek izmantoti?<\/a><\/li>\n<li><a href=\"https:\/\/www.youronlinechoices.com\/lv\/faqs#4\">K\u0101das ir priek\u0161roc\u012bbas?<\/a><\/li>\n<li><a href=\"https:\/\/www.youronlinechoices.com\/lv\/faqs#5\">Vai tas neapdraud manu konfidencialit\u0101ti?<\/a><\/li>\n<li><a href=\"https:\/\/www.youronlinechoices.com\/lv\/faqs#6\">Kas ir \u201cpersoniski identific\u0113jama inform\u0101cija\u201d, un k\u0101 t\u0101 tiks izmantota tie\u0161saistes uzved\u012bbas rekl\u0101m\u0101m?<\/a><\/li>\n<li><a href=\"https:\/\/www.youronlinechoices.com\/lv\/faqs#7\">K\u0101 r\u012bkoties, ja es nev\u0113los \u0161\u0101da veida rekl\u0101mas?<\/a><\/li>\n<li><a href=\"https:\/\/www.youronlinechoices.com\/lv\/faqs#9\">Vai tie\u0161saistes uzved\u012bbas rekl\u0101mas noz\u012bm\u0113 to, ka es redzu vair\u0101k rekl\u0101mu?<\/a><\/li>\n<li><a href=\"https:\/\/www.youronlinechoices.com\/lv\/faqs#10\">Vai tie\u0161saistes uzved\u012bbas rekl\u0101mas trauc\u0113s manai tie\u0161saistes pieredzei?<\/a><\/li>\n<li><a href=\"https:\/\/www.youronlinechoices.com\/lv\/faqs#13\">Vai man\u0101 dator\u0101 tiks lejupiel\u0101d\u0113ta k\u0101da programmat\u016bra?<\/a><\/li>\n<li><a href=\"https:\/\/www.youronlinechoices.com\/lv\/faqs#14\">Kas ir s\u012bkfails, un k\u0101 to izmanto?<\/a><\/li>\n<li><a href=\"https:\/\/www.youronlinechoices.com\/lv\/faqs#15\">Vai s\u012bkfailu var atsp\u0113jot?<\/a><\/li>\n<li><a href=\"https:\/\/www.youronlinechoices.com\/lv\/faqs#16\">Vai man ir j\u0101izvair\u0101s, ja darb\u0101 lietoju citu datoru?<\/a><\/li>\n<li><a href=\"https:\/\/www.youronlinechoices.com\/lv\/faqs#17\">Vai uzved\u012bbas m\u0113r\u0137rekl\u0101mas nepie\u013cau\u0161ana mani pasarg\u0101s no m\u0113stu\u013cu, uzniru vai nev\u0113lam\u0101 e-pasta sa\u0146em\u0161anas?<\/a><\/li>\n<li><a href=\"https:\/\/www.youronlinechoices.com\/lv\/faqs#19\">Vai man kaut kas j\u0101dara?<\/a><\/li>\n<li><a href=\"https:\/\/www.youronlinechoices.com\/lv\/faqs#20\">Ar ko var sazin\u0101ties, lai sa\u0146emtu papildinform\u0101ciju?<\/a><\/li>\n<\/ul>\n<\/li>\n<\/ul>\n<p><!-- br--><br \/>\n<a name=\"1\"><\/a><span style=\"color: #000000; font-size: medium;\"><strong><strong>Kas ir tie\u0161saistes uzved\u012bbas rekl\u0101mas<\/strong>?<\/strong><\/span><br \/>\n<!-- br--><br \/>\nTie\u0161saistes <a href=\"https:\/\/www.youronlinechoices.com\/lv\/jargon-buster\">uzved\u012bbas rekl\u0101mas<\/a>\u00a0ir veids, k\u0101 izmantot inform\u0101ciju par j\u016bsu t\u012bmek\u013ca p\u0101rl\u016bko\u0161anas aktivit\u0101ti, lai j\u016bs kop\u0101 ar citiem sagrup\u0113tu intere\u0161u grup\u0101s un pied\u0101v\u0101tu rekl\u0101mas, balstoties uz \u0161\u012bm interes\u0113m.<\/p>\n<p>Uzved\u012bbas rekl\u0101mas at\u0161\u0137iras no cit\u0101m interneta rekl\u0101mu form\u0101m, piem\u0113ram, <a href=\"https:\/\/www.youronlinechoices.com\/lv\/jargon-buster\">kontekstu\u0101laj\u0101m rekl\u0101m\u0101m<\/a>, kuras tiek sniegtas k\u0101 atbilde uz j\u016bsu pa\u0161reiz\u0113j\u0101m sesijas aktivit\u0101t\u0113m (iek\u013caujot mekl\u0113\u0161anas vaic\u0101jumus vai apmekl\u0113t\u0101s vietnes).<br \/>\n<!-- br--><br \/>\n<a name=\"2\"><\/a><span style=\"color: #000000; font-size: medium;\"><strong>K\u0101 tas darbojas<\/strong>?<\/strong><\/span><br \/>\n<!-- br--><br \/>\nIr vair\u0101ki veidi, k\u0101 pied\u0101v\u0101t uzved\u012bbas rekl\u0101mas. Pamatl\u012bmen\u012b inform\u0101cija par j\u016bsu t\u012bmek\u013ca p\u0101rl\u016bko\u0161anas aktivit\u0101ti kop\u0101 ar inform\u0101ciju par t\u016bksto\u0161iem citu lietot\u0101ju veikto p\u0101rl\u016bko\u0161anu tiek sav\u0101kta un segment\u0113ta visp\u0101r\u0113j\u0101s grup\u0101s, piem\u0113ram, automa\u0161\u012bnas, finanses un ce\u013cojumi. Intere\u0161u profils (piem\u0113ram, \u201cautoma\u0161\u012bnas\u201d) tiek secin\u0101ts no datiem par apmekl\u0113taj\u0101m vietn\u0113m, un j\u016bsu dator\u0101 tiek ievietots fails, kuru d\u0113v\u0113 par <a href=\"https:\/\/www.youronlinechoices.com\/lv\/jargon-buster\">s\u012bkfailu<\/a>\u00a0un kur\u0161 j\u016bs identific\u0113 k\u0101 personu, kura interes\u0113jas par kategoriju \u201cautoma\u0161\u012bnas\u201d. Reklam\u0113t\u0101ji un vietnes piel\u0101gos rekl\u0101mas lietot\u0101ju grup\u0101m ar vien\u0101d\u0101m interes\u0113m, un s\u012bkfails iesp\u0113jo \u0161\u0101du saist\u012bto <a href=\"https:\/\/www.youronlinechoices.com\/lv\/jargon-buster\">par\u0101d\u0101mo rekl\u0101mu<\/a>\u00a0pieg\u0101di jums.<\/p>\n<p><a href=\"https:\/\/www.youronlinechoices.com\/further-info\" target=\"_blank\">Pla\u0161\u0101ku inform\u0101ciju par to, k\u0101 tas darbojas, skatiet \u0161eit.<\/a><br \/>\n<!-- br--><br \/>\n<a name=\"3\"><\/a><span style=\"color: #000000; font-size: medium;\"><strong>K\u0101di dati tiek izmantoti?<\/strong><\/span><br \/>\n<!-- br--><br \/>\nUzved\u012bbas rekl\u0101mas var at\u0161\u0137irties attiec\u012bb\u0101 uz to, k\u0101da inform\u0101cija tiek izmantota un k\u0101d\u0101 veid\u0101. Tradicion\u0101lie <a href=\"https:\/\/www.youronlinechoices.com\/lv\/jargon-buster\">rekl\u0101mu t\u012bkli<\/a>, piem\u0113ram, iev\u0101c un izmanto inform\u0101ciju, kad j\u016bs apmekl\u0113jat vienu vai vair\u0101kas konkr\u0113ta t\u012bkla vietnes.<br \/>\n<!-- br--><br \/>\n<a name=\"4\"><\/a><span style=\"color: #000000; font-size: medium;\"><strong><strong>K\u0101das ir priek\u0161roc\u012bbas<\/strong>?<\/strong><\/span><br \/>\n<!-- br--><br \/>\nJ\u016bs sa\u0146emat ar jums un j\u016bsu interes\u0113m saist\u012btu <a href=\"https:\/\/www.youronlinechoices.com\/lv\/jargon-buster\">tie\u0161saist\u0113 par\u0101d\u012btu rekl\u0101mu<\/a>. Ja, piem\u0113ram, j\u016bs interes\u0113 d\u0101rzkop\u012bba un j\u016bs apmekl\u0113jat d\u0101rzkop\u012bbas vietnes, j\u016bs varat t\u0101s pa\u0161as vai v\u0113l\u0101kas tie\u0161saistes sesijas laik\u0101 sa\u0146emt rekl\u0101mu ar \u012bpa\u0161iem z\u0101les p\u013c\u0101v\u0113ju pied\u0101v\u0101jumiem.<br \/>\n<!-- br--><br \/>\nM\u0113r\u0137tiec\u012bg\u0101kas rekl\u0101mas ir noder\u012bgas, jo j\u016bs sa\u0146emat atbilsto\u0161\u0101kus pied\u0101v\u0101jumus, k\u0101 ar\u012b bezmaksas piek\u013cuvi kvalitat\u012bvam saturam, pakalpojumiem un lietojumprogramm\u0101m. Tas ir noder\u012bgi ar\u012b rekl\u0101mdev\u0113jiem, jo vi\u0146i var sasniegt auditoriju, kuru, visticam\u0101k, interes\u0113 \u0161\u012b inform\u0101cija, un netrauc\u0113t tos, kurus t\u0101, visticam\u0101k, neinteres\u0113. Tas ir noder\u012bgi ar\u012b t\u012bmek\u013ca public\u0113t\u0101jiem, jo rekl\u0101mas vi\u0146iem \u013cauj turpin\u0101t bezmaksas satura nodro\u0161in\u0101\u0161anu, k\u0101 ar\u012b tuvin\u0101t rekl\u0101mas lietot\u0101jiem. Ien\u0101kumi no \u0161\u0101d\u0101m rekl\u0101m\u0101m pal\u012bdz finans\u0113t turpm\u0101kos jaunievedumus un pakalpojumus internet\u0101.<br \/>\n<!-- br--><br \/>\n<a name=\"5\"><\/a><span style=\"color: #000000; font-size: medium;\"><strong>Vai tas neapdraud manu konfidencialit\u0101ti?<\/strong><\/span><br \/>\n<!-- br--><br \/>\nVisiem \u0161\u0101da veida pakalpojumu nodro\u0161in\u0101t\u0101jiem ir j\u0101r\u012bkojas atbilsto\u0161i piem\u0113rojamiem likumiem. Vairum\u0101 gad\u012bjumu m\u0113r\u0137a rekl\u0101m\u0101m izmantot\u0101 inform\u0101cija nav personiska, jo t\u0101 neidentific\u0113 lietot\u0101ju. Ja tiek izmantota <a href=\"https:\/\/www.youronlinechoices.com\/lv\/jargon-buster\"><span style=\"text-decoration: underline;\">personiski identific\u0113jama inform\u0101cija<\/span><\/a> (piem\u0113ram, re\u0123istr\u0101cijas dati), jums par to tiks pazi\u0146ots vietnes konfidencialit\u0101tes politik\u0101, un, re\u0123istr\u0113joties konkr\u0113tam pakalpojumam, b\u016bs nepiecie\u0161ama j\u016bsu piekri\u0161ana. J\u016bs vienm\u0113r varat izv\u0113l\u0113ties, vai izmantot atbilsto\u0161\u0101ku rekl\u0101mu sniegt\u0101s priek\u0161roc\u012bbas.<br \/>\n<!-- br--><br \/>\n<a name=\"6\"><\/a><span style=\"color: #000000; font-size: medium;\"><strong>Kas ir \u201cpersoniski identific\u0113jama inform\u0101cija\u201d, un k\u0101 t\u0101 tiks izmantota tie\u0161saistes uzved\u012bbas rekl\u0101m\u0101m?<\/strong><\/span><br \/>\n<!-- br--><br \/>\n<a href=\"https:\/\/www.youronlinechoices.com\/lv\/jargon-buster\">Personiski identific\u0113jama inform\u0101cija<\/a>\u00a0ir dati, kuri atsevi\u0161\u0137i vai kop\u0101 ar citiem datiem, kas pieder konkr\u0113tam uz\u0146\u0113mumam, unik\u0101li identific\u0113 j\u016bs k\u0101 personu. Ac\u012bmredzami piem\u0113ri ir j\u016bsu v\u0101rds, uzv\u0101rds, adrese vai e-pasta adrese. Vairums pakalpojumu sniedz\u0113ju neizmanto uzved\u012bbas rekl\u0101m\u0101m personiski identific\u0113jamu inform\u0101ciju. Ja tom\u0113r k\u0101ds pakalpojumu sniedz\u0113js izmanto \u0161\u0101du j\u016bsu inform\u0101ciju, jums par to tiks pazi\u0146ots vietnes konfidencialit\u0101tes politik\u0101, re\u0123istr\u0113joties konkr\u0113tam pakalpojumam.<br \/>\n<!-- br--><br \/>\n<a name=\"7\"><\/a><span style=\"color: #000000; font-size: medium;\"><strong>K\u0101 r\u012bkoties, ja es nev\u0113los \u0161\u0101da veida rekl\u0101mas?<\/strong><\/span><br \/>\n<!-- br--><br \/>\n<a href=\"https:\/\/www.youronlinechoices.com\/lv\/your-ad-choices\">J\u016bs varat no t\u0101 izvair\u012bties \u0161eit.<\/a><\/p>\n<p>Tom\u0113r atcerieties, ka tas nenoz\u012bm\u0113, ka j\u016bs vairs nesa\u0146emsit rekl\u0101mas, izmantojot internetu. Tas vienk\u0101r\u0161i noz\u012bm\u0113 to, ka vietn\u0113s redzam\u0101s rekl\u0101mas neb\u016bs piel\u0101gotas jums un j\u016bsu interes\u0113m, t\u0101tad, iesp\u0113jams, neb\u016bs tik piem\u0113rotas.<\/p>\n<p><a href=\"https:\/\/www.youronlinechoices.com\/lv\/opt-out-help\">Pla\u0161\u0101ku inform\u0101ciju, l\u016bdzu, skatiet m\u016bsu izvair\u012b\u0161an\u0101s pal\u012bdz\u012bbas lap\u0101.<\/a><br \/>\n<!-- br--><br \/>\n<a name=\"8\"><\/a><span style=\"color: #000000; font-size: medium;\"><strong>Vai tie\u0161saistes uzved\u012bbas rekl\u0101mas noz\u012bm\u0113 to, ka es redzu vair\u0101k rekl\u0101mu?<\/strong><\/span><br \/>\n<!-- br--><br \/>\nN\u0113. tas vienk\u0101r\u0161i noz\u012bm\u0113 to, ka da\u017e\u0101s vietn\u0113s redzam\u0101s rekl\u0101mas lab\u0101k atbilst jums un j\u016bsu interes\u0113m.<br \/>\n<!-- br--><br \/>\n<a name=\"9\"><\/a><span style=\"color: #000000; font-size: medium;\"><strong><strong>Vai tie\u0161saistes uzved\u012bbas rekl\u0101mas netrauc\u0113s manai tie\u0161saistes pieredzei<\/strong>?<\/strong><\/span><br \/>\n<!-- br--><br \/>\nN\u0113. Atrodoties tie\u0161saist\u0113, j\u016bs neman\u012bsit un neizjut\u012bsit nek\u0101du at\u0161\u0137ir\u012bbu. Tie\u0161saistes rekl\u0101mu m\u0113r\u0137is glu\u017ei vienk\u0101r\u0161i ir r\u0101d\u012bt jums piem\u0113rot\u0101kas rekl\u0101mas.<br \/>\n<!-- br--><br \/>\n<a name=\"10\"><\/a><span style=\"color: #000000; font-size: medium;\"><strong>Vai man\u0101 dator\u0101 tiks lejupiel\u0101d\u0113ta k\u0101da programmat\u016bra?<\/strong><\/span><br \/>\n<!-- br--><br \/>\nN\u0113.<br \/>\n<!-- br--><br \/>\n<a name=\"17\"><\/a><span style=\"color: #000000; font-size: medium;\"><strong><strong>Kas ir s\u012bkfails un k\u0101 to izmanto<\/strong>?<\/strong><\/span><br \/>\n<!-- br--><br \/>\n<a href=\"https:\/\/www.youronlinechoices.com\/lv\/jargon-buster\">S\u012bkfails<\/a>\u00a0ir mazs fails, kuru veido burti un cipari, kas tiek lejupiel\u0101d\u0113ts j\u016bsu dator\u0101, kad piek\u013c\u016bstat da\u017e\u0101m vietn\u0113m. S\u012bkfaili \u013cauj, atgrie\u017eoties k\u0101d\u0101 vietn\u0113, atpaz\u012bt lietot\u0101ja preferences k\u0101 iepriek\u0161 izv\u0113l\u0113tas. Pats s\u012bkfails nesatur un neiev\u0101c inform\u0101ciju. Tom\u0113r, kad serveris to nolasa kop\u0101 ar t\u012bmek\u013ca p\u0101rl\u016bkprogrammu, tas var pal\u012bdz\u0113t vietnei nodro\u0161in\u0101t lietot\u0101jam piem\u0113rot\u0101ku pakalpojumu, piem\u0113ram, atceroties inform\u0101ciju par iepriek\u0161\u0113jiem pirkumiem vai kontu.<br \/>\n<!-- br--><br \/>\nS\u012bkfaili tiek re\u0123istr\u0113ti p\u0101rl\u016bkprogrammas atmi\u0146\u0101, un katrs no tiem parasti satur:<\/p>\n<ul>\n<li>t\u0101 servera nosaukumu, no kura s\u012bkfails tika nos\u016bt\u012bts;<\/li>\n<li>s\u012bkfaila darbm\u016b\u017ea datus;<\/li>\n<li>v\u0113rt\u012bbu\u00a0\u2014 parasti nejau\u0161i \u0123ener\u0113tu unik\u0101lu skaitli.<\/li>\n<\/ul>\n<p><!-- br--><br \/>\nVietnes serveris, kur\u0161 nos\u016bta s\u012bkfailu, izmanto \u0161o skaitli, lai j\u016bs atpaz\u012btu, kad j\u016bs atgrie\u017eaties vietn\u0113 vai veicat p\u0101rl\u016bko\u0161anu no vienas lapas uz citu. \u0160o s\u012bkfailu var nolas\u012bt un l\u012bdz ar to izmantot tikai serveris, kur\u0161 to ir nos\u016bt\u012bjis. S\u012bkfailiem ir centr\u0101l\u0101 vieta interneta piel\u0101go\u0161an\u0101, un tie\u0161saistes uzved\u012bbas rekl\u0101mas parasti darbojas, izmantojot s\u012bkfailus.<br \/>\n<!-- br--><br \/>\n<a name=\"18\"><\/a><span style=\"color: #000000; font-size: medium;\"><strong>Vai s\u012bkfailu var atsp\u0113jot?<\/strong><\/span><br \/>\n<!-- br--><br \/>\nJ\u0101. Da\u017eas p\u0101rl\u016bkprogrammas \u013caus blo\u0137\u0113t tikai <span style=\"text-decoration: underline;\"><a href=\"https:\/\/www.youronlinechoices.com\/lv\/jargon-buster\">tre\u0161\u0101s puses s\u012bkfailus<\/a><\/span> (proti, s\u012bkfailus, kurus j\u016bsu p\u0101rl\u016bkprogramm\u0101 ir ievietojusi k\u0101da tre\u0161\u0101 puse, piem\u0113ram, <span style=\"text-decoration: underline;\"><a href=\"https:\/\/www.youronlinechoices.com\/lv\/jargon-buster\">rekl\u0101mu t\u012bkls<\/a><\/span>, un kas nav \u0161\u012bs konkr\u0113t\u0101s vietnes \u012bpa\u0161nieks) vai at\u013caus izmantot iestat\u012bjumus, lai blo\u0137\u0113tu tikai s\u012bkfailus, kas neatbilst j\u016bsu konfidencialit\u0101tes preferenc\u0113m.<br \/>\n<!-- br--><br \/>\nJ\u016bs varat izv\u0113l\u0113ties atsp\u0113jot visus s\u012bkfailus, tom\u0113r tas var iev\u0113rojami ietekm\u0113t j\u016bsu t\u012bmek\u013ca p\u0101rl\u016bko\u0161anas pieredzi, ja j\u016bs izmantojat pakalpojumus, kuri balst\u0101s uz s\u012bkfailiem. Apskatiet m\u016bsu <span style=\"text-decoration: underline;\"><a href=\"https:\/\/www.youronlinechoices.com\/lv\/five-top-tips\">lab\u0101kos padomus<\/a><\/span>, lai vair\u0101k uzzin\u0101tu par j\u016bsu t\u012bmek\u013ca p\u0101rl\u016bka konfidencialit\u0101tes iestat\u012bjumiem.<br \/>\n<!-- br--><br \/>\n<a name=\"19\"><\/a><span style=\"color: #000000; font-size: medium;\"><strong>Vai man ir j\u0101izvair\u0101s, ja darb\u0101 lietoju citu datoru?<\/strong><\/span><br \/>\n<!-- br--><br \/>\nJ\u0101. Ja j\u016bs izv\u0113laties noraid\u012bt uzved\u012bbas rekl\u0101mas no konkr\u0113ta uz\u0146\u0113muma, tas attiecas uz \u0161\u012b konkr\u0113t\u0101 uz\u0146\u0113muma datu iev\u0101k\u0161anu un izmanto\u0161anu interneta t\u012bmek\u013ca p\u0101rl\u016bk\u0101 dator\u0101 vai ier\u012bc\u0113, kuru izmatojat. T\u0101d\u0113j\u0101di tas ietekm\u0113s ar\u012b citus cilv\u0113kus, kuri izmanto \u0161o t\u012bmek\u013ca p\u0101rl\u016bku. Lai piln\u012bb\u0101 noraid\u012btu \u0161\u012b konkr\u0113t\u0101 pakalpojumu sniedz\u0113ja uzved\u012bbas rekl\u0101mas, jums \u0161\u0101ds process b\u016bs j\u0101veic katr\u0101 dator\u0101, kuru izmantojat, vai cit\u0101 t\u012bmek\u013ca p\u0101rl\u016bk\u0101 (piem\u0113ram, Internet Explorer, Google Chrome, Mozilla Firefox vai Safari), kuru lietojat. <a href=\"https:\/\/www.youronlinechoices.com\/lv\/your-ad-choices\">Pla\u0161\u0101ku inform\u0101ciju par izvair\u012b\u0161anos, l\u016bdzu, skatiet m\u016bsu izvair\u012b\u0161an\u0101s pal\u012bdz\u012bbas lap\u0101.<\/a><br \/>\n<!-- br--><br \/>\n<a name=\"20\"><\/a><span style=\"color: #000000; font-size: medium;\"><strong><strong>Vai uzved\u012bbas m\u0113r\u0137rekl\u0101mas nepie\u013cau\u0161ana mani pasarg\u0101s no m\u0113stu\u013cu, uzniru un nev\u0113lam\u0101 e-pasta sa\u0146em\u0161anas<\/strong>?<\/strong><\/span><br \/>\n<!-- br--><br \/>\nN\u0113. Uzved\u012bbas rekl\u0101mu noraid\u012b\u0161ana noz\u012bm\u0113 tikai to, ka j\u016bs vairs nesa\u0146emsit \u0161\u0101d\u0101 veid\u0101 piel\u0101gotas rekl\u0101mas. Tas neietekm\u0113 un neizsl\u0113dz k\u0101da konkr\u0113ta veida rekl\u0101mas, piem\u0113ram, e-pastu vai uznires.<br \/>\n<!-- br--><br \/>\n<a name=\"21\"><\/a><strong style=\"color: #000000; font-size: medium;\"><strong>Vai man kaut kas j\u0101dara<\/strong>?<\/strong><br \/>\n<!-- br--><br \/>\n<a href=\"https:\/\/www.youronlinechoices.com\/lv\/five-top-tips\">\u012ass ieskats par m\u016bsu pieciem lab\u0101kajiem padomiem.<\/a><\/p>\n<p><!-- br--><br \/>\n<!-- br--><\/p>\n","protected":false},"excerpt":{"rendered":"<p>T\u0101l\u0101k ir ietverts saraksts ar bie\u017ei uzdotiem jaut\u0101jumiem, kas var jums pal\u012bdz\u0113t izprast uzved\u012bbas rekl\u0101mas. Kas ir tie\u0161saistes uzved\u012bbas rekl\u0101mas? K\u0101 tas darbojas? K\u0101di dati tiek izmantoti? K\u0101das ir priek\u0161roc\u012bbas? Vai tas neapdraud manu konfidencialit\u0101ti? Kas ir \u201cpersoniski identific\u0113jama inform\u0101cija\u201d, un k\u0101 t\u0101 tiks izmantota tie\u0161saistes uzved\u012bbas rekl\u0101m\u0101m? K\u0101 r\u012bkoties, ja es nev\u0113los \u0161\u0101da veida [&hellip;]<\/p>\n","protected":false},"author":3,"featured_media":0,"parent":0,"menu_order":4,"comment_status":"closed","ping_status":"closed","template":"","meta":[],"_links":{"self":[{"href":"https:\/\/www.youronlinechoices.com\/lv\/wp-json\/wp\/v2\/pages\/10"}],"collection":[{"href":"https:\/\/www.youronlinechoices.com\/lv\/wp-json\/wp\/v2\/pages"}],"about":[{"href":"https:\/\/www.youronlinechoices.com\/lv\/wp-json\/wp\/v2\/types\/page"}],"author":[{"embeddable":true,"href":"https:\/\/www.youronlinechoices.com\/lv\/wp-json\/wp\/v2\/users\/3"}],"replies":[{"embeddable":true,"href":"https:\/\/www.youronlinechoices.com\/lv\/wp-json\/wp\/v2\/comments?post=10"}],"version-history":[{"count":32,"href":"https:\/\/www.youronlinechoices.com\/lv\/wp-json\/wp\/v2\/pages\/10\/revisions"}],"predecessor-version":[{"id":116,"href":"https:\/\/www.youronlinechoices.com\/lv\/wp-json\/wp\/v2\/pages\/10\/revisions\/116"}],"wp:attachment":[{"href":"https:\/\/www.youronlinechoices.com\/lv\/wp-json\/wp\/v2\/media?parent=10"}],"curies":[{"name":"wp","href":"https:\/\/api.w.org\/{rel}","templated":true}]}}