{"id":360,"date":"2014-11-21T14:44:10","date_gmt":"2014-11-21T14:44:10","guid":{"rendered":"https:\/\/www.youronlinechoices.com\/lu\/?page_id=360"},"modified":"2014-12-17T14:15:41","modified_gmt":"2014-12-17T14:15:41","slug":"allgemeine-nutzungsbedingungen","status":"publish","type":"page","link":"https:\/\/www.youronlinechoices.com\/lu\/allgemeine-nutzungsbedingungen","title":{"rendered":"Allgemeine Nutzungsbedingungen"},"content":{"rendered":"<p><strong>Allgemeine Gesch\u00e4ftsbedingungen<\/strong><\/p>\n<p>&nbsp;<\/p>\n<p>Diese Gesch\u00e4ftsbedingungen bilden die Grundlage f\u00fcr die Beziehung zwischen der European Interactive Digital Advertising Alliance (im Weitere \u201eEDAA\u201c) und Ihnen, wenn Sie unsere YourOnlineChoices-Website nutzen oder das YourOnlineChoices-Pr\u00e4ferenz-Cookie anerkennen.<\/p>\n<p>&nbsp;<\/p>\n<p>Die EDAA ist eine gemeinn\u00fctzige Vereinigung (AiSBL nach belgischem Recht) mit Sitz in Br\u00fcssel und der Gesellschaftsnummer BE 0846.790.105. Unser Gesch\u00e4ftssitz befindet sich in Rue des Deux Eglises 26 | B-1000 Br\u00fcssel.<\/p>\n<p>&nbsp;<\/p>\n<p>Die Website YourOnlineChoices ist erreichbar unter <a href=\"https:\/\/www.youronlinechoices.eu\/\"><span style=\"text-decoration: underline;\">www.youronlinechoices.eu<\/span><\/a>, <a href=\"https:\/\/www.youronlinechoices.com\">https:\/\/www.youronlinechoices.com<\/a>, <a href=\"https:\/\/www.youronlinechoices.eu\/lu\/\"><span style=\"text-decoration: underline;\">www.youronlinechoices.eu\/lu\/<\/span><\/a> und <a href=\"https:\/\/www.youronlinechoices.com\/lu\/\">www.youronlinechoices.com\/lu\/<\/a>. Sie k\u00f6nnen die YourOnlineChoices-Website direkt \u00fcber einen Link, \u00fcber eine dritte Website oder mit Hilfe des OBA-Icons besuchen. Das OBA-Icon sieht folgenderma\u00dfen aus <a href=\"https:\/\/www.youronlinechoices.com\/lu\/?attachment_id=757\" rel=\"attachment wp-att-757\"><img loading=\"lazy\" class=\"alignnone  wp-image-757\" title=\"OBA-icon\" src=\"https:\/\/www.youronlinechoices.com\/uk\/wp-content\/uploads\/2010\/11\/OBA-icon-300x300.jpg\" alt=\"\" width=\"38\" height=\"38\" \/><\/a> und es begegnet Ihnen m\u00f6glicherweise h\u00e4ufiger in Zusammenhang mit Werbung auf Websites.<\/p>\n<p>&nbsp;<\/p>\n<p>In diesen Gesch\u00e4ftsbedingungen steht \u201ewir\u201c oder \u201euns&#8221; f\u00fcr EDAA und \u201eSie&#8221; oder \u201eIhr&#8221; f\u00fcr Sie und andere Personen, die auf die YourOnlineChoices-Website zugreifen und \/ oder sich f\u00fcr  nutzungsbasierte Online-Werbung \u00fcber die  YourOnlineChoices-Plattform entscheiden, welche \u00fcber den Browser, entsprechendes Ger\u00e4t oder (im Falle von Unternehmen) \u00fcber ein Pr\u00e4ferenz-Cookie durch eine entsprechende Wahl akzeptiert wird.<\/p>\n<p>&nbsp;<\/p>\n<p>Werfen Sie in diesem Zusammenhang auch einen Blick auf unsere Datenschutzerkl\u00e4rung unter <a href=\"https:\/\/www.youronlinechoices.com\/lu\/ihr-datenschutz\">https:\/\/www.youronlinechoices.com\/lu\/ihr-datenschutz<\/a>, die in Ihrer G\u00e4nze ein Bestandteil von diesen allgemeinen Gesch\u00e4ftsbedingungen ist.<\/p>\n<p>&nbsp;<\/p>\n<p><strong>Ihre YourOnlineChoices-Pr\u00e4ferenzen<\/strong><\/p>\n<p>&nbsp;<\/p>\n<p>Eine wesentliche Funktion der YourOnlineChoices-Website ist die Bereitstellung Ihrer Pr\u00e4ferenzen hinsichtlich der nutzungsbasierten Online-Werbung f\u00fcr die teilnehmenden Unternehmen. Wir best\u00e4tigen Ihre Pr\u00e4ferenzen und geben sie an die Werbenetzwerke und an andere beteiligte Mitgliederunternehmen weiter, die auf der YourOnlineChoice-Plattform <a href=\"https:\/\/www.youronlinechoices.com\/lu\/praferenzmanagement\"><span style=\"text-decoration: underline;\">https:\/\/www.youronlinechoices.com\/lu\/praferenzmanagement<\/span><\/a> aufgelistet sind.<\/p>\n<p>&nbsp;<\/p>\n<p>Zur Nutzung der YourOnlineChoice-Website muss jedes beteiligte Unternehmen ein Cookie auf Ihrem Internetbrowser, das Pr\u00e4ferenz-Cookie, setzen, damit wir uns Ihre get\u00e4tigte Auswahl merken k\u00f6nnen. Details zu Cookies finden Sie auch in unserer Datenschutzerkl\u00e4rung unter <a href=\"https:\/\/www.youronlinechoices.com\/lu\/ihr-datenschutz\">https:\/\/www.youronlinechoices.com\/lu\/ihr-datenschutz<\/a>. Wenn Sie die YourOnlineChoices-Website von einem anderen Computer oder Internetbrowser aus besuchen oder Cookies l\u00f6schen, k\u00f6nnen wir Ihre Pr\u00e4ferenzen nicht abspeichern und Sie m\u00fcssen dann wieder auf die YourOnlineChoices-Website gehen, um Ihre Pr\u00e4ferenzen erneut auszuw\u00e4hlen. Au\u00dferdem funktioniert die YourOnlineChoices-Website nicht richtig, wenn Ihr Browser so eingestellt wurde, dass Cookies blockiert werden, denn Ihre Pr\u00e4ferenzen k\u00f6nnen ohne das Pr\u00e4ferenz-Cookie nicht gespeichert werden.<\/p>\n<p>&nbsp;<\/p>\n<p>Trotz der Tatsache, dass wir alle angemessenen und zumutbaren Anstrengungen eines besonnenen Kaufmannes einsetzen und uns darum bem\u00fchen, Ihre auf der YourOnlineChoices-Website angegebenen Pr\u00e4ferenzen an die entsprechenden Unternehmen, die auf der Website aufgef\u00fchrt sind, zum Zeitpunkt der Nennung Ihrer Pr\u00e4ferenzen weiterzugeben, wird die YourOnlineChoice-Website ohne M\u00e4ngelgew\u00e4hr und wie vorliegend zur Verf\u00fcgung gestellt. Wir geben keine Garantie, Zusicherung, Gew\u00e4hrleistung oder Verpflichtung dahingehend, dass Ihre Auswahl zum Erfolg f\u00fchrt und in der Zukunft verbleibt. Wenn sich Ihre Auswahl als nur wenig erfolgreich herausstellen sollte, k\u00f6nnen Sie Widerspruch einlegen und \u00fcber die Website, <a href=\"\"><span style=\"text-decoration: underline;\">https:\/\/www.youronlinechoices.com\/de\/beschwerde\/<\/span><\/a> eine Wiedergutmachung verlangen.<\/p>\n<p>&nbsp;<\/p>\n<p><strong>Ihre Verpflichtung<\/strong><\/p>\n<p>&nbsp;<\/p>\n<p>Sie haben sich entsprechend des geltenden Rechts und der geltenden Regulierungen zu verhalten und die YourOnlineChoices-Website so und wie es von einer vern\u00fcnftigen, verantwortungsvollen und sorgf\u00e4ltigen Person erwartet wird, zu nutzen.<\/p>\n<p>&nbsp;<\/p>\n<p>Die YourOnlineChoice-Website darf nicht zu folgenden Zwecken genutzt oder deren Nutzung hierzu zugelassen werden:<\/p>\n<p>(a)           rechtswidrige oder illegale Aktivit\u00e4ten oder zum Begehen einer Straftat und\/oder krimineller Aktivit\u00e4ten,<\/p>\n<p>&nbsp;<\/p>\n<p>(b)           jegliche Form der Kommunikation illegaler, nicht angemessener, obsz\u00f6ner, anst\u00f6\u00dfiger, beleidigender, verleumderischer, bedrohender, ausf\u00e4lliger, unerw\u00fcnschter oder unaufgeforderter Art oder eine Kommunikation, die zu Bel\u00e4stigungen, Bedr\u00e4ngnissen oder unn\u00f6tiger Angst f\u00fchrt oder gegen die \u00f6ffentliche Ordnung und\/oder gegen den \u00f6ffentlichen Anstand oder gegen die geltenden Gesetze zur Bek\u00e4mpfung von Rassenhass verst\u00f6\u00dft,<\/p>\n<p>&nbsp;<\/p>\n<p>(c)            Aktivit\u00e4ten, durch die die Privatsph\u00e4re oder Datenschutzrechte anderer Kunden\/Abonnenten oder Dritter verletzt werden und<\/p>\n<p>&nbsp;<\/p>\n<p>(d)           die Verbreitung von Viren oder anderer Schadprogramme oder die Unterbrechung der Kommunikation oder Datenspeicherung oder eine anderweitige Verursachung von Sch\u00e4den oder die Zerst\u00f6rung der YourOnlineChoices-Website oder die Einschr\u00e4nkung oder Beeintr\u00e4chtigung der Nutzung oder der Kapazit\u00e4t der YourOnlineChoices-Website f\u00fcr andere Nutzer oder Dritte einschlie\u00dflich durch die Verursachung einer unn\u00f6tigen \u00dcberlastung der Website durch einen umfangreichen, ungerechtfertigten Datenverkehr (Flooding, Spamming).<\/p>\n<p>&nbsp;<\/p>\n<p>Sie haben sich an die geistigen Eigentumsrechte (einschlie\u00dflich,jedoch ohne Einschr\u00e4nkung an die Urheberrechte, Handelsmarken, Patente, Entwurfsrechte und Datenbankrechte usw.), die uns oder unseren Lizenzgebern geh\u00f6ren, zu halten.<\/p>\n<p>&nbsp;<\/p>\n<p>Auf die Anforderung hin haben Sie uns gegen etwaige Verpflichtungen, Sch\u00e4den, Anspr\u00fcche oder Kosten (einschlie\u00dflich angemessener Rechtskosten und -auslagen) schadlos zu halten, die daraus resultieren, dass Sie gegen die Bestimmungen dieses Abschnitts versto\u00dfen haben.<\/p>\n<p>&nbsp;<\/p>\n<p>Erhalten Sie Kenntnis von einem Versto\u00df der YourOnlineChoices-Website gegen Ihre geistigen Eigentumsrechte, Eigentums- oder andere Rechte, informieren Sie uns bitte unverz\u00fcglich \u00fcber die untenstehenden Kontaktdaten \u00fcber einen solchen Vorfall.<\/p>\n<p>&nbsp;<\/p>\n<p><strong>Links<\/strong><\/p>\n<p>&nbsp;<\/p>\n<p>Einige Links auf der OnlineChoices-Website f\u00fchren zu Websites, \u00fcber die wir keine Kontrolle haben. Die EDAA stellt diese Links allein aus Gef\u00e4lligkeit zur Verf\u00fcgung. Das Erscheinen eines Links impliziert weder eine Best\u00e4tigung der EDAA noch ist die EDAA f\u00fcr die Inhalte der verlinkten Website von Dritten verantwortlich. Sie nutzen diese auf Ihr eigenes Risiko.<\/p>\n<p>&nbsp;<\/p>\n<p><strong>Haftungsbeschr\u00e4nkungen und -ausschl\u00fcsse<\/strong><\/p>\n<p>&nbsp;<\/p>\n<p>Die EDAA weist ausdr\u00fccklich s\u00e4mtliche stillschweigende oder ausdr\u00fcckliche, gesetzliche oder zus\u00e4tzliche Zusicherungen, Gew\u00e4hrleistungen, Bedingungen und andere Bestimmungen von sich. Hierzu z\u00e4hlen insbesondere auch die stillschweigende M\u00e4ngelhaftung, Bedingungen oder andere Bestimmungen zufriedenstellender Qualit\u00e4t, die Eignung zu einem spezifischen Zweck oder eine angemessene Sorgfalt und Sachkunde.<\/p>\n<p>&nbsp;<\/p>\n<p>Vorbehaltlich dessen, was unten vereinbart ist, weist die EDAA jede deliktische Haftung (einschlie\u00dflich Fahrl\u00e4ssigkeit), s\u00e4mtliche gesetzliche Verpflichtungen, vorvertragliche oder andere Zusicherungen (au\u00dfer bei einer betr\u00fcgerisch falschen Darstellung), die sich in Zusammenhang mit der YourOnlineCoices-Website und diesen Gesch\u00e4ftsbedingungen ergeben im Hinblick auf die folgenden Konsequenzen von sich und \u00fcbernimmt auch keine vertragliche Haftung f\u00fcr: (a) Folge-, indirekte oder spezielle Verluste oder Sch\u00e4den, (b) Firmenwert- oder Rufsch\u00e4digung oder (c) wirtschaftliche Verluste (einschlie\u00dflich Einnahmen-, Gewinn-, Vertrags-, Gesch\u00e4ftsverluste oder voraussichtliche Einsparungen) und zwar unabh\u00e4ngig davon, ob ein m\u00f6glicher Verlust- oder Schadenseintritt bekannt war und dennoch eingetreten ist.<\/p>\n<p>&nbsp;<\/p>\n<p>Vorbehaltlich der unten genannten Bestimmungen belaufen sich die vertragliche, deliktische (insbesondere aus Fahrl\u00e4ssigkeit), gesetzliche und vorvertragliche Haftung sowie andere Zusicherungen (au\u00dfer bei einer betr\u00fcgerisch falschen Darstellung) , die sich im Zusammenhang mit diesen allgemeinen Gesch\u00e4ftsbedingungen und s\u00e4mtlichen Bestandteilen davon einschlie\u00dflich Ausf\u00fchrung und Leistungserbringung ergeben, bei einem oder mehrerer Vorkommnisse oder einer Reihe von (zusammenh\u00e4ngenden oder nicht zusammenh\u00e4ngenden) Vorkommnissen innerhalb einer Periode von zw\u00f6lf Monaten, auf maximal 5 Euro.<\/p>\n<p>&nbsp;<\/p>\n<p>Eine sich aus einem fahrl\u00e4ssigen Verhalten einer Partei oder deren Vertreter oder Mitarbeiter, der seinen Verpflichtungen nachkommt, ergebende Haftung im Todesfall oder bei einem Personenschaden wird durch diese allgemeinen Gesch\u00e4ftsbedingungen weder ausgeschlossen noch eingeschr\u00e4nkt oder schlie\u00dft die Haftung einer Person aus oder schr\u00e4nkt diese ein, wenn sie gem\u00e4\u00df dem geltenden Recht nicht ausgeschlossen werden kann.<\/p>\n<p>&nbsp;<\/p>\n<p><strong>\u00c4nderung der allgemeinen Gesch\u00e4ftsbedingungen<\/strong><\/p>\n<p>&nbsp;<\/p>\n<p>Wir behalten uns ausdr\u00fccklich das Recht vor, jederzeit einen Teil oder die vorliegenden allgemeinen Gesch\u00e4ftsbedingungen in G\u00e4nze nach freien Ermessen zu modifizieren, zu erg\u00e4nzen oder zur\u00fcckzunehmen, in dem die modifizierten allgemeinen Gesch\u00e4ftsbedingungen auf unserer YourOnlineChoices-Website ver\u00f6ffentlicht werden. Die aktuelle Version kann immer unter https:\/\/www.youronlinechoices.com\/lu\/ihr-datenschutz eingesehen werden.<\/p>\n<p>&nbsp;<\/p>\n<p>Sie werden \u00fcber solche Modifikationen \u00fcber unsere YourOnlineChoices- Website informiert.<\/p>\n<p>&nbsp;<\/p>\n<p>Modifizierte allgemeine Gesch\u00e4ftsbedingungen treten automatisch drei\u00dfig Tage nach der Ver\u00f6ffentlichung auf unserer YourOnlineChoices-Website in Kraft. Im Falle, dass Sie mit den modifizierten Gesch\u00e4ftsbedingungen nicht einverstanden sind, haben Sie die M\u00f6glichkeit mit der Nutzung von Services auf unserer YourOnlineChoices-Website aufzuh\u00f6ren. Nutzung der Website nach dem die Modifizierungen der allgemeinen Gesch\u00e4ftsbedingungen ver\u00f6ffentlicht wurden ist als Zustimmung zu den gemachten Modifizierungen zu qualifizieren.<\/p>\n<p>&nbsp;<\/p>\n<p><strong>Allgemeine Bedingungen<\/strong><\/p>\n<p>&nbsp;<\/p>\n<p><strong><em>H\u00f6here Gewalt:<\/em><\/strong>Ein Ereignis h\u00f6herer Gewalt ist ein unerwartetes Ereignis, das sich unserer Kontrolle entzieht. Wenn wir aufgrund eines Ereignisses h\u00f6herer Gewalt unseren vertraglichen Verpflichtungen nicht oder nur verz\u00f6gert nachkommen k\u00f6nnen, ruhen diese Verpflichtungen f\u00fcr die Dauer des Ereignisses h\u00f6herer Gewalt.<\/p>\n<p>&nbsp;<\/p>\n<p><strong><em>Abtretung und Untervergabe: <\/em><\/strong>Ihre vertraglichen Rechte und\/oder Verpflichtungen d\u00fcrfen an keine andere Partei weder vollst\u00e4ndig noch teilweise abgetreten, \u00fcbertragen, abgegeben oder lizenziert werden.<\/p>\n<p>&nbsp;<\/p>\n<p><strong><em>Beziehung:<\/em><\/strong> Durch Einverst\u00e4ndnis mit diesen Gesch\u00e4ftsbedingungen entsteht keinerlei Partnerschaft, Gesellschaft, Vereinigung oder Joint Venture beziehungsweise ein Besch\u00e4ftigungsvertrag jedweder Art noch ein Mandatsverh\u00e4ltnis zwischen Ihnen und uns, noch werden hiermit keinerlei, nicht ausdr\u00fccklich in diesen Gesch\u00e4ftsbedingungen festgelegte Befugnisse erteilt oder eine Agenturt\u00e4tigkeit zwischen Ihnen und uns etabliert.<\/p>\n<p>&nbsp;<\/p>\n<p><strong><em>Gesamte Vereinbarung:<\/em><\/strong>Sie best\u00e4tigen, dass diese Gesch\u00e4ftsbedingungen und die Datenschutzerkl\u00e4rung die gesamte Vereinbarung und \u00dcbereinkunft zwischen uns darstellen und dass dadurch s\u00e4mtliche fr\u00fcheren Vereinbarungen, \u00dcbereinkommen und \u00dcbereink\u00fcnfte zwischen Ihnen und uns in Bezug auf den Vertragsgegenstand der Gesch\u00e4ftsbedingungen ersetzt werden. Sie best\u00e4tigen, dass Sie sich nicht auf Aussagen, Zusicherungen oder \u00dcbereink\u00fcnfte einlassen, die nicht ausdr\u00fcckliche Bestandteile dieser Gesch\u00e4ftsbedingungen sind und dass Ihnen keine Rechtsmittel bez\u00fcglich Aussagen, Zusicherungen oder \u00dcbereink\u00fcnften zustehen, die nicht ausdr\u00fccklich Bestandteil dieser Gesch\u00e4ftsbedingungen sind, sofern diese nicht auf betr\u00fcgerische Weise get\u00e4tigt wurden.<br \/>\n&nbsp;<\/p>\n<p><strong><em>Verzichtserkl\u00e4rungsklausel:<\/em><\/strong> Eine ausbleibende oder verz\u00f6gerte Aus\u00fcbung der Rechte einer Partei, Befugnisse oder Rechtsmittel gem\u00e4\u00df dieser Gesch\u00e4ftsbedingungen stellen weder eine Verzichtserkl\u00e4rung hinsichtlich dieser Rechte, Befugnisse oder Rechtsmittel dar, noch schlie\u00dft eine einzelne oder teilweise Aus\u00fcbung dieser Rechte, Befugnisse oder Rechtsmittel eine weitere Aus\u00fcbung anderer Rechte, Befugnisse oder Rechtsmittel unsererseits aus.<\/p>\n<p>&nbsp;<\/p>\n<p><strong><em>Salvatorische Klausel:<\/em><\/strong> Stellt ein Gericht oder eine zust\u00e4ndige Beh\u00f6rde fest, dass eine der Bestimmungen der Gesch\u00e4ftsbedingungen in einer Rechtsprechung ung\u00fcltig, rechtswidrig oder nicht vollstreckbar ist, wird diese Bestimmung von diesen Gesch\u00e4ftsbedingungen ausgeschlossen und hat dann keinerlei Auswirkung auf die G\u00fcltigkeit, Rechtm\u00e4\u00dfigkeit oder Vollstreckbarkeit der verbleibenden Gesch\u00e4ftsbedingungen, noch hat diese Bestimmung eine Auswirkung auf die G\u00fcltigkeit, Rechtm\u00e4\u00dfigkeit oder Vollstreckbarkeit in einer anderen Rechtsprechung.<\/p>\n<p>&nbsp;<\/p>\n<p><strong><em>Faktor Zeit:<\/em><\/strong> Zeit ist kein wesentlicher Faktor, sofern nichts anderes ausdr\u00fccklich Anwendung findet.<\/p>\n<p>&nbsp;<\/p>\n<p><strong><em>Rechte dritter Parteien:<\/em><\/strong> Mit diesen Gesch\u00e4ftsbedingungen werden keine Rechte oder Vorteile f\u00fcr eine dritte Partei au\u00dfer den hier beteiligten Parteien gem\u00e4\u00df Vertr\u00e4gen (Rechte Dritter) noch auf andere Weise kreiert oder \u00fcbertragen.<\/p>\n<p>&nbsp;<\/p>\n<p><strong><em>Verschiedenes:<\/em><\/strong> Die Rechte und Rechtsmittel der Parteien im Rahmen dieser allgemeinen Gesch\u00e4ftsbedingungen sind kumulativ und gelten zus\u00e4tzlich zu den gesetzlich vorgesehenen Rechtsm\u00f6glichkeiten und -mitteln.. Diese Gesch\u00e4ftsbedingungen k\u00f6nnen als Kopie oder \u00fcber elektronische Hilfsmittel ausgefertigt werden.<\/p>\n<p>&nbsp;<\/p>\n<p><strong><em>Anwendbares Recht:<\/em><\/strong> Diese Gesch\u00e4ftsbedingungen unterliegen dem in Luxemburg geltenden Recht und jede Partei ist unwiderruflich an den exklusiven Gerichtsstand in der Stadt Luxemburg gebunden.<\/p>\n<p>&nbsp;<\/p>\n<p><strong>Schlussbestimmungen<\/strong><\/p>\n<p>&nbsp;<\/p>\n<p><strong>Unsere Beschwerderichtlinie<\/strong><\/p>\n<p>&nbsp;<\/p>\n<p>Wir versuchen s\u00e4mtliche uns mitgeteilte Probleme, die wir l\u00f6sen k\u00f6nnen, schnellstm\u00f6glich zu kl\u00e4ren. Wenn Sie mit unserer angebotenen Antwort oder L\u00f6sung nicht zufrieden sind, erreichen Sie uns unter der unten angegebenen Anschrift.<\/p>\n<p>&nbsp;<\/p>\n<p><strong>Kontakt<\/strong><\/p>\n<p>&nbsp;<\/p>\n<p>Weitere Informationen oder Antworten auf Fragen zu diesen Gesch\u00e4ftsbedingungen erhalten Sie bei der EDAA per E-Mail: privacy@edaa.eu<\/p>\n<p>&nbsp;<\/p>\n<p>Wir sind die European Interactive Digital Advertising Alliance (EDAA)<\/p>\n<p>&nbsp;<br \/>\nUnser Gesch\u00e4ftssitz befindet sich in Rue des Deux Eglises 26, B-1000 Br\u00fcssel<br \/>\n&nbsp;<br \/>\nUnser Unternehmen ist eingetragen unter der Nummer BE 0846.790.105<br \/>\n&nbsp;<br \/>\nUnsere USt-IdNr. lautet BE 0846.790.10<\/p>\n","protected":false},"excerpt":{"rendered":"<p>Allgemeine Gesch\u00e4ftsbedingungen &nbsp; Diese Gesch\u00e4ftsbedingungen bilden die Grundlage f\u00fcr die Beziehung zwischen der European Interactive Digital Advertising Alliance (im Weitere \u201eEDAA\u201c) und Ihnen, wenn Sie unsere YourOnlineChoices-Website nutzen oder das YourOnlineChoices-Pr\u00e4ferenz-Cookie anerkennen. &nbsp; Die EDAA ist eine gemeinn\u00fctzige Vereinigung (AiSBL nach belgischem Recht) mit Sitz in Br\u00fcssel und der Gesellschaftsnummer BE 0846.790.105. Unser Gesch\u00e4ftssitz befindet [&hellip;]<\/p>\n","protected":false},"author":3,"featured_media":0,"parent":0,"menu_order":0,"comment_status":"closed","ping_status":"open","template":"","meta":[],"_links":{"self":[{"href":"https:\/\/www.youronlinechoices.com\/lu\/wp-json\/wp\/v2\/pages\/360"}],"collection":[{"href":"https:\/\/www.youronlinechoices.com\/lu\/wp-json\/wp\/v2\/pages"}],"about":[{"href":"https:\/\/www.youronlinechoices.com\/lu\/wp-json\/wp\/v2\/types\/page"}],"author":[{"embeddable":true,"href":"https:\/\/www.youronlinechoices.com\/lu\/wp-json\/wp\/v2\/users\/3"}],"replies":[{"embeddable":true,"href":"https:\/\/www.youronlinechoices.com\/lu\/wp-json\/wp\/v2\/comments?post=360"}],"version-history":[{"count":15,"href":"https:\/\/www.youronlinechoices.com\/lu\/wp-json\/wp\/v2\/pages\/360\/revisions"}],"predecessor-version":[{"id":385,"href":"https:\/\/www.youronlinechoices.com\/lu\/wp-json\/wp\/v2\/pages\/360\/revisions\/385"}],"wp:attachment":[{"href":"https:\/\/www.youronlinechoices.com\/lu\/wp-json\/wp\/v2\/media?parent=360"}],"curies":[{"name":"wp","href":"https:\/\/api.w.org\/{rel}","templated":true}]}}