{"id":7,"date":"2010-11-30T11:49:08","date_gmt":"2010-11-30T11:49:08","guid":{"rendered":"https:\/\/www.youronlinechoices.com\/lt\/?page_id=7"},"modified":"2013-06-13T08:10:13","modified_gmt":"2013-06-13T08:10:13","slug":"apie-vartotoju-elgsena-grista-reklama-internete","status":"publish","type":"page","link":"https:\/\/www.youronlinechoices.com\/lt\/apie-vartotoju-elgsena-grista-reklama-internete","title":{"rendered":"Apie vartotoj\u0173 elgsena gr\u012fst\u0105 reklam\u0105 internete"},"content":{"rendered":"<p>\u017dinoma, terminas \u201eVartotoj\u0173 elgsena gr\u012fsta reklama internete\u201c apima daug sud\u0117ting\u0173 aspekt\u0173, ta\u010diau tikim\u0117s, kad \u0161ioje svetain\u0117je pateikta informacija bus suprantama visiems.<br \/>\n<!-- br--><br \/>\nVartotoj\u0173 elgsena gr\u012fsta reklama yra veikla, kurios metu \u012fmon\u0117s gali interneto vartotojams pateikti juos dominan\u010di\u0105 reklam\u0105, atsi\u017evelgdamos \u012f vartotoj\u0173 interneto nar\u0161ymo istorij\u0105. \u0160i saugi ir skaidri veikla sukurta siekiant tobulinti vartotoj\u0173 patirt\u012f internete.<br \/>\n<!-- br--><br \/>\n\u0160ioje svetain\u0117je pateikta i\u0161sami informacija apie j\u016bs\u0173 teises internete ir galimyb\u0119 <a href=\"https:\/\/www.youronlinechoices.com\/lt\/jusu-pasirinkimai\">atsisakyti<\/a> \u0161io pob\u016bd\u017eio interneto reklamos.<br \/>\n<!-- br--><br \/>\n<span style=\"color: #000000; font-size: medium;\"><strong> <strong> Kas yra vartotoj\u0173 elgsena gr\u012fsta reklama internete? <\/strong> <\/strong><\/span><br \/>\n<!-- br--><br \/>\nVartotoj\u0173 elgsena gr\u012fsta reklama yra vienas i\u0161 b\u016bd\u0173, kaip pateikti reklam\u0105 j\u016bs\u0173 lankomose svetain\u0117se taip, kad ji b\u016bt\u0173 labiau susijusi su j\u016bs\u0173 poreikiais. Bendri poreikiai sugrupuojami pagal ankstesn\u0119 interneto nar\u0161ymo istorij\u0105, tuomet interneto vartotojams pateikiama reklama,\u00a0 kuri atitinka j\u0173 bendrus poreikius. Reklama tampa naudinga ir aktuali.<br \/>\n<!-- br--><br \/>\n<span style=\"color: #000000; font-size: medium;\"><strong><strong> <strong> Kaip ji veikia? <\/strong> <\/strong><\/strong><\/span><br \/>\n<!-- br--><br \/>\n\u012esivaizduokite, kad planuojate atostogas Romoje. Apsilankote vienoje svetain\u0117je apie Rom\u0105 ir perskaitote kelis straipsnius apie lankytinas vietas. Kito apsilankymo metu, skaitydami straipsn\u012f apie m\u0117gstam\u0105 futbolo komand\u0105, matote vakarien\u0117s Romoje reklam\u0105 arba pasi\u016blym\u0105 su nuolaida i\u0161sinuomoti automobil\u012f Romoje. Rodoma specialiai jums pritaikyta reklama, nes j\u016bs kaip ir tam tikri kiti vartotojai dom\u0117jot\u0117s Roma. Taip interneto nar\u0161ymas gali tapti patogesnis, kadangi suma\u017e\u0117ja neaktuali\u0173 reklam\u0173 skai\u010dius.<\/p>\n<p style=\"text-align: center;\"><a href=\"https:\/\/www.youronlinechoices.com\/lt\/wp-content\/uploads\/2010\/11\/what-is-behavioural-advertising.jpg\"><img loading=\"lazy\" class=\"alignnone size-full wp-image-314\" title=\"Kaip veikia \u0161io pob\u016bd\u017eio reklama\" src=\"https:\/\/www.youronlinechoices.com\/lt\/wp-content\/uploads\/2010\/11\/what-is-behavioural-advertising.jpg\" alt=\"\" width=\"397\" height=\"494\" \/><\/a><\/p>\n<p><!-- br--><br \/>\n\u0160i tikslin\u0117s reklamos forma pagr\u012fsta interneto nar\u0161ymo istorija, b\u016btent tod\u0117l ji vadinama vartotojo elgsena gr\u012fsta reklama. Kadangi atsi\u017evelgiama \u012f ankstesn\u012f interneto nar\u0161ym\u0105, \u0161i reklamos forma skiriasi nuo kit\u0173, pvz., <a href=\"https:\/\/www.youronlinechoices.com\/lt\/zodynelis\">kontekstin\u0117s reklamos<\/a>, kuri gr\u012fsta vien \u0161i\u0105 akimirk\u0105 lankomu puslapiu.<br \/>\n<!-- br--><br \/>\n<span style=\"color: #000000; font-size: medium;\"><strong> <strong> Kaip saugomas privatumas? <\/strong> <\/strong><\/span><br \/>\n<!-- br--><br \/>\nVisi vartotoj\u0173 elgsena gr\u012fstos reklamos tiek\u0117jai turi laikytis ES \u012fstatym\u0173. Dauguma atvej\u0173, tikslin\u0117ms reklamoms naudojama informacija n\u0117ra asmenin\u0117, t.y., n\u0117ra identifikuojamas pats fizinis asmuo. Nar\u0161ymo duomenys renkami ir analizuojami anonimi\u0161kai. Jei analize nustatomas tam tikras poreikis, j\u016bs\u0173 kompiuteryje patalpinamas <a href=\"https:\/\/www.youronlinechoices.com\/lt\/dazniausiai-uzduodami-klausimai#13\">slapukas<\/a> (ma\u017eas failas, daugelio svetaini\u0173 naudojamas naudingai informacijai saugoti, kad interneto nar\u0161ymas tapt\u0173 patogesnis), kuriuo ir nustatoma, kurios reklamos jus domint\u0173. Jei bus naudojama asmenin\u0117 informacija (pvz., registracijos duomenys) apie tai bus prane\u0161ta svetain\u0117s privatumo politikos skiltyje arba tam tikros paslaugos registracijos metu. Visada tur\u0117site galimyb\u0119 pasirinkti, ar pasinaudoti aktualios reklamos privalumais. O jei naudojama asmenin\u0117 informacija, turi b\u016bti gautas j\u016bs\u0173 sutikimas.<br \/>\n<!-- br--><br \/>\nGalite nustatyti, kuriuos slapukus priimti, kuriuos atmesti. \u012emon\u0117, renkanti ir naudojanti \u0161iuos duomenis, suteiks galimyb\u0119 atsisakyti vartotoj\u0173 elgsena gr\u012fstos reklamos. Nor\u0117dami tai atlikti, spustel\u0117kite <a href=\"https:\/\/www.youronlinechoices.com\/lt\/jusu-pasirinkimai\">\u010dia<\/a>.<br \/>\n<!-- br--><br \/>\n<span style=\"color: #000000; font-size: medium;\"><strong> <strong> <strong> Jei turite klausim\u0173, per\u017evelkite \u0161ias nuorodas: <\/strong> <\/strong> <\/strong><\/span><br \/>\n<!-- br--><\/p>\n<ul>\n<li><a href=\"https:\/\/www.youronlinechoices.com\/lt\/dazniausiai-uzduodami-klausimai\">Da\u017eniausiai u\u017eduodam\u0173 klausim\u0173 skyriuje tur\u0117tum\u0117te rasti atsakymus \u012f dominan\u010dius klausimus<\/a>.<\/li>\n<li><a href=\"https:\/\/www.youronlinechoices.com\/lt\/penki-patarimai\">Penki patarimai, kurie pad\u0117s geriau suprasti ir apsaugoti savo privatum\u0105 internete<\/a>.<\/li>\n<\/ul>\n<p><!-- br--><br \/>\n<!-- br--><br \/>\n<span style=\"font-size: 15px; font-weight: bold;\">Savo nuomon\u0119 si\u0173skite: <a href=\"mailto:feedback_lt@youronlinechoices.com\">feedback_lt@youronlinechoices.com<\/a><\/span><\/p>\n","protected":false},"excerpt":{"rendered":"<p>\u017dinoma, terminas \u201eVartotoj\u0173 elgsena gr\u012fsta reklama internete\u201c apima daug sud\u0117ting\u0173 aspekt\u0173, ta\u010diau tikim\u0117s, kad \u0161ioje svetain\u0117je pateikta informacija bus suprantama visiems. Vartotoj\u0173 elgsena gr\u012fsta reklama yra veikla, kurios metu \u012fmon\u0117s gali interneto vartotojams pateikti juos dominan\u010di\u0105 reklam\u0105, atsi\u017evelgdamos \u012f vartotoj\u0173 interneto nar\u0161ymo istorij\u0105. \u0160i saugi ir skaidri veikla sukurta siekiant tobulinti vartotoj\u0173 patirt\u012f internete. \u0160ioje [&hellip;]<\/p>\n","protected":false},"author":3,"featured_media":0,"parent":0,"menu_order":2,"comment_status":"closed","ping_status":"closed","template":"","meta":[],"_links":{"self":[{"href":"https:\/\/www.youronlinechoices.com\/lt\/wp-json\/wp\/v2\/pages\/7"}],"collection":[{"href":"https:\/\/www.youronlinechoices.com\/lt\/wp-json\/wp\/v2\/pages"}],"about":[{"href":"https:\/\/www.youronlinechoices.com\/lt\/wp-json\/wp\/v2\/types\/page"}],"author":[{"embeddable":true,"href":"https:\/\/www.youronlinechoices.com\/lt\/wp-json\/wp\/v2\/users\/3"}],"replies":[{"embeddable":true,"href":"https:\/\/www.youronlinechoices.com\/lt\/wp-json\/wp\/v2\/comments?post=7"}],"version-history":[{"count":29,"href":"https:\/\/www.youronlinechoices.com\/lt\/wp-json\/wp\/v2\/pages\/7\/revisions"}],"predecessor-version":[{"id":211,"href":"https:\/\/www.youronlinechoices.com\/lt\/wp-json\/wp\/v2\/pages\/7\/revisions\/211"}],"wp:attachment":[{"href":"https:\/\/www.youronlinechoices.com\/lt\/wp-json\/wp\/v2\/media?parent=7"}],"curies":[{"name":"wp","href":"https:\/\/api.w.org\/{rel}","templated":true}]}}