{"id":371,"date":"2014-12-15T13:33:11","date_gmt":"2014-12-15T13:33:11","guid":{"rendered":"https:\/\/www.youronlinechoices.com\/lt\/?page_id=371"},"modified":"2020-03-04T23:21:20","modified_gmt":"2020-03-04T23:21:20","slug":"naudojimosi-taisykles-ir-salygos","status":"publish","type":"page","link":"https:\/\/www.youronlinechoices.com\/lt\/naudojimosi-taisykles-ir-salygos","title":{"rendered":"Nuostatos ir s\u0105lygos"},"content":{"rendered":"<p><strong>Bendrosios nuostatos ir s\u0105lygos<\/strong><\/p>\n<p>&nbsp;<\/p>\n<p>\u0160ios nuostatos ir s\u0105lygos reglamentuoja EDAA ir j\u016bs\u0173 santykius, kai j\u016bs naudojat\u0117s <em>YourOnlineChoices<\/em> interneto svetaine ar jums sutikus su <em>YourOnlineChoices<\/em> pasirinkimo slapuko naudojimu.<\/p>\n<p>&nbsp;<\/p>\n<p>EDAA yra pelno nesiekianti s\u0105junga (AiSBL), \u012fsisteigusi Briuselyje; bendrov\u0117s numeris \u2013 BE 0846.790.105. Buvein\u0117s adresas \u2013 Rue des Deux Eglises 26| B-1000 Briuselis.<\/p>\n<p>&nbsp;<\/p>\n<p><em>YourOnlineChoices<\/em> interneto svetain\u0117 prieinama \u0161iais adresais:\u00a0<a href=\"https:\/\/www.youronlinechoices.eu\/\">www.youronlinechoices.eu<\/a>, <a href=\"https:\/\/www.youronlinechoices.com\">https:\/\/www.youronlinechoices.com<\/a>, <a href=\"https:\/\/www.youronlinechoices.eu\/uk\">www.youronlinechoices.eu\/uk\/<\/a> ir <a href=\"https:\/\/www.youronlinechoices.com\/uk\/\">www.youronlinechoices.com\/uk\/<\/a>. Interneto svetain\u0119 galima atverti tiesiogiai, naudojantis tre\u010diosios \u0161alies interneto svetaine arba OBA piktograma. OBA piktograma atrodo taip\u00a0<a href=\"https:\/\/www.youronlinechoices.com\/uk\/protecting-your-privacy\/oba-icon\" rel=\"attachment wp-att-757\"><img loading=\"lazy\" class=\"alignnone wp-image-757\" title=\"OBA-icon\" src=\"https:\/\/www.youronlinechoices.com\/uk\/wp-content\/uploads\/2010\/11\/OBA-icon-300x300.jpg\" alt=\"\" width=\"38\" height=\"38\" \/><\/a> ir j\u0105 galima da\u017enai pamatyti su \u012fvairiuose interneto puslapiuose pateikiama reklama ar greta jos.<\/p>\n<p>&nbsp;<\/p>\n<p>\u017dod\u017eiai \u201emes\u201c, \u201emus\u201c arba \u201em\u016bs\u0173\u201c rei\u0161kia EDAA, o \u201ej\u016bs\u201c ir \u201ej\u016bs\u0173\u201c \u2013 jus ir bet kur\u012f kit\u0105 asmen\u012f, besinaudojant\u012f <em>YourOnlineChoices<\/em> interneto svetaine ar pasirenkant\u012f vartotoj\u0173 elgsena grind\u017eiam\u0105 internetin\u0119 reklam\u0105 savo nar\u0161ykle arba \u012frenginiu <em>YourOnlineChoices<\/em> vartotoj\u0173 pasirinkimo platformoje, ar (verslo subjektams) asmen\u012f, sutikus\u012f su pasirinkimo slapuko naudojimu pasinaudojus lankytojo pasirinkimo teise.<\/p>\n<p>&nbsp;<\/p>\n<p>J\u016bs tur\u0117tum\u0117te susipa\u017einti su m\u016bs\u0173 taikoma privatumo politika (<a href=\"https:\/\/www.youronlinechoices.com\/uk\/protecting-your-privacy\">https:\/\/www.youronlinechoices.com\/uk\/protecting-your-privacy<\/a>), kuri yra \u0161i\u0173 nuostat\u0173 ir s\u0105lyg\u0173 sudedamoji dalis.<\/p>\n<p>&nbsp;<\/p>\n<p><strong>J\u016bs\u0173 pasirinkti <em>YourOnlineChoices<\/em> nustatymai<\/strong><\/p>\n<p>&nbsp;<\/p>\n<p>Vienas i\u0161 pagrindini\u0173 <em>YourOnlineChoices<\/em> interneto svetain\u0117s tiksl\u0173 yra pateikti dalyvaujan\u010dioms bendrov\u0117ms j\u016bs\u0173 pageidaujamus nustatymus d\u0117l vartotoj\u0173 elgsena grind\u017eiamos internetin\u0117s reklamos. Mes patvirtiname j\u016bs\u0173 pageidaujamus nustatymus ir juos perduodame reklamos tinklams bei kitoms dalyvaujan\u010dioms bendrov\u0117ms, kuri\u0173 s\u0105ra\u0161as pateiktas <em>YourOnlineChoices<\/em> platformoje: <a href=\"https:\/\/www.youronlinechoices.com\/uk\/your-ad-choices\">https:\/\/www.youronlinechoices.com\/uk\/your-ad-choices<\/a>.<\/p>\n<p>&nbsp;<\/p>\n<p>Nor\u0117dama pasinaudoti <em>YourOnlineChoices<\/em> interneto svetaine, kiekviena dalyvaujanti bendrov\u0117 \u012f j\u016bs\u0173 nar\u0161ykl\u0119 turi \u012fkelti slapuk\u0105 (pasirinkimo slapuk\u0105) tam, kad gal\u0117tum\u0117me \u012fsiminti j\u016bs\u0173 pasirinkimus. I\u0161sami informacija apie slapukus pateikta m\u016bs\u0173 privatumo politikoje: https:\/\/www.youronlinechoices.com\/uk\/protecting-your-privacy. Jeigu j\u016bs patenkate \u012f <em>YourOnlineChoices<\/em> interneto svetain\u0119 naudodami kit\u0105 kompiuter\u012f, kit\u0105 \u017einiatinklio nar\u0161ykl\u0119 ar i\u0161trinate slapukus, mes negalime \u012fsiminti j\u016bs\u0173 pasirinkt\u0173 nustatym\u0173, tod\u0117l j\u016bs tur\u0117tum\u0117te v\u0117l prisijungti prie <em>YourOnlineChoices<\/em> interneto svetain\u0117s ir dar kart\u0105 pasirinkti savo nustatymus. Be to, <em>YourOnlineChoices<\/em> interneto svetain\u0117 tinkamai neveiks, jeigu j\u016bs\u0173 nar\u0161ykl\u0117je \u012fjungta slapuk\u0173 blokavimo funkcija, nes j\u016bs\u0173 pasirinkti nustatymai negali b\u016bti i\u0161saugoti nenaudojant pasirinkimo slapuko.<\/p>\n<p>&nbsp;<\/p>\n<p>Nors mes imam\u0117s pagr\u012fst\u0173 komercini\u0173 pastang\u0173 perduoti j\u016bs\u0173 <em>YourOnlineChoices<\/em> interneto svetain\u0117je pasirinktus nustatymus atitinkamoms bendrov\u0117ms, esan\u010dioms interneto svetain\u0117s s\u0105ra\u0161e, ta\u010diau <em>YourOnlineChoices<\/em> interneto svetain\u0117 pateikiama tokia, kokia ji yra (angl.\u00a0<em>as\u00a0is<\/em>) ir kokia yra prieinama (angl.\u00a0<em>as\u00a0available<\/em>); mes neteikiame joki\u0173 garantij\u0173, patvirtinim\u0173, neprisiimame \u012fsipareigojim\u0173 ir nenustatome kit\u0173 s\u0105lyg\u0173, kad j\u016bs\u0173 parinktys bus ar i\u0161liks veiksmingos. Jeigu paai\u0161k\u0117ja, kad \u012f j\u016bs\u0173 parinktis n\u0117ra atsi\u017evelgiama, galite pateikti skund\u0105 ir siekti atitaisymo interneto svetain\u0117je <a href=\"https:\/\/www.youronlinechoices.com\/uk\/make-a-complaint\">https:\/\/www.youronlinechoices.com\/uk\/make-a-complaint<\/a>.<\/p>\n<p>&nbsp;<\/p>\n<p><strong>J\u016bs\u0173 pareigos<\/strong><\/p>\n<p>&nbsp;<\/p>\n<p>J\u016bs privalote elgtis ir naudotis <em>YourOnlineChoices<\/em> interneto svetaine laikydamiesi vis\u0173 taikom\u0173 \u012fstatym\u0173 ir kit\u0173 teis\u0117s akt\u0173, kaip tur\u0117t\u0173 elgtis protingas, atsakingas ir r\u016bpestingas asmuo.<\/p>\n<p>&nbsp;<\/p>\n<p>J\u016bs negalite naudotis <em>YourOnlineChoices<\/em> interneto svetaine ir negalite leisti naudotis <em>YourOnlineChoices<\/em> interneto svetaine:<\/p>\n<p>&nbsp;<\/p>\n<p>(a) \u012fstatym\u0173 neleistinai ar u\u017edraustai veiklai, ar nusikalstamiems veiksmams ir (arba) veiklai atlikti;<\/p>\n<p>&nbsp;<\/p>\n<p>(b) jokiems neteis\u0117tiems, netinkamiems, ne\u0161vankiems, neprideramiems, \u0161mei\u017eiki\u0161kiems, \u012f\u017eeid\u017eiantiems, grasinamiesiems, agresyviems, nepageidaujamiems ar nesuderintiems arba galintiems sukelti susierzinim\u0105, sielvart\u0105 ar bereikaling\u0105 nerim\u0105 keliantiems prane\u0161imams arba prane\u0161imams, kuriais gal\u0117t\u0173 b\u016bti pa\u017eeista vie\u0161oji tvarka ir (arba) visuomeninis padorumas ar bet kokie teis\u0117s aktai, draud\u017eiantys rasin\u0119 neapykant\u0105;<\/p>\n<p>&nbsp;<\/p>\n<p>&nbsp;<\/p>\n<p>(c) bet kokiai veiklai, kuria gal\u0117t\u0173 b\u016bti pa\u017eeid\u017eiamos kit\u0173 klient\u0173 ir (arba) abonent\u0173 ar tre\u010di\u0173j\u0173 \u0161ali\u0173 teis\u0117s \u012f privatum\u0105 ar duomen\u0173 apsaug\u0105; ir<\/p>\n<p>&nbsp;<\/p>\n<p>(d) platinant virusus ar kit\u0105 kenk\u0117ji\u0161k\u0105 programin\u0119 \u012frang\u0105 ar kitokiu b\u016bdu nutraukiant ry\u0161\u012f, keliant gr\u0117sm\u0119 laikomiems duomenims ar kitaip darant \u017eal\u0105 arba trikdant <em>YourOnlineChoices<\/em> interneto svetain\u0117s veikl\u0105; apribojant ar bloginant kit\u0173 vartotoj\u0173 ar tre\u010di\u0173j\u0173 \u0161ali\u0173 galimybes naudotis <em>YourOnlineChoices<\/em> interneto svetaine, \u012fskaitant neb\u016btin\u0105 svetain\u0117s apkrovim\u0105 dideliais, nepateisinamais duomen\u0173 srautais (perpildymas, brukalo siuntimas ir kt.).<\/p>\n<p>&nbsp;<\/p>\n<p>J\u016bs \u012fsipareigojate gerbti m\u016bs\u0173 ir mums licencijas suteikusi\u0173 asmen\u0173 intelektin\u0117s nuosavyb\u0117s teises (\u012fskaitant, bet neapsiribojant, autori\u0173 teises, teises \u012f preki\u0173 \u017eenklus, patentus, dizain\u0105 ir duomen\u0173 bazes).<\/p>\n<p>&nbsp;<\/p>\n<p>J\u016bs \u012fsipareigojate mus apsaugoti ir ginti nuo bet kokios atsakomyb\u0117s, nuostoli\u0173, i\u0161laid\u0173, reikalavim\u0173 ar s\u0105naud\u0173 (\u012fskaitant pagr\u012fstas bylin\u0117jimosi i\u0161laidas), jeigu toks reikalavimas yra nulemtas ar susij\u0119s su j\u016bs\u0173 pareig\u0173, nurodyt\u0173 \u0161iame skirsnyje, pa\u017eeidimu.<\/p>\n<p>&nbsp;<\/p>\n<p>Jeigu su\u017einotum\u0117te, kad <em>YourOnlineChoices<\/em> interneto svetain\u0117je pa\u017eeid\u017eiamos j\u016bs\u0173 intelektin\u0117s nuosavyb\u0117s teis\u0117s, turtin\u0117s teis\u0117s ar bet kurios kitos teis\u0117s, nedelsdami apie tai informuokite mus toliau nurodytais kontaktiniais duomenimis.<\/p>\n<p>&nbsp;<\/p>\n<p><strong>Nuorodos<\/strong><\/p>\n<p>Pasinaudoj\u0119 kai kuriomis <em>YourOnlineChoices<\/em> interneto svetain\u0117je pateiktomis nuorodomis, galite prisijungti prie svetaini\u0173, kuri\u0173 mes nekontroliuojame. EDAA \u0161ias nuorodas pateikia tik d\u0117l vartotoj\u0173 patogumo. Nuorodos pateikimas nerei\u0161kia, kad EDAA j\u0105 patvirtina ar kad \u00a0yra atsakinga u\u017e bet kokios kitos interneto svetain\u0117s (\u012f kuri\u0105 pateikiama nuoroda) turin\u012f. J\u016bs jungiat\u0117s prie \u0161i\u0173 interneto svetaini\u0173 savo nuo\u017ei\u016bra.<\/p>\n<p><strong>\u00a0<\/strong><\/p>\n<p><strong>Atsakomyb\u0117s ribojimas<\/strong><\/p>\n<p><strong>\u00a0<\/strong><\/p>\n<p>EDAA parei\u0161kia, jog neprisiima joki\u0173 tiesiogiai nurodyt\u0173 ar numanom\u0173 parei\u0161kim\u0173, garantij\u0173, s\u0105lyg\u0173 ar kit\u0173 \u012fsipareigojim\u0173, nustatyt\u0173 \u012fstatymais, u\u017etikrinimo priemon\u0117mis ar kitokiu b\u016bdu, \u012fskaitant, bet neapsiribojant, numanomas garantijas, s\u0105lygas ar kitus \u012fsipareigojimus d\u0117l kokyb\u0117s, tinkamumo konkre\u010diam tikslui ar protingo r\u016bpestingumo ir kompetencijos.<\/p>\n<p>&nbsp;<\/p>\n<p>Jei \u0161iose s\u0105lygose nenurodyta kitaip, EDAA neatsako u\u017e i\u0161 sutarties, delikto (\u012fskaitant, bet neapsiribojant, ner\u016bpestingum\u0105), \u012fstatymin\u0117s pareigos, ikisutartini\u0173 santyki\u0173 ar kitoki\u0173 parei\u0161kim\u0173 (i\u0161skyrus apgaulingus parei\u0161kimus) arba kitaip i\u0161 <em>YourOnlineChoices<\/em> interneto svetain\u0117s kylan\u010dius ar su ja ir \u0161iomis nuostatomis ir s\u0105lygomis susijusius: a) \u0161alutinius, netiesioginius ar specialius nuostolius ar \u017eal\u0105; b) bet kok\u012f verslo \u012fvaizd\u017eio vert\u0117s ar reputacijos praradim\u0105; ar c) bet kokius ekonominius nuostolius (\u012fskaitant pajam\u0173, pelno, sutartinius, komercinius ar planuot\u0173 sutaupyti l\u0117\u0161\u0173 praradimus), nepaisant to, ar buvo \u012fsp\u0117ta apie \u0161i\u0173 nuostoli\u0173 ar \u017ealos galimyb\u0119, ar kaip \u0161ie nuostoliai ar \u017eala atsirado.<\/p>\n<p>&nbsp;<\/p>\n<p>Jei \u0161iose s\u0105lygose nenurodyta kitaip, did\u017eiausia EDAA atsakomyb\u0117s suma pagal sutart\u012f, delikt\u0105 (\u012fskaitant, bet neapsiribojant, ner\u016bpestingum\u0105), \u012fstatym\u0105, ikisutartinius \u012fsipareigojimus ar kitokius parei\u0161kimus (i\u0161skyrus apgaulingus parei\u0161kimus) arba u\u017e kitais pagrindais kylan\u010di\u0105 atsakomyb\u0119, susijusi\u0105 su \u0161ia sutartimi ar jos dalimis, \u012fskaitant jos vykdym\u0105 ir \u012fgyvendinim\u0105, kiekvieno \u012fvykio, \u012fvyki\u0173 arba \u012fvyki\u0173 grup\u0117s at\u017evilgiu (susijusi\u0173 ar nesusijusi\u0173 tarpusavyje), yra ribojama iki 5\u00a0EUR u\u017e bet kur\u012f dvylikos m\u0117nesi\u0173 laikotarp\u012f.<\/p>\n<p>&nbsp;<\/p>\n<p>\u0160ios sutarties nuostatomis n\u0117ra ribojama atsakomyb\u0117 d\u0117l gyvyb\u0117s netekimo ar sveikatos su\u017ealojimo, susijusio su bet kurios \u0161alies ar j\u0173 atstov\u0173 arba savo pareigas \u0117jusi\u0173 darbuotoj\u0173 neatsargumu; taip pat, kai \u0161alies atsakomyb\u0117s ribojimas n\u0117ra numatytas galiojan\u010diuose teis\u0117s aktuose.<\/p>\n<p>&nbsp;<\/p>\n<p><strong>Bendrosios s\u0105lygos<\/strong><\/p>\n<p>&nbsp;<\/p>\n<p><em><strong>Force\u00a0majeure:<\/strong><\/em> <em>force\u00a0majeure<\/em> \u012fvykis \u2013 tai \u012fvykis, kurio negalima pagr\u012fstai kontroliuoti. Kai mes negalime arba v\u0117luojame vykdyti \u0161iose nuostatose ir s\u0105lygose nurodytas pareigas d\u0117l <em>force\u00a0majeure<\/em> \u012fvykio, pareig\u0173 vykdymas sustabdomas, kol truks <em>force\u00a0majeure<\/em> \u012fvykis.<\/p>\n<p><em><strong>Teisi\u0173 perleidimas ir subranga: <\/strong><\/em>j\u016bs negalite perduoti, perleisti, licencijuoti vis\u0173 ir (arba) dalies j\u016bs\u0173 teisi\u0173 ir (arba) pareig\u0173 (taip pat gauti u\u017e tai atlyginim\u0105), numatyt\u0173 \u0161iose nuostatose ir s\u0105lygose, jokiai kitai \u0161aliai.<\/p>\n<p><em><strong>Santykiai:<\/strong><\/em> \u0161i\u0173 s\u0105lyg\u0173 nuostatos ir s\u0105lygos negali b\u016bti vertinamos kaip partneryst\u0117s, bendros \u012fmon\u0117s ar bet kokios r\u016b\u0161ies darbo sutarties sudarymas tarp j\u016bs\u0173 ir m\u016bs\u0173 ar kaip bet koki\u0173 \u012fgaliojim\u0173 suteikimas, kuris n\u0117ra ai\u0161kiai i\u0161reik\u0161tas nuostatose ir s\u0105lygose, ar bet kokio atstovavimo tarp j\u016bs\u0173 ir m\u016bs\u0173 nustatymas.<\/p>\n<p><em><strong>Visa sutartis: <\/strong><\/em>j\u016bs patvirtinate, kad \u0161ios nuostatos ir s\u0105lygos nustato visapusi\u0161k\u0105 supratim\u0105 ir sutarim\u0105 su mumis ir pakei\u010dia visus iki \u0161iol buvusius tarp j\u016bs\u0173 ir m\u016bs\u0173 sudarytus susitarimus ir sutartis, susijusius su nuostat\u0173 ir s\u0105lyg\u0173 dalyku. J\u016bs patvirtinate, kad remiat\u0117s tik tiesiogiai \u0161iose nuostatose ir s\u0105lygose nurodytomis nuostatomis, parei\u0161kimais ar sutarimais ir naudosite gynybos priemones tik remdamiesi tiesiogiai \u0161iose nuostatose ir s\u0105lygose nurodytomis nuostatomis, parei\u0161kimais ar sutarimais, nebent jie b\u016bt\u0173 nes\u0105\u017einingi.<\/p>\n<p><em><strong>Atsisakymas: <\/strong><\/em>jei bet kuri i\u0161 \u0161ali\u0173 laiku ar tinkamai nepasinaudoja kokia nors teise, \u012fgaliojimais arba teisi\u0173 gynimo priemone pagal \u0161ias nuostatas ir s\u0105lygas, tai nebus laikoma atsisakymu pasinaudoti min\u0117ta ar bet kuria kita teise, \u012fgaliojimais ar teisi\u0173 gynimo priemone; taip pat ir mums vien\u0105 kart\u0105 ar i\u0161 dalies pasinaudojus bet kuria teise, \u012fgaliojimais ar teisi\u0173 gynimo priemone, nebus u\u017ekertamas kelias kit\u0105 kart\u0105 pasinaudoti bet kuria kita teise, \u012fgaliojimais ar teisi\u0173 gynimo priemone.<\/p>\n<p><em><strong>Atskiriamumas: <\/strong><\/em><em>j<\/em>ei bet kuri\u0105 \u0161i\u0173 nuostat\u0173 ir s\u0105lyg\u0173 nuostat\u0105 bet kuris teismas ar kompetentinga institucija pripa\u017e\u012fsta negaliojan\u010dia, neteis\u0117ta ar ne\u012fgyvendinama tam tikroje jurisdikcijoje, tokia nuostata nelaikoma \u0161i\u0173 nuostat\u0173 ir s\u0105lyg\u0173 sudedam\u0105ja dalimi ir ji netur\u0117s \u012ftakos likusi\u0173 \u0161i\u0173 nuostat\u0173 ir s\u0105lyg\u0173 nuostat\u0173 galiojimui, teis\u0117tumui ar \u012fgyvendinimui, taip pat \u0161ios nuostatos galiojimui, teis\u0117tumui ar \u012fgyvendinimui jokioje kitoje jurisdikcijoje.<\/p>\n<p><em><strong>Laikas kaip esmin\u0117 s\u0105lyga:<\/strong><\/em> laikas nelaikomas esmine s\u0105lyga, i\u0161skyrus, jei konkre\u010diai nurodyta prie\u0161ingai.<\/p>\n<p><em><strong>Tre\u010di\u0173j\u0173 \u0161ali\u0173 teis\u0117s:<\/strong><\/em> \u0161i\u0173 nuostat\u0173 ir s\u0105lyg\u0173 nuostatos nesukuria ir nesuteikia joki\u0173 teisi\u0173 ar kitokios naudos jokiems kitiems asmenims, i\u0161skyrus \u0161i\u0173 nuostat\u0173 ir s\u0105lyg\u0173 \u0161alis, nei pagal 1999\u00a0m. Sutar\u010di\u0173 \u012fstatym\u0105 (Tre\u010di\u0173j\u0173 \u0161ali\u0173 teis\u0117s), nei kitais pagrindais.<\/p>\n<p><em><strong>Kitos nuostatos:<\/strong><\/em> \u0161iose nuostatose ir s\u0105lygose nurodytos \u0161ali\u0173 teis\u0117s ir j\u0173 gynimo priemon\u0117s yra kumuliatyvios ir papildo teis\u0117s aktais nustatytas teises ir priemones. Bet koks \u0161i\u0173 nuostat\u0173 ir s\u0105lyg\u0173 keitimas turi b\u016bti atliktas ra\u0161tu ir patvirtintas abiej\u0173 \u0161ali\u0173. D\u0117l \u0161i\u0173 nuostat\u0173 ir s\u0105lyg\u0173 gali b\u016bti susitarta sudarant ir apsikei\u010diant j\u0173 egzemplioriais arba elektroniniu b\u016bdu.<\/p>\n<p><em><strong>Taikytina teis\u0117:<\/strong><\/em> \u0161ios nuostatos ir s\u0105lygos ai\u0161kinamos pagal Belgijos teis\u0117s aktus ir abi \u0161alys \u0161iomis s\u0105lygomis neat\u0161aukiamai sutinka su nei\u0161imtine Briuselio teism\u0173 jurisdikcija.<\/p>\n<p>&nbsp;<\/p>\n<p><strong>Baigiamosios nuostatos<\/strong><\/p>\n<p>&nbsp;<\/p>\n<p><strong>M\u016bs\u0173 skund\u0173 politika<\/strong><\/p>\n<p>&nbsp;<\/p>\n<p>Mes sprend\u017eiame visus mums pateiktus klausimus (kuriuos galime i\u0161spr\u0119sti) kaip galima grei\u010diau. Jei j\u016bs\u0173 netenkina atsakymas ar pasi\u016blytas sprendimas, kreipkit\u0117s toliau nurodytu adresu.<\/p>\n<p>&nbsp;<\/p>\n<p><strong>Susisiekite su mumis<\/strong><\/p>\n<p>&nbsp;<\/p>\n<p>D\u0117l detalesn\u0117s informacijos arba jeigu turite kit\u0173 klausim\u0173 d\u0117l \u0161i\u0173 nuostat\u0173 ir s\u0105lyg\u0173, kreipkit\u0117s \u012f EDAA el.\u00a0pa\u0161to adresu: privacy [at] edaa.eu.<\/p>\n<p>&nbsp;<\/p>\n<p>Esame Europos interaktyviosios skaitmenin\u0117s reklamos aljansas\u00a0(EDAA).<br \/>\nM\u016bs\u0173 buvein\u0117s adresas \u2013 Rue des Deux Eglises 26 | 1000 Briuselis.<br \/>\nM\u016bs\u0173 bendrov\u0117s registracijos numeris \u2013 BE 0846.790.105.<\/p>\n<p>&nbsp;<\/p>\n<p>Bendrov\u0117s PVM mok\u0117tojo numeris \u2013 BE 0846.790.105.<\/p>\n","protected":false},"excerpt":{"rendered":"<p>Bendrosios nuostatos ir s\u0105lygos &nbsp; \u0160ios nuostatos ir s\u0105lygos reglamentuoja EDAA ir j\u016bs\u0173 santykius, kai j\u016bs naudojat\u0117s YourOnlineChoices interneto svetaine ar jums sutikus su YourOnlineChoices pasirinkimo slapuko naudojimu. &nbsp; EDAA yra pelno nesiekianti s\u0105junga (AiSBL), \u012fsisteigusi Briuselyje; bendrov\u0117s numeris \u2013 BE 0846.790.105. Buvein\u0117s adresas \u2013 Rue des Deux Eglises 26| B-1000 Briuselis. &nbsp; YourOnlineChoices interneto [&hellip;]<\/p>\n","protected":false},"author":3,"featured_media":0,"parent":0,"menu_order":0,"comment_status":"closed","ping_status":"open","template":"","meta":[],"_links":{"self":[{"href":"https:\/\/www.youronlinechoices.com\/lt\/wp-json\/wp\/v2\/pages\/371"}],"collection":[{"href":"https:\/\/www.youronlinechoices.com\/lt\/wp-json\/wp\/v2\/pages"}],"about":[{"href":"https:\/\/www.youronlinechoices.com\/lt\/wp-json\/wp\/v2\/types\/page"}],"author":[{"embeddable":true,"href":"https:\/\/www.youronlinechoices.com\/lt\/wp-json\/wp\/v2\/users\/3"}],"replies":[{"embeddable":true,"href":"https:\/\/www.youronlinechoices.com\/lt\/wp-json\/wp\/v2\/comments?post=371"}],"version-history":[{"count":11,"href":"https:\/\/www.youronlinechoices.com\/lt\/wp-json\/wp\/v2\/pages\/371\/revisions"}],"predecessor-version":[{"id":425,"href":"https:\/\/www.youronlinechoices.com\/lt\/wp-json\/wp\/v2\/pages\/371\/revisions\/425"}],"wp:attachment":[{"href":"https:\/\/www.youronlinechoices.com\/lt\/wp-json\/wp\/v2\/media?parent=371"}],"curies":[{"name":"wp","href":"https:\/\/api.w.org\/{rel}","templated":true}]}}