{"id":368,"date":"2014-12-15T13:18:10","date_gmt":"2014-12-15T13:18:10","guid":{"rendered":"https:\/\/www.youronlinechoices.com\/lt\/?page_id=368"},"modified":"2025-10-22T19:26:53","modified_gmt":"2025-10-22T19:26:53","slug":"privatumo-politika","status":"publish","type":"page","link":"https:\/\/www.youronlinechoices.com\/lt\/privatumo-politika","title":{"rendered":"Privatumo politika"},"content":{"rendered":"<p><strong>Apsaugant j\u016bs\u0173 privatum\u0105<\/strong><\/p>\n<p>&nbsp;<\/p>\n<p>\u0160i\u0105 interneto svetain\u0119 remia internetin\u0117s reklamos pramon\u0117, o valdo Europos interaktyviosios skaitmenin\u0117s reklamos aljansas (EDAA). Mes \u012fsipareigojame gerbti ir apsaugoti vis\u0173 asmen\u0173, su kuriais bendraujame, privatum\u0105: praeityje, dabar ir ateityje. Kaip dalis \u0161io \u012fsipareigojimo yra m\u016bs\u0173 siekis suteikti jums ai\u0161ki\u0105 informacij\u0105 ir kontroliuoti m\u016bs\u0173 turimus j\u016bs\u0173 asmens duomenis ir su asmeniu nesusijusius duomenis, kuriuos galime rinkti ir naudoti, kai j\u016bs lankot\u0117s \u0161ioje interneto svetain\u0117je.<\/p>\n<p>&nbsp;<\/p>\n<p><strong>Interneto svetain\u0117<\/strong><\/p>\n<p>&nbsp;<\/p>\n<p>\u0160ioje interneto svetain\u0117je administruojame pagrindin\u012f visos Europos savitikros principu veikian\u010dios programos d\u0117l vartotoj\u0173 elgsena grind\u017eiamos internetin\u0117s reklamos (tinkamesn\u0117s reklamos teikimo interneto vartotojams praktika atsi\u017evelgiant \u012f susijusius interesus) komponent\u0105. \u0160i savitikros principu veikianti programa suteikia padidinto skaidrumo lygio ir kontroliuojam\u0105 vartotoj\u0173 elgsena grind\u017eiam\u0105 internetin\u0119 reklam\u0105 interneto vartotojams, tokiems kaip j\u016bs.<\/p>\n<p><a href=\"https:\/\/www.youronlinechoices.com\/uk\/protecting-your-privacy\/oba-icon\" rel=\"attachment wp-att-757\"><img loading=\"lazy\" class=\"alignnone  wp-image-757\" title=\"OBA-icon\" src=\"https:\/\/www.youronlinechoices.com\/uk\/wp-content\/uploads\/2010\/11\/OBA-icon-300x300.jpg\" alt=\"\" width=\"38\" height=\"38\" \/><\/a>Skaidrumas patvirtinamas visuotinai atpa\u017e\u012fstama OBA piktograma, kuri pateikiama su tekstu visomis oficialiomis ES kalbomis (visas s\u0105ra\u0161as su tekstu kiekviena oficialia ES kalba pateikiamas <a href=\"https:\/\/edaa.eu\/wp-content\/uploads\/Att-3-technical_specifications_for_iab_eu_oba_fw_v1.pdf#page=15\">\u010dia<\/a>) ir kuri rodoma visada, kai bendrov\u0117s renka ir tvarko duomenis vartotoj\u0173 elgsena grind\u017eiamos internetin\u0117s reklamos tikslais. Paspaud\u0119 \u0161i\u0105 piktogram\u0105, vartotojai susipa\u017eins su ai\u0161kia ir suprantama informacija apie vartotoj\u0173 elgsena grind\u017eiam\u0105 internetin\u0119 reklam\u0105.<\/p>\n<p>&nbsp;<\/p>\n<p>\u0160i piktograma taip pat suteikia vartotojams galimyb\u0119 pasirinkti ir kontroliuoti vartotoj\u0173 elgsena grind\u017eiam\u0105 internetin\u0119 reklam\u0105 pateiktomis priemon\u0117mis ir i\u0161tekliais; tokios priemon\u0117s ir \u012frankiai yra \u0161ioje interneto svetain\u0117je. \u0160i svetain\u0117 apima Europos S\u0105jungos \/ Europos ekonomin\u0117s erdv\u0117s \u0161alis (ES\/EEE), taip pat \u0160veicarij\u0105 ir Turkij\u0105; ja paprasta naudotis (prieinama visiems vartotojams nurodytose \u0161alyse), t. y. vartotoj\u0173 elgsena grind\u017eiama internetin\u0117 reklama gali b\u016bti i\u0161jungta vartotoj\u0173 (i\u0161 dalyvaujan\u010di\u0173 bendrovi\u0173) pageidavimu. Viena i\u0161 reik\u0161mingiausi\u0173 \u0161ios interneto svetain\u0117s savybi\u0173 yra tai, kad ji buvo sukurta vadovaujantis visos pramon\u0117s \u0161akos \u012fsipareigojimu, pagr\u012fstu Europos reklamos standart\u0173 aljansu (EASA) ir jo tinklu, kur\u012f sudaro pripa\u017eintos ir pla\u010diai \u017einomos nacionalin\u0117s savaranki\u0161kai veikian\u010dios reklamos institucijos (kurios dirba siekdamos u\u017etikrinti efektyvias, nepriklausomas ir nemokamas skund\u0173 nagrin\u0117jimo sistemas) visoje Europoje.<\/p>\n<p>&nbsp;<\/p>\n<p><strong>J\u016bs\u0173 asmens duomenys<\/strong><\/p>\n<p>&nbsp;<\/p>\n<p>EDAA vykdomas j\u016bs\u0173 asmens duomen\u0173 tvarkymas (nurodytas \u0161iame prane\u0161ime) yra pagr\u012fstas j\u016bs\u0173 sutikimu ar i\u0161 sutarties kylan\u010diu b\u016btinumu. Mes galime rinkti ir tvarkyti j\u016bs\u0173 asmenin\u0119 informacija, t. y. vard\u0105, pavard\u0119, el. pa\u0161to adres\u0105 ir telefono numer\u012f, kai j\u016bs pateikiate mums gr\u012f\u017etam\u0105j\u0105 informacij\u0105 \u0161ioje interneto svetain\u0117je esan\u010diomis priemon\u0117mis. \u0160i informacija bus naudojama tik j\u016bs\u0173 gr\u012f\u017etamajam ry\u0161iui priimti. Tam tikrais atvejais mes negal\u0117sime tiesiogiai priimti j\u016bs\u0173 gr\u012f\u017etamojo ry\u0161io, tod\u0117l tur\u0117sime pasidalinti \u0161ia informacija su atitinkama savaranki\u0161kai veikian\u010dia reklamos institucija (skund\u0173 nagrin\u0117jimo tikslais). Tokiu atveju EDAA nesidalins jokia j\u016bs\u0173 asmenine informacija prie\u0161 tai nesupa\u017eindinusi jus su procesu ir negavusi j\u016bs\u0173 i\u0161ankstinio ai\u0161kaus ir informuoto sutikimo tai daryti. Jokia kita asmenin\u0117 informacija nebus perduota tre\u010diosioms \u0161alims. J\u016bs\u0173 asmens duomenys bus i\u0161trinti, kai tik klausimas bus i\u0161spr\u0119stas ir sprendimas tenkins tiek jus, tiek EDAA.<\/p>\n<p>&nbsp;<\/p>\n<p><strong>Duomen\u0173 saugojimas<\/strong><\/p>\n<p>&nbsp;<\/p>\n<p>EDAA saugos j\u016bs\u0173 asmens duomenis pagal teis\u0117s aktuose nurodytus reikalavimus, kol jie reikalingi \u0161iame prane\u0161ime nurodytiems tikslams arba kol to reikalauja teis\u0117s aktai, arba siekiant apginti galimus teisinius reikalavimus.<\/p>\n<p>&nbsp;<\/p>\n<p>Asmens duomenys, gauti i\u0161 EDAA tiesiogiai pateikt\u0173 pra\u0161ym\u0173 d\u0117l informacijos pateikimo ir (arba) u\u017eklaus\u0173, ir (arba) skund\u0173, bus saugomi 1 metus (arba kol to reikalauja teis\u0117s aktai, arba siekiant apginti galimus teisinius reikalavimus), nebent j\u016bs anks\u010diau at\u0161auksite j\u016bs\u0173 sutikim\u0105 d\u0117l asmens duomen\u0173 tvarkymo.<\/p>\n<p><strong>J\u016bs\u0173 teis\u0117s<\/strong><\/p>\n<p>&nbsp;<\/p>\n<p>Pagal privatumo teis\u0117s aktus mes u\u017etikriname jums teis\u0119 per\u017ei\u016br\u0117ti j\u016bs\u0173 asmens duomenis, jums pateikus pra\u0161ym\u0105. Jei mums nurodysite, kad asmens duomenys yra neteisingi ar netinkamai naudojami, mes juos pataisysime, atnaujinsime informacij\u0105, apribosime j\u0173 naudojim\u0105 ar juos i\u0161trinsime. Nor\u0117dami su\u017einoti, kaip galite susipa\u017einti su asmens duomenimis, kreipkit\u0117s \u012f kontaktinius centrus, nurodytus \u0161io privatumo prane\u0161imo pabaigoje. J\u016bs turite teis\u0119 bet kuriuo metu nesutikti d\u0117l j\u016bs\u0173 asmens duomen\u0173 naudojimo, pateikdami pra\u0161ym\u0105 kontaktiniams centrams, nurodytiems \u0161io privatumo prane\u0161imo pabaigoje. J\u016bs turite teis\u0119 gauti savo asmens duomenis tinkamu naudoti elektroniniu formatu ir perduoti juos tre\u010diosioms \u0161alims (teis\u0117 \u012f duomen\u0173 perkeliamum\u0105).<\/p>\n<p>&nbsp;<\/p>\n<p>EDAA \u012fsipareigoja dirbti kartu su jumis, kad priimt\u0173 teising\u0105 sprendim\u0105 d\u0117l bet kokio skundo ar klausimo d\u0117l privatumo, susijusio su \u0161ios interneto svetain\u0117s veikla. Jeigu manote, kad EDAA nepad\u0117jo i\u0161spr\u0119sti skundo ar klausimo tinkamai, j\u016bs turite teis\u0119 pateikti skund\u0105 prie\u017ei\u016bros institucijai \u0161alyje nar\u0117je, kurioje yra j\u016bs\u0173 gyvenamoji vieta, darbo vieta ar galimai padarytas priva\u010dios teis\u0117s pa\u017eeidimas (\u017er. www.dataprotectionauthority.be d\u0117l Belgijos, d\u0117l kit\u0173 \u0161ali\u0173 spauskite <a href=\"https:\/\/edpb.europa.eu\/about-edpb\/board\/members_lt\">\u010dia<\/a>).<\/p>\n<p>&nbsp;<\/p>\n<p><strong>Atskleidimas tre\u010diosioms \u0161alims \/ asmens duomen\u0173 perk\u0117limas \u012f kitas \u0161alis<\/strong><\/p>\n<p>Naudodamiesi \u0161ia interneto svetaine j\u016bs taip pat galite tiesiogiai si\u0173sti informacij\u0105 ir (arba) skundus savaranki\u0161kai veikian\u010diai reklamos institucijai savo \u0161alyje (\u017er. <a href=\"https:\/\/www.easa-alliance.org\/members\/europe\">\u010dia<\/a> d\u0117l atitinkamos savaranki\u0161kai veikian\u010dios institucijos pasirinkimo). Tokia informacija gali b\u016bti asmens duomenys, kurie tiesiogiai siun\u010diami \u0161iai organizacijai, siekiant i\u0161spr\u0119sti skund\u0105 ar pateikti informacij\u0105 pagal j\u016bs\u0173 u\u017eklaus\u0105.<\/p>\n<p>&nbsp;<\/p>\n<p>Rekomenduojame per\u017ei\u016br\u0117ti \u0161i\u0173 savaranki\u0161kai veikian\u010di\u0173 institucij\u0173 privatumo politikas, jei ketinate pasinaudoti nurodyta funkcija. Bet kuriuo atveju j\u016bs b\u016bsite informuoti, kuriam konkre\u010diam subjektui siun\u010diami j\u016bs\u0173 duomenys, pateikiant \u0161i\u0105 neprivalom\u0105 elektronin\u0119 form\u0105 (pvz., Vokietijoje <a href=\"https:\/\/www.youronlinechoices.com\/de\/beschwerde\/\">https:\/\/www.youronlinechoices.com\/de\/beschwerde\/<\/a>; JK <a href=\"https:\/\/www.youronlinechoices.com\/uk\/make-a-complaint\">https:\/\/www.youronlinechoices.com\/uk\/make-a-complaint<\/a>).<\/p>\n<p>&nbsp;<\/p>\n<p>EDAA neatskleid\u017eia ir nesidalina su kitais subjektais jokia j\u016bs\u0173 asmenine informacija, surinkta \u0161ioje interneto svetain\u0117je (i\u0161skyrus, tam tikrus i\u0161imtinius atvejus, bet tik su j\u016bs\u0173 i\u0161ankstiniu ai\u0161kiu sutikimu), nepa\u017eeisdama teis\u0117s aktais, pareig\u016bn\u0173 ar teism\u0173 nurodymais nustatyt\u0173 pareig\u0173.<\/p>\n<p>&nbsp;<\/p>\n<p><strong>Slapukai<\/strong><\/p>\n<p>Slapukai yra nedidel\u0117s apimties informacijos rinkmenos, esan\u010dios j\u016bs\u0173 \u017einiatinklio nar\u0161ykl\u0117je. Jie patalpinami j\u016bs\u0173 \u017einiatinklio nar\u0161ykl\u0117je, kai j\u016bs apsilankote interneto svetain\u0117se. Nor\u0117dami \u012fsitikinti, kad slapukai n\u0117ra naudojami, \u017ei\u016br\u0117kite informacij\u0105 toliau ar m\u016bs\u0173 pateiktas <span><a href=\"https:\/\/www.youronlinechoices.com\/uk\/five-top-tips\">penkias<\/a><\/span><u> svarbiausias rekomendacijas<\/u>, kad gal\u0117tum\u0117te su\u017einoti, kaip valdyti ar i\u0161jungti slapukus j\u016bs\u0173 \u017einiatinkio nar\u0161ykl\u0117s privatumo nustatymuose. Tur\u0117tum\u0117te \u017einoti, kad slapuk\u0173 i\u0161jungimas \u0161iuo tikslu rei\u0161kia, kad kontrol\u0117s priemon\u0117s nebeveiks efektyviai ir tai gali daryti neigiam\u0105 poveik\u012f visam j\u016bs\u0173 nar\u0161ymui.<\/p>\n<p>&nbsp;<\/p>\n<p>Dauguma \u201eyour ad choices\u201c puslapyje nurodyt\u0173 \u012fmoni\u0173 naudoja slapukus, kad patikrint\u0173 j\u016bs\u0173 dabartin\u0119 vartotoj\u0173 elgsena grind\u017eiamos internetin\u0117s reklamos b\u016bsen\u0105 \u00a0(t. y. arba \u201esutinkate\u201c, arba \u201ei\u0161jungta\u201c pagal j\u016bs\u0173 pasirinktus nustatymus), taip pat, kad gal\u0117t\u0173 atlikti j\u016bs\u0173 pasirinkt\u0105 veiksm\u0105. \u0160ie slapukai yra labai svarb\u016bs kontrol\u0117s puslapio funkcionavimui ir jo veikimo klaid\u0173 nustatymui.<\/p>\n<p>&nbsp;<\/p>\n<p>Mes taip pat naudojame slapukus, kad tinkamai veikt\u0173 m\u016bs\u0173 internetinis puslapis ir nor\u0117dami tobulinti \u0161iame puslapyje teikiamas paslaugas. Asmens duomenys n\u0117ra i\u0161saugomi \u0161io proceso metu, o surinkta informacija yra naudojama tik darant apibendrinimus. Jei norite i\u0161jungti \u0161i\u0105 funkcij\u0105, atlikite toliau nurodytus veiksmus.<\/p>\n<p>Toliau pateiktas m\u016bs\u0173 interneto svetain\u0117je naudojam\u0173 slapuk\u0173 apra\u0161ymas.<\/p>\n<p>&nbsp;<\/p>\n<p><strong>Kokie slapukai yra naudojami m\u016bs\u0173 interneto svetain\u0117je?<\/strong><\/p>\n<p><strong>\u00a0<\/strong><\/p>\n<table width=\"640\">\n<tbody>\n<tr>\n<td width=\"160\"><strong>Slapukas<\/strong><\/td>\n<td><strong>Slapuko tikslas<\/strong><\/td>\n<td><strong>Slapuko pob\u016bdis<\/strong><\/td>\n<td><strong>Slapuko tipas<\/strong><\/td>\n<\/tr>\n<tr>\n<td width=\"160\">Saityno analiz\u0117s<\/td>\n<td>EDAA, veikianti savaranki\u0161kai priimto <em>Matomo<\/em> pagrindu: renka informacij\u0105 apie kiekvieno vartotojo apsilankymo skai\u010di\u0173 ir pirmojo, prie\u0161 tai buvusio bei dabartinio apsilankym\u0173 laik\u0105.<\/td>\n<td>Pirmosios \u0161alies<\/td>\n<td>1 metai<\/td>\n<\/tr>\n<tr>\n<td width=\"160\">Slapukas bendrov\u0117s integracijos patikimumui steb\u0117ti<\/td>\n<td>Skirtas bendrov\u0117s integracijos interneto svetain\u0117je patikimumui steb\u0117ti.<\/td>\n<td>Pirmosios \u0161alies<\/td>\n<td>1 m\u0117nuo<\/td>\n<\/tr>\n<tr>\n<td width=\"160\">\u201eSlapuko prane\u0161imo\u201c slapukas<\/td>\n<td>Skirtas informacijai, ar lankytojas atmet\u0117 interneto svetaini\u0173 vir\u0161uje rodom\u0105 \u201eslapuko prane\u0161im\u0105\u201c, i\u0161saugoti.<\/td>\n<td>Pirmosios \u0161alies<\/td>\n<td>24 h<\/td>\n<\/tr>\n<\/tbody>\n<\/table>\n<p>&nbsp;<\/p>\n<p><strong>Apibr\u0117\u017eimai<\/strong><\/p>\n<p>&nbsp;<\/p>\n<ul>\n<li>\u201ePirmosios \u0161alies\u201c slapukas \u2013 slapukas, kur\u012f patalpino interneto svetain\u0117.<\/li>\n<li>\u201eTre\u010diosios \u0161alies\u201c slapukas \u2013 kito domeno patalpintas slapukas (t. y. neinterneto svetain\u0117s).<\/li>\n<li>\u201eNuolatinis\u201c slapukas \u2013\u00a0slapukas, kuris saugomas j\u016bs\u0173 \u012frenginyje nuolat.<\/li>\n<\/ul>\n<p>Mes nesiekiame rinkti j\u016bs\u0173 asmens duomen\u0173, bet jei renkame, stengiam\u0117s kuo grei\u010diau juos anonimizuoti.<\/p>\n<p><strong>\u00a0Kaip galiu valdyti interneto puslapyje esan\u010dius slapukus?<\/strong><\/p>\n<p>Naudodamiesi nar\u0161ykl\u0117s technologijomis, galite valdyti slapukus j\u016bs\u0173 \u017einiatinklio nar\u0161ykl\u0117s aplanke. Tai rei\u0161kia, kad j\u016bs galite i\u0161trinti slapukus i\u0161 aplanko, kai nebesilankote m\u016bs\u0173 interneto svetain\u0117je, arba j\u016bs galite nurodyti savo pasirinkim\u0105 d\u0117l slapuk\u0173 naudojimo prie\u0161 prad\u0117dami nar\u0161yti m\u016bs\u0173 interneto svetain\u0117je. Ta\u010diau tur\u0117tum\u0117te \u017einoti, kaip min\u0117ta prie\u0161 tai, kad slapuk\u0173 i\u0161trynimas ar atmetimas gali daryti neigiam\u0105 poveik\u012f j\u016bs\u0173 nar\u0161ymui m\u016bs\u0173 interneto puslapyje.<\/p>\n<p>&nbsp;<\/p>\n<p>Daugiau informacijos galite rasti \u010dia:<\/p>\n<ul>\n<li><span><a href=\"https:\/\/www.google.com\/intl\/en\/chrome\/privacy\/\">Google<\/a><\/span><\/li>\n<li><span><a href=\"https:\/\/support.mozilla.org\/en-US\/kb\/cookies-information-websites-store-on-your-computer?redirectlocale=en-US&amp;redirectslug=Cookies#w_cookie-settings\">Firefox<\/a><\/span><\/li>\n<li><span><a href=\"https:\/\/support.microsoft.com\/en-us\/help\/17442\/windows-internet-explorer-delete-manage-cookies\">Windows<\/a><\/span><\/li>\n<li><span><a href=\"https:\/\/www.apple.com\/safari\/#security\">Safari<\/a><\/span><\/li>\n<\/ul>\n<p>&nbsp;<\/p>\n<div id=\"matomo-opt-out\"><\/div>\n<p><script src=\"https:\/\/analytics.youronlinechoices.com\/index.php?module=CoreAdminHome&#038;action=optOutJS&#038;divId=matomo-opt-out&#038;language=auto&#038;showIntro=1\"><\/script><\/p>\n<p><strong>Susisiekite su mumis<\/strong><\/p>\n<p>&nbsp;<\/p>\n<p>Jeigu turite kit\u0173 klausim\u0173, kaip tvarkome j\u016bs\u0173 asmens duomenis, ar norite \u012fgyvendinti savo teises pagal \u0161i\u0105 politik\u0105, kreipkit\u0117s:<\/p>\n<p>&nbsp;<\/p>\n<p>&nbsp;<\/p>\n<p>EDAA | Rue des Deux Eglises 26 | 1000 | Brussels | Belgija<\/p>\n<p>privacy [at] edaa.eu<\/p>\n<p>&nbsp;<\/p>\n","protected":false},"excerpt":{"rendered":"<p>Apsaugant j\u016bs\u0173 privatum\u0105 &nbsp; \u0160i\u0105 interneto svetain\u0119 remia internetin\u0117s reklamos pramon\u0117, o valdo Europos interaktyviosios skaitmenin\u0117s reklamos aljansas (EDAA). Mes \u012fsipareigojame gerbti ir apsaugoti vis\u0173 asmen\u0173, su kuriais bendraujame, privatum\u0105: praeityje, dabar ir ateityje. Kaip dalis \u0161io \u012fsipareigojimo yra m\u016bs\u0173 siekis suteikti jums ai\u0161ki\u0105 informacij\u0105 ir kontroliuoti m\u016bs\u0173 turimus j\u016bs\u0173 asmens duomenis ir su asmeniu [&hellip;]<\/p>\n","protected":false},"author":3,"featured_media":0,"parent":0,"menu_order":0,"comment_status":"closed","ping_status":"open","template":"","meta":[],"_links":{"self":[{"href":"https:\/\/www.youronlinechoices.com\/lt\/wp-json\/wp\/v2\/pages\/368"}],"collection":[{"href":"https:\/\/www.youronlinechoices.com\/lt\/wp-json\/wp\/v2\/pages"}],"about":[{"href":"https:\/\/www.youronlinechoices.com\/lt\/wp-json\/wp\/v2\/types\/page"}],"author":[{"embeddable":true,"href":"https:\/\/www.youronlinechoices.com\/lt\/wp-json\/wp\/v2\/users\/3"}],"replies":[{"embeddable":true,"href":"https:\/\/www.youronlinechoices.com\/lt\/wp-json\/wp\/v2\/comments?post=368"}],"version-history":[{"count":17,"href":"https:\/\/www.youronlinechoices.com\/lt\/wp-json\/wp\/v2\/pages\/368\/revisions"}],"predecessor-version":[{"id":438,"href":"https:\/\/www.youronlinechoices.com\/lt\/wp-json\/wp\/v2\/pages\/368\/revisions\/438"}],"wp:attachment":[{"href":"https:\/\/www.youronlinechoices.com\/lt\/wp-json\/wp\/v2\/media?parent=368"}],"curies":[{"name":"wp","href":"https:\/\/api.w.org\/{rel}","templated":true}]}}