{"id":23,"date":"2010-11-30T12:26:08","date_gmt":"2010-11-30T12:26:08","guid":{"rendered":"https:\/\/www.youronlinechoices.com\/lt"},"modified":"2013-06-13T08:24:36","modified_gmt":"2013-06-13T08:24:36","slug":"zinynas","status":"publish","type":"page","link":"https:\/\/www.youronlinechoices.com\/lt\/zinynas","title":{"rendered":"\u017dinynas"},"content":{"rendered":"<p><strong>\u0160tai k\u0105 vert\u0117t\u0173 \u017einoti, jei ketinate atsisakyti vartotoj\u0173 elgsena gr\u012fstos reklamos internete\u2026<\/strong><br \/>\n<!-- br--><br \/>\n<!-- br--><\/p>\n<ul>\n<li>Jei nuspr\u0119site atsisakyti vartotoj\u0173 elgsena gr\u012fstos reklamos naudodami <a href=\"https:\/\/www.youronlinechoices.com\/lt\/jusu-pasirinkimai\">\u0161ioje svetain\u0117je pateikt\u0105 form\u0105<\/a>, atminkite, kad tai nerei\u0161kia, kad nar\u0161ydami internete nebegausite reklam\u0173. Tiesiog reklama, kuri\u0105 matysite svetain\u0117se, nebus pritaikyta j\u016bs\u0173 poreikiams.<\/li>\n<\/ul>\n<p><!-- br--><br \/>\n<!-- br--><\/p>\n<ul>\n<li>Jei atsisakysite vartotoj\u0173 elgsena gr\u012fstos reklamos i\u0161 tam tikro tiek\u0117jo, tai bus taikoma tik konkre\u010diam duomen\u0173 rinkiniui j\u016bs\u0173 naudojamoje nar\u0161ykl\u0117je. Jei nuspr\u0119site atsisakyti \u0161io pob\u016bd\u017eio reklamos i\u0161 vis\u0173 i\u0161vardyt\u0173 tiek\u0117j\u0173, tai bus taikoma tik j\u016bs\u0173 naudojamai interneto nar\u0161yklei. \u0160\u012f proces\u0105 tur\u0117site pakartoti su kiekviena naudojama nar\u0161ykle kompiuteryje ar net keliuose kompiuteriuose. Jei naudojamame kompiuteryje yra kelios vartotoj\u0173 paskyros, kiekvienai j\u0173 galima nustatyti norimus parametrus. Per\u017ei\u016br\u0117kite <a href=\"https:\/\/www.youronlinechoices.com\/lt\/penki-patarimai\">m\u016bs\u0173 patarimus<\/a>.<\/li>\n<\/ul>\n<p><!-- br--><br \/>\n<!-- br--><\/p>\n<ul>\n<li>Jei atsisak\u0117te vartotoj\u0173 elgsena gr\u012fstos reklamos, ta\u010diau v\u0117liau nusprend\u0117te, kad geriau gauti reklam\u0105, atitinkan\u010di\u0105 j\u016bs\u0173 pom\u0117gius, tai galite atlikti naudodami t\u0105 pa\u010di\u0105 <a href=\"https:\/\/www.youronlinechoices.com\/lt\/jusu-pasirinkimai\">form\u0105 m\u016bs\u0173 puslapyje<\/a>. Arba galite panaikinti interneto nar\u0161ykl\u0117s slapukus. Per\u017evelkite <a href=\"https:\/\/www.youronlinechoices.com\/lt\/penki-patarimai\">m\u016bs\u0173 patarimus<\/a>.<\/li>\n<\/ul>\n<p><!-- br--><\/p>\n<ul>\n<li>Jei susiduriate su problemomis atsisakydami \u0161io pob\u016bd\u017eio reklamos m\u016bs\u0173 puslapyje, per\u017ei\u016br\u0117kite \u017eemiau pateikt\u0105 informacij\u0105.<\/li>\n<\/ul>\n<p><!-- br--><br \/>\n<strong>Ar susiduriate su problemomis naudodami \u0161ioje svetain\u0117je pateikt\u0105 \u012frank\u012f vartotoj\u0173 elgsena gr\u012fstai reklamai atsisakyti? <\/strong><br \/>\n<!-- br--><\/p>\n<ul>\n<li>Yra keletas veiksni\u0173, kurie gali \u012ftakoti \u0161io \u012frankio veikim\u0105. Tai gali b\u016bti interneto ry\u0161io problemos, \u012fmon\u0117s tinklo saugumo arba nar\u0161ykl\u0117s parametrai.<\/li>\n<\/ul>\n<p><!-- br--><\/p>\n<ul>\n<li>Jei problem\u0173 kyla naudojant saitus, pateiktus \u0161ioje svetain\u0117je, si\u016blome pabandyti dar kart\u0105.<\/li>\n<\/ul>\n<p><!-- br--><br \/>\n<strong>Jei problema kartojasi, per\u017ei\u016br\u0117kite \u017eemiau pateikt\u0105 informacij\u0105.<\/strong><br \/>\n<!-- br--><br \/>\n<!-- br--><\/p>\n<ul>\n<li>\u012evairi\u0173 \u0161io pob\u016bd\u017eio \u012franki\u0173 veikimas yra pagr\u012fstas slapukais. Kad \u0161ios reklamos atsisakymas veikt\u0173 tinkamai, nar\u0161ykl\u0117 turi priimti tre\u010di\u0173j\u0173 \u0161ali\u0173 slapukus. Per\u017ei\u016br\u0117kite m\u016bs\u0173 <a href=\"https:\/\/www.youronlinechoices.com\/lt\/penki-patarimai\">patarimus<\/a> ir su\u017einokite, kokie turi b\u016bti nar\u0161ykl\u0117s privatumo nustatymai.<\/li>\n<\/ul>\n<p><!-- br--><br \/>\n<!-- br--><\/p>\n<ul>\n<li>Jei reikia daugiau informacijos ir pagalbos, galite apsilankyti naudojamos nar\u0161ykl\u0117s \u017einyne:<\/li>\n<\/ul>\n<p><a href=\"http:\/\/support.microsoft.com\/kb\/283185\">Internet Explorer<\/a><\/p>\n<p><a href=\"http:\/\/support.mozilla.com\/en-US\/kb\/Options+window+-+Privacy+panel\">Firefox<\/a><\/p>\n<p><a href=\"http:\/\/docs.info.apple.com\/article.html?path=Safari\/3.0\/en\/9277.html\">Safari<\/a><\/p>\n<p><a href=\"http:\/\/www.google.com\/support\/chrome\/bin\/answer.py?hl=en&amp;answer=95647\">Chrome<\/a><\/p>\n<ul>\n<li>Jei vis dar kyla problem\u0173 su m\u016bs\u0173 \u012frankiu, kreipkit\u0117s: <a href=\"mailto:feedback_lt@youronlinechoices.com\">feedback_lt@youronlinechoices.com<\/a><\/li>\n<\/ul>\n<p><!-- br--><br \/>\n<!-- br--><br \/>\n<span style=\"font-size: 15px; font-weight: bold;\">Savo nuomon\u0119 si\u0173skite: <a href=\"mailto:feedback_lt@youronlinechoices.com\">feedback_lt@youronlinechoices.com<\/a><\/span><\/p>\n","protected":false},"excerpt":{"rendered":"<p>\u0160tai k\u0105 vert\u0117t\u0173 \u017einoti, jei ketinate atsisakyti vartotoj\u0173 elgsena gr\u012fstos reklamos internete\u2026 Jei nuspr\u0119site atsisakyti vartotoj\u0173 elgsena gr\u012fstos reklamos naudodami \u0161ioje svetain\u0117je pateikt\u0105 form\u0105, atminkite, kad tai nerei\u0161kia, kad nar\u0161ydami internete nebegausite reklam\u0173. Tiesiog reklama, kuri\u0105 matysite svetain\u0117se, nebus pritaikyta j\u016bs\u0173 poreikiams. Jei atsisakysite vartotoj\u0173 elgsena gr\u012fstos reklamos i\u0161 tam tikro tiek\u0117jo, tai bus taikoma [&hellip;]<\/p>\n","protected":false},"author":3,"featured_media":0,"parent":0,"menu_order":11,"comment_status":"closed","ping_status":"closed","template":"","meta":[],"_links":{"self":[{"href":"https:\/\/www.youronlinechoices.com\/lt\/wp-json\/wp\/v2\/pages\/23"}],"collection":[{"href":"https:\/\/www.youronlinechoices.com\/lt\/wp-json\/wp\/v2\/pages"}],"about":[{"href":"https:\/\/www.youronlinechoices.com\/lt\/wp-json\/wp\/v2\/types\/page"}],"author":[{"embeddable":true,"href":"https:\/\/www.youronlinechoices.com\/lt\/wp-json\/wp\/v2\/users\/3"}],"replies":[{"embeddable":true,"href":"https:\/\/www.youronlinechoices.com\/lt\/wp-json\/wp\/v2\/comments?post=23"}],"version-history":[{"count":29,"href":"https:\/\/www.youronlinechoices.com\/lt\/wp-json\/wp\/v2\/pages\/23\/revisions"}],"predecessor-version":[{"id":352,"href":"https:\/\/www.youronlinechoices.com\/lt\/wp-json\/wp\/v2\/pages\/23\/revisions\/352"}],"wp:attachment":[{"href":"https:\/\/www.youronlinechoices.com\/lt\/wp-json\/wp\/v2\/media?parent=23"}],"curies":[{"name":"wp","href":"https:\/\/api.w.org\/{rel}","templated":true}]}}