{"id":2,"date":"2010-06-18T20:51:35","date_gmt":"2010-06-18T20:51:35","guid":{"rendered":"https:\/\/www.youronlinechoices.com\/lt\/?page_id=2"},"modified":"2014-11-12T13:38:21","modified_gmt":"2014-11-12T13:38:21","slug":"about","status":"publish","type":"page","link":"https:\/\/www.youronlinechoices.com\/lt\/","title":{"rendered":"Pagrindinis puslapis"},"content":{"rendered":"\n<div class=\"homeBlocks mb20\">\n<div class=\"tacenter mt10\">\n<div class=\"iblock cell fleft redbg\">\n\t\t\t\t\t\t\t\t\t<a href=\"https:\/\/www.youronlinechoices.com\/lt\/apie-vartotoju-elgsena-grista-reklama-internete\" title=\"Apie vartotoj\u0173 elgsena gr\u012fst\u0105 reklam\u0105 internete\"><br \/>\n\t\t\t\t\t\t\t\t\t\t<span class=\"icon about\"><\/span><br \/>\n\t\t\t\t\t\t\t\t\t<\/a><br \/>\n\t\t\t\t\t\t\t\t\t<label><a href=\"https:\/\/www.youronlinechoices.com\/lt\/apie-vartotoju-elgsena-grista-reklama-internete\">Apie vartotoj\u0173 elgsena gr\u012fst\u0105 reklam\u0105 internete<\/a><\/label>\n\t\t\t\t\t\t\t\t<\/div>\n<div class=\"iblock cell redbg\">\n\t\t\t\t\t\t\t\t\t<a href=\"https:\/\/www.youronlinechoices.com\/lt\/jusu-pasirinkimai\" title=\"J\u016bs\u0173 pasirinkimai\"><br \/>\n\t\t\t\t\t\t\t\t\t\t<span class=\"icon adchoices\"><\/span><br \/>\n\t\t\t\t\t\t\t\t\t<\/a><br \/>\n\t\t\t\t\t\t\t\t\t<label><a href=\"https:\/\/www.youronlinechoices.com\/lt\/jusu-pasirinkimai\">J\u016bs\u0173 pasirinkimai<\/a><\/label>\n\t\t\t\t\t\t\t\t<\/div>\n<div class=\"iblock cell fright redbg\">\n\t\t\t\t\t\t\t\t\t<a href=\"https:\/\/www.youronlinechoices.com\/lt\/penki-patarimai\" title=\"Penki patarimai\"><br \/>\n\t\t\t\t\t\t\t\t\t\t<span class=\"icon toptips\"><\/span><br \/>\n\t\t\t\t\t\t\t\t\t<\/a><br \/>\n\t\t\t\t\t\t\t\t\t<label><a href=\"https:\/\/www.youronlinechoices.com\/lt\/penki-patarimai\">Penki patarimai<\/a><\/label>\n\t\t\t\t\t\t\t\t<\/div>\n<\/p><\/div>\n<div class=\"tacenter mt10\">\n<div class=\"iblock cell fleft\">\n\t\t\t\t\t\t\t\t\t<a href=\"https:\/\/www.youronlinechoices.com\/lt\/dazniausiai-uzduodami-klausimai\" title=\"Da\u017eniausiai u\u017eduodami klausimai\"><br \/>\n\t\t\t\t\t\t\t\t\t\t<span class=\"icon faq\"><\/span><br \/>\n\t\t\t\t\t\t\t\t\t<\/a><br \/>\n\t\t\t\t\t\t\t\t\t<label><a href=\"https:\/\/www.youronlinechoices.com\/lt\/dazniausiai-uzduodami-klausimai\">Da\u017eniausiai u\u017eduodami klausimai<\/a><\/label>\n\t\t\t\t\t\t\t\t<\/div>\n<div class=\"iblock cell\">\n\t\t\t\t\t\t\t\t\t<a href=\"https:\/\/www.youronlinechoices.com\/lt\/zodynelis\" title=\"\u017dodyn\u0117lis\"><br \/>\n\t\t\t\t\t\t\t\t\t\t<span class=\"icon jargon\"><\/span><br \/>\n\t\t\t\t\t\t\t\t\t<\/a><br \/>\n\t\t\t\t\t\t\t\t\t<label><a href=\"https:\/\/www.youronlinechoices.com\/lt\/zodynelis\">\u017dodyn\u0117lis<\/a><\/label>\n\t\t\t\t\t\t\t\t<\/div>\n<div class=\"iblock cell fright\">\n\t\t\t\t\t\t\t\t\t<a href=\"https:\/\/www.youronlinechoices.com\/lt\/zinynas\" title=\"\u017dinynas\"><br \/>\n\t\t\t\t\t\t\t\t\t\t<span class=\"icon help\"><\/span><br \/>\n\t\t\t\t\t\t\t\t\t<\/a><br \/>\n\t\t\t\t\t\t\t\t\t<label><a href=\"https:\/\/www.youronlinechoices.com\/lt\/zinynas\">\u017dinynas<\/a><\/label>\n\t\t\t\t\t\t\t\t<\/div>\n<\/p><\/div>\n<div class=\"tacenter mt10\">\n<div class=\"iblock cell fleft\">\n<a href=\"https:\/\/www.youronlinechoices.com\/lt\/naudingu-vaizdo\" title=\"Nauding\u0173 vaizdo\"><span class=\"icon videos\"><\/span><\/a><br \/>\n<label><a href=\"https:\/\/www.youronlinechoices.com\/lt\/naudingu-vaizdo\">Nauding\u0173 vaizdo<\/a><\/label><\/div>\n<div class=\"iblock cell\" style=\"background: none;\"><\/div>\n<div class=\"iblock cell fright\" style=\"background: none;\"><\/div>\n<\/div><\/div>\n","protected":false},"excerpt":{"rendered":"<p>Apie vartotoj\u0173 elgsena gr\u012fst\u0105 reklam\u0105 internete J\u016bs\u0173 pasirinkimai Penki patarimai Da\u017eniausiai u\u017eduodami klausimai \u017dodyn\u0117lis \u017dinynas Nauding\u0173 vaizdo<\/p>\n","protected":false},"author":3,"featured_media":0,"parent":0,"menu_order":1,"comment_status":"closed","ping_status":"open","template":"","meta":[],"_links":{"self":[{"href":"https:\/\/www.youronlinechoices.com\/lt\/wp-json\/wp\/v2\/pages\/2"}],"collection":[{"href":"https:\/\/www.youronlinechoices.com\/lt\/wp-json\/wp\/v2\/pages"}],"about":[{"href":"https:\/\/www.youronlinechoices.com\/lt\/wp-json\/wp\/v2\/types\/page"}],"author":[{"embeddable":true,"href":"https:\/\/www.youronlinechoices.com\/lt\/wp-json\/wp\/v2\/users\/3"}],"replies":[{"embeddable":true,"href":"https:\/\/www.youronlinechoices.com\/lt\/wp-json\/wp\/v2\/comments?post=2"}],"version-history":[{"count":43,"href":"https:\/\/www.youronlinechoices.com\/lt\/wp-json\/wp\/v2\/pages\/2\/revisions"}],"predecessor-version":[{"id":366,"href":"https:\/\/www.youronlinechoices.com\/lt\/wp-json\/wp\/v2\/pages\/2\/revisions\/366"}],"wp:attachment":[{"href":"https:\/\/www.youronlinechoices.com\/lt\/wp-json\/wp\/v2\/media?parent=2"}],"curies":[{"name":"wp","href":"https:\/\/api.w.org\/{rel}","templated":true}]}}