{"id":184,"date":"2011-03-07T14:48:17","date_gmt":"2011-03-07T14:48:17","guid":{"rendered":"https:\/\/www.youronlinechoices.com\/lt\/?page_id=184"},"modified":"2015-05-14T12:10:08","modified_gmt":"2015-05-14T12:10:08","slug":"jusu-pasirinkimai","status":"publish","type":"page","link":"https:\/\/www.youronlinechoices.com\/lt\/jusu-pasirinkimai","title":{"rendered":"J\u016bs\u0173 pasirinkimai"},"content":{"rendered":"<div class=\"mb10\">\n\u017demiau pateiktos \u012fmon\u0117s kartu su svetain\u0117mis renka ir naudoja informacij\u0105 tiekdamos vartotoj\u0173 elgsena gr\u012fst\u0105 reklam\u0105 internete.<br \/>\n<!-- br --><br \/>\nNor\u0117dami nustatyti vartotoj\u0173 elgsena gr\u012fstos reklamos parametrus, naudokite \u017eemiau esan\u010dius mygtukus. Galite pasirinkti ar atmesti visas \u012fmones arba nustatyti atskirus parametrus kiekvienai norimai \u012fmonei Spustel\u0117j\u0119 <img src=\"https:\/\/www.youronlinechoices.com\/wp-content\/plugins\/optout\/css\/images\/info.gif\" alt=\"info_icon\" \/> piktogram\u0105 galite daugiau su\u017einoti apie \u012fmon\u0119 bei \u0161io pob\u016bd\u017eio reklamos status\u0105 j\u016bs\u0173 nar\u0161ykl\u0117je. Jei pasirenkant arba atmetant \u012fmones kyla neai\u0161kum\u0173, apsilankykite<a href=\"https:\/\/www.youronlinechoices.com\/lt\/zinynas\"> \u017dinyno puslapyje.<\/a><\/p>\n<\/div>\n<div class=\"liteyellowbg p10\">\n<div class=\"bbsolid bcdarkyellow pb10 mb10\">\n<div class=\"fleft pt10 pl5 pr10\"><img class=\"block attention\" src=\"https:\/\/www.youronlinechoices.com\/images\/pixel.png\" alt=\"\" \/><\/div>\n<div class=\"fleft w90\">Please note: this does not turn off all internet advertising only advertisements that are customised to your likely interests based upon previous web browsing activity. <a class=\"block mt5\" href=\"zinynas\">Read more about the process<\/a><\/div>\n<\/div>\n<div class=\"pl40 pt10 pb10\">\n<p><strong class=\"block mb5\">Status symbols scheme:<\/strong><\/p>\n<div>\n<div class=\"block mb10\"><img class=\"iblock mr5 legend nocookie vamiddle\" src=\"https:\/\/www.youronlinechoices.com\/images\/pixel.png\" alt=\"\" \/><span class=\"iblock w530 vamiddle\">This company has not set-up a cookie, but may deliver in the future advertisements that are customised to your interests.<\/span><\/div>\n<div class=\"block mb10\"><img class=\"iblock vamiddle mr5 legend on\" src=\"https:\/\/www.youronlinechoices.com\/images\/pixel.png\" alt=\"\" \/><span class=\"iblock w530 vamiddle\">This company is delivering advertisements customised to your interests.<\/span><\/div>\n<div class=\"block mb10\"><img class=\"iblock vamiddle mr5 legend off\" src=\"https:\/\/www.youronlinechoices.com\/images\/pixel.png\" alt=\"\" \/><span class=\"iblock w530 vamiddle\">This company is not delivering advertisements customised to your interests.<\/span><\/div>\n<div class=\"block\"><img class=\"iblock vamiddle mr5 legend noconnection\" src=\"https:\/\/www.youronlinechoices.com\/images\/pixel.png\" alt=\"\" \/><span class=\"iblock w530 vamiddle\">This company is experiencing technical issues, and we cannot retrieve your status.<\/span><\/div>\n<\/div>\n<\/div>\n<\/div>\n<div>\n<p><iframe loading=\"lazy\" width=\"100%\" height=\"3700\" id=\"myiframeid\" name=\"myiframeid\" src=\"https:\/\/www.youronlinechoices.com\/opt_out_interface_v2?lang=lt\" scrolling=\"no\" frameborder=\"0\" onload=\"\"><\/iframe><\/p>\n<div id=\"loadingLoad\">\n<div class=\"reloadButtons\"> aaa <\/div>\n<p><span id=\"loadingLoadText\">82<\/span>\n<\/div>\n<\/div>\n","protected":false},"excerpt":{"rendered":"<p>\u017demiau pateiktos \u012fmon\u0117s kartu su svetain\u0117mis renka ir naudoja informacij\u0105 tiekdamos vartotoj\u0173 elgsena gr\u012fst\u0105 reklam\u0105 internete. Nor\u0117dami nustatyti vartotoj\u0173 elgsena gr\u012fstos reklamos parametrus, naudokite \u017eemiau esan\u010dius mygtukus. Galite pasirinkti ar atmesti visas \u012fmones arba nustatyti atskirus parametrus kiekvienai norimai \u012fmonei Spustel\u0117j\u0119 piktogram\u0105 galite daugiau su\u017einoti apie \u012fmon\u0119 bei \u0161io pob\u016bd\u017eio reklamos status\u0105 j\u016bs\u0173 nar\u0161ykl\u0117je. Jei [&hellip;]<\/p>\n","protected":false},"author":3,"featured_media":0,"parent":0,"menu_order":3,"comment_status":"closed","ping_status":"open","template":"","meta":[],"_links":{"self":[{"href":"https:\/\/www.youronlinechoices.com\/lt\/wp-json\/wp\/v2\/pages\/184"}],"collection":[{"href":"https:\/\/www.youronlinechoices.com\/lt\/wp-json\/wp\/v2\/pages"}],"about":[{"href":"https:\/\/www.youronlinechoices.com\/lt\/wp-json\/wp\/v2\/types\/page"}],"author":[{"embeddable":true,"href":"https:\/\/www.youronlinechoices.com\/lt\/wp-json\/wp\/v2\/users\/3"}],"replies":[{"embeddable":true,"href":"https:\/\/www.youronlinechoices.com\/lt\/wp-json\/wp\/v2\/comments?post=184"}],"version-history":[{"count":20,"href":"https:\/\/www.youronlinechoices.com\/lt\/wp-json\/wp\/v2\/pages\/184\/revisions"}],"predecessor-version":[{"id":379,"href":"https:\/\/www.youronlinechoices.com\/lt\/wp-json\/wp\/v2\/pages\/184\/revisions\/379"}],"wp:attachment":[{"href":"https:\/\/www.youronlinechoices.com\/lt\/wp-json\/wp\/v2\/media?parent=184"}],"curies":[{"name":"wp","href":"https:\/\/api.w.org\/{rel}","templated":true}]}}