{"id":12,"date":"2010-11-30T11:58:27","date_gmt":"2010-11-30T11:58:27","guid":{"rendered":"https:\/\/www.youronlinechoices.com\/lt"},"modified":"2015-09-10T11:02:14","modified_gmt":"2015-09-10T11:02:14","slug":"penki-patarimai","status":"publish","type":"page","link":"https:\/\/www.youronlinechoices.com\/lt\/penki-patarimai","title":{"rendered":"Penki patarimai"},"content":{"rendered":"<p>Penki patarimai, pad\u0117siantys saugoti privatum\u0105 internete.<\/p>\n<table border=\"0\">\n<tbody>\n<tr>\n<td><img loading=\"lazy\" class=\"alignnone size-full wp-image-473\" title=\"Number-1-blue_4076\" src=\"https:\/\/youronlinechoices.com\/wp-content\/uploads\/2009\/08\/Number-1-blue_4076.jpg\" alt=\"Number-1-blue_4076\" width=\"80\" height=\"80\" \/><\/td>\n<td><span style=\"color: #000000; font-size: medium;\"><strong> <strong>Nepanikuokite<\/strong> <\/strong><\/span><br \/>\nVartotoj\u0173 elgsena gr\u012fsta reklama internete yra saugi ir skaidri. Reklamos u\u017esakovai ne\u017eino, kas esate, nes surinkta informacija neleid\u017eia j\u016bs\u0173 identifikuoti asmeni\u0161kai. Ji pagr\u012fsta nar\u0161ymo istorija, kurios d\u0117ka pateikiama j\u016bs\u0173 poreikius atitinkanti reklama. Daugiau informacijos apie\u00a0<a href=\"https:\/\/www.youronlinechoices.com\/lt\/apie-vartotoju-elgsena-grista-reklama-internete\">vartotoj\u0173 elgsena pagr\u012fst\u0105 reklam\u0105 rasite \u010dia<\/a><span style=\"text-decoration: underline;\">.\u00a0<\/span><\/td>\n<td><\/td>\n<\/tr>\n<tr>\n<td><img loading=\"lazy\" class=\"alignnone size-full wp-image-474\" title=\"number-3-pink_4077\" src=\"https:\/\/youronlinechoices.com\/wp-content\/uploads\/2009\/08\/number-3-pink_4077.jpg\" alt=\"number-3-pink_4077\" width=\"80\" height=\"80\" \/><\/td>\n<td><span style=\"color: #000000; font-size: medium;\"><strong> <strong>Informacijos apie vartotoj\u0173 elgsena gr\u012fst\u0105 reklama ie\u0161kokite lankomose svetain\u0117se<\/strong><\/strong><\/span><br \/>\nKiekvienoje svetain\u0117je, teikian\u010dioje \u0161io pob\u016bd\u017eio reklam\u0105, turi b\u016bti naudingos informacijos apie renkamus ir naudojamus duomenis: ar jie renkami tos svetain\u0117s savininko ar tre\u010diosios \u0161alies tiek\u0117jo, pvz., reklamos tinklo.<\/td>\n<\/tr>\n<tr>\n<td><img loading=\"lazy\" class=\"alignnone size-full wp-image-471\" title=\"three_4191\" src=\"https:\/\/youronlinechoices.com\/wp-content\/uploads\/2009\/08\/three_4191.jpg\" alt=\"three_4191\" width=\"80\" height=\"80\" \/><\/td>\n<td><span style=\"color: #000000; font-size: medium;\"><strong> <strong> <strong>Vartotoj\u0173 elgsena gr\u012fstos reklamos galite atsisakyti<\/strong> <\/strong><\/strong><\/span><br \/>\n\u012emon\u0117s, si\u016blan\u010dios \u0161io pob\u016bd\u017eio reklam\u0105, suteiks informacijos, kaip jos atsisakyti. <a href=\"https:\/\/www.youronlinechoices.com\/lt\/jusu-pasirinkimai\">Atsisakyti vartotoj\u0173 elgsena gr\u012fstos reklamos<\/a><span style=\"text-decoration: underline;\">.\u00a0<\/span><\/td>\n<\/tr>\n<tr>\n<td><img loading=\"lazy\" class=\"alignnone size-full wp-image-472\" title=\"number4pink_4079\" src=\"https:\/\/youronlinechoices.com\/wp-content\/uploads\/2009\/08\/number4pink_4079.jpg\" alt=\"number4pink_4079\" width=\"80\" height=\"80\" \/><\/td>\n<td><span style=\"color: #000000; font-size: medium;\"><strong> <strong>Susipa\u017einkite su kompiuterio privatumo parametrais<\/strong><\/strong><\/span><br \/>\nJuos galite rasti nar\u0161ykl\u0117s meniu skiltyje \u201eParinktys\u201c. Nustatydami su slapukais susijusias parinktis, atminkite, kad d\u0117l slapuk\u0173 svetain\u0117s tampa patogesn\u0117s (pvz., atsimenamos svetain\u0117s parinktys ar kalbos nustatymai).<\/td>\n<\/tr>\n<\/tbody>\n<\/table>\n<p>Pavyzdys: <em>Internet Explorer<\/em> privatumo parametr\u0173 valdymas.<\/p>\n<p>&nbsp;<\/p>\n<p style=\"text-align: center;\"><img class=\"size-full wp-image-1137 aligncenter\" title=\"privacy at medium\" src=\"https:\/\/www.youronlinechoices.com\/uk\/wp-content\/uploads\/2015\/09\/IE11_privacy.jpg\" alt=\"privacy at medium\"style=\"width:50%;height:auto\"\/><\/p>\n<p style=\"text-align: center;\"><img class=\"size-full wp-image-128 aligncenter\" title=\"Advanced privacy settings\" src=\"https:\/\/www.youronlinechoices.com\/uk\/wp-content\/uploads\/2015\/09\/IE11_cookies.jpg\" alt=\"Advanced privacy settings\" style=\"width:50%;height:auto\"\/><\/p>\n<p>Pavyzdys: <em>Microsoft EDGE<\/em> privatumo parametr\u0173 valdymas. <\/p>\n<p>&nbsp;<\/p>\n<p style=\"text-align: center;\"><img class=\"size-full wp-image-1137 aligncenter\" title=\"privacy at medium\" src=\"https:\/\/www.youronlinechoices.com\/uk\/wp-content\/uploads\/2015\/09\/EDGE_privacy.jpg\" alt=\"privacy at medium\" style=\"width:50%;height:auto\" \/><\/p>\n<p style=\"text-align: center;\"><img class=\"size-full wp-image-128 aligncenter\" title=\"Advanced privacy settings\" src=\"https:\/\/www.youronlinechoices.com\/uk\/wp-content\/uploads\/2015\/09\/EDGE_cookies.jpg\" alt=\"Advanced privacy settings\" style=\"width:50%;height:auto\" \/><\/p>\n<p>Pavyzdys: <em>Google Chrome<\/em> privatumo parametr\u0173 valdymas.<\/p>\n<p>&nbsp;<\/p>\n<p style=\"text-align: center;\"><img class=\"size-full wp-image-1137 aligncenter\" title=\"privacy at medium\" src=\"https:\/\/www.youronlinechoices.com\/uk\/wp-content\/uploads\/2015\/09\/CHROME_privacy.png\" alt=\"privacy at medium\" style=\"width:90%;height:auto\" \/><\/p>\n<p style=\"text-align: center;\"><img class=\"size-full wp-image-128 aligncenter\" title=\"Advanced privacy settings\" src=\"https:\/\/www.youronlinechoices.com\/uk\/wp-content\/uploads\/2015\/09\/CHROME_cookies.png\" alt=\"Advanced privacy settings\" style=\"width:90%;height:auto\" \/><\/p>\n<p>Pavyzdys: <em>Google Chrome for Mobile<\/em> privatumo parametr\u0173 valdymas. <\/p>\n<p>&nbsp;<\/p>\n<p style=\"text-align: center;\"><img class=\"size-full wp-image-1137 aligncenter\" title=\"privacy at medium\" src=\"https:\/\/www.youronlinechoices.com\/uk\/wp-content\/uploads\/2015\/09\/Chrome_mobile_settings.jpg\" alt=\"privacy at medium\" style=\"width:50%;height:auto\" \/><\/p>\n<p style=\"text-align: center;\"><img class=\"size-full wp-image-128 aligncenter\" title=\"Advanced privacy settings\" src=\"https:\/\/www.youronlinechoices.com\/uk\/wp-content\/uploads\/2015\/09\/Chrome_mobile_cookies.jpg\" alt=\"Advanced privacy settings\" style=\"width:50%;height:auto\" \/><\/p>\n<p>Pavyzdys: <em>Safari<\/em> privatumo parametr\u0173 valdymas.  <\/p>\n<p>&nbsp;<\/p>\n<p style=\"text-align: center;\"><img class=\"size-full wp-image-1137 aligncenter\" title=\"privacy at medium\" src=\"https:\/\/www.youronlinechoices.com\/uk\/wp-content\/uploads\/2015\/09\/SAFARI_privacy.png\" alt=\"privacy at medium\" style=\"width:70%;height:auto\" \/><\/p>\n<p><\/p>\n<p style=\"text-align: center;\"><img class=\"size-full wp-image-128 aligncenter\" title=\"Advanced privacy settings\" src=\"https:\/\/www.youronlinechoices.com\/uk\/wp-content\/uploads\/2015\/09\/SAFARI_cookies.png\" alt=\"Advanced privacy settings\" style=\"width:70%;height:auto\" \/><\/p>\n<p>Pavyzdys: <em>Safari for Mobile<\/em> privatumo parametr\u0173 valdymas.  <\/p>\n<p>&nbsp;<\/p>\n<p style=\"text-align: center;\"><img class=\"size-full wp-image-1137 aligncenter\" title=\"privacy at medium\" src=\"https:\/\/www.youronlinechoices.com\/uk\/wp-content\/uploads\/2015\/09\/Safari_Mobile_Settings.jpg\" alt=\"privacy at medium\" style=\"width:50%;height:auto\" \/><\/p>\n<p style=\"text-align: center;\"><img class=\"size-full wp-image-128 aligncenter\" title=\"Advanced privacy settings\" src=\"https:\/\/www.youronlinechoices.com\/uk\/wp-content\/uploads\/2015\/09\/Safari_Mobile_privacy.jpg\" alt=\"Advanced privacy settings\" style=\"width:50%;height:auto\" \/><\/p>\n<p style=\"text-align: center;\"><img class=\"size-full wp-image-128 aligncenter\" title=\"Advanced privacy settings\" src=\"https:\/\/www.youronlinechoices.com\/uk\/wp-content\/uploads\/2015\/09\/Safari_Mobile_cookies.jpg\" alt=\"Advanced privacy settings\" style=\"width:50%;height:auto\" \/><\/p>\n<table border=\"0\">\n<tbody>\n<tr>\n<td><img loading=\"lazy\" class=\"alignnone size-full wp-image-497\" title=\"Number-5-blue_4080\" src=\"https:\/\/youronlinechoices.com\/wp-content\/uploads\/2009\/08\/Number-5-blue_4080.jpg\" alt=\"Number-5-blue_4080\" width=\"80\" height=\"80\" \/><\/td>\n<td><\/td>\n<td><span style=\"color: #000000; font-size: medium;\"><strong><br \/>\n<strong>I\u0161bandykite \u0161iuos parametrus ir pritaikykite juos savo nam\u0173 poreikiams<\/strong>\u00a0<\/strong><\/span><br \/>\nInternetas naudojamas \u012fvairiais tikslais. Namuose, kur kompiuteriu naudojasi daugiau nei vienas asmuo, kiekvienam si\u016blome tur\u0117ti savo vartotojo paskyr\u0105. Tokiu b\u016bdu privatumo parametrai (pvz., slapuk\u0173 parametrai ir reklamos atsisakymo nustatymai) gali b\u016bti pritaikyti kiekvienam vartotojui.<\/td>\n<\/tr>\n<\/tbody>\n<\/table>\n<p>&nbsp;<br \/>\nWindows 10:<\/p>\n<p style=\"text-align: center;\"><img class=\"size-full wp-image-129 aligncenter\" title=\"user accounts\" src=\"https:\/\/www.youronlinechoices.com\/uk\/wp-content\/uploads\/2015\/09\/Windows10_accounts.png\" alt=\"user accounts\" style=\"width:70%;height:auto\" \/><\/p>\n<p>Mac OS:<\/p>\n<p style=\"text-align: center;\"><img class=\"size-full wp-image-129 aligncenter\" title=\"user accounts\" src=\"https:\/\/www.youronlinechoices.com\/uk\/wp-content\/uploads\/2015\/09\/MAC_accounts.jpg\" alt=\"user accounts\" style=\"width:70%;height:auto\" \/><\/p>\n<p><!-- br--><br \/>\n<!-- br--><br \/>\n<span style=\"font-size: 15px; font-weight: bold;\">Savo nuomon\u0119 si\u0173skite: <a href=\"mailto:feedback_lt@youronlinechoices.com\">feedback_lt@youronlinechoices.com<\/a><\/span><\/p>\n","protected":false},"excerpt":{"rendered":"<p>Penki patarimai, pad\u0117siantys saugoti privatum\u0105 internete. Nepanikuokite Vartotoj\u0173 elgsena gr\u012fsta reklama internete yra saugi ir skaidri. Reklamos u\u017esakovai ne\u017eino, kas esate, nes surinkta informacija neleid\u017eia j\u016bs\u0173 identifikuoti asmeni\u0161kai. Ji pagr\u012fsta nar\u0161ymo istorija, kurios d\u0117ka pateikiama j\u016bs\u0173 poreikius atitinkanti reklama. Daugiau informacijos apie\u00a0vartotoj\u0173 elgsena pagr\u012fst\u0105 reklam\u0105 rasite \u010dia.\u00a0 Informacijos apie vartotoj\u0173 elgsena gr\u012fst\u0105 reklama ie\u0161kokite lankomose [&hellip;]<\/p>\n","protected":false},"author":3,"featured_media":0,"parent":0,"menu_order":4,"comment_status":"closed","ping_status":"closed","template":"","meta":[],"_links":{"self":[{"href":"https:\/\/www.youronlinechoices.com\/lt\/wp-json\/wp\/v2\/pages\/12"}],"collection":[{"href":"https:\/\/www.youronlinechoices.com\/lt\/wp-json\/wp\/v2\/pages"}],"about":[{"href":"https:\/\/www.youronlinechoices.com\/lt\/wp-json\/wp\/v2\/types\/page"}],"author":[{"embeddable":true,"href":"https:\/\/www.youronlinechoices.com\/lt\/wp-json\/wp\/v2\/users\/3"}],"replies":[{"embeddable":true,"href":"https:\/\/www.youronlinechoices.com\/lt\/wp-json\/wp\/v2\/comments?post=12"}],"version-history":[{"count":18,"href":"https:\/\/www.youronlinechoices.com\/lt\/wp-json\/wp\/v2\/pages\/12\/revisions"}],"predecessor-version":[{"id":382,"href":"https:\/\/www.youronlinechoices.com\/lt\/wp-json\/wp\/v2\/pages\/12\/revisions\/382"}],"wp:attachment":[{"href":"https:\/\/www.youronlinechoices.com\/lt\/wp-json\/wp\/v2\/media?parent=12"}],"curies":[{"name":"wp","href":"https:\/\/api.w.org\/{rel}","templated":true}]}}