{"id":10,"date":"2010-11-30T11:52:58","date_gmt":"2010-11-30T11:52:58","guid":{"rendered":"https:\/\/www.youronlinechoices.com\/lt\/?page_id=10"},"modified":"2013-06-13T08:18:39","modified_gmt":"2013-06-13T08:18:39","slug":"dazniausiai-uzduodami-klausimai","status":"publish","type":"page","link":"https:\/\/www.youronlinechoices.com\/lt\/dazniausiai-uzduodami-klausimai","title":{"rendered":"Da\u017eniausiai u\u017eduodami klausimai"},"content":{"rendered":"<p>Below is a list of frequently asked questions to help you understand behavioural advertising.<br \/>\n<!-- br--><br \/>\n<!-- br--><\/p>\n<ul>\n<li><a href=\"#1\">Kas yra vartotoj\u0173 elgsena gr\u012fsta reklama?<\/a><\/li>\n<li><a href=\"#2\">Kaip ji veikia?<\/a><\/li>\n<li><a href=\"#3\">Kokie duomenys naudojami?<\/a><\/li>\n<li><a href=\"#4\">Kokie \u0161io pob\u016bd\u017eio reklamos privalumai?<\/a><\/li>\n<li><a href=\"#5\">Ar nepa\u017eeid\u017eiamas mano privatumas?<\/a><\/li>\n<li><a href=\"#6\">Kas yra \u201cAsmenin\u0117 informacija\u201d? Ar ji naudojama vartotoj\u0173 elgsena pagr\u012fstoje interneto reklamoje?<\/a><\/li>\n<li><a href=\"#7\">K\u0105 daryti, jei \u0161io tipo reklamos nenoriu?<\/a><\/li>\n<li><a href=\"#8\">Ar tai rei\u0161kia, kad man bus rodoma daugiau reklam\u0173?<\/a><\/li>\n<li><a href=\"#9\">Ar \u0161ios reklamos trukdys man nar\u0161ant internete?<\/a><\/li>\n<li><a href=\"#10\">Ar \u0161io pob\u016bd\u017eio reklama bus taikoma ir vaikams?<\/a><\/li>\n<li><a href=\"#11\">O kaip d\u0117l slapto pob\u016bd\u017eio informacijos?<\/a><\/li>\n<li><a href=\"#12\">Ar mano kompiuteryje bus \u012fdiegta programin\u0117 \u012franga?<\/a><\/li>\n<li><a href=\"#13\">Kas yra slapukas ir kaip jis naudojamas?<\/a><\/li>\n<li><a href=\"#14\">Ar galiu atsisakyti slapuko?<\/a><\/li>\n<li><a href=\"#15\">Ar reik\u0117s naudoti reklamos atsisakymo form\u0105, jei darbe naudojuosi kitu kompiuteriu?<\/a><\/li>\n<li><a href=\"#17\">Ar man reikia ka\u017ek\u0105 daryti?<\/a><\/li>\n<li><a href=\"#18\">Kur kreiptis d\u0117l i\u0161samesn\u0117s informacijos?<\/a><\/li>\n<\/ul>\n<p><!-- br--><br \/>\n<a name=\"1\"><\/a><span style=\"color: #000000; font-size: medium;\"><strong>Kas yra vartotoj\u0173 elgsena gr\u012fsta reklama?<\/strong><\/span><br \/>\n<!-- br--><br \/>\nVartotoj\u0173 elgsena gr\u012fsta interneto reklama yra interneto nar\u0161ymo informacijos naudojimo b\u016bdas, kuomet vartotojo poreikiai grupuojami ir pateikiamos \u0161iuos poreikius atitinkan\u010dios reklamos.<br \/>\n<!-- br--><br \/>\nVartotoj\u0173 elgsena gr\u012fsta reklama skiriasi nuo kit\u0173 interneto reklamos form\u0173, pvz., kontekstin\u0117s reklamos, kuri pateikiama atsi\u017evelgiant \u012f dabartin\u0119, seanso metu vykdyt\u0105 veikl\u0105 (\u012fskaitant ie\u0161kos u\u017eklausas ir lankom\u0105 svetain\u0119).<br \/>\n<!-- br--><br \/>\n<a name=\"2\"><\/a><span style=\"color: #000000; font-size: medium;\"><strong>Kaip ji veikia?<\/strong><\/span><br \/>\n<!-- br--><br \/>\nInformacija apie interneto nar\u0161ymo istorij\u0105 \u2013 kartu su informacija i\u0161 t\u016bkstan\u010di\u0173 kit\u0173 vartotoj\u0173 \u2013 surenkama ir suskirstoma \u012f bendras grupes, pvz., automobiliai, finansai ir kelion\u0117s. Poreikio profilis (pvz., automobiliai) sudaromas atsi\u017evelgiant \u012f lankytas svetaines ir \u012f kompiuteryje patalpint\u0105 slapuk\u0105, kad b\u016btum\u0117te atpa\u017eintas kaip ka\u017ekas, besidomintis automobiliais. Reklamos tiek\u0117jai ir svetain\u0117s paruo\u0161ia reklam\u0105 t\u0105 pat\u012f poreik\u012f turin\u010di\u0173 vartotoj\u0173 grup\u0117ms, o kompiuteryje esan\u010dio slapuko d\u0117ka aktuali reklama pristatoma b\u016btent jums.<br \/>\n<!-- br--><br \/>\n<a name=\"3\"><\/a><span style=\"color: #000000; font-size: medium;\"><strong>Kokie duomenys naudojami?<\/strong><\/span><br \/>\n<!-- br--><br \/>\nVartotoj\u0173 elgsena gr\u012fstos reklamos formos gali skirtis informacijos rinkimo ir naudojimo pob\u016bd\u017eiu. Pavyzd\u017eiui, \u012fprasti <a href=\"https:\/\/www.youronlinechoices.com\/lt\/zodynelis\">reklamos<span style=\"text-decoration: underline;\"> tinklai<\/span><\/a> renka ir naudoja informacij\u0105 jums apsilankius vienoje ar keliose svetain\u0117se, kurios priklauso tam tinklui.<br \/>\n<!-- br--><br \/>\n<a name=\"4\"><\/a><span style=\"color: #000000; font-size: medium;\"><strong>Kokie \u0161io pob\u016bd\u017eio reklamos privalumai?<\/strong><\/span><br \/>\n<!-- br--><br \/>\n<a href=\"https:\/\/www.youronlinechoices.com\/lt\/zodynelis\">Vaizdin\u0117 reklama internete (angl. <span style=\"text-decoration: underline;\">online display advertising<\/span>)<\/a> pateikiama pagal j\u016bs\u0173 poreikius. Pavyzd\u017eiui, jei domit\u0117s sodininkyste ir lankot\u0117s sodininkyst\u0117s svetain\u0117se, to paties arba kito seanso metu galite gauti \u017eol\u0117s pjovimo ma\u0161in\u0173 nuolaid\u0173 reklam\u0173.<br \/>\n<!-- br--><br \/>\nTikslin\u0117 reklama yra naudinga, kadangi gausite aktuali\u0173 reklam\u0173 ir prieig\u0105 prie nemokamo kokybi\u0161ko turinio, paslaug\u0173 ar program\u0173. Tai naudinga ir reklamos u\u017esakovams, kadangi jie gali pasiekti auditorij\u0105, kuriai \u0161i informacija bus \u012fdomi, o kitiems vartotojams netrukdyti. \u0160i reklamos forma taip pat paranki interneto leid\u0117jams, kadangi reklamos d\u0117ka vartotojams gali b\u016bti si\u016blomas nemokamas turinys ir aktuali informacija. I\u0161 reklamos gaunamas pajamas galima investuoti \u012f inovacijas ir b\u016bsimas interneto paslaugas.<br \/>\n<!-- br--><br \/>\n<a name=\"5\"><\/a><span style=\"color: #000000; font-size: medium;\"><strong>Ar nepa\u017eeid\u017eiamas mano privatumas?<\/strong><\/span><br \/>\n<!-- br--><br \/>\nVisi \u0161ios paslaugos tiek\u0117jai privalo laikytis taikom\u0173 \u012fstatym\u0173. Daugeliu atvej\u0173, tikslin\u0117s reklamos naudojama informacija n\u0117ra asmenin\u0117, t.y., vartotojo negalima identifikuoti asmeni\u0161kai. Jei naudojama <a href=\"https:\/\/www.youronlinechoices.com\/lt\/zodynelis\">asmenin\u0117 informacija\u00a0<\/a>(pvz., registracijos duomenys), apie tai prane\u0161ama svetain\u0117s privatumo politikos skiltyje ir i\u0161 j\u016bs\u0173 turi b\u016bti gautas sutikimas jums besiregistruojant \u0161ioms paslaugoms. Visada galite rinktis, ar pasinaudoti aktualios reklamos privalumais, ar ne.<br \/>\n<!-- br--><br \/>\n<a name=\"6\"><\/a><span style=\"color: #000000; font-size: medium;\"><strong>Kas yra \u201cAsmenin\u0117 informacija\u201d? Ar ji naudojama vartotoj\u0173 elgsena pagr\u012fstoje interneto reklamoje?<\/strong><\/span><br \/>\n<!-- br--><br \/>\n<a href=\"https:\/\/www.youronlinechoices.com\/lt\/zodynelis\">Asmenin\u0117 informacija<\/a>\u00a0yra tam tikros \u012fmon\u0117s disponuojami duomenys, kuriais galima jus asmeni\u0161kai identifikuoti, pvz., j\u016bs\u0173 vardas, pavard\u0117, adresas arba el. pa\u0161to adresas. Daugeliu atvej\u0173 asmenin\u0117 informacija n\u0117ra naudojama. Ta\u010diau jei reklamos tiek\u0117jas \u0161i\u0105 informacij\u0105 naudoja, apie tai bus prane\u0161ta svetain\u0117s privatumo politikos skiltyje ir i\u0161 j\u016bs\u0173 bus gautas sutikimas jums besiregistruojant tam tikroms paslaugoms.<br \/>\n<!-- br--><br \/>\n<span style=\"color: #000000; font-size: medium;\"><strong>K\u0105 daryti, jei \u0161io tipo reklamos nenoriu?<\/strong><\/span><br \/>\n<!-- br--><br \/>\n<a href=\"https:\/\/www.youronlinechoices.com\/lt\/jusu-pasirinkimai\">Jos atsisakyti galite \u010dia.<\/a><\/p>\n<p>Tokiu atveju svarbu atminti, kad tai nerei\u0161kia, kad nar\u0161ydami internete nebegausite reklam\u0173. Tiesiog svetain\u0117se rodoma reklama nebebus pritaikyta j\u016bs\u0173 poreikiams ir nebebus jums aktuali.<\/p>\n<p><a href=\"https:\/\/www.youronlinechoices.com\/lt\/zinynas\">I\u0161samesn\u0117s informacijos ie\u0161kokite \u017einyne.<\/a><br \/>\n<!-- br--><br \/>\n<a name=\"8\"><\/a><span style=\"color: #000000; font-size: medium;\"><strong>Ar tai rei\u0161kia, kad man bus rodoma daugiau reklam\u0173?<\/strong><\/span><br \/>\n<!-- br--><br \/>\nNe. Tiesiog svetain\u0117se rodoma reklama bus jums aktualesn\u0117.<br \/>\n<!-- br--><br \/>\n<a name=\"9\"><\/a><span style=\"color: #000000; font-size: medium;\"><strong>Ar \u0161ios reklamos trukdys man nar\u0161ant internete?<\/strong><\/span><br \/>\n<!-- br--><br \/>\nNe. Nar\u0161ydami internete nepasteb\u0117site skirtumo, ta\u010diau rodomos reklamos bus aktualesn\u0117s.<br \/>\n<!-- br--><br \/>\n<a name=\"10\"><\/a><span style=\"color: #000000; font-size: medium;\"><strong>Ar \u0161io pob\u016bd\u017eio reklama bus taikoma ir vaikams?<\/strong><\/span><br \/>\n<!-- br--><br \/>\n<a href=\"https:\/\/www.youronlinechoices.com\/good-practice-principles\">IAB Eti\u0161kos veiklos principai\u00a0<\/a>nurodo, kad n\u0117 viena \u012fmon\u0117 (kuri sutinka su \u0161iais principais), u\u017esiimanti vartotoj\u0173 elgsena gr\u012fsta reklama, nekurs ir nepardavin\u0117s vartotoj\u0173 segmento, skirto tikslinei reklamai jaunesniems nei 13 met\u0173 vaikams.<br \/>\n<!-- br--><br \/>\n<a name=\"11\"><\/a><span style=\"color: #000000; font-size: medium;\"><strong>O kaip d\u0117l slapto pob\u016bd\u017eio informacijos?<\/strong><\/span><br \/>\n<!-- br--><br \/>\n<a href=\"https:\/\/www.youronlinechoices.com\/good-practice-principles\">\u012emon\u0117s, \u012fsipareigojusios dirbti pagal IAB eti\u0161kos veiklos principus, <\/a>pripa\u017e\u012fsta, kad tam tikrais atvejais kai kurie segmentai tur\u0117t\u0173 likti slapti. Ta\u010diau \u0161iuos atvejus \u012fvardyti sunku. \u0160ios \u012fmon\u0117s \u012fsipareigojo atsargiai pasverti kiekvien\u0105 sprendim\u0105 ir prad\u0117ti diskusij\u0105 su akcininkais, reklamos u\u017esakovais ir <a href=\"http:\/\/www.ico.gov.uk\/\">Informacijos komisaro biuru<\/a> (atsakingu u\u017e JK duomen\u0173 apsaug\u0105) apie tai, kaip tur\u0117t\u0173 b\u016bti vykdoma tinkama veikla.<br \/>\n<!-- br--><br \/>\nPagal duomen\u0173 apsaugos \u012fstatymus turi b\u016bti gautas sutikimas naudojant j\u016bs\u0173 slaptus asmeninius duomenis.<br \/>\n<!-- br--><br \/>\n<a name=\"12\"><\/a><span style=\"color: #000000; font-size: medium;\"><strong>Ar mano kompiuteryje bus \u012fdiegta programin\u0117 \u012franga?<\/strong><\/span><br \/>\n<!-- br--><br \/>\nNe.<br \/>\n<!-- br--><br \/>\n<a name=\"13\"><\/a><span style=\"color: #000000; font-size: medium;\"><strong>Kas yra slapukas ir kaip jis naudojamas?<\/strong><\/span><br \/>\n<!-- br--><br \/>\n<span style=\"text-decoration: underline;\">Slapukas<\/span>\u00a0yra ma\u017eas failas, talpinantis raid\u017ei\u0173 ir skai\u010di\u0173 derinius. Jis atsiun\u010diamas \u012f kompiuter\u012f jums lankantis tam tikrose svetain\u0117se. Vartotojui gr\u012f\u017etant \u012f svetain\u0119, slapukai padeda svetainei atpa\u017einti tai, kam vartotojas teikia pirmenyb\u0119. Pats slapukas nesaugo ir nerenka informacijos. Ta\u010diau serveriui slapuk\u0105 nuskai\u010dius, suteikiama kokybi\u0161kesn\u0117 paslauga, pvz., prisimenant ankstesnius pirkinius ir s\u0105skaitos informacij\u0105.<br \/>\n<!-- br--><br \/>\nSlapukai saugomi nar\u0161ykl\u0117s atmintyje. Kiekviename slapuke talpinama \u0161i informacija:<\/p>\n<ul>\n<li>Serverio, i\u0161 kurio atsi\u0173stas slapukas, pavadinimas<\/li>\n<li>Slapuko galiojimo laikas<\/li>\n<li>Reik\u0161m\u0117 \u2013 atsitiktine tvarka sugeneruotas unikalus skai\u010dius.<\/li>\n<\/ul>\n<p><!-- br--><br \/>\nSvetain\u0117s serveris, siun\u010diantis slapuk\u0105, naudoja \u0161\u012f skai\u010di\u0173 gr\u012f\u017etan\u010diam vartotojui atpa\u017einti. Tik slapuk\u0105 i\u0161siunt\u0119s serveris gali nuskaityti ir naudoti slapuk\u0105. Slapukai atlieka pagrindin\u012f vaidmen\u012f interneto tinkinimo procese. \u0160io pob\u016bd\u017eio reklamoje da\u017eniausiai naudojami slapukai.<br \/>\n<!-- br--><br \/>\n<a name=\"14\"><\/a><span style=\"color: #000000; font-size: medium;\"><strong>Ar galiu atsisakyti slapuko?<\/strong><\/span><br \/>\n<!-- br--><br \/>\nTaip. Kai kurios nar\u0161ykl\u0117s leid\u017eia u\u017eblokuoti tik <a href=\"https:\/\/www.youronlinechoices.com\/lt\/zodynelis\">tre\u010di\u0173j\u0173 \u0161ali\u0173 slapukus\u00a0<\/a>(tai slapukas, patalpintas tre\u010diosios \u0161alies, pvz., <a href=\"https:\/\/www.youronlinechoices.com\/lt\/zodynelis\"><span style=\"text-decoration: underline;\">reklamos tinklo<\/span><\/a>, o ne \u0161ios svetain\u0117s savininko) arba tik tuos slapukus, kurie neatitinka j\u016bs\u0173 privatumo parametr\u0173.<br \/>\n<!-- br--><br \/>\nGalite i\u0161jungti visus slapukus, ta\u010diau tai gali tur\u0117ti neigiam\u0105 poveik\u012f, jei naudojamos interneto paslaugos pagr\u012fstos slapukais. Nor\u0117dami daugiau su\u017einoti apie nar\u0161ykl\u0117s privatumo parametrus, per\u017ei\u016br\u0117kite m\u016bs\u0173 <a href=\"https:\/\/www.youronlinechoices.com\/lt\/penki-patarimai\"><span style=\"text-decoration: underline;\">patarimus<\/span><\/a>.<br \/>\n<!-- br--><br \/>\n<a name=\"15\"><\/a><span style=\"color: #000000; font-size: medium;\"><strong>Ar reik\u0117s naudoti reklamos atsisakymo form\u0105, jei darbe naudojuosi kitu kompiuteriu?<\/strong><\/span><br \/>\n<!-- br--><br \/>\nTaip. Jei atsisakysite vartotoj\u0173 elgsena gr\u012fstos reklamos i\u0161 tam tikros \u012fmon\u0117s, tai bus taikoma tik \u0161ios \u012fmon\u0117s duomen\u0173 bei \u0161io kompiuterio nar\u0161ykl\u0117s naudojimui. Tod\u0117l \u0161ie pakeitimai bus taikomi visiems to kompiuterio nar\u0161ykle besinaudojantiems asmenims. Nor\u0117dami visi\u0161kai atsisakyti vartotoj\u0173 elgsena gr\u012fstos reklamos i\u0161 tam tikros \u012fmon\u0117s, tur\u0117site \u0161\u012f veiksm\u0105 atlikti kiekviename naudojamame kompiuteryje ir su kiekviena nar\u0161ykle (pvz., <em>Internet Explorer<\/em>, <em>Google Chrome<\/em>, <em>Mozilla Firefox<\/em> arba <em>Safari<\/em>). Daugiau informacijos, kaip atsisakyti slapuk\u0173, ie\u0161kokite <a href=\"https:\/\/www.youronlinechoices.com\/lt\/zinynas\">\u017einyno puslapiuose<\/a><em>.<\/em><br \/>\n<!-- br--><br \/>\n<a name=\"16\"><\/a><span style=\"color: #000000; font-size: medium;\"><strong>Ar nebegausiu brukal\u0173, i\u0161\u0161okan\u010di\u0173j\u0173 lang\u0173 ar el. pa\u0161to \u0161iuk\u0161li\u0173, jei atsisakysiu vartotoj\u0173 elgesiu gr\u012fstos reklamos?<\/strong><\/span><br \/>\n<!-- br--><br \/>\nJei atsisakysite vartotoj\u0173 elgsena gr\u012fstos reklamos, reklama tiesiog nebebus pritaikyta j\u016bs\u0173 poreikiams. Tai nesusij\u0119 su konkre\u010diu reklamos tipu, pvz., el. pa\u0161tu ar i\u0161\u0161okan\u010diaisiais langais.<br \/>\n<!-- br--><br \/>\n<a name=\"17\"><\/a><span style=\"color: #000000; font-size: medium;\"><strong>Ar man reikia ka\u017ek\u0105 daryti?<\/strong><\/span><br \/>\n<!-- br--><br \/>\n<span style=\"text-decoration: underline;\"><a href=\"https:\/\/www.youronlinechoices.com\/lt\/penki-patarimai\">Per\u017ei\u016br\u0117kite penkis m\u016bs\u0173 patarimus<\/a>.<\/span><br \/>\n<!-- br--><br \/>\n<a name=\"18\"><\/a><span style=\"color: #000000; font-size: medium;\"><strong>Kur kreiptis d\u0117l i\u0161samesn\u0117s informacijos?<\/strong><\/span><br \/>\n<!-- br--><br \/>\n<!-- br--><br \/>\n<span style=\"font-size: 15px; font-weight: bold;\">Savo nuomon\u0119 si\u0173skite: <a href=\"mailto:feedback_lt@youronlinechoices.com\">feedback_lt@youronlinechoices.com<\/a><\/span><\/p>\n","protected":false},"excerpt":{"rendered":"<p>Below is a list of frequently asked questions to help you understand behavioural advertising. Kas yra vartotoj\u0173 elgsena gr\u012fsta reklama? Kaip ji veikia? Kokie duomenys naudojami? Kokie \u0161io pob\u016bd\u017eio reklamos privalumai? Ar nepa\u017eeid\u017eiamas mano privatumas? Kas yra \u201cAsmenin\u0117 informacija\u201d? Ar ji naudojama vartotoj\u0173 elgsena pagr\u012fstoje interneto reklamoje? K\u0105 daryti, jei \u0161io tipo reklamos nenoriu? Ar [&hellip;]<\/p>\n","protected":false},"author":3,"featured_media":0,"parent":0,"menu_order":5,"comment_status":"closed","ping_status":"closed","template":"","meta":[],"_links":{"self":[{"href":"https:\/\/www.youronlinechoices.com\/lt\/wp-json\/wp\/v2\/pages\/10"}],"collection":[{"href":"https:\/\/www.youronlinechoices.com\/lt\/wp-json\/wp\/v2\/pages"}],"about":[{"href":"https:\/\/www.youronlinechoices.com\/lt\/wp-json\/wp\/v2\/types\/page"}],"author":[{"embeddable":true,"href":"https:\/\/www.youronlinechoices.com\/lt\/wp-json\/wp\/v2\/users\/3"}],"replies":[{"embeddable":true,"href":"https:\/\/www.youronlinechoices.com\/lt\/wp-json\/wp\/v2\/comments?post=10"}],"version-history":[{"count":27,"href":"https:\/\/www.youronlinechoices.com\/lt\/wp-json\/wp\/v2\/pages\/10\/revisions"}],"predecessor-version":[{"id":346,"href":"https:\/\/www.youronlinechoices.com\/lt\/wp-json\/wp\/v2\/pages\/10\/revisions\/346"}],"wp:attachment":[{"href":"https:\/\/www.youronlinechoices.com\/lt\/wp-json\/wp\/v2\/media?parent=10"}],"curies":[{"name":"wp","href":"https:\/\/api.w.org\/{rel}","templated":true}]}}