{"id":271,"date":"2011-09-10T17:08:17","date_gmt":"2011-09-10T17:08:17","guid":{"rendered":"https:\/\/www.youronlinechoices.com\/ch-de\/?page_id=271"},"modified":"2013-06-11T13:30:14","modified_gmt":"2013-06-11T13:30:14","slug":"hilfe-seite","status":"publish","type":"page","link":"https:\/\/www.youronlinechoices.com\/li\/hilfe-seite","title":{"rendered":"Hilfe-Seite"},"content":{"rendered":"<p>Hier sind einige Dinge, die Sie \u00fcber den Pr\u00e4ferenzmanager wissen m\u00fcssen:<br \/>\n<!-- br--><br \/>\n<!-- br--><\/p>\n<ul>\n<li>Wenn Sie sich f\u00fcr eine Deaktivierung nutzungsbasierter Onlinewerbung mittels\u00a0Pr\u00e4ferenzmanager entscheiden, ist es wichtig zu wissen, dass dies nicht bedeutet, dass Sie generell keine Online-Werbung mehr erhalten werden. Viel mehr bedeutet es, dass die Werbung, die Sie auf den Webseiten angezeigt bekommen, nicht\u00a0ihren angenommenen Interessen angepasst werden und damit f\u00fcr Sie weniger relevant sein d\u00fcrften.<\/li>\n<p><!-- br--><br \/>\n<!-- br--><\/p>\n<li>Wenn Sie bei einem bestimmten Anbieter gegen die nutzungsbasierte Onlinewerbung Widerspruch einlegen, gilt das nur f\u00fcr die bestimmte Gesch\u00e4ftsdatenerhebung \u00fcber den gerade verwendeten Web-Browser.<\/li>\n<p><!-- br--><br \/>\n<!-- br--><\/p>\n<li>Ebenfalls zu beachten ist, dass, wenn Sie gegen jede nutzungsbasierte Onlinewerbung von allen gelisteten Anbietern Wiederspruch einlegen (alle deaktivieren), dies nur auf dem gegenw\u00e4rtig verwendeten Web-Browser wirksam ist. <strong>Sie m\u00fcssen das gleiche Verfahren bei jedem anderen Browser durchf\u00fchren, den Sie auf dem gleichen und\/oder auf verschiedenen Computern oder Ger\u00e4ten benutzen.<\/strong> Jeder Browser ist eine eigene Software und &#8220;tauscht&#8221; sich nicht mit anderen Browsern aus.<\/li>\n<p><!-- br--><br \/>\n<!-- br--><\/p>\n<li>Bitte beachten Sie: wenn es getrennte Benutzerkonten auf einem Computer innerhalb eines Haushalts gibt, k\u00f6nnen Sie individuell Ihre Pr\u00e4ferenzen auf jedes Konto anpassen; zur Einrichtung verschiedener Nutzerkonten siehe unsere <a href=\"https:\/\/www.youronlinechoices.com\/ch-de\/funf-top-tipps\/\">F\u00fcnf Top-Tipps<\/a>.<\/li>\n<p><!-- br--><br \/>\n<!-- br--><\/p>\n<li>Wenn Sie nutzungsbasierte Online-Werbung deaktiviert haben und sich umentscheiden m\u00f6chten und nutzungsbasierte Online-Werbung aktivieren, k\u00f6nnen Sie dies ebenfalls\u00a0\u00fcber den\u00a0<a href=\"https:\/\/www.youronlinechoices.com\/ch-de\/praferenzmanagement\/\">Pr\u00e4ferenzmanagement<\/a> steuern. Alternativ k\u00f6nnen Sie die Cookies auf Ihrem Browser l\u00f6schen. Siehe unsere <a href=\"https:\/\/www.youronlinechoices.com\/ch-de\/funf-top-tipps\/\">Top-Tipps<\/a>, um dies zu tun.<\/li>\n<p><!-- br--><br \/>\n<!-- br--><\/p>\n<li>Wenn Sie ein besonderes oder fortlaufendes Problem mit der Benutzung unseres Pr\u00e4ferenzmanagements haben, lesen Sie bitte unten stehende Hinweise.<\/li>\n<p><!-- br--><br \/>\n<!-- br-->\n<\/ul>\n<p><strong>Haben Sie Probleme mit dem Pr\u00e4ferenzmanagement auf dieser Website?<br \/>\n<\/strong><br \/>\n<!-- br--><\/p>\n<ul>\n<li>Es gibt eine Reihe von Faktoren, die die Leistung des Pr\u00e4ferenzmanagements beeinflussen und\u00a0leider au\u00dferhalb\u00a0unseres Einflusses liegen. Dazu geh\u00f6ren Probleme mit Ihrer Internetverbindung, Corporate Network Security oder Web-Browser-Einstellungen.<\/li>\n<p><!-- br--><br \/>\n<!-- br--><\/p>\n<li>Falls Sie Probleme beim Deaktivieren haben, empfehlen wir Ihnen, den Vorgang\u00a0zun\u00e4chst noch einmal zu wiederholen.<\/li>\n<p><!-- br--><br \/>\n<!-- br-->\n<\/ul>\n<p><strong>Falls das Problem weiterhin besteht: <\/strong><br \/>\n<!-- br--><br \/>\n<!-- br--><\/p>\n<ul>\n<li>Das Pr\u00e4ferenzmanagement ist Cookie-basiert. Deshalb m\u00fcssen Sie Ihren Web-Browser so einstellen, dass dieser Cookies von Drittanbietern akzeptiert, damit das Pr\u00e4ferenzmanagement<strong> <\/strong>erfolgreich arbeiten kann. Besuchen Sie <a href=\"https:\/\/www.youronlinechoices.com\/ch-de\/funf-top-tipps\/\">hier<\/a> unsere Top-Tipps, um mehr \u00fcber Privatsph\u00e4re-Einstellungen auf dem gerade verwendeten Web-Browser zu erfahren.<\/li>\n<p><!-- br--><br \/>\n<!-- br--><\/p>\n<li>Weitere Informationen und Unterst\u00fctzung erhalten Sie auch auf der spezifischen Hilfe-Seite des jeweiligen Web-Browsers:\n<ul>\n<li><a href=\"http:\/\/windows.microsoft.com\/de-DE\/internet-explorer\/products\/ie\/home\">Internet Explorer<\/a><\/li>\n<li><a href=\"http:\/\/www.mozilla.com\/de\/firefox\/\">Firefox<\/a><\/li>\n<li><a href=\"http:\/\/www.apple.com\/de\/safari\/\">Safari<\/a><\/li>\n<li><a href=\"http:\/\/www.google.com\/chrome\/intl\/de\/landing_win.html?hl=de&amp;installdataindex=nosearch&amp;hl=de&amp;brand=CHMA&amp;utm_campaign=de&amp;utm_source=de-ha-emea-de-bk&amp;utm_medium=ha\">Chrome<\/a><\/li>\n<\/ul>\n<\/li>\n<p><!-- br--><br \/>\n<!-- br--><\/p>\n<li>Daneben bietet\u00a0der Bundesverband Digitale Wirtschaft (BVDW) Ihnen \u00fcber <a href=\"http:\/\/meine-cookies.org\">meine-cookies.org<\/a> weiterf\u00fchrende Informationen zu Cookies an.<\/li>\n<p><!-- br--><br \/>\n<!-- br--><\/p>\n<li>Wenn Sie weiterhin Probleme mit dem Pr\u00e4ferenzmanager oder einzelnen Anbietern haben, k\u00f6nnen Sie uns <a href=\"mailto:oba@bvdw.org\">hier<\/a> kontaktieren.<\/li>\n<\/ul>\n<p><!-- br--><br \/>\n<!-- br--><\/p>\n<h3>Schicken Sie uns Ihre R\u00fcckmeldung:\u00a0<a href=\"mailto:feedback@iabschweiz.ch\">feedback@iabschweiz.ch<\/a><\/h3>\n","protected":false},"excerpt":{"rendered":"<p>Hier sind einige Dinge, die Sie \u00fcber den Pr\u00e4ferenzmanager wissen m\u00fcssen: Wenn Sie sich f\u00fcr eine Deaktivierung nutzungsbasierter Onlinewerbung mittels\u00a0Pr\u00e4ferenzmanager entscheiden, ist es wichtig zu wissen, dass dies nicht bedeutet, dass Sie generell keine Online-Werbung mehr erhalten werden. Viel mehr bedeutet es, dass die Werbung, die Sie auf den Webseiten angezeigt bekommen, nicht\u00a0ihren angenommenen Interessen [&hellip;]<\/p>\n","protected":false},"author":500,"featured_media":0,"parent":0,"menu_order":0,"comment_status":"closed","ping_status":"open","template":"","meta":[],"_links":{"self":[{"href":"https:\/\/www.youronlinechoices.com\/li\/wp-json\/wp\/v2\/pages\/271"}],"collection":[{"href":"https:\/\/www.youronlinechoices.com\/li\/wp-json\/wp\/v2\/pages"}],"about":[{"href":"https:\/\/www.youronlinechoices.com\/li\/wp-json\/wp\/v2\/types\/page"}],"author":[{"embeddable":true,"href":"https:\/\/www.youronlinechoices.com\/li\/wp-json\/wp\/v2\/users\/500"}],"replies":[{"embeddable":true,"href":"https:\/\/www.youronlinechoices.com\/li\/wp-json\/wp\/v2\/comments?post=271"}],"version-history":[{"count":4,"href":"https:\/\/www.youronlinechoices.com\/li\/wp-json\/wp\/v2\/pages\/271\/revisions"}],"predecessor-version":[{"id":283,"href":"https:\/\/www.youronlinechoices.com\/li\/wp-json\/wp\/v2\/pages\/271\/revisions\/283"}],"wp:attachment":[{"href":"https:\/\/www.youronlinechoices.com\/li\/wp-json\/wp\/v2\/media?parent=271"}],"curies":[{"name":"wp","href":"https:\/\/api.w.org\/{rel}","templated":true}]}}