{"id":254,"date":"2011-09-10T16:41:40","date_gmt":"2011-09-10T16:41:40","guid":{"rendered":"https:\/\/www.youronlinechoices.com\/ch-de\/?page_id=254"},"modified":"2013-06-14T07:11:07","modified_gmt":"2013-06-14T07:11:07","slug":"praferenzmanagement","status":"publish","type":"page","link":"https:\/\/www.youronlinechoices.com\/li\/praferenzmanagement","title":{"rendered":"Pr\u00e4ferenzmanagement"},"content":{"rendered":"<div class=\"mb10\">\nNachstehend sind einige der Unternehmen aufgef\u00fchrt, die mit Webseiten-Betreibern zusammenarbeiten, um Nutzungsdaten zum Zwecke nutzungsbasierter Online Werbung (Online Behavioural Advertising (OBA)) zu erheben.<br \/>\n<!-- br --><br \/>\nBitte verwenden Sie die unten stehenden Schaltfl\u00e4chen, um Ihre Pr\u00e4ferenzen hinsichtlich nutzungsbasierter Online-Werbung zu verwalten. Sie k\u00f6nnen bequem alle Anbieter auf einmal deaktivieren oder aktivieren. Alternativ k\u00f6nnen Sie die Einstellungen aber auch f\u00fcr einzelne Unternehmen vornehmen.<br \/>\n<!-- br --><br \/>\nMit einem Klick auf das \u2018i\u2019 erhalten Sie sowohl mehr Informationen \u00fcber den Anbieter als auch bez\u00fcglich seines OBA Status (Cookie gesetzt, oder nicht gesetzt \u2013 OBA aktiviert oder deaktiviert) auf dem jeweiligen von Ihnen gegenw\u00e4rtig genutzten Internet-Browser.<br \/>\n<!-- br --><br \/>\nWenn Sie irgendwelche Probleme bei der Verwaltung Ihrer Pr\u00e4ferenzen haben, besuchen Sie bitte unsere <a href=\"https:\/\/www.youronlinechoices.com\/ch-de\/hilfe-seite\">Hilfeseite.<\/a><\/p>\n<\/div>\n<div class=\"liteyellowbg p10\">\n<div class=\"bbsolid bcdarkyellow pb10 mb10\">\n<div class=\"fleft pt10 pl5 pr10\"><img class=\"block attention\" src=\"https:\/\/www.youronlinechoices.com\/images\/pixel.png\" alt=\"\" \/><\/div>\n<div class=\"fleft w90\">Please note: this does not turn off all internet advertising only advertisements that are customised to your likely interests based upon previous web browsing activity. <a class=\"block mt5\" href=\"hilfe-seite\">Read more about the process<\/a><\/div>\n<\/div>\n<div class=\"pl40 pt10 pb10\">\n<p><strong class=\"block mb5\">Status symbols scheme:<\/strong><\/p>\n<div>\n<div class=\"block mb10\"><img class=\"iblock mr5 legend nocookie vamiddle\" src=\"https:\/\/www.youronlinechoices.com\/images\/pixel.png\" alt=\"\" \/><span class=\"iblock w530 vamiddle\">This company has not set-up a cookie, but may deliver in the future advertisements that are customised to your interests.<\/span><\/div>\n<div class=\"block mb10\"><img class=\"iblock vamiddle mr5 legend on\" src=\"https:\/\/www.youronlinechoices.com\/images\/pixel.png\" alt=\"\" \/><span class=\"iblock w530 vamiddle\">This company is delivering advertisements customised to your interests.<\/span><\/div>\n<div class=\"block mb10\"><img class=\"iblock vamiddle mr5 legend off\" src=\"https:\/\/www.youronlinechoices.com\/images\/pixel.png\" alt=\"\" \/><span class=\"iblock w530 vamiddle\">This company is not delivering advertisements customised to your interests.<\/span><\/div>\n<div class=\"block\"><img class=\"iblock vamiddle mr5 legend noconnection\" src=\"https:\/\/www.youronlinechoices.com\/images\/pixel.png\" alt=\"\" \/><span class=\"iblock w530 vamiddle\">This company is experiencing technical issues, and we cannot retrieve your status.<\/span><\/div>\n<\/div>\n<\/div>\n<\/div>\n<div>\n<iframe id=\"iframeOutput\" src=\"https:\/\/www.youronlinechoices.com\/opt_out_interface_v2?lang=ch-de\" width=\"635px\" height=\"3150px\" noresize=\"noresize\" frameborder=\"0\" border=\"0\" cellspacing=\"0\" scrolling=\"no\" marginwidth=\"0\" marginheight=\"0\" ><\/iframe>\n<div id=\"loadingLoad\">\n<div class=\"reloadButtons\"> aaa <\/div>\n<p><span id=\"loadingLoadText\">82<\/span>\n<\/div>\n<\/div>\n","protected":false},"excerpt":{"rendered":"<p>Nachstehend sind einige der Unternehmen aufgef\u00fchrt, die mit Webseiten-Betreibern zusammenarbeiten, um Nutzungsdaten zum Zwecke nutzungsbasierter Online Werbung (Online Behavioural Advertising (OBA)) zu erheben. Bitte verwenden Sie die unten stehenden Schaltfl\u00e4chen, um Ihre Pr\u00e4ferenzen hinsichtlich nutzungsbasierter Online-Werbung zu verwalten. Sie k\u00f6nnen bequem alle Anbieter auf einmal deaktivieren oder aktivieren. Alternativ k\u00f6nnen Sie die Einstellungen aber auch [&hellip;]<\/p>\n","protected":false},"author":500,"featured_media":0,"parent":0,"menu_order":3,"comment_status":"closed","ping_status":"closed","template":"","meta":[],"_links":{"self":[{"href":"https:\/\/www.youronlinechoices.com\/li\/wp-json\/wp\/v2\/pages\/254"}],"collection":[{"href":"https:\/\/www.youronlinechoices.com\/li\/wp-json\/wp\/v2\/pages"}],"about":[{"href":"https:\/\/www.youronlinechoices.com\/li\/wp-json\/wp\/v2\/types\/page"}],"author":[{"embeddable":true,"href":"https:\/\/www.youronlinechoices.com\/li\/wp-json\/wp\/v2\/users\/500"}],"replies":[{"embeddable":true,"href":"https:\/\/www.youronlinechoices.com\/li\/wp-json\/wp\/v2\/comments?post=254"}],"version-history":[{"count":6,"href":"https:\/\/www.youronlinechoices.com\/li\/wp-json\/wp\/v2\/pages\/254\/revisions"}],"predecessor-version":[{"id":307,"href":"https:\/\/www.youronlinechoices.com\/li\/wp-json\/wp\/v2\/pages\/254\/revisions\/307"}],"wp:attachment":[{"href":"https:\/\/www.youronlinechoices.com\/li\/wp-json\/wp\/v2\/media?parent=254"}],"curies":[{"name":"wp","href":"https:\/\/api.w.org\/{rel}","templated":true}]}}