{"id":47,"date":"2010-11-25T23:23:10","date_gmt":"2010-11-25T23:23:10","guid":{"rendered":"https:\/\/www.youronlinechoices.com\/it\/?page_id=47"},"modified":"2020-12-04T11:10:18","modified_gmt":"2020-12-04T11:10:18","slug":"cinque-principali-accorgimenti","status":"publish","type":"page","link":"https:\/\/www.youronlinechoices.com\/it\/cinque-principali-accorgimenti","title":{"rendered":"Cinque principali accorgimenti"},"content":{"rendered":"<p>Cinque accorgimenti per aiutarti a gestire la tua privacy online.<\/p>\n<h3>1. Niente panico<\/h3>\n<p>Le aziende utilizzano questo sito e gli strumenti che forniamo per garantire che la pubblicit\u00e0 basata sugli interessi sia sicura e trasparente. La pubblicit\u00e0 basata sugli interessi si basa sulla tua attivit\u00e0 di navigazione per fornire pubblicit\u00e0 che rifletta gli interessi dedotti.\u00a0<span><a href=\"\/it\/a-proposito\">Prenditi un momento per saperne di pi\u00f9 sulla pubblicit\u00e0 basata sugli interessi.<\/a><\/span><\/p>\n<h3>2. Cerca l&#8217;icona sui siti web che stai visitando<\/h3>\n<p>Molti degli annunci sui siti web che stai visitando avranno l\u2019 &#8220;Icona AdChoices&#8221; incorporata al loro interno (vedi l&#8217;esempio sotto). Facendo clic su questa icona troverai maggiori dettagli sulle informazioni raccolte e utilizzate, nonch\u00e9 sui modi per gestirle o controllarle.<\/p>\n<p style=\"text-align: center;\"><img loading=\"lazy\" class=\"aligncenter size-full wp-image-423\" title=\"icon\" src=\"https:\/\/www.youronlinechoices.com\/uk\/wp-content\/uploads\/2010\/11\/icon2.jpg\" alt=\"\" width=\"550\" height=\"200\" \/><\/p>\n<h3>3. Scegli se desideri o meno la pubblicit\u00e0 basata sugli interessi<\/h3>\n<p>Le aziende che offrono pubblicit\u00e0 basata sugli interessi forniranno inoltre ulteriori informazioni su come rifiutare la pubblicit\u00e0 basata sugli interessi.\u00a0<span><a href=\"\/it\/le-tue-scelte\">Disattiva la pubblicit\u00e0<\/a> basata sugli interessi.<\/span><\/p>\n<h3>4. Acquisisci familiarit\u00e0 con le impostazioni sulla privacy del tuo computer<\/h3>\n<p>Questi possono essere trovati nel menu &#8220;Impostazioni&#8221; del browser. Quando selezioni le opzioni relative ai cookie, ricorda che spesso rendono i siti un po&#8217; pi\u00f9 intuitivi (ad esempio, ricordando le preferenze del sito e le impostazioni della lingua).<\/p>\n<p>L&#8217;esempio seguente mostra come \u00e8 possibile gestire le impostazioni sulla privacy in Firefox<\/p>\n<p style=\"text-align: center;\"><a href=\"https:\/\/support.mozilla.org\/it\/products\/firefox\/privacy-and-security\" target=\"_blank\" rel=\"noopener noreferrer\"><img loading=\"lazy\" class=\"aligncenter wp-image-507 size-thumbnail\" src=\"https:\/\/www.youronlinechoices.com\/ie\/wp-content\/uploads\/2020\/09\/1200px-Firefox_logo_2019.svg_-150x150.png\" alt=\"\" width=\"100\" height=\"100\" \/><\/a><\/p>\n<p>L&#8217;esempio seguente mostra come \u00e8 possibile gestire le impostazioni sulla privacy in Google Chrome<\/p>\n<p style=\"text-align: center;\"><a href=\"https:\/\/support.google.com\/chrome\/answer\/95647?hl=it\" target=\"_blank\" rel=\"noopener noreferrer\"><img loading=\"lazy\" class=\"aligncenter wp-image-508 size-thumbnail\" src=\"https:\/\/www.youronlinechoices.com\/ie\/wp-content\/uploads\/2020\/09\/Google-Chrome-icon-new-150x150.png\" alt=\"\" width=\"100\" height=\"100\" \/><\/a><\/p>\n<p>L&#8217;esempio seguente mostra come gestire le impostazioni sulla privacy in Safari<\/p>\n<p style=\"text-align: center;\"><a href=\"https:\/\/support.apple.com\/it-it\/guide\/safari\/sfri35610\/mac\" target=\"_blank\" rel=\"noopener noreferrer\"><img loading=\"lazy\" class=\"aligncenter wp-image-509 size-thumbnail\" src=\"https:\/\/www.youronlinechoices.com\/ie\/wp-content\/uploads\/2020\/09\/safari-240-150x150.png\" alt=\"\" width=\"100\" height=\"100\" \/><\/a><\/p>\n<h3><\/h3>\n<h3>5. Prova a personalizzare queste impostazioni sulla privacy per soddisfare le esigenze della tua famiglia.<\/h3>\n<p>Tutti utilizzano Internet in modi diversi e per scopi diversi. Nelle famiglie in cui pi\u00f9 di una persona utilizza lo stesso computer, suggeriamo che ogni utente disponga del proprio &#8220;account utente&#8221;. Ci\u00f2 consente di adattare le impostazioni sulla privacy (ad esempio le impostazioni dei cookie o le preferenze di disattivazione) alle esigenze e ai requisiti di ciascun utente.<\/p>\n<p>Su Windows 10:<\/p>\n<p style=\"text-align: center;\"><img class=\"size-full wp-image-129 aligncenter\" style=\"width: 70%; height: auto;\" title=\"user accounts\" src=\"https:\/\/www.youronlinechoices.com\/uk\/wp-content\/uploads\/2015\/09\/Windows10_accounts.png\" alt=\"user accounts\" \/><\/p>\n<p>Su Mac OS:<\/p>\n<p style=\"text-align: center;\"><img class=\"size-full wp-image-129 aligncenter\" style=\"width: 70%; height: auto;\" title=\"user accounts\" src=\"https:\/\/www.youronlinechoices.com\/uk\/wp-content\/uploads\/2015\/09\/MAC_accounts.jpg\" alt=\"user accounts\" \/><\/p>\n","protected":false},"excerpt":{"rendered":"<p>Cinque accorgimenti per aiutarti a gestire la tua privacy online. 1. Niente panico Le aziende utilizzano questo sito e gli strumenti che forniamo per garantire che la pubblicit\u00e0 basata sugli interessi sia sicura e trasparente. La pubblicit\u00e0 basata sugli interessi si basa sulla tua attivit\u00e0 di navigazione per fornire pubblicit\u00e0 che rifletta gli interessi dedotti.\u00a0Prenditi [&hellip;]<\/p>\n","protected":false},"author":3,"featured_media":0,"parent":0,"menu_order":4,"comment_status":"closed","ping_status":"closed","template":"","meta":[],"_links":{"self":[{"href":"https:\/\/www.youronlinechoices.com\/it\/wp-json\/wp\/v2\/pages\/47"}],"collection":[{"href":"https:\/\/www.youronlinechoices.com\/it\/wp-json\/wp\/v2\/pages"}],"about":[{"href":"https:\/\/www.youronlinechoices.com\/it\/wp-json\/wp\/v2\/types\/page"}],"author":[{"embeddable":true,"href":"https:\/\/www.youronlinechoices.com\/it\/wp-json\/wp\/v2\/users\/3"}],"replies":[{"embeddable":true,"href":"https:\/\/www.youronlinechoices.com\/it\/wp-json\/wp\/v2\/comments?post=47"}],"version-history":[{"count":34,"href":"https:\/\/www.youronlinechoices.com\/it\/wp-json\/wp\/v2\/pages\/47\/revisions"}],"predecessor-version":[{"id":370,"href":"https:\/\/www.youronlinechoices.com\/it\/wp-json\/wp\/v2\/pages\/47\/revisions\/370"}],"wp:attachment":[{"href":"https:\/\/www.youronlinechoices.com\/it\/wp-json\/wp\/v2\/media?parent=47"}],"curies":[{"name":"wp","href":"https:\/\/api.w.org\/{rel}","templated":true}]}}