{"id":261,"date":"2014-12-11T13:00:37","date_gmt":"2014-12-11T13:00:37","guid":{"rendered":"https:\/\/www.youronlinechoices.com\/it\/?page_id=261"},"modified":"2020-02-27T01:09:22","modified_gmt":"2020-02-27T01:09:22","slug":"condizioni-generali-di-servizio","status":"publish","type":"page","link":"https:\/\/www.youronlinechoices.com\/it\/condizioni-generali-di-servizio","title":{"rendered":"Termini e condizioni"},"content":{"rendered":"<p><strong>Termini e condizioni generali<\/strong><\/p>\n<p>&nbsp;<\/p>\n<p>I seguenti termini e condizioni disciplinano il rapporto tra voi e EDAA durante l\u2019utilizzo del sito internet YourOnlineChoices o l\u2019accettazione del cookie di preferenza dello stesso.<\/p>\n<p>&nbsp;<\/p>\n<p>EDAA \u00e8 un\u2019associazione no-profit (AiSBL) con sede a Bruxelles iscritta al registro delle imprese con il numero BE 0846.790.105. La nostra sede legale \u00e8 presso <em>Rue des Deux Eglises<\/em> 26 | 1000 Bruxelles.<\/p>\n<p>&nbsp;<\/p>\n<p>Il sito web YourOnlineChoices \u00e8 disponibile al link <a href=\"https:\/\/www.youronlinechoices.eu\">www.youronlinechoices.eu<\/a>, <a href=\"https:\/\/www.youronlinechoices.com\">https:\/\/www.youronlinechoices.com<\/a>, <a href=\"https:\/\/www.youronlinechoices.com\">www.youronlinechoices.eu\/uk\/<\/a> e <a href=\"https:\/\/www.youronlinechoices.com\">www.youronlinechoices.com\/uk\/<\/a>. \u00c9 possibile visitare il sito internet YourOnlineChoices tramite un link di un sito web di terzi o mediante icona OBA. L\u2019icona OBA si presenta cos\u00ec \u00a0<a href=\"https:\/\/www.youronlinechoices.com\/uk\/protecting-your-privacy\/oba-icon\" rel=\"attachment wp-att-757\"><img loading=\"lazy\" class=\"alignnone  wp-image-757\" title=\"OBA-icon\" src=\"https:\/\/www.youronlinechoices.com\/uk\/wp-content\/uploads\/2010\/11\/OBA-icon-300x300.jpg\" alt=\"\" width=\"38\" height=\"38\" \/><\/a> e si visualizza frequentemente all\u2019interno o intorno alla pubblicit\u00e0 visibile sulle pagine web.<\/p>\n<p>&nbsp;<\/p>\n<p>All\u2019interno delle presenti clausole si far\u00e0 riferimento a EDAA con la prima persona plurale e con la seconda persona plurale a voi utenti o qualsivoglia altro soggetto che acceda al sito web YourOnlineChoices o che compia una scelta in merito alla pubblicit\u00e0 comportamentale online mediante la piattaforma di scelta dell\u2019utente su YourOnlineChoices attraverso il proprio browser o strumento, o che accetti (in caso di imprese) un cookie di preferenza attraverso la scelta del visitatore.<\/p>\n<p>&nbsp;<\/p>\n<p>Si invita a rivedere la nostra informativa sulla privacy <a href=\"https:\/\/www.youronlinechoices.com\/uk\/protecting-your-privacy\">https:\/\/www.youronlinechoices.com\/uk\/protecting-your-privacy<\/a> che si applicher\u00e0 come parte dei presenti termini e condizioni generali.<\/p>\n<p>&nbsp;<\/p>\n<p><strong>Le vostre preferenze YouronlineChoices<\/strong><\/p>\n<p>&nbsp;<\/p>\n<p>Una funzione chiave del sito online Youronlinechoices consiste nel fornire alle societ\u00e0 partecipanti le vostre preferenze in relazione alla pubblicit\u00e0 comportamentale online. Prendiamo atto delle vostre preferenze e le trasmettiamo alle reti pubblicitarie o alle aziende associate partecipanti elencate alla pagina della piattaforma YourOnlineChoices <a href=\"https:\/\/www.youronlinechoices.com\/uk\/your-ad-choices\">https:\/\/www.youronlinechoices.com\/uk\/your-ad-choices<\/a>.<\/p>\n<p>&nbsp;<\/p>\n<p>Al fine di utilizzare il sito web YourOnlineChoices \u00e8 necessario che ogni societ\u00e0 partecipante installi un cookie sul vostro web browser, il cookie di preferenza, al fine di poterci ricordare le vostre scelte. I dettagli sui cookie sono disponibili all\u2019interno della nostra informativa della privacy <a href=\"https:\/\/www.youronlinechoices.com\/uk\/protecting-your-privacy\">https:\/\/www.youronlinechoices.com\/uk\/protecting-your-privacy<\/a>. Nel caso in cui utilizziate il sito web YouronlineChoices da un diverso computer o web browser, o svuotiate\/eliminiate i cookie, non saremo pi\u00f9 in grado di ricordare le vostre preferenze e dovrete tornare al sito web YourOnlineChoices al fine di poterle selezionare. Inoltre il sito web YourOnlineChoices non funzioner\u00e0 correttamente nel caso in cui il browser sia impostato per bloccare i cookie, dato che le vostre preferenze non si possono salvare senza l\u2019utilizzo del cookie di preferenza.<\/p>\n<p>&nbsp;<\/p>\n<p>Nonostante l\u2019utilizzo da parte nostra di iniziative commerciali ragionevoli per trasmettere le vostre preferenze espresse sul sito web YourOnlineChoices alle societ\u00e0 di rilievo elencate nel sito al momento della vostra scelta, il sito web YourOnlineChoices \u00e8 fornito \u201ccos\u00ec come \u00e8\u201d e \u201ccome disponibile\u201d, e non vi \u00e8 alcuna nostra dichiarazione, garanzia, clausola, o qualsivoglia altro termine che le vostre scelte rimarranno efficaci. Qualora le vostre selezioni non risultino efficaci potete presentare un reclamo e chiedere un risarcimento mediante il sito web <a href=\"https:\/\/www.youronlinechoices.com\/de\/beschwerde\/\">https:\/\/www.youronlinechoices.com\/uk\/make-a-complaint<\/a>.<\/p>\n<p>&nbsp;<\/p>\n<p><strong>Le vostre obbligazioni<\/strong><\/p>\n<p>&nbsp;<\/p>\n<p>Ci si aspetta da parte vostra un comportamento corretto e un utilizzo del sito web YourOnlineChoices in conformit\u00e0 a tutte le leggi applicabili e alle normative che ci aspetta da un singolo individuo ragionevole, responsabile e attento.<\/p>\n<p>&nbsp;<\/p>\n<p>\u00c9 vietato l\u2019utilizzo del sito web YourOnlineChoices n\u00e9 tanto meno si consente il suo utilizzo per:<\/p>\n<p>(a)\u00a0\u00a0 attivit\u00e0 illegali, o commissione di reati e\/o altre attivit\u00e0;<\/p>\n<p>&nbsp;<\/p>\n<p>(b)\u00a0\u00a0 qualsiasi altra forma di comunicazione di natura illegale, inopportuna, oscena, indecente, diffamatoria, che costituisce una minaccia, oltraggiosa, indesiderata o non richiesta, che arrechi disturbo, sofferenza, ansia o che violi l\u2019ordine pubblico e\/o la pubblica decenza o qualsiasi normativa applicabile relativa all\u2019odio razziale;<\/p>\n<p>&nbsp;<\/p>\n<p>(c)\u00a0\u00a0 qualsiasi attivit\u00e0 che possa violare la privacy o il diritto di protezione dei dati degli altri clienti\/abbonati o di terzi; e<\/p>\n<p>&nbsp;<\/p>\n<p>(d)\u00a0\u00a0 la diffusione di virus o altri malware che possano distruggere le comunicazioni o la memorizzazione di dati o arrecare un danno o la distruzione del sito web YourOnlineChoices o limitare o pregiudicare l\u2019utilizzo o la capacit\u00e0 del sito da parte degli altri utenti o di terzi, compreso l\u2019inutile sovraccarico del sito web attraverso flussi di dati enormi e non giustificati (pratiche di flooding, spamming, etc.)<\/p>\n<p>&nbsp;<\/p>\n<p>Vi impegnate a rispettare i diritti di propriet\u00e0 intellettuale, compreso, a mero titolo esemplificativo e non esaustivo, i diritti d\u2019autore, i marchi, i brevetti, i diritti di disegno e la legislazione in materia di banche dati) di nostra propriet\u00e0 o dei nostri licenzianti.<\/p>\n<p>&nbsp;<\/p>\n<p>Siete tenuti a a risarcirci e tenerci indenni su richiesta da responsabilit\u00e0, danno, costo o pretesa (compresi i costi e le spese legali ragionevoli) determinati, derivanti da qualsiasi vostra violazione delle obbligazioni nel presente Articolo.<\/p>\n<p>&nbsp;<\/p>\n<p>Qualora riscontriate da parte del sito web YourOnlineChoices la violazione dei vostri diritti di propriet\u00e0 intellettuale, dei diritti di propriet\u00e0 o qualsivoglia altro diritto, \u00e8 prevista da parte vostra una tempestiva comunicazione tramite i contatti forniti di cui infra.<\/p>\n<p>&nbsp;<\/p>\n<p><strong>Link<\/strong><\/p>\n<p>&nbsp;<\/p>\n<p>Alcuni link sul sito web YourOnlineChoices consentono di connettersi a siti web che non sono sotto il nostro controllo. EDAA fornisce i presenti link al solo fine di agevolare gli utenti. La comparsa di un link non implica l\u2019approvazione da parte di EDAA, n\u00e9 tanto meno la responsabilit\u00e0 della stessa per i contenuti di qualsiasi sito web connesso. L\u2019accesso agli stessi \u00e8 interamente a vostro rischio.<\/p>\n<p>&nbsp;<\/p>\n<p><strong>Limitazioni ed esclusioni di responsabilit\u00e0<\/strong><\/p>\n<p>&nbsp;<\/p>\n<p>EDAA rifiuta espressamente qualsiasi ulteriore dichiarazione, garanzia, clausola o altro termine implicito o meno, per disposizione legislativa, collaterale o di altra natura, a mero titolo esemplificativo e non esaustivo, clausole implicite di minore importanza, clausole di maggiore importanza o qualsiasi clausola relativa alla qualit\u00e0 soddisfacente, l\u2019adeguatezza per una specifica finalit\u00e0 e la ragionevole attenzione e diligenza.<\/p>\n<p>&nbsp;<\/p>\n<p>Fatto salvo quanto disposto in precedenza, EDAA declina ogni responsabilit\u00e0 e non dovr\u00e0 ritenersi responsabile per contratto, in caso di illecito di natura extra-contrattuale (compreso a mero titolo esemplificativo e non esaustivo, una condotta colposa), obblighi giuridici o altre dichiarazioni (diverse dalle false dichiarazioni) o diversamente rilevanti o in connessione con il sito web YourOnlineChoices e le presenti clausole contrattuali per: (a) i danni indiretti o lucro cessante, qualsiasi perdita di avviamento o reputazione; o (c) qualsiasi perdita economica (comprese la perdita di fatturato, dei guadagni, dei contratti, degli affari o dei risparmi previsti), in ogni caso se avvisata della possibilit\u00e0 di tale perdita o danno e che sia ad ogni modo sostenuto.<\/p>\n<p>&nbsp;<\/p>\n<p>Fatto salvo quanto disposto in precedenza, la massima responsabilit\u00e0 in capo a EDAA nel contratto, nell\u2019illecito civile di natura extracontrattuale (compreso a mero titolo esemplificativo e non esaustivo la condotta colposa) obblighi giuridici, frasi precontrattuali o altre dichiarazioni ( diverse dalle false dichiarazioni) o altrimenti derivanti e in relazione al presente Contratto e a ciascuna delle parti dello stesso, compresa la sottoscrizione e l\u2019adempimento, dovr\u00e0 limitarsi a 5 Euro, in relazione a uno o pi\u00f9 eventi o serie di eventi (connessi o meno) che si verifichino nel corso di un periodo di dodici mesi.<\/p>\n<p>&nbsp;<\/p>\n<p>Nel presente contratto nessun elemento esclude o limita la responsabilit\u00e0 in caso di morte o lesioni personali imputabili alla negligenza delle parti o dei rappresentanti delle stesse o dei lavoratori dipendenti che agiscono nell\u2019esercizio delle proprie funzioni o che escludono o limitano la responsabilit\u00e0 di una parte che potrebbe essere soggetta alla legge applicabile.<\/p>\n<p>&nbsp;<\/p>\n<p><strong>Condizioni generali <\/strong><\/p>\n<p>&nbsp;<\/p>\n<p><em><strong>Forza maggiore:<\/strong><\/em><em> per caso di forza maggiore si intende qualsiasi evento che esuli dalla nostra sfera di controllo. Nel caso in cui una causa di forza maggiore provochi il mancato o ritardato adempimento delle nostre obbligazioni in base ai presenti termini e condizioni, tali obbligazioni saranno sospese per la durata del caso di forza maggiore.<\/em><\/p>\n<p>&nbsp;<\/p>\n<p><em><strong>Cessione e subappalto: <\/strong><\/em><em>A nessuna delle parti \u00e8 consentita la cessione, il trasferimento o la concessione in licenza integrale o parziale dei vostri diritti e\/o obblighi in base ai presenti termini e condizioni.<\/em><\/p>\n<p>&nbsp;<\/p>\n<p><em><strong>Rapporti:<\/strong><\/em><em> Nessun elemento dei presenti termini e condizioni generali dovr\u00e0 ritenersi costituire una societ\u00e0 di persone o una joint venture o di un contratto di lavoro subordinato di qualsiasi tipo tra le parti n\u00e9 tanto meno concedere un potere non espressamente previsto nei termini e condizioni o creare un\u2019agenzia tra voi e noi.<\/em><\/p>\n<p>&nbsp;<\/p>\n<p><em>\u00a0<strong>Clausola di esaustivit\u00e0:<\/strong> confermate che i presenti termini e condizioni rappresentano la totalit\u00e0 delle pattuizioni e delle intese tra le parti e sostituiscono qualsiasi precedente accordo o dichiarazione tra le stesse in merito all\u2019oggetto dei termini e condizioni generali. Confermate di non esservi basati su alcuna affermazione, dichiarazione o intesa che non sia una clausola fra quelle presenti e che non si esperir\u00e0 alcun rimedio in merito a qualsiasi affermazione, dichiarazione o intesa che non sia una clausola esplicita, fatto salvo il caso in cui sia stata emessa in modo fraudolento. <\/em><\/p>\n<p>&nbsp;<\/p>\n<p><em><strong>Rinuncia:<\/strong><\/em><em> Il mancato o tardato esercizio di un diritto o l\u2019esperimento di un rimedio ad opera delle parti in base alle presenti clausole, non costituir\u00e0 la rinuncia all\u2019esercizio di tale diritto o esperimento di tale rimedio n\u00e9 tanto meno l \u2019esercizio integrale o parziale da parte nostra di un diritto, potere o l\u2019esperimento di un rimedio precluder\u00e0 l\u2019ulteriore esercizio degli stessi.<\/em><\/p>\n<p>&nbsp;<\/p>\n<p><em><strong>Divisibilit\u00e0: <\/strong><\/em><em>Nella misura in cui una disposizione dei presenti termini e condizioni sia ritenuta in seguito alla pronuncia del giudice nulla, illecita o non azionabile in giudizio in qualsiasi giurisdizione, la stessa non si considerer\u00e0 una parte dei presenti termini e condizioni, n\u00e9 tanto meno pregiudicher\u00e0 la validit\u00e0, liceit\u00e0 o azionabilit\u00e0 in giudizio delle disposizioni delle stesse n\u00e9 pregiudicher\u00e0 la validit\u00e0, liceit\u00e0 o azionabilit\u00e0 in giudizio della stessa previsione in qualsivoglia altro foro competente.<\/em><\/p>\n<p>&nbsp;<\/p>\n<p><em><strong>Termini essenziali: <\/strong><\/em><em>Il tempo non costituir\u00e0 un termine essenziale fatto salvo il caso in cui la applicazione dello stesso sia espressamente indicata.<\/em><\/p>\n<p>&nbsp;<\/p>\n<p><em><strong>Diritti di terzi: <\/strong><\/em><em>Nessuno dei presenti termini e condizioni costituisce o conferisce diritti o vantaggi ai sensi del Contracts Act (diritti di terzi) del 1999 o altrimenti a favore di qualsivoglia individuo diverso dalle parti dei presenti termini e condizioni.<\/em><\/p>\n<p>&nbsp;<\/p>\n<p><em><strong>Miscellanee:<\/strong><\/em><em> I diritti o rimedi delle parti in base ai presenti termini e condizioni sono cumulativi congiuntamente ai diritti e rimedi disposti dalla legge. Qualsiasi variazione dei presenti termini e condizioni deve essere in forma scritta e convenuta dalle parti. I presenti termini e condizioni possono essere perfezionati con gli originali o tramite formato elettronico.<\/em><\/p>\n<p>&nbsp;<\/p>\n<p><em><strong>Legge applicabile:<\/strong><\/em><em> I presenti termini e condizioni dovranno essere interpretati in conformit\u00e0 al diritto del Belgio e le parti con il presente accettano irrevocabilmente che il foro di Bruxelles non sar\u00e0 competente in via esclusiva.<\/em><\/p>\n<p>&nbsp;<\/p>\n<p><strong>Disposizioni finali<\/strong><\/p>\n<p>&nbsp;<\/p>\n<p><strong>La nostra politica dei reclami<\/strong><\/p>\n<p>&nbsp;<\/p>\n<p>Ci impegniamo a risolvere qualsivoglia problema riportato e al quale siamo in grado di far fronte nel minor tempo possibile. Qualora non vi riteniate soddisfatti della risposta tempestiva o della soluzione offerta, si prega di contattarci all\u2019indirizzo di cui infra.<\/p>\n<p>&nbsp;<\/p>\n<p><strong>Per contattarci<\/strong><\/p>\n<p>&nbsp;<\/p>\n<p>Per maggiori informazioni o in caso di domande relative <em>ai presenti termini e condizioni <\/em>si prega di contattare EDAA tramite email al seguente indirizzo: privacy@edaa.eu<\/p>\n<p>&nbsp;<\/p>\n<p>Siamo la European Interactive Digital Advertising Alliance (EDAA), la nostra sede legale \u00e8 <em>Rue des Deux Eglises<\/em> 26 | 1000 Bruxelles<br \/>\nIl nostro numero di iscrizione al registro imprese \u00e8 il seguente: BE 0846.790.105<\/p>\n<p>&nbsp;<\/p>\n<p>Il nostro numero di partita IVA \u00e8 il seguente: BE 0846.790.105<\/p>\n<p>&nbsp;<\/p>\n","protected":false},"excerpt":{"rendered":"<p>Termini e condizioni generali &nbsp; I seguenti termini e condizioni disciplinano il rapporto tra voi e EDAA durante l\u2019utilizzo del sito internet YourOnlineChoices o l\u2019accettazione del cookie di preferenza dello stesso. &nbsp; EDAA \u00e8 un\u2019associazione no-profit (AiSBL) con sede a Bruxelles iscritta al registro delle imprese con il numero BE 0846.790.105. La nostra sede legale [&hellip;]<\/p>\n","protected":false},"author":3,"featured_media":0,"parent":0,"menu_order":0,"comment_status":"closed","ping_status":"open","template":"","meta":[],"_links":{"self":[{"href":"https:\/\/www.youronlinechoices.com\/it\/wp-json\/wp\/v2\/pages\/261"}],"collection":[{"href":"https:\/\/www.youronlinechoices.com\/it\/wp-json\/wp\/v2\/pages"}],"about":[{"href":"https:\/\/www.youronlinechoices.com\/it\/wp-json\/wp\/v2\/types\/page"}],"author":[{"embeddable":true,"href":"https:\/\/www.youronlinechoices.com\/it\/wp-json\/wp\/v2\/users\/3"}],"replies":[{"embeddable":true,"href":"https:\/\/www.youronlinechoices.com\/it\/wp-json\/wp\/v2\/comments?post=261"}],"version-history":[{"count":10,"href":"https:\/\/www.youronlinechoices.com\/it\/wp-json\/wp\/v2\/pages\/261\/revisions"}],"predecessor-version":[{"id":355,"href":"https:\/\/www.youronlinechoices.com\/it\/wp-json\/wp\/v2\/pages\/261\/revisions\/355"}],"wp:attachment":[{"href":"https:\/\/www.youronlinechoices.com\/it\/wp-json\/wp\/v2\/media?parent=261"}],"curies":[{"name":"wp","href":"https:\/\/api.w.org\/{rel}","templated":true}]}}