{"id":173,"date":"2011-04-20T14:04:00","date_gmt":"2011-04-20T14:04:00","guid":{"rendered":"https:\/\/www.youronlinechoices.com\/it\/"},"modified":"2026-01-12T18:51:19","modified_gmt":"2026-01-12T18:51:19","slug":"help","status":"publish","type":"page","link":"https:\/\/www.youronlinechoices.com\/it\/help","title":{"rendered":"Help"},"content":{"rendered":"<p><strong><span>Ecco alcune cose che devi sapere sull\u2019<\/span><\/strong><strong>opt out &#8230;<\/strong><\/p>\n<ul>\n<li>&#8211; Se scegli di disattivare la pubblicit\u00e0 basata sugli interessi utilizzando la <a href=\"https:\/\/www.youronlinechoices.com\/it\/le-tue-scelte\" data-wplink-url-error=\"true\"><span>pagina di disattivazione<\/span><\/a>, non dimenticare che ci\u00f2 non significa che non riceverai pi\u00f9 pubblicit\u00e0 quando utilizzi Internet. Tuttavia, significa che la pubblicit\u00e0 che vedi visualizzata sui siti che visiti non sar\u00e0 adattata ai tuoi interessi e potrebbe essere meno rilevante per te.<\/li>\n<li>&#8211; Se scegli di rinunciare a un particolare fornitore di pubblicit\u00e0 basata sugli interessi, questo si applicher\u00e0 solo alla raccolta dei dati di quella particolare azienda e all&#8217;utilizzo per scopi pubblicitari basati sugli interessi sul browser che stai utilizzando. Allo stesso modo, se scegli di disattivare tutta la pubblicit\u00e0 basata sugli interessi da parte dei fornitori elencati, si applicher\u00e0 solo al <a href=\"\/it\/glossario\"><span>browser<\/span><\/a> che stai utilizzando. <strong>Dovrai seguire la stessa procedura su ogni browser che utilizzi sullo stesso e\/o su computer o dispositivi diversi.<\/strong>\u00a0Tieni presente che se ci sono account utente separati su un computer all&#8217;interno di una famiglia, puoi adattare le tue preferenze a ciascun account.\u00a0<span><a href=\"\/it\/cinque-principali-accorgimenti\">Consulta i nostri cinque accorgimenti principali<\/a><\/span><strong>.<\/strong><\/li>\n<li>&#8211; Se hai disattivato la pubblicit\u00e0 basata sugli interessi e in un secondo momento decidi che preferiresti ricevere pubblicit\u00e0 pertinente ai tuoi interessi, puoi attivare lo stesso modulo nella nostra <a href=\"\/it\/le-tue-scelte\"><span>pagina di disattivazione<\/span><\/a>.\u00a0In alternativa, puoi eliminare i cookie dal tuo browser.<span><a href=\"\/it\/cinque-principali-accorgimenti\">Consulta i nostri cinque accorgimenti principali per eseguire questa operazione.<\/a><\/span><\/li>\n<li>&#8211; In caso di problemi particolari o ricorrenti con l&#8217;utilizzo della nostra pagina di disattivazione, vedere di seguito.<\/li>\n<\/ul>\n<p><span>\u00a0<\/span><\/p>\n<p><strong><span>Hai difficolt\u00e0 a utilizzare lo strumento delle preferenze su questo sito?<\/span><\/strong><\/p>\n<ul>\n<li>&#8211; Numerosi fattori che potrebbero influire sulle prestazioni della pagina di disattivazione sono al di fuori del nostro controllo.Questi includono problemi con la connessione Internet, la sicurezza della rete aziendale o le impostazioni del browser.<\/li>\n<li>&#8211; Se riscontri problemi durante l&#8217;opt out utilizzando i link che abbiamo fornito su questo sito, ti suggeriamo di <a href=\"\/it\/le-tue-scelte\"><span>riprovare<\/span><\/a><span>.<\/span><\/li>\n<\/ul>\n<p><span>\u00a0<\/span><\/p>\n<p><span><strong>Se il problema persiste, vedere di seguito.<\/strong><\/span><\/p>\n<ul>\n<li><span>&#8211; I vari <\/span><span><strong>strumenti di disattivazione forniti sono basati sui cookie.<\/strong><\/span><span> Se il tuo browser non accetta i cookie di terze parti, non sarai in grado di utilizzare gli strumenti di preferenza forniti su questa piattaforma. Pertanto, il tuo browser web deve accettare i cookie di terze parti affinch<\/span><span>\u00e9 <\/span><span>l&#8217;opt out funzioni correttamente. Visita<\/span><a href=\"\/it\/cinque-principali-accorgimenti\"><span> i nostri cinque accorgimenti principali<\/span><\/a><span> per saperne di pi\u00f9 sull&#8217;impostazione delle impostazioni sulla privacy nel browser che stai utilizzando.<\/span><\/li>\n<li><span>&#8211; Per maggiori informazioni e supporto puoi anche visitare la pagina della guida specifica del browser che stai utilizzando: <a href=\"https:\/\/support.mozilla.org\/it\/products\/firefox\/privacy-and-security\" target=\"_blank\" rel=\"noopener noreferrer\">Firefox<\/a>,\u00a0<\/span><a href=\"https:\/\/support.apple.com\/it-it\/guide\/safari\/sfri35610\/mac\" target=\"_blank\" rel=\"noopener noreferrer\"><span>Safari<\/span><\/a><span>\u00a0e\u00a0<a href=\"https:\/\/support.google.com\/chrome\/answer\/95647?hl=it\" target=\"_blank\" rel=\"noopener noreferrer\">Chrome<\/a><\/span><\/li>\n<li><span>&#8211; Se il problema persiste, consulta le nostre <\/span><a href=\"\/it\/faqs\"><span>Domande frequenti<\/span><\/a><span> o contattaci qui.<\/span><\/li>\n<\/ul>\n","protected":false},"excerpt":{"rendered":"<p>Ecco alcune cose che devi sapere sull\u2019opt out &#8230; &#8211; Se scegli di disattivare la pubblicit\u00e0 basata sugli interessi utilizzando la pagina di disattivazione, non dimenticare che ci\u00f2 non significa che non riceverai pi\u00f9 pubblicit\u00e0 quando utilizzi Internet. Tuttavia, significa che la pubblicit\u00e0 che vedi visualizzata sui siti che visiti non sar\u00e0 adattata ai tuoi [&hellip;]<\/p>\n","protected":false},"author":3,"featured_media":0,"parent":0,"menu_order":6,"comment_status":"closed","ping_status":"closed","template":"","meta":[],"_links":{"self":[{"href":"https:\/\/www.youronlinechoices.com\/it\/wp-json\/wp\/v2\/pages\/173"}],"collection":[{"href":"https:\/\/www.youronlinechoices.com\/it\/wp-json\/wp\/v2\/pages"}],"about":[{"href":"https:\/\/www.youronlinechoices.com\/it\/wp-json\/wp\/v2\/types\/page"}],"author":[{"embeddable":true,"href":"https:\/\/www.youronlinechoices.com\/it\/wp-json\/wp\/v2\/users\/3"}],"replies":[{"embeddable":true,"href":"https:\/\/www.youronlinechoices.com\/it\/wp-json\/wp\/v2\/comments?post=173"}],"version-history":[{"count":20,"href":"https:\/\/www.youronlinechoices.com\/it\/wp-json\/wp\/v2\/pages\/173\/revisions"}],"predecessor-version":[{"id":404,"href":"https:\/\/www.youronlinechoices.com\/it\/wp-json\/wp\/v2\/pages\/173\/revisions\/404"}],"wp:attachment":[{"href":"https:\/\/www.youronlinechoices.com\/it\/wp-json\/wp\/v2\/media?parent=173"}],"curies":[{"name":"wp","href":"https:\/\/api.w.org\/{rel}","templated":true}]}}