{"id":154,"date":"2011-01-09T20:40:46","date_gmt":"2011-01-09T20:40:46","guid":{"rendered":"https:\/\/www.youronlinechoices.com\/it"},"modified":"2020-12-04T11:02:23","modified_gmt":"2020-12-04T11:02:23","slug":"le-tue-scelte","status":"publish","type":"page","link":"https:\/\/www.youronlinechoices.com\/it\/le-tue-scelte","title":{"rendered":"Le tue scelte"},"content":{"rendered":"<div class=\"mb10\">\n<p><span>Le societ\u00e0 elencate di seguito sono alcuni dei fornitori che lavorano con i siti Web per raccogliere e utilizzare le informazioni per fornire pubblicit\u00e0 basata sugli interessi.<\/span><\/p>\n<p><span>Utilizza i pulsanti di seguito per controllare le tue preferenze sulla pubblicit\u00e0 basata sugli interessi. Puoi disattivare o attivare tutte le aziende o in alternativa impostare le tue preferenze per quelle individuali. Facendo clic sul pulsante di espansione \u00e8 possibile ottenere ulteriori informazioni sulla societ\u00e0 stessa e sullo stato della pubblicit\u00e0 basata sugli interessi sul browser Web che si sta utilizzando. In caso di problemi, visita la nostra <\/span><span><a href=\"\/it\/help\">pagina di aiuto<\/a><\/span><span>.<\/span><\/p>\n<\/div>\n<div class=\"liteyellowbg p10\">\n<div class=\"bbsolid bcdarkyellow pb10 mb10\">\n<div class=\"fleft pt10 pl5 pr10\"><img class=\"block attention\" src=\"https:\/\/www.youronlinechoices.com\/images\/pixel.png\" alt=\"\" \/><\/div>\n<div class=\"fleft w90\">Nota: questo non disattiva tutta la pubblicit\u00e0 su Internet, ma solo gli annunci personalizzati in base ai tuoi probabili interessi basati sulla precedente attivit\u00e0 di navigazione sul Web. <a class=\"block mt5\" href=\"\/it\/help\">Ulteriori informazioni sul processo.<\/a><\/div>\n<\/div>\n<div class=\"pl40 pt10 pb10\">\n<p><strong class=\"block mb5\">Significato delle icone:<\/strong><\/p>\n<div>\n<div class=\"block mb10\"><img class=\"iblock mr5 legend nocookie vamiddle\" src=\"https:\/\/www.youronlinechoices.com\/images\/pixel.png\" alt=\"\" \/><span class=\"iblock w530 vamiddle\">Questa azienda non ha precedentemente fornito annunci basati sugli interessi al tuo browser, ma potrebbe fornire in futuro annunci personalizzati in base ai tuoi interessi.<\/span><\/div>\n<div class=\"block mb10\"><img class=\"iblock vamiddle mr5 legend on\" src=\"https:\/\/www.youronlinechoices.com\/images\/pixel.png\" alt=\"\" \/><span class=\"iblock w530 vamiddle\">Questa azienda sta raccogliendo\/utilizzando dati che possono essere utilizzati per fornire annunci personalizzati in base ai tuoi interessi.<\/span><\/div>\n<div class=\"block mb10\"><img class=\"iblock vamiddle mr5 legend off\" src=\"https:\/\/www.youronlinechoices.com\/images\/pixel.png\" alt=\"\" \/><span class=\"iblock w530 vamiddle\">Questa azienda non raccoglie dati che possono essere utilizzati per fornire annunci personalizzati in base ai tuoi interessi.<\/span><\/div>\n<div class=\"block\"><img class=\"iblock vamiddle mr5 legend noconnection\" src=\"https:\/\/www.youronlinechoices.com\/images\/pixel.png\" alt=\"\" \/><span class=\"iblock w530 vamiddle\">Questa azienda sta riscontrando problemi tecnici e non possiamo recuperare il tuo stato.<\/span><\/div>\n<\/div>\n<\/div>\n<\/div>\n<div>\n<p><iframe loading=\"lazy\" id=\"myiframeid\" src=\"https:\/\/www.youronlinechoices.com\/opt_out_interface_v2?lang=it\" name=\"myiframeid\" width=\"100%\" height=\"3700\" frameborder=\"0\" scrolling=\"no\"><\/iframe><\/p>\n<div id=\"loadingLoad\">\n<div class=\"reloadButtons\">aaa<\/div>\n<p><span id=\"loadingLoadText\">Collecting your status from 0 companies.This may take a while&#8230;<\/span><\/p>\n<\/div>\n<\/div>\n","protected":false},"excerpt":{"rendered":"<p>Le societ\u00e0 elencate di seguito sono alcuni dei fornitori che lavorano con i siti Web per raccogliere e utilizzare le informazioni per fornire pubblicit\u00e0 basata sugli interessi. Utilizza i pulsanti di seguito per controllare le tue preferenze sulla pubblicit\u00e0 basata sugli interessi. Puoi disattivare o attivare tutte le aziende o in alternativa impostare le tue [&hellip;]<\/p>\n","protected":false},"author":3,"featured_media":0,"parent":0,"menu_order":3,"comment_status":"closed","ping_status":"closed","template":"","meta":[],"_links":{"self":[{"href":"https:\/\/www.youronlinechoices.com\/it\/wp-json\/wp\/v2\/pages\/154"}],"collection":[{"href":"https:\/\/www.youronlinechoices.com\/it\/wp-json\/wp\/v2\/pages"}],"about":[{"href":"https:\/\/www.youronlinechoices.com\/it\/wp-json\/wp\/v2\/types\/page"}],"author":[{"embeddable":true,"href":"https:\/\/www.youronlinechoices.com\/it\/wp-json\/wp\/v2\/users\/3"}],"replies":[{"embeddable":true,"href":"https:\/\/www.youronlinechoices.com\/it\/wp-json\/wp\/v2\/comments?post=154"}],"version-history":[{"count":20,"href":"https:\/\/www.youronlinechoices.com\/it\/wp-json\/wp\/v2\/pages\/154\/revisions"}],"predecessor-version":[{"id":368,"href":"https:\/\/www.youronlinechoices.com\/it\/wp-json\/wp\/v2\/pages\/154\/revisions\/368"}],"wp:attachment":[{"href":"https:\/\/www.youronlinechoices.com\/it\/wp-json\/wp\/v2\/media?parent=154"}],"curies":[{"name":"wp","href":"https:\/\/api.w.org\/{rel}","templated":true}]}}