{"id":575,"date":"2013-06-11T11:35:23","date_gmt":"2013-06-11T11:35:23","guid":{"rendered":"https:\/\/www.youronlinechoices.com\/uk\/?page_id=575"},"modified":"2020-02-27T00:45:20","modified_gmt":"2020-02-27T00:45:20","slug":"terms-conditions","status":"publish","type":"page","link":"https:\/\/www.youronlinechoices.com\/is\/terms-conditions\/","title":{"rendered":"Skilm\u00e1lar og skilyr\u00f0i"},"content":{"rendered":"<p><strong>Almennir skilm\u00e1lar og skilyr\u00f0i<\/strong><\/p>\n<p>&nbsp;<\/p>\n<p>Undir \u00feessa skilm\u00e1la og skilyr\u00f0i heyra samskipti \u00fe\u00edn og EDAA og notkun \u00fe\u00edn \u00e1 vefsv\u00e6\u00f0inu YourOnlineChoices e\u00f0a sam\u00feykki \u00feitt \u00e1 valfrj\u00e1lsri vefk\u00f6ku YourOnlineChoices.<\/p>\n<p>&nbsp;<\/p>\n<p>EDAA er f\u00e9lag sem er ekki reki\u00f0 \u00ed \u00e1g\u00f3\u00f0askyni (AiSBL) og er skr\u00e1\u00f0 \u00ed Brussels undir fyrirt\u00e6kjan\u00famerinu BE 0846.790.105. Skr\u00e1\u00f0 a\u00f0setur fyrirt\u00e6kisins er Rue des Deux Eglises 26 | 1000 Brussels.<\/p>\n<p>&nbsp;<\/p>\n<p>Vefsv\u00e6\u00f0i\u00f0 YourOnlineChoices er tilt\u00e6kt \u00e1 <a href=\"https:\/\/www.youronlinechoices.eu\/\">www.youronlinechoices.eu<\/a>, <a href=\"https:\/\/www.youronlinechoices.com\/\">https:\/\/www.youronlinechoices.com<\/a>, <a href=\"https:\/\/www.youronlinechoices.eu\/uk\">www.youronlinechoices.eu\/uk\/<\/a> og<a href=\"https:\/\/www.youronlinechoices.com\/uk\/\">www.youronlinechoices.com\/uk\/<\/a>. \u00de\u00fa getur fari\u00f0 \u00e1 vefsv\u00e6\u00f0i\u00f0 \u00ed gegnum tengil \u00e1 vefsv\u00e6\u00f0i \u00feri\u00f0ja a\u00f0ila e\u00f0a \u00ed gegnum OBA-t\u00e1kni\u00f0.\u00a0 OBA-t\u00e1kni\u00f0 l\u00edtur svona \u00fat <a href=\"https:\/\/www.youronlinechoices.com\/uk\/protecting-your-privacy\/oba-icon\" rel=\"attachment wp-att-757\"><img loading=\"lazy\" class=\"alignnone  wp-image-757\" title=\"OBA-icon\" src=\"https:\/\/www.youronlinechoices.com\/uk\/wp-content\/uploads\/2010\/11\/OBA-icon-300x300.jpg\" alt=\"\" width=\"38\" height=\"38\" \/><\/a>\u00a0og \u00fe\u00fa getur oft \u00e1 t\u00ed\u00f0um rekist \u00e1 \u00fea\u00f0 \u00ed e\u00f0a \u00ed kringum augl\u00fdsingar \u00e1 vefsv\u00e6\u00f0um.<\/p>\n<p>&nbsp;<\/p>\n<p>\u00cd skilm\u00e1lum \u00feessum v\u00edsar \u201evi\u00f0\u201c e\u00f0a \u201eokkur\u201c e\u00f0a \u201eokkar\u201c til okkar, EDAA, og \u201e\u00fe\u00fa\u201c e\u00f0a \u201e\u00feig\u201c e\u00f0a \u201e\u00fe\u00e9r\u201c e\u00f0a \u201e\u00fe\u00edn\u201c til \u00fe\u00edn og allra a\u00f0ila sem nota vafrann \u00feinn e\u00f0a t\u00e6ki til a\u00f0 fara \u00e1 vefsv\u00e6\u00f0i\u00f0 YourOnlineChoices e\u00f0a til a\u00f0 merkja vi\u00f0 valkosti hva\u00f0 var\u00f0ar \u00e1hugatengdar augl\u00fdsingar \u00e1 netinu \u00ed gegnum neytendavals\u00ed\u00f0u \u00e1 YourOnlineChoices, e\u00f0a (ef um r\u00e6\u00f0ir fyrirt\u00e6ki) til a\u00f0 sam\u00feykkja valfrj\u00e1lsa vefk\u00f6ku \u00ed gegnum valkost \u00e1 vefsv\u00e6\u00f0inu.<\/p>\n<p>&nbsp;<\/p>\n<p>\u00de\u00fa getur einnig sko\u00f0a\u00f0 pers\u00f3nuverndarstefnuna okkar <a href=\"https:\/\/www.youronlinechoices.com\/uk\/protecting-your-privacy\">https:\/\/www.youronlinechoices.com\/uk\/protecting-your-privacy<\/a> sem er hluti af \u00feessum almennum skilm\u00e1lum og skilyr\u00f0um.<\/p>\n<p>&nbsp;<\/p>\n<p><strong>Kj\u00f6rstillingarnar \u00fe\u00ednar \u00e1 YourOnlineChoices<\/strong><\/p>\n<p>&nbsp;<\/p>\n<p>Einn a\u00f0aleiginleiki vefsv\u00e6\u00f0isins YourOnlineChoices er a\u00f0 mi\u00f0la kj\u00f6rstillingunum \u00fe\u00ednum sem tengjast heg\u00f0unarmi\u00f0u\u00f0um augl\u00fdsingum \u00e1 netinu til fyrirt\u00e6kjanna sem taka \u00fe\u00e1tt. Vi\u00f0 skr\u00e1um valkostina \u00fe\u00edna og sendum \u00fe\u00e1 til augl\u00fdsingakerfa og annarra fyrirt\u00e6kja sem taka \u00fe\u00e1tt og eru skr\u00e1\u00f0 \u00e1 s\u00ed\u00f0unni YourOnlineChoices <a href=\"https:\/\/www.youronlinechoices.com\/uk\/your-ad-choices\">https:\/\/www.youronlinechoices.com\/uk\/your-ad-choices<\/a>.<\/p>\n<p>&nbsp;<\/p>\n<p>Til a\u00f0 geta nota\u00f0 vefsv\u00e6\u00f0i\u00f0 YourOnlineChoices er nau\u00f0synlegt a\u00f0 hvert fyrirt\u00e6ki setji vefk\u00f6ku \u00ed vafrann \u00feinn, svokalla\u00f0a valk\u00f6ku, til a\u00f0 vi\u00f0 getum lagt \u00fea\u00f0 sem \u00fe\u00fa velur \u00e1 minni\u00f0. Uppl\u00fdsingar um vefk\u00f6kur er a\u00f0 finna \u00ed pers\u00f3nuverndarstefnunni https:\/\/www.youronlinechoices.com\/uk\/protecting-your-privacy. Ef \u00fe\u00fa notar vefsv\u00e6\u00f0i\u00f0 YourOnlineChoices \u00ed annarri t\u00f6lvu e\u00f0a vafra, e\u00f0a hreinsar\/ey\u00f0ir vefk\u00f6kunum, munum vi\u00f0 ekki geta muna\u00f0 valkostina \u00fe\u00edna og \u00fe\u00fa \u00fearft a\u00f0 fara aftur \u00e1 vefsv\u00e6\u00f0i\u00f0 YourOnlineChoices til a\u00f0 merkja vi\u00f0 \u00fe\u00e1 aftur. \u00deess a\u00f0 auki virkar vefsv\u00e6\u00f0i\u00f0 YourOnlineChoices ekki sem skyldi ef vafrinn \u00feinn er stilltur til a\u00f0 \u00fatiloka vefk\u00f6kur \u00fear sem ekki er h\u00e6gt a\u00f0 leggja valkostina \u00fe\u00edna \u00e1 minni\u00f0 \u00e1n valk\u00f6kunnar.<\/p>\n<p>&nbsp;<\/p>\n<p>\u00de\u00f3 svo a\u00f0 vi\u00f0 n\u00fdtum okkur h\u00f3flega vi\u00f0skiptavild til a\u00f0 senda valkostina sem \u00fe\u00fa velur \u00e1 YourOnlineChoices til vi\u00f0eigandi fyrirt\u00e6kja sem eru skr\u00e1\u00f0 \u00e1 vefsv\u00e6\u00f0inu \u00feegar \u00fe\u00fa merkir vi\u00f0 valkostina, er vefsv\u00e6\u00f0i\u00f0 YourOnlineChoices veitt \u201eeins og \u00fea\u00f0 er\u201c og \u201esamkv\u00e6mt tilt\u00e6kileika\u201c og vi\u00f0 greinum ekki fr\u00e1 \u00fev\u00ed, \u00e1byrgjumst ekki, veitum engin skilyr\u00f0i, tryggingar e\u00f0a skilm\u00e1la fyrir \u00fev\u00ed a\u00f0 valkostirnir \u00fe\u00ednir ver\u00f0i e\u00f0a haldist virkir. Ef valkostirnir \u00fe\u00ednir eru ekki virkir getur\u00f0u sent inn kv\u00f6rtun og leita\u00f0 a\u00f0 \u00farlausn \u00e1 vefsv\u00e6\u00f0inu <a href=\"https:\/\/www.youronlinechoices.com\/uk\/make-a-complaint\">https:\/\/www.youronlinechoices.com\/uk\/make-a-complaint<\/a>.<\/p>\n<p>&nbsp;<\/p>\n<p><strong>Skyldur \u00fe\u00ednar<\/strong><\/p>\n<p>&nbsp;<\/p>\n<p>\u00de\u00e9r ber skylda til a\u00f0 haga \u00fe\u00e9r og nota vefsv\u00e6\u00f0i\u00f0 YourOnlineChoices \u00ed samr\u00e6mi vi\u00f0 \u00f6ll gildandi l\u00f6g og regluger\u00f0ir og \u00e1 \u00feann m\u00e1ta sem b\u00faast m\u00e1 vi\u00f0 af skynsamlegum, \u00e1byrgum og n\u00e6rg\u00e6tnum einstaklingi.<\/p>\n<p>&nbsp;<\/p>\n<p>\u00de\u00e9r er \u00f3heimilt a\u00f0 nota vefsv\u00e6\u00f0i\u00f0 YourOnlineChoices e\u00f0a leyfa notkun vefsv\u00e6\u00f0isins YourOnlineChoices ef um r\u00e6\u00f0ir:<\/p>\n<p>(a)\u00a0\u00a0\u00a0\u00a0\u00a0\u00a0\u00a0\u00a0\u00a0\u00a0 \u00f3leyfilegar e\u00f0a \u00f3l\u00f6glegar gj\u00f6r\u00f0ir e\u00f0a til a\u00f0 fremja gl\u00e6pi og\/e\u00f0a gl\u00e6psamlegar athafnir;<\/p>\n<p>&nbsp;<\/p>\n<p>(b)\u00a0\u00a0\u00a0\u00a0\u00a0\u00a0\u00a0\u00a0\u00a0\u00a0 mi\u00f0lun sem telst \u00f3l\u00f6gleg, r\u00f6ng, kl\u00e1mfengin, \u00f3vi\u00f0eigandi, \u00e6rumei\u00f0andi, \u00f3gnandi, m\u00f3\u00f0gandi, \u00f3\u00e6skileg e\u00f0a \u00f3umbe\u00f0in e\u00f0a sem veldur skapraunum, kv\u00f6l e\u00f0a \u00f3\u00fearfa kv\u00ed\u00f0a e\u00f0a br\u00fdtur gegn r\u00f6\u00f0 og reglu og\/e\u00f0a almennri si\u00f0semi e\u00f0a gildandi l\u00f6gum um kyn\u00fe\u00e1ttahatur;<\/p>\n<p>&nbsp;<\/p>\n<p>(c)\u00a0\u00a0\u00a0\u00a0\u00a0\u00a0\u00a0\u00a0\u00a0\u00a0\u00a0 athafnasemi sem g\u00e6ti broti\u00f0 \u00e1 pers\u00f3nuvernd e\u00f0a gagnaverndarr\u00e9tti annarra vi\u00f0skiptavina\/\u00e1skrifenda e\u00f0a \u00feri\u00f0ju a\u00f0ila; og<\/p>\n<p>&nbsp;<\/p>\n<p>(d)\u00a0\u00a0\u00a0\u00a0\u00a0\u00a0\u00a0\u00a0\u00a0\u00a0 \u00fatbrei\u00f0slu v\u00edrusa e\u00f0a annarra spilliforrita e\u00f0a truflanir \u00e1 samskiptum e\u00f0a gagnageymslu e\u00f0a skemmdir e\u00f0a ey\u00f0slu vefsv\u00e6\u00f0isins YourOnlineChoices e\u00f0a takm\u00f6rkun e\u00f0a sker\u00f0ingu \u00e1 notkun e\u00f0a afk\u00f6stum vefsv\u00e6\u00f0isins YourOnlineChoices sem koma ni\u00f0ur \u00e1 \u00f6\u00f0rum notendum e\u00f0a \u00feri\u00f0ju a\u00f0ilum, \u00fear me\u00f0 tali\u00f0 ofnotkun vefsv\u00e6\u00f0isins me\u00f0 veigamikilli, \u00f3trygg\u00f0ri gagnaumfer\u00f0 (gagnafl\u00e6\u00f0i, sendingu amap\u00f3sts o.s.frv.).<\/p>\n<p>&nbsp;<\/p>\n<p>\u00de\u00fa sam\u00feykkir a\u00f0 vir\u00f0a hugverksr\u00e9tt (\u00fear me\u00f0 tali\u00f0 og \u00e1n takmarkana, \u00fatg\u00e1fur\u00e9tt, v\u00f6rumerki, einkaleyfi, h\u00f6nnunarr\u00e9tt og r\u00e9tt \u00e1 gagnagrunnum) sem tilheyra okkur e\u00f0a leyfish\u00f6fum okkar.<\/p>\n<p>&nbsp;<\/p>\n<p>\u00de\u00e9r ber a\u00f0 b\u00e6ta okkur ska\u00f0a og vernda okkur fr\u00e1 allri \u00e1byrg\u00f0, tapi, \u00fatgj\u00f6ldum, kr\u00f6fum e\u00f0a kostna\u00f0i (\u00fear me\u00f0 tali\u00f0 lagakostna\u00f0i og -gj\u00f6ldum) sem tali\u00f0 er a\u00f0 til komi vegna brots af \u00feinni h\u00e1lfu \u00e1 skyldum sem greint er fr\u00e1 \u00ed \u00feessum hluta.<\/p>\n<p>&nbsp;<\/p>\n<p>Ef \u00fe\u00fa ver\u00f0ur var\/v\u00f6r vi\u00f0 a\u00f0 vefsv\u00e6\u00f0i\u00f0 YourOnlineChoices br\u00fdtur \u00e1 hugverksr\u00e9tti \u00fe\u00ednum, eignarr\u00e9tti e\u00f0a \u00f6\u00f0rum r\u00e9ttindum skaltu gera okkur kunnugt um sl\u00edkt me\u00f0 \u00fev\u00ed a\u00f0 nota samskiptauppl\u00fdsingarnar h\u00e9r fyrir ne\u00f0an.<\/p>\n<p>&nbsp;<\/p>\n<p><strong>Tenglar<\/strong><\/p>\n<p>&nbsp;<\/p>\n<p>Sumir tenglar \u00e1 vefsv\u00e6\u00f0inu YourOnlineChoices gera \u00fe\u00e9r kleift a\u00f0 tengjast vefsv\u00e6\u00f0um sem eru ekki undir okkar stj\u00f3rn. EDAA gefur \u00feessa tengla upp \u00fe\u00e9r til aukinna \u00fe\u00e6ginda. Birting tengla er ekki undir \u00e1byrg\u00f0 EDAA og EDAA ber ekki \u00e1byrg\u00f0 \u00e1 efni vefsv\u00e6\u00f0isins sem tengillinn v\u00edsar \u00e1. Notkun \u00fe\u00edn \u00e1 tenglunum er undir \u00feinni eigin \u00e1byrg\u00f0.<\/p>\n<p>&nbsp;<\/p>\n<p><strong>Takmarkanir og \u00fatilokanir \u00e1 \u00e1byrg\u00f0<\/strong><\/p>\n<p>&nbsp;<\/p>\n<p>EDAA afsalar s\u00e9r sk\u00fdrlega \u00f6llu komandi fyrirsvari, \u00e1byrg\u00f0, skilyr\u00f0um e\u00f0a \u00f6\u00f0rum skilm\u00e1lum, hvort sem sl\u00edkt er teki\u00f0 sk\u00fdrlega fram e\u00f0a gefi\u00f0 \u00ed skyn me\u00f0 sam\u00feykkt, tryggingu e\u00f0a me\u00f0 \u00f6\u00f0rum h\u00e6tti, \u00fear me\u00f0 tali\u00f0, \u00fe\u00f3 ekki takmarkist vi\u00f0, \u00e1byrg\u00f0ir, skilyr\u00f0i e\u00f0a a\u00f0ra skilm\u00e1la af fulln\u00e6gjandi g\u00e6\u00f0um sem gefnir eru \u00ed skyn, noth\u00e6fi e\u00f0a h\u00e6filega umhir\u00f0u og h\u00e6fni.<\/p>\n<p>&nbsp;<\/p>\n<p>Eins og greint er fr\u00e1 h\u00e9r fyrir ne\u00f0an afsalar EDAA s\u00e9r allri \u00e1byrg\u00f0 og mun ekki teljast \u00e1byrgt hva\u00f0 var\u00f0ar samning, misferli (\u00fear me\u00f0 tali\u00f0, \u00fe\u00f3 ekki takmarkist vi\u00f0, vanr\u00e6kslu), samningsbundna skyldu, samningsdr\u00f6g e\u00f0a anna\u00f0 fyrirsvar (anna\u00f0 en sviksamlegar, rangar sta\u00f0h\u00e6fingar) e\u00f0a sem til koma vegna e\u00f0a \u00ed tengslum vi\u00f0 vefsv\u00e6\u00f0i\u00f0 YourOnlineChoices og skilm\u00e1la \u00feessa og skilyr\u00f0i vegna: (a) aflei\u00f0andi, \u00f3beins e\u00f0a s\u00e9rstaks taps e\u00f0a skemmda; (b) taps \u00e1 vi\u00f0skiptavild e\u00f0a or\u00f0st\u00edr; e\u00f0a (c) efnahagstaps (\u00fear me\u00f0 tali\u00f0 taps \u00e1 tekjum, \u00e1g\u00f3\u00f0a, samningum, vi\u00f0skiptum e\u00f0a \u00e6tlu\u00f0um sparna\u00f0i), hvort sem greint s\u00e9 fr\u00e1 m\u00f6guleika \u00e1 sl\u00edku tapi e\u00f0a skemmdum og hvernig sem sl\u00edkt kemur til.<\/p>\n<p>&nbsp;<\/p>\n<p>Eins og greint er fr\u00e1 h\u00e9r fyrir ne\u00f0an takmarkast h\u00e1marks\u00e1byrg\u00f0 EDAA hva\u00f0 var\u00f0ar samning, misferli (\u00fear me\u00f0 tali\u00f0, \u00fe\u00f3 ekki takmarkist vi\u00f0, vanr\u00e6kslu), samningsbundna skyldu, samningsdr\u00f6g e\u00f0a anna\u00f0 fyrirsvar (anna\u00f0 en sviksamlegar, rangar sta\u00f0h\u00e6fingar) e\u00f0a sem til koma vegna e\u00f0a \u00ed tengslum vi\u00f0 samning \u00feennan og alla hluta hans, \u00fear \u00e1 me\u00f0al framfylgni samningsins og afk\u00f6st, me\u00f0 tilliti til atviks e\u00f0a atvika e\u00f0a r\u00f6\u00f0 atvika (hvort sem \u00feau tengjast e\u00f0ur ei) sem gerast yfir t\u00f3lf m\u00e1nu\u00f0i, vi\u00f0 5 Evrur.<\/p>\n<p>&nbsp;<\/p>\n<p>Ekkert efni \u00feessa samnings getur \u00fatiloka\u00f0 e\u00f0a takmarka\u00f0 \u00e1byrg\u00f0 \u00e1 dau\u00f0sfalli e\u00f0a mei\u00f0slum sem til koma vegna vanr\u00e6kslu annars samningsa\u00f0ilans e\u00f0a fulltr\u00faa hans e\u00f0a starfsmanna sem koma fram til a\u00f0 uppfylla skyldur s\u00ednar e\u00f0a \u00fatiloka\u00f0 e\u00f0a takmarka\u00f0 \u00e1byrg\u00f0 a\u00f0ila sem vera m\u00e1 a\u00f0 s\u00e9 ekki \u00fatiloka\u00f0ur samkv\u00e6mt gildandi l\u00f6gum.<\/p>\n<p>&nbsp;<\/p>\n<p><strong>Almennir skilm\u00e1lar<\/strong><\/p>\n<p>&nbsp;<\/p>\n<p><em><strong>N\u00e1tt\u00faruhamfarir:<\/strong><\/em>Undir n\u00e1tt\u00faruhamfarir falla \u00f6ll atvik sem eru ekki undir okkar stj\u00f3rn. \u00cd tilfelli \u00fear sem n\u00e1tt\u00faruhamfarir valda bilun e\u00f0a t\u00f6f \u00e1 uppfyllingu skyldna okkar samkv\u00e6mt \u00feessum skilm\u00e1lum og skilyr\u00f0um, ver\u00f0ur \u00feessum skyldum fresta\u00f0 \u00e1 me\u00f0an n\u00e1tt\u00faruhamfarirnar standa yfir.<\/p>\n<p>&nbsp;<\/p>\n<p><em><strong>\u00datnefning og undirverktakar: <\/strong><\/em>\u00de\u00e9r er \u00f3heimilt a\u00f0 \u00fathluta, flytja, f\u00e1 greitt fyrir e\u00f0a veita leyfi fyrir r\u00e9ttindum \u00fe\u00ednum og\/e\u00f0a skyldum a\u00f0 hluta til e\u00f0a \u00ed heild samkv\u00e6mt \u00feessum skilm\u00e1lum og skilyr\u00f0um til nokkurs a\u00f0ila.<\/p>\n<p>&nbsp;<\/p>\n<p><em><strong>Samskipti:<\/strong><\/em> Ekkert efni \u00ed \u00feessum skilm\u00e1lum og skilyr\u00f0um getur talist stofna til samvinnu e\u00f0a samreksturs e\u00f0a atvinnusamnings af hva\u00f0a tagi sem er \u00e1 milli \u00fe\u00edn og okkar og ekkert \u00ed \u00feessum skilm\u00e1lum og skilyr\u00f0um getur talist veita heimild e\u00f0a stofna\u00f0 til afleysinga \u00e1 milli \u00fe\u00edn og okkar sem ekki er greint sk\u00fdrlega fr\u00e1.<\/p>\n<p>&nbsp;<\/p>\n<p><em><strong>Samningurinn \u00ed heild:<\/strong><\/em>\u00de\u00fa sta\u00f0festir a\u00f0 \u00feessir skilm\u00e1lar og skilyr\u00f0i mynda samninginn \u00ed heild og fyrirkomulag \u00e1 milli \u00fe\u00edn og okkar og a\u00f0 samningurinn komi \u00ed sta\u00f0 allra fyrri samninga, fyrirkomulaga og samkomulaga \u00e1 milli \u00fe\u00edn og okkar hva\u00f0 var\u00f0ar efni \u00feessara skilm\u00e1la og skilyr\u00f0a. \u00de\u00fa sta\u00f0festir a\u00f0 \u00fe\u00fa hafir ekki stutt \u00feig vi\u00f0 neinar yfirl\u00fdsingar, fyrirsvar e\u00f0a samkomulag sem er ekki sk\u00fdrlega teki\u00f0 fram \u00ed skilm\u00e1lum \u00feessum og skilyr\u00f0um og hafir engan r\u00e9tt hva\u00f0 var\u00f0ar yfirl\u00fdsingar, fyrirsvar e\u00f0a samkomulag sem er ekki sk\u00fdrlegur skilm\u00e1li nema sl\u00edkt s\u00e9 gert \u00e1 sviksamlegan h\u00e1tt.<\/p>\n<p>&nbsp;<\/p>\n<p><em><strong>Undan\u00fe\u00e1ga:<\/strong><\/em> Engin vanr\u00e6ksla e\u00f0a t\u00f6f af h\u00e1lfu a\u00f0ila hva\u00f0 var\u00f0ar uppfyllingu r\u00e9ttinda, r\u00e9tts e\u00f0a \u00farr\u00e6\u00f0a sem heyra undir \u00feessa skilm\u00e1la og skilyr\u00f0i geta talist vera undan\u00fe\u00e1ga \u00e1 \u00feeim r\u00e9ttindum e\u00f0a \u00f6llum \u00f6\u00f0rum r\u00e9ttindum, r\u00e9tti e\u00f0a \u00farr\u00e6\u00f0um, og n\u00fdting okkar a\u00f0 hluta til e\u00f0a \u00ed heild \u00e1 r\u00e9ttindum, r\u00e9tti e\u00f0a \u00farr\u00e6\u00f0i mun ekki \u00fatiloka n\u00fdtingu r\u00e9ttinda, r\u00e9tts e\u00f0a \u00farr\u00e6\u00f0a af okkar h\u00e1lfu h\u00e9\u00f0an af.<\/p>\n<p>&nbsp;<\/p>\n<p><em><strong>Samningsrof:<\/strong><\/em> Ef svo vill til a\u00f0 d\u00f3mst\u00f3ll e\u00f0a valdb\u00e6rt yfirvald d\u00e6mir a\u00f0 \u00e1kv\u00e6\u00f0i \u00ed skilm\u00e1lum \u00feessum og skilyr\u00f0um s\u00e9 \u00f3gilt, \u00f3l\u00f6glegt e\u00f0a \u00f3framfylgjanlegt \u00ed hva\u00f0a d\u00f3msumd\u00e6mi sem er, skal telja a\u00f0 umr\u00e6tt \u00e1kv\u00e6\u00f0i s\u00e9 ekki hluti af skilm\u00e1lum \u00feessum og skilyr\u00f0um, en a\u00f0 sl\u00edkt hafi ekki \u00e1hrif \u00e1 gildi, l\u00f6gm\u00e6ti e\u00f0a framfylgni skilm\u00e1la \u00feessara og skilyr\u00f0a, og hafi ekki \u00e1hrif \u00e1 gildi, l\u00f6gm\u00e6ti e\u00f0a framfylgni umr\u00e6dds \u00e1kv\u00e6\u00f0is \u00ed neinu \u00f6\u00f0ru d\u00f3msumd\u00e6mi.<\/p>\n<p>&nbsp;<\/p>\n<p><em><strong>Skuldbinding um vir\u00f0ingu frests:<\/strong><\/em> T\u00edmafrestur \u00e1 ekki vi\u00f0 nema teki\u00f0 s\u00e9 sk\u00fdrlega fram a\u00f0 hann eigi vi\u00f0.<\/p>\n<p>&nbsp;<\/p>\n<p><em><strong>R\u00e9ttur \u00feri\u00f0ju a\u00f0ila:<\/strong><\/em> Ekkert efni \u00feessara skilm\u00e1la og skilyr\u00f0a stofnar til e\u00f0a veitir r\u00e9ttindi e\u00f0a \u00e1vinning, hvort sem sl\u00edkt heyrir undir samningsl\u00f6g fr\u00e1 1999 (r\u00e9ttindi \u00feri\u00f0ju a\u00f0ila) e\u00f0a komi nokkrum a\u00f0ila til g\u00f3\u00f0a fyrir utan \u00fe\u00e1 a\u00f0ila sem skilm\u00e1lar \u00feessir og skilyr\u00f0i eiga vi\u00f0 um.<\/p>\n<p>&nbsp;<\/p>\n<p><em><strong>\u00ddmislegt:<\/strong><\/em> R\u00e9ttindi \u00feau og \u00farr\u00e6\u00f0i \u00feeirra a\u00f0ila sem skilm\u00e1lar \u00feessir og skilyr\u00f0i eiga vi\u00f0 um eru uppsafnanleg og koma til vi\u00f0b\u00f3tar vi\u00f0 \u00f6ll r\u00e9ttindi og \u00farr\u00e6\u00f0i sem l\u00f6g segja fyrir um. Allar breytingar \u00e1 skilm\u00e1lum \u00feessum og skilyr\u00f0um skal gera skriflega og heyra undir sam\u00feykki samningsa\u00f0ila. Skilm\u00e1lum \u00feessum og skilyr\u00f0um er h\u00e6gt a\u00f0 framfylgja af m\u00f3ta\u00f0ila og \u00ed gegnum stafr\u00e6na ritun.<\/p>\n<p>&nbsp;<\/p>\n<p><em><strong>Gildandi l\u00f6g:<\/strong><\/em> Skilm\u00e1lar \u00feessir og skilyr\u00f0i eru sett saman \u00ed samr\u00e6mi vi\u00f0 belg\u00edsk l\u00f6g og a\u00f0ilar \u00feeir sem samningurinn \u00e1 vi\u00f0 um falla endanlega undir almenna l\u00f6gs\u00f6gu d\u00f3mst\u00f3la Brussels.<\/p>\n<p>&nbsp;<\/p>\n<p><strong>Loka\u00e1kv\u00e6\u00f0i<\/strong><\/p>\n<p>&nbsp;<\/p>\n<p><strong>Reglur okkar um kvartanir<\/strong><\/p>\n<p>&nbsp;<\/p>\n<p>Vi\u00f0 leysum \u00f6ll vandam\u00e1l sem okkur er tilkynnt um og sem vi\u00f0 getum leyst eins flj\u00f3tt og au\u00f0i\u00f0 er. Ef \u00fe\u00fa ert ekki \u00e1n\u00e6g\u00f0(ur) me\u00f0 svari\u00f0 e\u00f0a lausnina sem \u00fe\u00e9r er veitt skaltu hafa samband vi\u00f0 okkur me\u00f0 \u00fev\u00ed a\u00f0 nota heimilisfangi\u00f0 h\u00e9r fyrir ne\u00f0an.<\/p>\n<p>&nbsp;<\/p>\n<p><strong>Hafa samband vi\u00f0 okkur<\/strong><\/p>\n<p>&nbsp;<\/p>\n<p>Ef \u00fe\u00fa \u00f3skar eftir n\u00e1nari uppl\u00fdsingum e\u00f0a ef spurningar vakna um \u00feessa skilm\u00e1la og skilyr\u00f0i skaltu hafa samband vi\u00f0 EDAA \u00e1 privacy [at] edaa.eu<\/p>\n<p>&nbsp;<\/p>\n<p>Vi\u00f0 erum European Interactive Digital Advertising Alliance (EDAA)<br \/>\nme\u00f0 skr\u00e1\u00f0 a\u00f0setur a\u00f0 Rue des Deux Eglises 26 | 1000 Brussels<br \/>\nSkr\u00e1ningarn\u00famer fyrirt\u00e6kisins er BE 0846.790.105<\/p>\n<p>&nbsp;<\/p>\n<p>VSK-n\u00famer okkar er BE 0846.790.105<\/p>\n","protected":false},"excerpt":{"rendered":"<p>Almennir skilm\u00e1lar og skilyr\u00f0i &nbsp; Undir \u00feessa skilm\u00e1la og skilyr\u00f0i heyra samskipti \u00fe\u00edn og EDAA og notkun \u00fe\u00edn \u00e1 vefsv\u00e6\u00f0inu YourOnlineChoices e\u00f0a sam\u00feykki \u00feitt \u00e1 valfrj\u00e1lsri vefk\u00f6ku YourOnlineChoices. &nbsp; EDAA er f\u00e9lag sem er ekki reki\u00f0 \u00ed \u00e1g\u00f3\u00f0askyni (AiSBL) og er skr\u00e1\u00f0 \u00ed Brussels undir fyrirt\u00e6kjan\u00famerinu BE 0846.790.105. Skr\u00e1\u00f0 a\u00f0setur fyrirt\u00e6kisins er Rue des Deux [&hellip;]<\/p>\n","protected":false},"author":2,"featured_media":0,"parent":0,"menu_order":0,"comment_status":"closed","ping_status":"open","template":"","meta":[],"_links":{"self":[{"href":"https:\/\/www.youronlinechoices.com\/is\/wp-json\/wp\/v2\/pages\/575"}],"collection":[{"href":"https:\/\/www.youronlinechoices.com\/is\/wp-json\/wp\/v2\/pages"}],"about":[{"href":"https:\/\/www.youronlinechoices.com\/is\/wp-json\/wp\/v2\/types\/page"}],"author":[{"embeddable":true,"href":"https:\/\/www.youronlinechoices.com\/is\/wp-json\/wp\/v2\/users\/2"}],"replies":[{"embeddable":true,"href":"https:\/\/www.youronlinechoices.com\/is\/wp-json\/wp\/v2\/comments?post=575"}],"version-history":[{"count":8,"href":"https:\/\/www.youronlinechoices.com\/is\/wp-json\/wp\/v2\/pages\/575\/revisions"}],"predecessor-version":[{"id":580,"href":"https:\/\/www.youronlinechoices.com\/is\/wp-json\/wp\/v2\/pages\/575\/revisions\/580"}],"wp:attachment":[{"href":"https:\/\/www.youronlinechoices.com\/is\/wp-json\/wp\/v2\/media?parent=575"}],"curies":[{"name":"wp","href":"https:\/\/api.w.org\/{rel}","templated":true}]}}