{"id":308,"date":"2012-07-12T11:33:33","date_gmt":"2012-07-12T11:33:33","guid":{"rendered":"https:\/\/www.youronlinechoices.com\/uk\/?page_id=308"},"modified":"2014-08-13T12:32:53","modified_gmt":"2014-08-13T12:32:53","slug":"athugasemdir","status":"publish","type":"page","link":"https:\/\/www.youronlinechoices.com\/is\/athugasemdir\/","title":{"rendered":"Athugasemdir"},"content":{"rendered":"<p>Vi\u00f0 g\u00e6tum haft svari\u00f0 vi\u00f0 fyrirspurn \u00feinni. Reyndu eitthva\u00f0 af eftirfarandi:<\/p>\n<p>&nbsp;<\/p>\n<p>\u2022 <a href=\"https:\/\/www.youronlinechoices.com\/is\/algengar-spurningar\/\" title=\"Algengar spurningar\">Lestu n\u00fdjustu algengu spurningarnar okkar<\/a><br \/>\n\u2022 <a title=\"Hla\u00f0a ni\u00f0ur handb\u00f3k\" href=\"https:\/\/www.youronlinechoices.com\/is\/hlada-nidur-handbok\/\">Lestu samantektina okkar<\/a><br \/>\n\u2022 <a href=\"https:\/\/www.youronlinechoices.com\/is\/ad-bera-fram-kvortun\/\">Ef \u00fe\u00fa vilt leggja fram formlega kv\u00f6rtun skaltu fara \u00e1 kvartanas\u00ed\u00f0una<\/a><\/p>\n<p>&nbsp;<\/p>\n<p>\u00de\u00fa getur l\u00edka sent okkur stutta l\u00fdsingu \u00e1 fyrirspurn \u00feinni\/athugasemdum h\u00e9r fyrir ne\u00f0an og vi\u00f0 munum svara innan skamms.<\/p>\n<p><strong>Vinsamlegast athugi\u00f0: Pers\u00f3nuuppl\u00fdsingar \u00fe\u00ednar ver\u00f0a a\u00f0eins nota\u00f0ar til a\u00f0 svara fyrirspurn \u00feinni. \u00de\u00e6r fara ekki \u00ed gagnagrunn e\u00f0a ver\u00f0a nota\u00f0ar til marka\u00f0ssetningar.<\/strong><\/p>\n<p>&nbsp;<\/p>\n<p>[contact-form-7 id=&#8221;448&#8243; title=&#8221;Contact form 1&#8243;]<\/p>\n","protected":false},"excerpt":{"rendered":"<p>Vi\u00f0 g\u00e6tum haft svari\u00f0 vi\u00f0 fyrirspurn \u00feinni. Reyndu eitthva\u00f0 af eftirfarandi: &nbsp; \u2022 Lestu n\u00fdjustu algengu spurningarnar okkar \u2022 Lestu samantektina okkar \u2022 Ef \u00fe\u00fa vilt leggja fram formlega kv\u00f6rtun skaltu fara \u00e1 kvartanas\u00ed\u00f0una &nbsp; \u00de\u00fa getur l\u00edka sent okkur stutta l\u00fdsingu \u00e1 fyrirspurn \u00feinni\/athugasemdum h\u00e9r fyrir ne\u00f0an og vi\u00f0 munum svara innan skamms. Vinsamlegast [&hellip;]<\/p>\n","protected":false},"author":2,"featured_media":0,"parent":0,"menu_order":15,"comment_status":"closed","ping_status":"open","template":"","meta":[],"_links":{"self":[{"href":"https:\/\/www.youronlinechoices.com\/is\/wp-json\/wp\/v2\/pages\/308"}],"collection":[{"href":"https:\/\/www.youronlinechoices.com\/is\/wp-json\/wp\/v2\/pages"}],"about":[{"href":"https:\/\/www.youronlinechoices.com\/is\/wp-json\/wp\/v2\/types\/page"}],"author":[{"embeddable":true,"href":"https:\/\/www.youronlinechoices.com\/is\/wp-json\/wp\/v2\/users\/2"}],"replies":[{"embeddable":true,"href":"https:\/\/www.youronlinechoices.com\/is\/wp-json\/wp\/v2\/comments?post=308"}],"version-history":[{"count":34,"href":"https:\/\/www.youronlinechoices.com\/is\/wp-json\/wp\/v2\/pages\/308\/revisions"}],"predecessor-version":[{"id":311,"href":"https:\/\/www.youronlinechoices.com\/is\/wp-json\/wp\/v2\/pages\/308\/revisions\/311"}],"wp:attachment":[{"href":"https:\/\/www.youronlinechoices.com\/is\/wp-json\/wp\/v2\/media?parent=308"}],"curies":[{"name":"wp","href":"https:\/\/api.w.org\/{rel}","templated":true}]}}