{"id":27,"date":"2010-11-30T12:28:40","date_gmt":"2010-11-30T12:28:40","guid":{"rendered":"https:\/\/www.youronlinechoices.com\/uk"},"modified":"2025-10-22T19:16:13","modified_gmt":"2025-10-22T19:16:13","slug":"protecting-your-privacy","status":"publish","type":"page","link":"https:\/\/www.youronlinechoices.com\/is\/protecting-your-privacy\/","title":{"rendered":"Protecting Your Privacy"},"content":{"rendered":"<p><strong>A\u00f0 vir\u00f0a pers\u00f3nuvernd<\/strong><\/p>\n<p>&nbsp;<\/p>\n<p>Vefsv\u00e6\u00f0i\u00f0 er stutt af veitendum stafr\u00e6nna augl\u00fdsinga og er undir stj\u00f3rn European Interactive Digital Advertising Alliance (EDAA). Vi\u00f0 skuldbindum okkur til a\u00f0 vir\u00f0a og standa v\u00f6r\u00f0 um pers\u00f3nuvernd allra einstaklinga sem vi\u00f0 eigum \u00ed samskiptum vi\u00f0, hvort sem \u00feau voru, eru e\u00f0a ver\u00f0a. Hluti af \u00feessari skuldbindingu er markmi\u00f0 okkar um a\u00f0 veita \u00fe\u00e9r sk\u00fdrar uppl\u00fdsingar og hafa stj\u00f3rn \u00e1 \u00feeim pers\u00f3nuuppl\u00fdsingum sem vi\u00f0 h\u00f6fum um \u00feig, en einnig \u00e1 \u00f6\u00f0rum almennum uppl\u00fdsingum sem vi\u00f0 getum safna\u00f0 og n\u00fdtt okkur \u00feegar \u00fe\u00fa notar vefsv\u00e6\u00f0i\u00f0.<\/p>\n<p>&nbsp;<\/p>\n<p><strong>Vefsv\u00e6\u00f0i\u00f0<\/strong><\/p>\n<p>&nbsp;<\/p>\n<p>\u00c1 \u00feessu vefsv\u00e6\u00f0i stj\u00f3rnum vi\u00f0 mikilv\u00e6gum \u00fe\u00e6tti \u00ed samevr\u00f3pskri sj\u00e1lfseftirlitsbundinni \u00e1\u00e6tlun sem var\u00f0ar heg\u00f0unartengdar augl\u00fdsingar \u00e1 netinu (sem mi\u00f0ar a\u00f0 \u00fev\u00ed a\u00f0 birta notendum internetsins \u00e1hugatengdar augl\u00fdsingar). \u00deetta sj\u00e1lfseftirlitsbundna verkefni veitir notendum internetsins, til a\u00f0 mynda \u00fe\u00e9r, auki\u00f0 gagns\u00e6i og stj\u00f3rn yfir \u00e1hugatengdum augl\u00fdsingum.<\/p>\n<p>&nbsp;<\/p>\n<p><a href=\"https:\/\/www.youronlinechoices.com\/bg\/?attachment_id=\" rel=\"attachment wp-att-757\"><img loading=\"lazy\" class=\"alignnone  wp-image-757\" title=\"OBA-icon\" src=\"https:\/\/www.youronlinechoices.com\/uk\/wp-content\/uploads\/2010\/11\/OBA-icon-300x300.jpg\" alt=\"\" width=\"38\" height=\"38\" \/><\/a>\u00deetta gagns\u00e6i er veitt me\u00f0 samr\u00e6mdu \u201eOBA-t\u00e1kni\u201c, sem er f\u00e1anlegt me\u00f0 fylgitexta \u00e1 \u00f6llum opinberum tungum\u00e1lum ESB (alt\u00e6kur listi me\u00f0 fylgitexta \u00e1 \u00f6llum opinberum tungum\u00e1lum ESB er tilt\u00e6kur <a href=\"https:\/\/edaa.eu\/wp-content\/uploads\/Att-3-technical_specifications_for_iab_eu_oba_fw_v1.pdf#page=15\" target=\"_blank\" rel=\"noopener noreferrer\">h\u00e9r<\/a>), sem birtist \u00fear sem fyrirt\u00e6ki safna og vinna me\u00f0 uppl\u00fdsingar \u00ed tengslum vi\u00f0 \u00e1hugatengdar augl\u00fdsingar \u00e1 netinu. \u00deegar smellt er \u00e1 t\u00e1kni\u00f0 eru notendum birtar sk\u00fdrar og skiljanlegar uppl\u00fdsingar um birtingu \u00e1hugatengdra augl\u00fdsinga \u00e1 netinu.<\/p>\n<p>&nbsp;<\/p>\n<p>T\u00e1kni\u00f0 veitir notendum einnig t\u00e6kif\u00e6ri til a\u00f0 n\u00fdta s\u00e9r verkf\u00e6ri og tilf\u00f6ng til a\u00f0 merkja vi\u00f0 valkosti og hafa stj\u00f3rn \u00e1 birtingu \u00e1hugatengdra augl\u00fdsinga \u00e1 netinu. Me\u00f0al \u00feessara verkf\u00e6ra og tilfanga m\u00e1 nefna \u00feetta vefsv\u00e6\u00f0i. \u00deetta vefsv\u00e6\u00f0i n\u00e6r yfir a\u00f0ildarr\u00edki Evr\u00f3pusambandsins\/Evr\u00f3pska efnahagssv\u00e6\u00f0isins (ESB\/EES), en einnig Sviss og Tyrkland, og felur \u00ed s\u00e9r einfaldan eiginleika (sem allir notendur ofantalinna landa geta n\u00fdtt s\u00e9r) sem slekkur \u00e1 birtingu \u00e1hugatengdra augl\u00fdsinga (fr\u00e1 fyrirt\u00e6kjum sem taka \u00fe\u00e1tt) ef notendur kj\u00f3sa \u00feann valkost. Einn markver\u00f0asti eiginleiki vefsv\u00e6\u00f0isins er a\u00f0 \u00fea\u00f0 var b\u00fai\u00f0 til samkv\u00e6mt skuldbindingu fyrir i\u00f0na\u00f0inn \u00ed heild sinni, og sty\u00f0st vi\u00f0 European Advertising Standards Alliance (EASA) og samstarfsa\u00f0ila samtakanna sem eru r\u00f3tgr\u00f3nar og vi\u00f0urkenndar, sj\u00e1lfseftirlits- og landsbundnar augl\u00fdsingastofnanir v\u00ed\u00f0a um Evr\u00f3pu sem vinna a\u00f0 \u00fev\u00ed a\u00f0 tryggja skilvirk me\u00f0h\u00f6ndlunarkerfi kvartana sem eru b\u00e6\u00f0i sj\u00e1lfst\u00e6\u00f0 og veitt notendum \u00e1n endurgjalds.<\/p>\n<p>&nbsp;<\/p>\n<p><strong>Pers\u00f3nuuppl\u00fdsingarnar \u00fe\u00ednar<\/strong><\/p>\n<p>&nbsp;<\/p>\n<p>Me\u00f0h\u00f6ndlun EDAA \u00e1 pers\u00f3nuuppl\u00fdsingunum \u00fe\u00ednum sem greint er fr\u00e1 \u00ed \u00feessari tilkynningu byggist \u00e1 \u00fe\u00ednu sam\u00feykki e\u00f0a samningsbundinni nau\u00f0syn. \u00deegar \u00fe\u00fa veitir okkur endurgj\u00f6f \u00ed gegnum vefsv\u00e6\u00f0i\u00f0 g\u00e6tum vi\u00f0 safna\u00f0 og unni\u00f0 me\u00f0 pers\u00f3nuuppl\u00fdsingarnar sem \u00fe\u00fa veitir okkur, svo sem nafn \u00feitt, netfang og s\u00edman\u00famer. \u00deessar uppl\u00fdsingar ver\u00f0a ekki nota\u00f0ar \u00ed neinum \u00f6\u00f0rum tilgangi en til a\u00f0 koma endurgj\u00f6f \u00feinni \u00e1lei\u00f0is. \u00cd sumum tilfellum getum vi\u00f0 ekki unni\u00f0 \u00far endurgj\u00f6finni og g\u00e6tum \u00feurft a\u00f0 deila \u00feessum uppl\u00fdsingum me\u00f0 vi\u00f0eigandi sj\u00e1lfseftirlits- og landsbundnum augl\u00fdsingastofnunum vegna me\u00f0h\u00f6ndlunar kvartana. \u00cd sl\u00edkum tilfellum deilir EDAA engum pers\u00f3nuuppl\u00fdsingum nema a\u00f0 hafa veitt \u00fe\u00e9r sk\u00fdra \u00fatsk\u00fdringu og fengi\u00f0 til \u00feess sk\u00fdrlegt og uppl\u00fdst sam\u00feykki fr\u00e1 \u00fe\u00e9r fyrirfram. Engar a\u00f0rar pers\u00f3nuuppl\u00fdsingar ver\u00f0a veittar \u00feri\u00f0ju a\u00f0ilum. Pers\u00f3nuuppl\u00fdsingunum \u00fe\u00ednum ver\u00f0ur eytt \u00feegar leyst hefur veri\u00f0 \u00far m\u00e1lunum \u00feannig a\u00f0 \u00fe\u00fa og EDAA hafi\u00f0 fengi\u00f0 uppreisn \u00e6ru.<\/p>\n<p>&nbsp;<\/p>\n<p><strong>Geymsla uppl\u00fdsinga<\/strong><\/p>\n<p>&nbsp;<\/p>\n<p>EDAA geymir pers\u00f3nuuppl\u00fdsingarnar \u00fe\u00ednar \u00ed samr\u00e6mi vi\u00f0 gildandi kr\u00f6fur, og a\u00f0eins \u00ed \u00feann t\u00edma sem nau\u00f0synlegur er til a\u00f0 inna af hendi \u00feau verk sem greint er fr\u00e1 \u00ed \u00feessari tilkynningu, e\u00f0a svo lengi sem l\u00f6g segja fyrir um e\u00f0a \u00e1skili\u00f0 er til a\u00f0 verja hugsanlegar kr\u00f6fur fyrir d\u00f3mi.<\/p>\n<p>&nbsp;<\/p>\n<p>Pers\u00f3nuuppl\u00fdsingarnar sem fengnar eru \u00ed gegnum uppl\u00fdsingabei\u00f0nir og\/e\u00f0a fyrirspurnir og\/e\u00f0a kvartanir eru sendar beint til EDAA, eru geymdar \u00ed eitt \u00e1r (e\u00f0a svo lengi sem l\u00f6g segja fyrir um e\u00f0a \u00e1skili\u00f0 er til a\u00f0 verja hugsanlegar kr\u00f6fur fyrir d\u00f3mi), nema \u00fe\u00fa afturkallir sam\u00feykki\u00f0 sem \u00fe\u00fa gafst til a\u00f0 vinna me\u00f0 pers\u00f3nuuppl\u00fdsingarnar \u00fe\u00ednar.<\/p>\n<p>&nbsp;<\/p>\n<p><strong>R\u00e9ttindi \u00fe\u00edn<\/strong><\/p>\n<p>&nbsp;<\/p>\n<p>\u00cd samr\u00e6mi vi\u00f0 l\u00f6g um pers\u00f3nuvernd eru pers\u00f3nuuppl\u00fdsingarnar \u00fe\u00ednar tilt\u00e6kar til yfirfer\u00f0ar ef \u00fe\u00fa bi\u00f0ur um sl\u00edkt. Ef \u00fe\u00fa gerir okkur kunnugt um villur e\u00f0a \u00f3vi\u00f0eigandi notkun pers\u00f3nuuppl\u00fdsinganna \u00feinna munum vi\u00f0 lei\u00f0r\u00e9tta, uppf\u00e6ra, takmarka notkun e\u00f0a ey\u00f0a pers\u00f3nuuppl\u00fdsingum eftir \u00fev\u00ed sem vi\u00f0 \u00e1. Uppl\u00fdsingar um hvernig h\u00e6gt er a\u00f0 f\u00e1 a\u00f0gang a\u00f0 pers\u00f3nuuppl\u00fdsingum er a\u00f0 finna \u00ed samskiptauppl\u00fdsingunum \u00ed lok \u00feessarar pers\u00f3nuverndartilkynningar. \u00de\u00fa hefur r\u00e9tt til a\u00f0 taka fyrir notkun pers\u00f3nuuppl\u00fdsinganna \u00feinna hven\u00e6r sem er me\u00f0 \u00fev\u00ed a\u00f0 nota samskiptauppl\u00fdsingarnar \u00ed lok \u00feessarar pers\u00f3nuverndartilkynningar til a\u00f0 senda inn bei\u00f0ni um sl\u00edkt. \u00de\u00fa hefur r\u00e9tt til a\u00f0 f\u00e1 pers\u00f3nuuppl\u00fdsingarnar \u00fe\u00ednar \u00e1 noth\u00e6fu, stafr\u00e6nu sni\u00f0i og senda \u00fe\u00e6r til \u00feri\u00f0ja a\u00f0ila (\u201eflytjanleiki gagna\u201c).<\/p>\n<p>&nbsp;<\/p>\n<p>EDAA skuldbindur sig til a\u00f0 vinna me\u00f0 \u00fe\u00e9r a\u00f0 sanngjarnri \u00farlausn kvartana e\u00f0a \u00e1hyggjuefna sem var\u00f0a pers\u00f3nuvernd og tengjast \u00feeirri athafnasemi sem vefsv\u00e6\u00f0i\u00f0 \u00e1 vi\u00f0 um. Ef \u00fe\u00fa telur samt sem \u00e1\u00f0ur a\u00f0 EDAA hafi ekki geta\u00f0 veitt \u00fe\u00e9r a\u00f0sto\u00f0 vi\u00f0 kv\u00f6rtunina e\u00f0a \u00e1hyggjuefni\u00f0, hefur\u00f0u r\u00e9tt til a\u00f0 senda inn kv\u00f6rtun me\u00f0 a\u00f0sto\u00f0 eftirlitsyfirvalds \u00ed a\u00f0ildarr\u00edkinu sem \u00fe\u00fa ert me\u00f0 l\u00f6gheimili \u00ed, \u00e1 vinnusta\u00f0num \u00fe\u00ednum e\u00f0a vegna meints brots \u00e1 l\u00f6gum um pers\u00f3nuvernd (\u00ed Belg\u00edu skal leita til www.dataprotectionauthority.be og ef um r\u00e6\u00f0ir \u00f6nnur l\u00f6nd skal smella <a href=\"https:\/\/edpb.europa.eu\/about-edpb\/board\/members_en\">h\u00e9r<\/a> ).<\/p>\n<p>&nbsp;<\/p>\n<p><strong>Uppl\u00fdsingaveiting til \u00feri\u00f0ju a\u00f0ila\/flutningur pers\u00f3nuuppl\u00fdsinga erlendis<\/strong><\/p>\n<p>&nbsp;<\/p>\n<p>\u00cd gegnum \u00feetta vefsv\u00e6\u00f0i hefur\u00f0u einnig kost \u00e1 a\u00f0 senda uppl\u00fdsingar og\/e\u00f0a kvartanir beint til sj\u00e1lfseftirlits- og landsbundinnar augl\u00fdsingastofnunar \u00ed b\u00fasetulandinu \u00fe\u00ednu (sj\u00e1 <a href=\"https:\/\/www.easa-alliance.org\/members\/europe\">h\u00e9r<\/a> til a\u00f0 finna vi\u00f0komandi stofnun). Sl\u00edkar uppl\u00fdsingar g\u00e6tu innihaldi\u00f0 pers\u00f3nuuppl\u00fdsingar sem eru sendar beint til \u00feeirrar stofnunar til a\u00f0 veita \u00fe\u00e9r a\u00f0sto\u00f0 vi\u00f0 kv\u00f6rtun\/me\u00f0h\u00f6ndlun uppl\u00fdsinga, eftir \u00fev\u00ed sem vi\u00f0 \u00e1.<\/p>\n<p>&nbsp;<\/p>\n<p>Vi\u00f0 r\u00e1\u00f0leggjum \u00fe\u00e9r a\u00f0 fara yfir pers\u00f3nuverndarstefnu sj\u00e1lfseftirlitsbundnu stofnunarinnar ef \u00fe\u00fa k\u00fdst a\u00f0 n\u00fdta \u00fe\u00e9r \u00feetta. \u00cd \u00f6llum tilfellum ver\u00f0ur \u00fe\u00e9r gert kunnugt um til hva\u00f0a stofnunar uppl\u00fdsingarnar eru sendar \u00feegar \u00feetta ey\u00f0ubla\u00f0 er nota\u00f0 \u00e1 netinu (t.d. \u00ed \u00de\u00fdskalandi: <a href=\"https:\/\/www.youronlinechoices.com\/de\/beschwerde\/\">https:\/\/www.youronlinechoices.com\/de\/beschwerde\/<\/a>; t.d. \u00ed Bretlandi: <a href=\"https:\/\/www.youronlinechoices.com\/uk\/make-a-complaint\">https:\/\/www.youronlinechoices.com\/uk\/make-a-complaint<\/a>)<\/p>\n<p>&nbsp;<\/p>\n<p>EDAA gefur ekki upp og deilir ekki pers\u00f3nuuppl\u00fdsingunum \u00fe\u00ednum sem safna\u00f0 er \u00e1 \u00feessu vefsv\u00e6\u00f0i me\u00f0 \u00f6\u00f0rum fyrirt\u00e6kjum (nema \u00ed \u00f6rf\u00e1um tilfellum og a\u00f0eins ef \u00fe\u00fa veitir sam\u00feykki \u00feitt fyrirfram), nema \u00feess s\u00e9 krafist samkv\u00e6mt l\u00f6gum, opinberum skipunum e\u00f0a d\u00f3ms\u00farskur\u00f0um.<\/p>\n<p>&nbsp;<\/p>\n<p><strong>Vefk\u00f6kur<\/strong><\/p>\n<p>&nbsp;<\/p>\n<p>Vefk\u00f6kur eru litlir uppl\u00fdsingapakkar sem eru geymdir \u00ed vafranum \u00fe\u00ednum. Vefsv\u00e6\u00f0in sem \u00fe\u00fa heims\u00e6kir koma \u00feeim fyrir \u00ed vafranum. Ef \u00fe\u00fa vilt tryggja a\u00f0 engar vefk\u00f6kur s\u00e9u nota\u00f0ar skaltu leita \u00ed efni\u00f0 h\u00e9r fyrir ne\u00f0an e\u00f0a sko\u00f0a <a href=\"https:\/\/www.youronlinechoices.com\/uk\/five-top-tips\" target=\"_blank\" rel=\"noopener noreferrer\">fimm a\u00f0al\u00e1bendingarnar<\/a> til a\u00f0 f\u00e1 n\u00e1nari uppl\u00fdsingar um hvernig h\u00e6gt er a\u00f0 stj\u00f3rna e\u00f0a \u00f3virkja vefk\u00f6kurnar \u00ed pers\u00f3nuverndarstillingum vafrans. Haf\u00f0u \u00ed huga a\u00f0 me\u00f0 \u00fev\u00ed a\u00f0 gera vefk\u00f6kur \u00ed \u00feessum tilgangi \u00f3virkar getur eftirlitsverkf\u00e6ri\u00f0 ekki virka\u00f0 sem skyldi og g\u00e6ti skert notkun \u00fe\u00edna \u00e1 netinu \u00ed heild sinni.<\/p>\n<p>&nbsp;<\/p>\n<p>M\u00f6rg fyrirt\u00e6kjanna sem greint er fr\u00e1 \u00e1 s\u00ed\u00f0unni \u201eaugl\u00fdsingavalkostirnir \u00fe\u00ednir\u201c nota vefk\u00f6kur til a\u00f0 kanna \u00fe\u00e1 valkosti sem \u00fe\u00fa merktir vi\u00f0 hva\u00f0 var\u00f0ar augl\u00fdsingar (\u00fe.e. hvort \u00fe\u00fa valdir a\u00f0 \u201esam\u00feykkja\u201c e\u00f0a \u201esl\u00f6kkva \u00e1\u201c augl\u00fdsingum), en einnig til a\u00f0 \u00fe\u00fa getir merkt vi\u00f0 vi\u00f0eigandi valkosti. \u00deessar vefk\u00f6kur eru nau\u00f0synlegar til a\u00f0 stj\u00f3rns\u00ed\u00f0an virki og til a\u00f0 au\u00f0kenna afkastavillur s\u00ed\u00f0unnar.<\/p>\n<p>&nbsp;<\/p>\n<p>Vi\u00f0 notum einnig vefk\u00f6kur \u00e1 \u00feessu vefsv\u00e6\u00f0i til a\u00f0 vi\u00f0halda virkni vefsv\u00e6\u00f0isins, og almennt s\u00e9\u00f0, til a\u00f0 b\u00e6ta st\u00f6\u00f0ugt \u00fej\u00f3nustuna sem vi\u00f0 bj\u00f3\u00f0um \u00fe\u00e9r upp \u00e1 me\u00f0 \u00feessu vefsv\u00e6\u00f0i. Engar pers\u00f3nuuppl\u00fdsingar eru vista\u00f0ar \u00ed \u00feessu ferli og uppl\u00fdsingarnar sem vi\u00f0 s\u00f6fnum saman eru a\u00f0eins nota\u00f0ar samanlag\u00f0ar. Ef \u00fe\u00fa vilt sl\u00f6kkva \u00e1 \u00feessum eiginleika skaltu nota eiginleikann h\u00e9r fyrir ne\u00f0an.<\/p>\n<p>&nbsp;<\/p>\n<p>H\u00e9r fyrir ne\u00f0an er a\u00f0 finna \u00edtarlega l\u00fdsingu \u00e1 vefk\u00f6kunum sem \u00feetta vefsv\u00e6\u00f0i notar.<\/p>\n<p>&nbsp;<\/p>\n<p><strong>Hva\u00f0a \u201evefk\u00f6kur\u201c eru nota\u00f0ar \u00e1 \u00feessu vefsv\u00e6\u00f0i?<\/strong><\/p>\n<p><strong>\u00a0<\/strong><\/p>\n<table border=\"0\" cellpadding=\"0\">\n<tbody>\n<tr>\n<td><strong>Vefkaka<\/strong><\/td>\n<td><strong>Tilgangur vefkaka<\/strong><\/td>\n<td><strong>E\u00f0li vefkaka<\/strong><\/td>\n<td>\n<p align=\"center\"><strong>Tegund vefkaka<\/strong><\/p>\n<\/td>\n<\/tr>\n<tr>\n<td>Vefgreining<\/td>\n<td>EDAA, byggist \u00e1 sj\u00e1lfh\u00fdsta verkvanginum Matomo: rekur fj\u00f6lda heims\u00f3kna hvers notanda og rekur hven\u00e6r hann heims\u00f3tti vefsv\u00e6\u00f0i\u00f0 fyrst, s\u00ed\u00f0ast og n\u00fagildandi heims\u00f3kn.<\/td>\n<td>Fyrsti a\u00f0ili<\/td>\n<td>\n<p align=\"center\">Eitt \u00e1r<\/p>\n<\/td>\n<\/tr>\n<tr>\n<td>Vefkakan hefur eftirlit me\u00f0 \u00e1rei\u00f0anleika sam\u00fe\u00e6ttingar fyrirt\u00e6kjanna<\/td>\n<td>Notu\u00f0 til a\u00f0 hafa eftirlit me\u00f0 \u00e1rei\u00f0anleika sam\u00fe\u00e6ttingaratri\u00f0a fyrirt\u00e6kjanna og vefsv\u00e6\u00f0isins.<\/td>\n<td>Fyrsti a\u00f0ili<\/td>\n<td>\n<p align=\"center\">Einn m\u00e1nu\u00f0ur<\/p>\n<\/td>\n<\/tr>\n<tr>\n<td>Vefkaka vefk\u00f6kubor\u00f0a<\/td>\n<td>Notu\u00f0 til a\u00f0 muna hvort notandi hafi hunsa\u00f0 \u201evefk\u00f6kubor\u00f0ann\u201c sem birtist efst \u00e1 vefsv\u00e6\u00f0um.<\/td>\n<td>Fyrsti a\u00f0ili<\/td>\n<td>\n<p align=\"center\">Einn s\u00f3larhringur<\/p>\n<\/td>\n<\/tr>\n<\/tbody>\n<\/table>\n<p>&nbsp;<\/p>\n<p><strong>Skilgreiningar:<\/strong><\/p>\n<p>&nbsp;<\/p>\n<ul>\n<li>Vefkaka \u201efyrsta a\u00f0ila\u201c &#8211; Vefkaka sem \u00feetta vefsv\u00e6\u00f0i kemur fyrir<\/li>\n<li>Vefkaka \u201e\u00feri\u00f0ja a\u00f0ila\u201c &#8211; Vefkaka sem anna\u00f0 l\u00e9n kemur fyrir (\u00fe.e. Ekki \u00feetta vefsv\u00e6\u00f0i)<\/li>\n<li>\u201eVaranleg\u201c vefkaka &#8211; Uppl\u00fdsingar vefk\u00f6kunnar eru geymdar varanlega \u00ed t\u00e6kinu \u00fe\u00ednu<\/li>\n<\/ul>\n<p>&nbsp;<\/p>\n<p>Vi\u00f0 leitumst ekki eftir \u00fev\u00ed a\u00f0 safna pers\u00f3nuuppl\u00fdsingunum \u00fe\u00ednum og \u00feegar vi\u00f0 gerum \u00fea\u00f0 reynum vi\u00f0 a\u00f0 gera pers\u00f3nuuppl\u00fdsingarnar \u00f3nafngreinanlegar ef m\u00f6gulegt er.<\/p>\n<p>&nbsp;<\/p>\n<p><strong>\u00a0Hvernig get \u00e9g stj\u00f3rna\u00f0 notkun vefkaka \u00e1 \u00feessu vefsv\u00e6\u00f0i?<\/strong><\/p>\n<p>&nbsp;<\/p>\n<p>Allir vafrar gera \u00fe\u00e9r kleift a\u00f0 stj\u00f3rna vefk\u00f6kum \u00ed vefk\u00f6kum\u00f6ppu vafrans. \u00deetta \u00fe\u00fd\u00f0ir a\u00f0 \u00fe\u00fa getir anna\u00f0hvort eytt vefk\u00f6kum \u00far vefk\u00f6kum\u00f6ppunni \u00feegar heims\u00f3kninni \u00e1 vefsv\u00e6\u00f0i\u00f0 okkar l\u00fdkur, e\u00f0a \u00fe\u00fa getur f\u00e6rt inn kj\u00f6rstillingar hva\u00f0 var\u00f0ar notkun vefkaka \u00e1\u00f0ur en \u00fe\u00fa byrjar a\u00f0 sko\u00f0a \u00feig um \u00e1 vefsv\u00e6\u00f0inu. Athuga\u00f0u a\u00f0 eins og greint er fr\u00e1 h\u00e9r a\u00f0 ofan getur ey\u00f0sla e\u00f0a h\u00f6fnun vefkaka haft ska\u00f0leg \u00e1hrif \u00e1 notkun \u00fe\u00edna \u00e1 vefsv\u00e6\u00f0inu.<\/p>\n<p>&nbsp;<\/p>\n<p>\u00de\u00fa getur fengi\u00f0 n\u00e1nari uppl\u00fdsingar \u00e1:<\/p>\n<ul>\n<li><a href=\"https:\/\/www.google.com\/intl\/en\/chrome\/privacy\/\">Google<\/a><\/li>\n<li><a href=\"https:\/\/support.mozilla.org\/en-US\/kb\/cookies-information-websites-store-on-your-computer?redirectlocale=en-US&amp;redirectslug=Cookies#w_cookie-settings\">Firefox<\/a><\/li>\n<li><a href=\"https:\/\/support.microsoft.com\/en-us\/help\/17442\/windows-internet-explorer-delete-manage-cookies\">Windows<\/a><\/li>\n<li><a href=\"https:\/\/www.apple.com\/safari\/#security\">Safari<\/a><\/li>\n<\/ul>\n<p>&nbsp;<\/p>\n<div id=\"matomo-opt-out\"><\/div>\n<p><script src=\"https:\/\/analytics.youronlinechoices.com\/index.php?module=CoreAdminHome&#038;action=optOutJS&#038;divId=matomo-opt-out&#038;language=auto&#038;showIntro=1\"><\/script><\/p>\n<p><strong>Hafa samband vi\u00f0 okkur<\/strong><\/p>\n<p>&nbsp;<\/p>\n<p>Ef frekari spurningar vakna um me\u00f0h\u00f6ndlun pers\u00f3nuuppl\u00fdsinganna \u00feinna e\u00f0a ef \u00fe\u00fa vilt n\u00fdta \u00fe\u00e9r r\u00e9ttindi \u00fe\u00edn \u00ed lj\u00f3si \u00feessarar stefnu skaltu hafa samband vi\u00f0:<\/p>\n<p>&nbsp;<\/p>\n<p>EDAA | Rue des Deux Eglises 26 | 1000 | Brussels | Belg\u00eda<\/p>\n<p>privacy [at] edaa.eu<\/p>\n<p>&nbsp;<\/p>\n","protected":false},"excerpt":{"rendered":"<p>A\u00f0 vir\u00f0a pers\u00f3nuvernd &nbsp; Vefsv\u00e6\u00f0i\u00f0 er stutt af veitendum stafr\u00e6nna augl\u00fdsinga og er undir stj\u00f3rn European Interactive Digital Advertising Alliance (EDAA). Vi\u00f0 skuldbindum okkur til a\u00f0 vir\u00f0a og standa v\u00f6r\u00f0 um pers\u00f3nuvernd allra einstaklinga sem vi\u00f0 eigum \u00ed samskiptum vi\u00f0, hvort sem \u00feau voru, eru e\u00f0a ver\u00f0a. Hluti af \u00feessari skuldbindingu er markmi\u00f0 okkar um [&hellip;]<\/p>\n","protected":false},"author":2,"featured_media":0,"parent":0,"menu_order":12,"comment_status":"closed","ping_status":"closed","template":"","meta":[],"_links":{"self":[{"href":"https:\/\/www.youronlinechoices.com\/is\/wp-json\/wp\/v2\/pages\/27"}],"collection":[{"href":"https:\/\/www.youronlinechoices.com\/is\/wp-json\/wp\/v2\/pages"}],"about":[{"href":"https:\/\/www.youronlinechoices.com\/is\/wp-json\/wp\/v2\/types\/page"}],"author":[{"embeddable":true,"href":"https:\/\/www.youronlinechoices.com\/is\/wp-json\/wp\/v2\/users\/2"}],"replies":[{"embeddable":true,"href":"https:\/\/www.youronlinechoices.com\/is\/wp-json\/wp\/v2\/comments?post=27"}],"version-history":[{"count":25,"href":"https:\/\/www.youronlinechoices.com\/is\/wp-json\/wp\/v2\/pages\/27\/revisions"}],"predecessor-version":[{"id":763,"href":"https:\/\/www.youronlinechoices.com\/is\/wp-json\/wp\/v2\/pages\/27\/revisions\/763"}],"wp:attachment":[{"href":"https:\/\/www.youronlinechoices.com\/is\/wp-json\/wp\/v2\/media?parent=27"}],"curies":[{"name":"wp","href":"https:\/\/api.w.org\/{rel}","templated":true}]}}