{"id":25,"date":"2010-11-30T12:27:18","date_gmt":"2010-11-30T12:27:18","guid":{"rendered":"https:\/\/www.youronlinechoices.com\/uk"},"modified":"2014-08-06T10:35:09","modified_gmt":"2014-08-06T10:35:09","slug":"gagnleg-myndbond","status":"publish","type":"page","link":"https:\/\/www.youronlinechoices.com\/is\/gagnleg-myndbond\/","title":{"rendered":"Gagnleg myndb\u00f6nd"},"content":{"rendered":"<h3>Hvernig atferlisaugl\u00fdsingar \u00e1 netinu virka<\/h3>\n<p><!-- br--><br \/>\n<iframe loading=\"lazy\" width=\"560\" height=\"315\" src=\"https:\/\/www.youtube.com\/embed\/Y9Y4Efyxmk4?rel=0\" frameborder=\"0\" allowfullscreen><\/iframe><br \/>\n<!-- br--><br \/>\n<!-- br--><\/p>\n<h3>\u00der\u00f3un augl\u00fdsinga \u00e1 netinu<\/h3>\n<p><!-- br--><br \/>\n<iframe loading=\"lazy\" src=\"https:\/\/www.youtube.com\/embed\/1C0n_9DOlwE?rel=0\" frameborder=\"0\" width=\"560\" height=\"315\"><\/iframe><br \/>\n<!-- br--><br \/>\n<!-- br--><\/p>\n<h3>Hvernig vefs\u00ed\u00f0ur hins opinbera notar k\u00f6kur<\/h3>\n<p><!-- br--><br \/>\n<iframe loading=\"lazy\" src=\"https:\/\/www.youtube.com\/embed\/gqDZuS0xZjE?rel=0\" frameborder=\"0\" width=\"560\" height=\"315\"><\/iframe><br \/>\n<!-- br--><br \/>\n<!-- br--><\/p>\n<h3>Fri\u00f0helgi og \u00e1hugami\u00f0a\u00f0ar augl\u00fdsingar<\/h3>\n<p><!-- br--><br \/>\n<iframe loading=\"lazy\" src=\"https:\/\/www.youtube.com\/embed\/zoEXifWBtAs\" frameborder=\"0\" width=\"560\" height=\"315\"><\/iframe><br \/>\n<!-- br--><br \/>\n<!-- br--><\/p>\n<h3>Lei\u00f0beiningar um markh\u00f3psmi\u00f0a\u00f0ar augl\u00fdsingar<\/h3>\n<p><!-- br--><br \/>\n<iframe loading=\"lazy\" src=\"https:\/\/www.youtube.com\/embed\/BQf4u-1Rlcg?rel=0\" frameborder=\"0\" width=\"560\" height=\"315\"><\/iframe><br \/>\n<!-- br--><br \/>\n<!-- br--><\/p>\n<h3>Other information<\/h3>\n<p><!-- br--><strong><a href=\"http:\/\/uk.info.yahoo.com\/\">Yahoo! FAQs<\/a><\/strong><\/p>\n","protected":false},"excerpt":{"rendered":"<p>Hvernig atferlisaugl\u00fdsingar \u00e1 netinu virka \u00der\u00f3un augl\u00fdsinga \u00e1 netinu Hvernig vefs\u00ed\u00f0ur hins opinbera notar k\u00f6kur Fri\u00f0helgi og \u00e1hugami\u00f0a\u00f0ar augl\u00fdsingar Lei\u00f0beiningar um markh\u00f3psmi\u00f0a\u00f0ar augl\u00fdsingar Other information Yahoo! FAQs<\/p>\n","protected":false},"author":2,"featured_media":0,"parent":0,"menu_order":7,"comment_status":"closed","ping_status":"closed","template":"","meta":[],"_links":{"self":[{"href":"https:\/\/www.youronlinechoices.com\/is\/wp-json\/wp\/v2\/pages\/25"}],"collection":[{"href":"https:\/\/www.youronlinechoices.com\/is\/wp-json\/wp\/v2\/pages"}],"about":[{"href":"https:\/\/www.youronlinechoices.com\/is\/wp-json\/wp\/v2\/types\/page"}],"author":[{"embeddable":true,"href":"https:\/\/www.youronlinechoices.com\/is\/wp-json\/wp\/v2\/users\/2"}],"replies":[{"embeddable":true,"href":"https:\/\/www.youronlinechoices.com\/is\/wp-json\/wp\/v2\/comments?post=25"}],"version-history":[{"count":22,"href":"https:\/\/www.youronlinechoices.com\/is\/wp-json\/wp\/v2\/pages\/25\/revisions"}],"predecessor-version":[{"id":160,"href":"https:\/\/www.youronlinechoices.com\/is\/wp-json\/wp\/v2\/pages\/25\/revisions\/160"}],"wp:attachment":[{"href":"https:\/\/www.youronlinechoices.com\/is\/wp-json\/wp\/v2\/media?parent=25"}],"curies":[{"name":"wp","href":"https:\/\/api.w.org\/{rel}","templated":true}]}}