{"id":23,"date":"2010-11-30T12:26:08","date_gmt":"2010-11-30T12:26:08","guid":{"rendered":"https:\/\/www.youronlinechoices.com\/uk"},"modified":"2019-07-12T22:04:23","modified_gmt":"2019-07-12T22:04:23","slug":"hjalparsida","status":"publish","type":"page","link":"https:\/\/www.youronlinechoices.com\/is\/hjalparsida\/","title":{"rendered":"Hj\u00e1lpars\u00ed\u00f0a"},"content":{"rendered":"<h4>H\u00e9r eru nokkur atri\u00f0i sem \u00fe\u00fa \u00fearft a\u00f0 vita um af\u00fe\u00f6kkun&#8230;<\/h4>\n<p>&nbsp;<\/p>\n<p>&#8211; Ef \u00fe\u00fa k\u00fdst a\u00f0 af\u00feakka atferlisaugl\u00fdsingar me\u00f0 \u00fev\u00ed a\u00f0 nota <a href=\"https:\/\/www.youronlinechoices.com\/is\/sidan-thin-fyrir-auglysingaoskir\/\">af\u00fe\u00f6kkunars\u00ed\u00f0una<\/a>, er mikilv\u00e6gt a\u00f0 muna a\u00f0 \u00fea\u00f0 \u00fe\u00fd\u00f0ir ekki a\u00f0 \u00fe\u00fa munir ekki lengur f\u00e1 augl\u00fdsingar \u00feegar \u00fe\u00fa notar neti\u00f0. Hins vegar \u00fe\u00fd\u00f0ir \u00fea\u00f0 a\u00f0 augl\u00fdsingarnar sem birtast \u00e1 vefs\u00ed\u00f0um sem \u00fe\u00fa heims\u00e6kir ver\u00f0a ekki s\u00e9rsni\u00f0nar a\u00f0 \u00fe\u00e9r og \u00e1hugasvi\u00f0um \u00fe\u00ednum og geta veri\u00f0 minna vi\u00f0eigandi fyrir \u00feig.<\/p>\n<p>&nbsp;<\/p>\n<p>&#8211; Ef \u00fe\u00fa k\u00fdst a\u00f0 af\u00feakka atferlisaugl\u00fdsingar fr\u00e1 tilteknu fyrirt\u00e6ki, mun \u00fea\u00f0 a\u00f0eins gilda um gagnas\u00f6fnun vi\u00f0komandi fyrirt\u00e6kis og notkun \u00feeirra til a\u00f0 bj\u00f3\u00f0a upp \u00e1 atferlisaugl\u00fdsingar \u00e1 \u00feeim netvafra sem \u00fe\u00fa notar. \u00c1 sama h\u00e1tt, ef \u00fe\u00fa k\u00fdst a\u00f0 af\u00feakka allar atferlisaugl\u00fdsingar fr\u00e1 skr\u00e1\u00f0um \u00fej\u00f3nustuveitenda, gildir \u00fea\u00f0 a\u00f0eins um \u00feann <a title=\"Jargon Buster\" href=\"https:\/\/www.youronlinechoices.com\/is\/ordskyringar\/\" target=\"_blank\">netvafra<\/a> sem \u00fe\u00fa notar.\u00a0 <strong>\u00de\u00fa ver\u00f0ur a\u00f0 nota s\u00f6mu a\u00f0fer\u00f0 fyrir hvern einstakan netvafra sem \u00fe\u00fa notar \u00e1 s\u00f6mu og\/e\u00f0a mismunandi t\u00f6lvu e\u00f0a t\u00e6kjum.<\/strong> Vinsamlegast athuga\u00f0u a\u00f0 ef mismunandi notandareikningar eru \u00e1 t\u00f6lvu heimilisins, getur \u00fe\u00fa s\u00e9rsni\u00f0i\u00f0 \u00f3skir \u00fe\u00ednar fyrir hvern reikning. <a title=\"Top Tips\" href=\"https:\/\/www.youronlinechoices.com\/is\/fimm-mikilvaegar-abendingar\/\" target=\"_blank\">Sko\u00f0a\u00f0u fimm mikilv\u00e6gustu \u00e1bendingar okkar<\/a><strong>.<\/strong><\/p>\n<p>&nbsp;<\/p>\n<p>&#8211; Ef \u00fe\u00fa hefur af\u00feakka\u00f0 atferlisaugl\u00fdsingar og \u00e1kve\u00f0ur s\u00ed\u00f0an a\u00f0 \u00fe\u00fa kj\u00f3sir frekar a\u00f0 f\u00e1 augl\u00fdsingar sem tengjast \u00e1hugasvi\u00f0um \u00fe\u00ednum, getur\u00f0u \u00f3ska\u00f0 eftir \u00fev\u00ed me\u00f0 \u00fev\u00ed a\u00f0 nota sama formi\u00f0 \u00e1 <a href=\"https:\/\/www.youronlinechoices.com\/is\/sidan-thin-fyrir-auglysingaoskir\/\" target=\"_blank\">af\u00fe\u00f6kkunars\u00ed\u00f0unni<\/a>.\u00a0Einnig getur\u00f0u eytt k\u00f6kunum \u00e1 vafranum \u00fe\u00ednum. <a title=\"Top Tips\" href=\"https:\/\/www.youronlinechoices.com\/is\/fimm-mikilvaegar-abendingar\/\" target=\"_blank\">Sko\u00f0a\u00f0u fimm mikilv\u00e6gustu \u00e1bendingarnar okkar til a\u00f0 gera \u00fea\u00f0<\/a>.<\/p>\n<p>&nbsp;<\/p>\n<p>&#8211; Ef \u00fe\u00fa \u00e1tt \u00ed einhverjum s\u00e9rst\u00f6kum e\u00f0a vi\u00f0varandi vandr\u00e6\u00f0um me\u00f0 a\u00f0 nota af\u00fe\u00f6kkunars\u00ed\u00f0una okkar, vinsamlegast sj\u00e1 h\u00e9r a\u00f0 ne\u00f0an.<\/p>\n<p>&nbsp;<\/p>\n<h4>\u00c1ttu \u00ed vandr\u00e6\u00f0um me\u00f0 a\u00f0 nota af\u00fe\u00f6kkunart\u00f3li\u00f0 \u00e1 vefs\u00ed\u00f0unni?<\/h4>\n<p>&nbsp;<\/p>\n<p>&#8211; \u00c1kve\u00f0nir \u00fe\u00e6ttir g\u00e6tu haft \u00e1hrif \u00e1 \u00e1rangur af af\u00fe\u00f6kkunars\u00ed\u00f0unni sem vi\u00f0 h\u00f6fum ekki stj\u00f3rn \u00e1.  \u00dear \u00e1 me\u00f0al eru vandam\u00e1l me\u00f0 nettenginguna \u00fe\u00edna, \u00f6ryggisstillingar fyrirt\u00e6kjaneta e\u00f0a stillingar netvafrans.<\/p>\n<p>&nbsp;<\/p>\n<p>&#8211; Ef \u00fe\u00fa \u00e1tt \u00ed vandr\u00e6\u00f0um me\u00f0 af\u00fe\u00f6kkun me\u00f0 \u00fev\u00ed a\u00f0 nota tenglana \u00e1 vefs\u00ed\u00f0unni, m\u00e6lum vi\u00f0 me\u00f0 \u00fev\u00ed a\u00f0 \u00fe\u00fa byrjir \u00e1 \u00fev\u00ed a\u00f0 <a title=\"Opt out\" href=\"https:\/\/www.youronlinechoices.com\/is\/sidan-thin-fyrir-auglysingaoskir\/\" target=\"_blank\">reyna aftur<\/a>.<\/p>\n<p>&nbsp;<\/p>\n<h4>Ef \u00fe\u00fa \u00e1tt enn \u00ed vandr\u00e6\u00f0um, sj\u00e1 h\u00e9r a\u00f0 ne\u00f0an.<\/h4>\n<p>&nbsp;<\/p>\n<p>&#8211; Sum af\u00fe\u00f6kkunart\u00f3l sem bo\u00f0i\u00f0 er upp \u00e1 eru bygg\u00f0 \u00e1 k\u00f6kum. \u00dev\u00ed ver\u00f0ur \u00fe\u00fa a\u00f0 stilla netvafrann \u00feannig a\u00f0 hann sam\u00feykki k\u00f6kur fr\u00e1 \u00feri\u00f0ja a\u00f0ila til a\u00f0 af\u00fe\u00f6kkunin geti fari\u00f0 fram me\u00f0 g\u00f3\u00f0um \u00e1rangri. Far\u00f0u \u00e1 <a href=\"https:\/\/www.youronlinechoices.com\/is\/fimm-mikilvaegar-abendingar\/\" title=\"Five top tips\">fimm mikilv\u00e6gar \u00e1bendingar<\/a> til a\u00f0 kynna \u00fe\u00e9r fri\u00f0helgisstillingar fyrir netvafrann sem \u00fe\u00fa notar.<\/p>\n<p>&nbsp;<\/p>\n<p>&#8211; \u00de\u00fa getur fengi\u00f0 n\u00e1nari uppl\u00fdsingar og a\u00f0sto\u00f0 \u00e1 s\u00e9rstakri hj\u00e1lpars\u00ed\u00f0u \u00e1 vafranum sem \u00fe\u00fa notar: <a href=\"http:\/\/support.microsoft.com\/kb\/283185\">Internet Explorer<\/a>, <a href=\"http:\/\/support.mozilla.com\/en-US\/kb\/Options+window+-+Privacy+panel\">Firefox<\/a>, <a href=\"http:\/\/docs.info.apple.com\/article.html?path=Safari\/3.0\/en\/9277.html\">Safari<\/a> og <a href=\"http:\/\/www.google.com\/support\/chrome\/bin\/answer.py?hl=en&amp;answer=95647\">Chrome<\/a><\/p>\n<p>&nbsp;<\/p>\n<p>&#8211; Ef vandam\u00e1li\u00f0 er vi\u00f0varandi, getur \u00fe\u00fa <a href=\"https:\/\/www.youronlinechoices.com\/uk\/download-guide\/yoc-troubleshooting-checklist-2\">hla\u00f0i\u00f0 ni\u00f0ur g\u00e1tlistanum okkar fyrir \u00farr\u00e6\u00f0aleit<\/a> e\u00f0a <a href=\"https:\/\/www.youronlinechoices.com\/uk\/feedback\">nota\u00f0 \u00feetta form<\/a> til a\u00f0 hafa samband vi\u00f0 okkur.<\/p>\n<p>&nbsp;<\/p>\n","protected":false},"excerpt":{"rendered":"<p>H\u00e9r eru nokkur atri\u00f0i sem \u00fe\u00fa \u00fearft a\u00f0 vita um af\u00fe\u00f6kkun&#8230; &nbsp; &#8211; Ef \u00fe\u00fa k\u00fdst a\u00f0 af\u00feakka atferlisaugl\u00fdsingar me\u00f0 \u00fev\u00ed a\u00f0 nota af\u00fe\u00f6kkunars\u00ed\u00f0una, er mikilv\u00e6gt a\u00f0 muna a\u00f0 \u00fea\u00f0 \u00fe\u00fd\u00f0ir ekki a\u00f0 \u00fe\u00fa munir ekki lengur f\u00e1 augl\u00fdsingar \u00feegar \u00fe\u00fa notar neti\u00f0. Hins vegar \u00fe\u00fd\u00f0ir \u00fea\u00f0 a\u00f0 augl\u00fdsingarnar sem birtast \u00e1 vefs\u00ed\u00f0um sem \u00fe\u00fa [&hellip;]<\/p>\n","protected":false},"author":2,"featured_media":0,"parent":0,"menu_order":11,"comment_status":"closed","ping_status":"closed","template":"","meta":[],"_links":{"self":[{"href":"https:\/\/www.youronlinechoices.com\/is\/wp-json\/wp\/v2\/pages\/23"}],"collection":[{"href":"https:\/\/www.youronlinechoices.com\/is\/wp-json\/wp\/v2\/pages"}],"about":[{"href":"https:\/\/www.youronlinechoices.com\/is\/wp-json\/wp\/v2\/types\/page"}],"author":[{"embeddable":true,"href":"https:\/\/www.youronlinechoices.com\/is\/wp-json\/wp\/v2\/users\/2"}],"replies":[{"embeddable":true,"href":"https:\/\/www.youronlinechoices.com\/is\/wp-json\/wp\/v2\/comments?post=23"}],"version-history":[{"count":35,"href":"https:\/\/www.youronlinechoices.com\/is\/wp-json\/wp\/v2\/pages\/23\/revisions"}],"predecessor-version":[{"id":738,"href":"https:\/\/www.youronlinechoices.com\/is\/wp-json\/wp\/v2\/pages\/23\/revisions\/738"}],"wp:attachment":[{"href":"https:\/\/www.youronlinechoices.com\/is\/wp-json\/wp\/v2\/media?parent=23"}],"curies":[{"name":"wp","href":"https:\/\/api.w.org\/{rel}","templated":true}]}}