{"id":21,"date":"2010-11-30T12:20:59","date_gmt":"2010-11-30T12:20:59","guid":{"rendered":"https:\/\/www.youronlinechoices.com\/uk"},"modified":"2014-08-13T12:25:28","modified_gmt":"2014-08-13T12:25:28","slug":"hlada-nidur-handbok","status":"publish","type":"page","link":"https:\/\/www.youronlinechoices.com\/is\/hlada-nidur-handbok\/","title":{"rendered":"Hla\u00f0a ni\u00f0ur handb\u00f3k"},"content":{"rendered":"<p>Ef \u00fe\u00fa hefur ekki haft t\u00edma til a\u00f0 kynna \u00fe\u00e9r \u00feessa vefs\u00ed\u00f0u, skaltu hla\u00f0a ni\u00f0ur \u00feessum flj\u00f3tlegu og einf\u00f6ldu lei\u00f0beiningum um atferlisaugl\u00fdsingar \u00e1 netinu.<\/p>\n<p>&nbsp;<\/p>\n<p style=\"text-align: center;\"><a href=\"https:\/\/www.youronlinechoices.com\/uk\/download-guide\/yoc-troubleshooting-checklist-2\"><img loading=\"lazy\" class=\"size-full wp-image-843 aligncenter\" title=\"download consumer guide\" src=\"https:\/\/www.youronlinechoices.com\/wp-content\/uploads\/2009\/09\/download-consumer-guide.jpg\" alt=\"download consumer guide\" width=\"250\" height=\"247\" \/><\/a><\/p>\n","protected":false},"excerpt":{"rendered":"<p>Ef \u00fe\u00fa hefur ekki haft t\u00edma til a\u00f0 kynna \u00fe\u00e9r \u00feessa vefs\u00ed\u00f0u, skaltu hla\u00f0a ni\u00f0ur \u00feessum flj\u00f3tlegu og einf\u00f6ldu lei\u00f0beiningum um atferlisaugl\u00fdsingar \u00e1 netinu. &nbsp;<\/p>\n","protected":false},"author":2,"featured_media":0,"parent":0,"menu_order":6,"comment_status":"closed","ping_status":"closed","template":"","meta":[],"_links":{"self":[{"href":"https:\/\/www.youronlinechoices.com\/is\/wp-json\/wp\/v2\/pages\/21"}],"collection":[{"href":"https:\/\/www.youronlinechoices.com\/is\/wp-json\/wp\/v2\/pages"}],"about":[{"href":"https:\/\/www.youronlinechoices.com\/is\/wp-json\/wp\/v2\/types\/page"}],"author":[{"embeddable":true,"href":"https:\/\/www.youronlinechoices.com\/is\/wp-json\/wp\/v2\/users\/2"}],"replies":[{"embeddable":true,"href":"https:\/\/www.youronlinechoices.com\/is\/wp-json\/wp\/v2\/comments?post=21"}],"version-history":[{"count":18,"href":"https:\/\/www.youronlinechoices.com\/is\/wp-json\/wp\/v2\/pages\/21\/revisions"}],"predecessor-version":[{"id":703,"href":"https:\/\/www.youronlinechoices.com\/is\/wp-json\/wp\/v2\/pages\/21\/revisions\/703"}],"wp:attachment":[{"href":"https:\/\/www.youronlinechoices.com\/is\/wp-json\/wp\/v2\/media?parent=21"}],"curies":[{"name":"wp","href":"https:\/\/api.w.org\/{rel}","templated":true}]}}