{"id":2,"date":"2010-06-18T20:51:35","date_gmt":"2010-06-18T20:51:35","guid":{"rendered":"https:\/\/www.youronlinechoices.com\/uk\/?page_id=2"},"modified":"2014-08-13T12:38:12","modified_gmt":"2014-08-13T12:38:12","slug":"about","status":"publish","type":"page","link":"https:\/\/www.youronlinechoices.com\/is\/","title":{"rendered":"Home"},"content":{"rendered":"<div class=\"tacenter mt10\">\n<div class=\"iblock cell fleft redbg\">\n\t\t\t\t\t\t\t\t\t<a href=\"um\" title=\"Um\"><span class=\"icon about\"><\/span><\/a><br \/>\n\t\t\t\t\t\t\t\t\t<label><a href=\"um\">Um<\/a><\/label>\n\t\t\t\t\t\t\t\t<\/div>\n<div class=\"iblock cell redbg\">\n\t\t\t\t\t\t\t\t\t<a href=\"sidan-thin-fyrir-auglysingaoskir\" title=\"S\u00ed\u00f0an \u00fe\u00edn fyrir augl\u00fdsinga\u00f3skir\"><span class=\"icon adchoices\"><\/span><\/a><br \/>\n\t\t\t\t\t\t\t\t\t<label><a href=\"sidan-thin-fyrir-auglysingaoskir\">S\u00ed\u00f0an \u00fe\u00edn fyrir augl\u00fdsinga\u00f3skir<\/a><\/label>\n\t\t\t\t\t\t\t\t<\/div>\n<div class=\"iblock cell fright redbg\">\n\t\t\t\t\t\t\t\t\t<a href=\"fimm-mikilvaegar-abendingar\" title=\"Fimm mikilv\u00e6gar \u00e1bendingar\"><span class=\"icon toptips\"><\/span><\/a><br \/>\n\t\t\t\t\t\t\t\t\t<label><a href=\"fimm-mikilvaegar-abendingar\">Fimm mikilv\u00e6gar \u00e1bendingar<\/a><\/label>\n\t\t\t\t\t\t\t\t<\/div>\n<\/p><\/div>\n<div class=\"tacenter mt10\">\n<div class=\"iblock cell fleft\">\n\t\t\t\t\t\t\t\t\t<a href=\"algengar-spurningar\" title=\"\"><span class=\"icon faq\"><\/span><\/a><br \/>\n\t\t\t\t\t\t\t\t\t<label><a href=\"algengar-spurningar\">Algengar spurningar<\/a><\/label>\n\t\t\t\t\t\t\t\t<\/div>\n<div class=\"iblock cell\">\n\t\t\t\t\t\t\t\t\t<a href=\"ordskyringar\" title=\"Or\u00f0sk\u00fdringar\"><span class=\"icon jargon\"><\/span><\/a><br \/>\n\t\t\t\t\t\t\t\t\t<label><a href=\"ordskyringar\">Or\u00f0sk\u00fdringar<\/a><\/label>\n\t\t\t\t\t\t\t\t<\/div>\n<div class=\"iblock cell fright\">\n\t\t\t\t\t\t\t\t\t<a href=\"hlada-nidur-handbok\/\" title=\"\"><span class=\"icon downladguide\"><\/span><\/a><br \/>\n\t\t\t\t\t\t\t\t\t<label><a href=\"hlada-nidur-handbok\/\">Hla\u00f0a ni\u00f0ur handb\u00f3k<\/a><\/label>\n\t\t\t\t\t\t\t\t<\/div>\n<\/p><\/div>\n<div class=\"tacenter mt10\">\n<div class=\"iblock cell fleft\">\n\t\t\t\t\t\t\t\t\t<a href=\"gagnleg-myndbond\" title=\"Gagnleg myndb\u00f6nd\"><span class=\"icon videos\"><\/span><\/a><br \/>\n\t\t\t\t\t\t\t\t\t<label><a href=\"gagnleg-myndbond\">Gagnleg myndb\u00f6nd<\/a><\/label>\n\t\t\t\t\t\t\t\t<\/div>\n<div class=\"iblock cell\">\n\t\t\t\t\t\t\t\t\t<a href=\"hjalparsida\" title=\"Hj\u00e1lpars\u00ed\u00f0a\"><span class=\"icon help\"><\/span><\/a><br \/>\n\t\t\t\t\t\t\t\t\t<label><a href=\"hjalparsida\">Hj\u00e1lpars\u00ed\u00f0a<\/a><\/label>\n\t\t\t\t\t\t\t\t<\/div>\n<div class=\"iblock cell fright\">\n\t\t\t\t\t\t\t\t\t<a href=\"ad-bera-fram-kvortun\" title=\"A\u00f0 bera fram kv\u00f6rtun\"><span class=\"icon complaints\"><\/span><\/a><br \/>\n\t\t\t\t\t\t\t\t\t<label><a href=\"ad-bera-fram-kvortun\">A\u00f0 bera fram kv\u00f6rtun<\/a><\/label>\n\t\t\t\t\t\t\t\t<\/div>\n<\/p><\/div>\n","protected":false},"excerpt":{"rendered":"<p>Um S\u00ed\u00f0an \u00fe\u00edn fyrir augl\u00fdsinga\u00f3skir Fimm mikilv\u00e6gar \u00e1bendingar Algengar spurningar Or\u00f0sk\u00fdringar Hla\u00f0a ni\u00f0ur handb\u00f3k Gagnleg myndb\u00f6nd Hj\u00e1lpars\u00ed\u00f0a A\u00f0 bera fram kv\u00f6rtun<\/p>\n","protected":false},"author":2,"featured_media":0,"parent":0,"menu_order":1,"comment_status":"closed","ping_status":"open","template":"","meta":[],"_links":{"self":[{"href":"https:\/\/www.youronlinechoices.com\/is\/wp-json\/wp\/v2\/pages\/2"}],"collection":[{"href":"https:\/\/www.youronlinechoices.com\/is\/wp-json\/wp\/v2\/pages"}],"about":[{"href":"https:\/\/www.youronlinechoices.com\/is\/wp-json\/wp\/v2\/types\/page"}],"author":[{"embeddable":true,"href":"https:\/\/www.youronlinechoices.com\/is\/wp-json\/wp\/v2\/users\/2"}],"replies":[{"embeddable":true,"href":"https:\/\/www.youronlinechoices.com\/is\/wp-json\/wp\/v2\/comments?post=2"}],"version-history":[{"count":81,"href":"https:\/\/www.youronlinechoices.com\/is\/wp-json\/wp\/v2\/pages\/2\/revisions"}],"predecessor-version":[{"id":4,"href":"https:\/\/www.youronlinechoices.com\/is\/wp-json\/wp\/v2\/pages\/2\/revisions\/4"}],"wp:attachment":[{"href":"https:\/\/www.youronlinechoices.com\/is\/wp-json\/wp\/v2\/media?parent=2"}],"curies":[{"name":"wp","href":"https:\/\/api.w.org\/{rel}","templated":true}]}}