{"id":19,"date":"2010-11-30T12:19:14","date_gmt":"2010-11-30T12:19:14","guid":{"rendered":"https:\/\/www.youronlinechoices.com\/uk"},"modified":"2014-08-06T10:41:23","modified_gmt":"2014-08-06T10:41:23","slug":"ordskyringar","status":"publish","type":"page","link":"https:\/\/www.youronlinechoices.com\/is\/ordskyringar\/","title":{"rendered":"Or\u00f0sk\u00fdringar"},"content":{"rendered":"<p>\u00d6ll mikilv\u00e6g hugt\u00f6k sem var\u00f0a atferlisaugl\u00fdsingar \u00e1 netinu \u00fatsk\u00fdr\u00f0.<\/p>\n<p>&nbsp;<\/p>\n<h3>Augl\u00fdsandi\/V\u00f6rumerki<\/h3>\n<p>&nbsp;<\/p>\n<p>Fyrirt\u00e6ki sem selur v\u00f6ru e\u00f0a \u00fej\u00f3nustu og stendur fyrir augl\u00fdsingaherfer\u00f0um til a\u00f0 kynna vi\u00f0komandi v\u00f6ru e\u00f0a \u00fej\u00f3nustu. Augl\u00fdsandi hefur s\u00edna eigin vefs\u00ed\u00f0u og er \u00fev\u00ed oft v\u00edsa\u00f0 til hans sem vef\u00fatg\u00e1fu\/eiganda nets\u00ed\u00f0u.<\/p>\n<p>&nbsp;<\/p>\n<h3>Augl\u00fdsingastofa<\/h3>\n<p>&nbsp;<\/p>\n<p>Fyrirt\u00e6ki sem starfar me\u00f0 augl\u00fdsendum vi\u00f0 a\u00f0 \u00fer\u00f3a herfer\u00f0ir og hrinda \u00feeim \u00ed framkv\u00e6md, \u00fear \u00e1 me\u00f0al a\u00f0 \u00e1kvar\u00f0a bestu sta\u00f0ina til a\u00f0 keyra herfer\u00f0ina til a\u00f0 n\u00e1 sem bestum \u00e1rangri.<\/p>\n<p>&nbsp;<\/p>\n<h3>Vi\u00f0skiptabor\u00f0 augl\u00fdsingastofu (ATD)<\/h3>\n<p>&nbsp;<\/p>\n<p>Teymi innan augl\u00fdsingastofu sem starfar \u00e1 vettvangi eftirspurnar til a\u00f0 st\u00fdra herfer\u00f0um.<\/p>\n<p>&nbsp;<\/p>\n<h3>Augl\u00fdsingami\u00f0lun<\/h3>\n<p>&nbsp;<\/p>\n<p>Fyrirt\u00e6ki sem virkar sem opinn marka\u00f0ur fyrir kaup og s\u00f6lu augl\u00fdsinga. L\u00edkt og \u00ed hlutabr\u00e9favi\u00f0skiptum getur vef\u00fatg\u00e1fan selt augl\u00fdsingapl\u00e1ss \u00e1 vefs\u00ed\u00f0um s\u00ednum til h\u00e6stbj\u00f3\u00f0anda \u00ed raunt\u00edma.<\/p>\n<p>&nbsp;<\/p>\n<h3>Augl\u00fdsinganet<\/h3>\n<p>&nbsp;<\/p>\n<p>Fyrirt\u00e6ki sem tengir vefs\u00ed\u00f0ur og vef\u00fatg\u00e1fur vi\u00f0 vi\u00f0eigandi augl\u00fdsendur.<\/p>\n<p>&nbsp;<\/p>\n<h3>Augl\u00fdsingavef\u00fej\u00f3nn<\/h3>\n<p>&nbsp;<\/p>\n<p>Fyrirt\u00e6ki sem b\u00fd\u00f0ur upp \u00e1 t\u00e6kni til a\u00f0 koma augl\u00fdsingum \u00e1 vi\u00f0eigandi s\u00ed\u00f0u e\u00f0a vefsv\u00e6\u00f0i.<\/p>\n<p>&nbsp;<\/p>\n<h3>K\u00f6kur<\/h3>\n<p>&nbsp;<\/p>\n<p>Kaka er l\u00edtil skr\u00e1 me\u00f0 b\u00f3kst\u00f6fum og t\u00f6lust\u00f6fum sem hla\u00f0i\u00f0 er ni\u00f0ur \u00ed t\u00f6lvuna \u00fe\u00edna \u00feegar \u00fe\u00fa sko\u00f0ar \u00e1kve\u00f0nar vefs\u00ed\u00f0ur. K\u00f6kur hj\u00e1lpa vefs\u00ed\u00f0um a\u00f0 \u00feekkja t\u00f6lvu notandans. K\u00f6kurnar \u00feurfa ekki pers\u00f3nuuppl\u00fdsingar til a\u00f0 vera nytsamlegar og \u00ed flestum tilvikum geta \u00fe\u00e6r ekki pers\u00f3nugreint netnotendur.<\/p>\n<p>&nbsp;<\/p>\n<h3>Efnisaugl\u00fdsingar<\/h3>\n<p>&nbsp;<\/p>\n<p>Augl\u00fdsingar sem beinast a\u00f0 \u00e1kve\u00f0num einstakling \u00feegar hann heims\u00e6kir vefs\u00ed\u00f0u. Sj\u00e1lfvirk kerfi birta augl\u00fdsingar samkv\u00e6mt innihaldi s\u00ed\u00f0unnar. Sem d\u00e6mi m\u00e1 nefna a\u00f0 \u00feegar sko\u00f0u\u00f0 er vefs\u00ed\u00f0a sem inniheldur kvikmyndagagnr\u00fdni, g\u00e6ti notandanum veri\u00f0 bo\u00f0i\u00f0 upp \u00e1 augl\u00fdsingar me\u00f0 n\u00fdjum kvikmyndum, n\u00fdjustu geisladiskunum e\u00f0a kvikmyndavarningi.<\/p>\n<p>&nbsp;<\/p>\n<h3>Gagnasamlei\u00f0ir<\/h3>\n<p>&nbsp;<\/p>\n<p>Fyrirt\u00e6ki sem dregur saman uppl\u00fdsingar \u00far fj\u00f6lda heimilda og skiptir \u00ed \u201ekafla\u201c \u00fat fr\u00e1 \u00e1hugasvi\u00f0um (t.d. bifrei\u00f0akaupendur). \u00de\u00e6r eru s\u00ed\u00f0an seldar augl\u00fdsendum, augl\u00fdsingastofum e\u00f0a augl\u00fdsinganetum beint e\u00f0a \u00ed gegnum augl\u00fdsingaskipti, svo augl\u00fdsingarnar s\u00e9u meira vi\u00f0eigandi fyrir neytandann.<\/p>\n<p>&nbsp;<\/p>\n<h3>S\u00f6luvettvangur (DSP)<\/h3>\n<p>&nbsp;<\/p>\n<p>Fyrirt\u00e6ki sem gerir augl\u00fdsendum kleift a\u00f0 tengjast vef\u00fatg\u00e1fum. Eftirspurnarvettvangur gerir augl\u00fdsendum kleift a\u00f0 stj\u00f3rna tilbo\u00f0um sem \u00feeir gera \u00ed raunt\u00edma \u00ed gegnum augl\u00fdsingaskipti.<\/p>\n<p>&nbsp;<\/p>\n<h3>Birtingaraugl\u00fdsingar (display)<\/h3>\n<p>&nbsp;<\/p>\n<p>Augl\u00fdsingar birtast \u00feegar notendur heims\u00e6kja vefs\u00ed\u00f0u. \u00de\u00e6r eru yfirleitt \u00ed formi \u201ebor\u00f0a\u201c e\u00f0a myndskei\u00f0a.<\/p>\n<p>&nbsp;<\/p>\n<h3>Atferlisaugl\u00fdsingar \u00e1 netinu | Augl\u00fdsingar bygg\u00f0ar \u00e1 \u00e1hugasvi\u00f0i<\/h3>\n<p>&nbsp;<\/p>\n<p>S\u00f6fnun og notkun \u00e1 uppl\u00fdsingum \u00far fyrra netvafri til a\u00f0 h\u00e6gt s\u00e9 a\u00f0 birta vi\u00f0eigandi augl\u00fdsingar.<\/p>\n<p>&nbsp;<\/p>\n<h3>S\u00f6luvettvangur (SSP)<\/h3>\n<p>&nbsp;<\/p>\n<p>Fyrirt\u00e6ki sem vinnur me\u00f0 vef\u00fatg\u00e1fum a\u00f0 \u00fev\u00ed a\u00f0 h\u00e1marka skilvirkni vefs\u00ed\u00f0unnar &#8211; og \u00fear af lei\u00f0andi \u00fea\u00f0 fj\u00e1rmagn sem f\u00e6st me\u00f0 \u00fev\u00ed a\u00f0 selja augl\u00fdsingar.<\/p>\n<p>&nbsp;<\/p>\n<h3>Hnitmi\u00f0a\u00f0ar augl\u00fdsingar (targeted)<\/h3>\n<p>&nbsp;<\/p>\n<p>Augl\u00fdsingar sem er s\u00e9rstaklega beint a\u00f0 \u00e1kve\u00f0num hluta notenda og byggist \u00e1 \u00fe\u00e1ttum eins og l\u00fd\u00f0fr\u00e6\u00f0i e\u00f0a heg\u00f0un.<\/p>\n<p>&nbsp;<\/p>\n<h3>Vef\u00fatg\u00e1fa<\/h3>\n<p>&nbsp;<\/p>\n<p>Fyrirt\u00e6ki sem kynnir v\u00f6rur s\u00ednar og \u00fej\u00f3nustu \u00ed gegnum vefs\u00ed\u00f0u s\u00edna og \u00ed \u00feessu samhengi, selur augl\u00fdsingar \u00e1 s\u00ed\u00f0una til a\u00f0 a\u00f0sto\u00f0a vi\u00f0 grei\u00f0slu \u00feeirra.<\/p>\n<p>&nbsp;<\/p>\n<h3>Netvafri<\/h3>\n<p>&nbsp;<\/p>\n<p>Hugb\u00fana\u00f0ur sem s\u00e6kir og safnar uppl\u00fdsingum, me\u00f0h\u00f6ndlar og birtir ni\u00f0urst\u00f6\u00f0urnar \u00e1 st\u00f6\u00f0lu\u00f0u formi \u00e1 t\u00e6kjum eins og t\u00f6lvu e\u00f0a fars\u00edma. D\u00e6mi um netvafra eru Internet Explorer, Firefox, Chrome, Safari og Opera.<\/p>\n","protected":false},"excerpt":{"rendered":"<p>\u00d6ll mikilv\u00e6g hugt\u00f6k sem var\u00f0a atferlisaugl\u00fdsingar \u00e1 netinu \u00fatsk\u00fdr\u00f0. &nbsp; Augl\u00fdsandi\/V\u00f6rumerki &nbsp; Fyrirt\u00e6ki sem selur v\u00f6ru e\u00f0a \u00fej\u00f3nustu og stendur fyrir augl\u00fdsingaherfer\u00f0um til a\u00f0 kynna vi\u00f0komandi v\u00f6ru e\u00f0a \u00fej\u00f3nustu. Augl\u00fdsandi hefur s\u00edna eigin vefs\u00ed\u00f0u og er \u00fev\u00ed oft v\u00edsa\u00f0 til hans sem vef\u00fatg\u00e1fu\/eiganda nets\u00ed\u00f0u. &nbsp; Augl\u00fdsingastofa &nbsp; Fyrirt\u00e6ki sem starfar me\u00f0 augl\u00fdsendum vi\u00f0 a\u00f0 \u00fer\u00f3a [&hellip;]<\/p>\n","protected":false},"author":2,"featured_media":0,"parent":0,"menu_order":8,"comment_status":"closed","ping_status":"closed","template":"","meta":[],"_links":{"self":[{"href":"https:\/\/www.youronlinechoices.com\/is\/wp-json\/wp\/v2\/pages\/19"}],"collection":[{"href":"https:\/\/www.youronlinechoices.com\/is\/wp-json\/wp\/v2\/pages"}],"about":[{"href":"https:\/\/www.youronlinechoices.com\/is\/wp-json\/wp\/v2\/types\/page"}],"author":[{"embeddable":true,"href":"https:\/\/www.youronlinechoices.com\/is\/wp-json\/wp\/v2\/users\/2"}],"replies":[{"embeddable":true,"href":"https:\/\/www.youronlinechoices.com\/is\/wp-json\/wp\/v2\/comments?post=19"}],"version-history":[{"count":26,"href":"https:\/\/www.youronlinechoices.com\/is\/wp-json\/wp\/v2\/pages\/19\/revisions"}],"predecessor-version":[{"id":127,"href":"https:\/\/www.youronlinechoices.com\/is\/wp-json\/wp\/v2\/pages\/19\/revisions\/127"}],"wp:attachment":[{"href":"https:\/\/www.youronlinechoices.com\/is\/wp-json\/wp\/v2\/media?parent=19"}],"curies":[{"name":"wp","href":"https:\/\/api.w.org\/{rel}","templated":true}]}}