{"id":184,"date":"2011-03-07T14:48:17","date_gmt":"2011-03-07T14:48:17","guid":{"rendered":"https:\/\/www.youronlinechoices.com\/uk\/?page_id=184"},"modified":"2018-04-23T12:31:02","modified_gmt":"2018-04-23T12:31:02","slug":"sidan-thin-fyrir-auglysingaoskir","status":"publish","type":"page","link":"https:\/\/www.youronlinechoices.com\/is\/sidan-thin-fyrir-auglysingaoskir\/","title":{"rendered":"S\u00ed\u00f0an \u00fe\u00edn fyrir augl\u00fdsinga\u00f3skir"},"content":{"rendered":"<div class=\"mb10\">\n<p class=\"block mb10\">Fyrirt\u00e6kin sem skr\u00e1\u00f0 eru h\u00e9r fyrir ne\u00f0an eru \u00fej\u00f3nustuveitendur sem starfa me\u00f0 vefstj\u00f3rum vi\u00f0 a\u00f0 safna og nota uppl\u00fdsingar svo a\u00f0 h\u00e6gt s\u00e9 a\u00f0 bj\u00f3\u00f0a upp \u00e1 atferlisaugl\u00fdsingar \u00e1 netinu.<\/p>\n<p>Vinsamlegast nota\u00f0u hnappana h\u00e9r fyrir ne\u00f0an til a\u00f0 stj\u00f3rna \u00f3skum \u00fe\u00ednum var\u00f0andi atferlisaugl\u00fdsingar. \u00de\u00fa getur sl\u00f6kkt e\u00f0a kveikt \u00e1 \u00f6llum fyrirt\u00e6kjum e\u00f0a a\u00f0 \u00f6\u00f0rum kosti stillt \u00f3skir \u00fe\u00ednar fyrir einst\u00f6k fyrirt\u00e6ki. Me\u00f0 \u00fev\u00ed a\u00f0 smella \u00e1 \u00fatv\u00edkkunarhnappinn getur \u00fe\u00fa fundi\u00f0 \u00fat meira um fyrirt\u00e6ki\u00f0 sj\u00e1lft, sem og st\u00f6\u00f0u atferlisaugl\u00fdsinga \u00feess \u00e1 netvafranum sem \u00fe\u00fa notar. Ef vandam\u00e1l koma upp skaltu heims\u00e6kja hj\u00e1lpars\u00ed\u00f0u okkar.<\/p>\n<\/div>\n<div class=\"liteyellowbg p10\">\n<div class=\"bbsolid bcdarkyellow pb10 mb10\">\n<div class=\"fleft pt10 pl5 pr10\"><img class=\"block attention\" src=\"https:\/\/www.youronlinechoices.com\/images\/pixel.png\" alt=\"\" \/><\/div>\n<div class=\"fleft w90\">Vinsamlegast athugi\u00f0: Pers\u00f3nuuppl\u00fdsingar \u00fe\u00ednar ver\u00f0a a\u00f0eins nota\u00f0ar til a\u00f0 svara fyrirspurn \u00feinni. \u00de\u00e6r fara ekki \u00ed gagnagrunn e\u00f0a ver\u00f0a nota\u00f0ar til marka\u00f0ssetningar. <a class=\"block mt5\" href=\"hjalparsida\">Lesa meira um ferli\u00f0<\/a><\/div>\n<\/div>\n<div class=\"pl40 pt10 pb10\">\n<p><strong class=\"block mb5\">Kerfi fyrir st\u00f6\u00f0ut\u00e1kn:<\/strong><\/p>\n<div>\n<div class=\"block mb10\"><img class=\"iblock mr5 legend nocookie vamiddle\" src=\"https:\/\/www.youronlinechoices.com\/images\/pixel.png\" alt=\"\" \/><span class=\"iblock w530 vamiddle\">\u00deetta fyrirt\u00e6ki hefur ekki sett upp k\u00f6ku, en g\u00e6ti \u00ed framt\u00ed\u00f0inni bo\u00f0i\u00f0 upp \u00e1 augl\u00fdsingar sem eru s\u00e9rsni\u00f0nar a\u00f0 \u00e1hugam\u00e1lum \u00fe\u00ednum.<\/span><\/div>\n<div class=\"block mb10\"><img class=\"iblock vamiddle mr5 legend on\" src=\"https:\/\/www.youronlinechoices.com\/images\/pixel.png\" alt=\"\" \/><span class=\"iblock w530 vamiddle\">\u00deetta fyrirt\u00e6ki b\u00fd\u00f0ur upp \u00e1 augl\u00fdsingar sem eru s\u00e9rsni\u00f0nar a\u00f0 \u00e1hugam\u00e1lum \u00fe\u00ednum.<\/span><\/div>\n<div class=\"block mb10\"><img class=\"iblock vamiddle mr5 legend off\" src=\"https:\/\/www.youronlinechoices.com\/images\/pixel.png\" alt=\"\" \/><span class=\"iblock w530 vamiddle\">\u00deetta fyrirt\u00e6ki b\u00fd\u00f0ur ekki upp \u00e1 augl\u00fdsingar sem eru s\u00e9rsni\u00f0nar a\u00f0 \u00e1hugam\u00e1lum \u00fe\u00ednum.<\/span><\/div>\n<div class=\"block\"><img class=\"iblock vamiddle mr5 legend noconnection\" src=\"https:\/\/www.youronlinechoices.com\/images\/pixel.png\" alt=\"\" \/><span class=\"iblock w530 vamiddle\">\u00deetta fyrirt\u00e6ki \u00e1 vi\u00f0 t\u00e6knileg vandam\u00e1l a\u00f0 str\u00ed\u00f0a og vi\u00f0 getum ekki s\u00f3tt st\u00f6\u00f0u \u00fe\u00edna.<\/span><\/div>\n<\/div>\n<\/div>\n<\/div>\n<div>\n<p><iframe loading=\"lazy\" width=\"100%\" height=\"4200\" id=\"myiframeid\" name=\"myiframeid\" src=\"https:\/\/www.youronlinechoices.com\/opt_out_interface_v2?lang=is\" scrolling=\"no\" frameborder=\"0\" onload=\"\"><\/iframe><\/p>\n<div id=\"loadingLoad\">\n<div class=\"reloadButtons\"> aaa <\/div>\n<p><span id=\"loadingLoadText\">82<\/span>\n<\/div>\n<\/div>\n","protected":false},"excerpt":{"rendered":"<p>Fyrirt\u00e6kin sem skr\u00e1\u00f0 eru h\u00e9r fyrir ne\u00f0an eru \u00fej\u00f3nustuveitendur sem starfa me\u00f0 vefstj\u00f3rum vi\u00f0 a\u00f0 safna og nota uppl\u00fdsingar svo a\u00f0 h\u00e6gt s\u00e9 a\u00f0 bj\u00f3\u00f0a upp \u00e1 atferlisaugl\u00fdsingar \u00e1 netinu. Vinsamlegast nota\u00f0u hnappana h\u00e9r fyrir ne\u00f0an til a\u00f0 stj\u00f3rna \u00f3skum \u00fe\u00ednum var\u00f0andi atferlisaugl\u00fdsingar. \u00de\u00fa getur sl\u00f6kkt e\u00f0a kveikt \u00e1 \u00f6llum fyrirt\u00e6kjum e\u00f0a a\u00f0 \u00f6\u00f0rum kosti [&hellip;]<\/p>\n","protected":false},"author":2,"featured_media":0,"parent":0,"menu_order":3,"comment_status":"closed","ping_status":"open","template":"","meta":[],"_links":{"self":[{"href":"https:\/\/www.youronlinechoices.com\/is\/wp-json\/wp\/v2\/pages\/184"}],"collection":[{"href":"https:\/\/www.youronlinechoices.com\/is\/wp-json\/wp\/v2\/pages"}],"about":[{"href":"https:\/\/www.youronlinechoices.com\/is\/wp-json\/wp\/v2\/types\/page"}],"author":[{"embeddable":true,"href":"https:\/\/www.youronlinechoices.com\/is\/wp-json\/wp\/v2\/users\/2"}],"replies":[{"embeddable":true,"href":"https:\/\/www.youronlinechoices.com\/is\/wp-json\/wp\/v2\/comments?post=184"}],"version-history":[{"count":64,"href":"https:\/\/www.youronlinechoices.com\/is\/wp-json\/wp\/v2\/pages\/184\/revisions"}],"predecessor-version":[{"id":732,"href":"https:\/\/www.youronlinechoices.com\/is\/wp-json\/wp\/v2\/pages\/184\/revisions\/732"}],"wp:attachment":[{"href":"https:\/\/www.youronlinechoices.com\/is\/wp-json\/wp\/v2\/media?parent=184"}],"curies":[{"name":"wp","href":"https:\/\/api.w.org\/{rel}","templated":true}]}}