{"id":14,"date":"2010-11-30T12:32:18","date_gmt":"2010-11-30T12:32:18","guid":{"rendered":"https:\/\/www.youronlinechoices.com\/uk"},"modified":"2014-08-06T11:04:09","modified_gmt":"2014-08-06T11:04:09","slug":"ad-bera-fram-kvortun","status":"publish","type":"page","link":"https:\/\/www.youronlinechoices.com\/is\/ad-bera-fram-kvortun\/","title":{"rendered":"A\u00f0 bera fram kv\u00f6rtun"},"content":{"rendered":"<p>Ef \u00fe\u00fa vilt bera fram kv\u00f6rtun var\u00f0andi atferlisaugl\u00fdsingar \u00fearftu a\u00f0 framkv\u00e6ma nokkur einf\u00f6ld skref svo vi\u00f0 getum a\u00f0sto\u00f0a\u00f0 vi\u00f0 a\u00f0 leysa m\u00e1li\u00f0.<\/p>\n<p>&nbsp;<\/p>\n<h3>Fyrsta skref<\/h3>\n<p>&nbsp;<\/p>\n<p>H\u00e9r a\u00f0 ne\u00f0an er einfaldur g\u00e1tlisti sem getur a\u00f0sto\u00f0a\u00f0 vi\u00f0 a\u00f0 leysa \u00far fyrirspurninni e\u00f0a kv\u00f6rtuninni:<\/p>\n<p>&nbsp;<\/p>\n<p>1. Tengist kv\u00f6rtunin efni augl\u00fdsingar? Ef svo er, skaltu heims\u00e6kja eftirlitsa\u00f0ilann fyrir augl\u00fdsingaefni, <a title=\"ASA\" href=\"http:\/\/www.asa.org.uk\/Consumers\/How-to-complain.aspx\" target=\"_blank\"> Eftirlitsstofnunina fyrir augl\u00fdsingasta\u00f0la<\/a>.<\/p>\n<p>2. Tengist kv\u00f6rtunin fj\u00e1rm\u00e1laaugl\u00fdsingum (t.d. l\u00e1nam\u00e1lum, almennum tryggingum e\u00f0a sparna\u00f0i\/bankareikningum)? Ef<br \/>\nsvo er, skaltu heims\u00e6kja<br \/>\n <a href=\"http:\/\/www.fsa.gov.uk\/Pages\/consumerinformation\/financial_advertising\/index.shtml\">Eftirlitsstofnunina fyrir fj\u00e1rm\u00e1la\u00fej\u00f3nustu<\/a>.<\/p>\n<p>3. Viltu af\u00feakka atferlisaugl\u00fdsingar? Ef svo er, skaltu <a title=\"Your ad choices\" href=\"https:\/\/www.youronlinechoices.com\/is\/sidan-thin-fyrir-auglysingaoskir\/\" target=\"_blank\">heims\u00e6kja af\u00fe\u00f6kkunars\u00ed\u00f0una okkar<\/a>.<br \/>\n4. \u00c1ttu \u00ed erfi\u00f0leikum me\u00f0 a\u00f0 af\u00feakka atferlisaugl\u00fdsingar me\u00f0 \u00fev\u00ed a\u00f0 nota tenglana \u00e1 \u00feessari vefs\u00ed\u00f0u? Ef svo er, skaltu <a href=\"https:\/\/www.youronlinechoices.com\/is\/hjalparsida\/\" target=\"_blank\">heims\u00e6kja af\u00fe\u00f6kkunars\u00ed\u00f0una okkar<\/a>.<br \/>\n5. F\u00e6r\u00f0u enn\u00fe\u00e1 atferlisaugl\u00fdsingar eftir a\u00f0 \u00fe\u00fa af\u00feakka\u00f0ir \u00fe\u00e6r? Ef svo er, skaltu <a href=\"https:\/\/www.youronlinechoices.com\/is\/faqs\" target=\"_blank\">fara \u00e1 algengu spurningarnar okkar<\/a>.<br \/>\n6. Ert \u00fe\u00fa me\u00f0 fyrirspurn var\u00f0andi fri\u00f0helgisstillingar \u00ed vafranum \u00fe\u00ednum? Ef svo er, skaltu <a href=\"https:\/\/www.youronlinechoices.com\/is\/fimm-mikilvaegar-abendingar\/\" target=\"_blank\">heims\u00e6kja af\u00fe\u00f6kkunars\u00ed\u00f0una okkar<\/a>.<br \/>\n7. Ertu me\u00f0 almenna fyrirspurn e\u00f0a \u00e1hyggjur var\u00f0andi atferlisaugl\u00fdsingar og langar a\u00f0 vita meira? Ef svo er, skaltu <a href=\" https:\/\/www.youronlinechoices.com\/is\/faqs\" target=\"_blank\">fara \u00e1 algengu spurningarnar okkar<\/a>.<\/p>\n<p>&nbsp;<\/p>\n<h3>Anna\u00f0 skref<\/h3>\n<p>&nbsp;<\/p>\n<p>Ef vandam\u00e1l eru enn til sta\u00f0ar og \u00fe\u00fa vilt leggja fram formlega kv\u00f6rtun, getur \u00fe\u00fa gert \u00fea\u00f0 me\u00f0 \u00fev\u00ed a\u00f0 hafa samband vi\u00f0 <a href=\"http:\/\/www.asa.org.uk\/Consumers\/How-to-complain.aspx\">Eftirlitsstofnun fyrir augl\u00fdsingasta\u00f0la (ASA)<\/a>.<\/p>\n","protected":false},"excerpt":{"rendered":"<p>Ef \u00fe\u00fa vilt bera fram kv\u00f6rtun var\u00f0andi atferlisaugl\u00fdsingar \u00fearftu a\u00f0 framkv\u00e6ma nokkur einf\u00f6ld skref svo vi\u00f0 getum a\u00f0sto\u00f0a\u00f0 vi\u00f0 a\u00f0 leysa m\u00e1li\u00f0. &nbsp; Fyrsta skref &nbsp; H\u00e9r a\u00f0 ne\u00f0an er einfaldur g\u00e1tlisti sem getur a\u00f0sto\u00f0a\u00f0 vi\u00f0 a\u00f0 leysa \u00far fyrirspurninni e\u00f0a kv\u00f6rtuninni: &nbsp; 1. Tengist kv\u00f6rtunin efni augl\u00fdsingar? Ef svo er, skaltu heims\u00e6kja eftirlitsa\u00f0ilann fyrir [&hellip;]<\/p>\n","protected":false},"author":2,"featured_media":0,"parent":0,"menu_order":9,"comment_status":"closed","ping_status":"closed","template":"","meta":[],"_links":{"self":[{"href":"https:\/\/www.youronlinechoices.com\/is\/wp-json\/wp\/v2\/pages\/14"}],"collection":[{"href":"https:\/\/www.youronlinechoices.com\/is\/wp-json\/wp\/v2\/pages"}],"about":[{"href":"https:\/\/www.youronlinechoices.com\/is\/wp-json\/wp\/v2\/types\/page"}],"author":[{"embeddable":true,"href":"https:\/\/www.youronlinechoices.com\/is\/wp-json\/wp\/v2\/users\/2"}],"replies":[{"embeddable":true,"href":"https:\/\/www.youronlinechoices.com\/is\/wp-json\/wp\/v2\/comments?post=14"}],"version-history":[{"count":40,"href":"https:\/\/www.youronlinechoices.com\/is\/wp-json\/wp\/v2\/pages\/14\/revisions"}],"predecessor-version":[{"id":694,"href":"https:\/\/www.youronlinechoices.com\/is\/wp-json\/wp\/v2\/pages\/14\/revisions\/694"}],"wp:attachment":[{"href":"https:\/\/www.youronlinechoices.com\/is\/wp-json\/wp\/v2\/media?parent=14"}],"curies":[{"name":"wp","href":"https:\/\/api.w.org\/{rel}","templated":true}]}}