{"id":12,"date":"2010-11-30T11:58:27","date_gmt":"2010-11-30T11:58:27","guid":{"rendered":"https:\/\/www.youronlinechoices.com\/uk"},"modified":"2014-08-06T10:08:06","modified_gmt":"2014-08-06T10:08:06","slug":"fimm-mikilvaegar-abendingar","status":"publish","type":"page","link":"https:\/\/www.youronlinechoices.com\/is\/fimm-mikilvaegar-abendingar\/","title":{"rendered":"Fimm mikilv\u00e6gar \u00e1bendingar"},"content":{"rendered":"<p>Fimm mikilv\u00e6gar \u00e1bendingar til a\u00f0 a\u00f0sto\u00f0a \u00feig vi\u00f0 a\u00f0 stj\u00f3rna fri\u00f0helgi \u00feinni \u00e1 netinu.<\/p>\n<p>&nbsp;<\/p>\n<h3>1. Ekki \u00f6rv\u00e6nta<\/h3>\n<p>&nbsp;<\/p>\n<p>Atferlisaugl\u00fdsingar \u00e1 netinu eru \u00f6ruggar og gagns\u00e6jar. Augl\u00fdsendur vita ekki hver \u00fe\u00fa ert vegna \u00feess a\u00f0 ekki er h\u00e6gt a\u00f0 nota uppl\u00fdsingarnar sem safna\u00f0 er til a\u00f0 au\u00f0kenna \u00feig, \u00fe\u00e6r eru bygg\u00f0ar \u00e1 netvafri \u00fe\u00ednu til a\u00f0 koma augl\u00fdsingum sem endurspegla \u00feau \u00e1hugasvi\u00f0 til skila. Taktu \u00fe\u00e9r t\u00edma til a\u00f0 kynna \u00fe\u00e9r meira um atferlisaugl\u00fdsingar.<\/p>\n<p>&nbsp;<\/p>\n<h3>2. Leita\u00f0u a\u00f0 t\u00e1kninu \u00e1 \u00feeim vefs\u00ed\u00f0um sem \u00fe\u00fa heims\u00e6kir<\/h3>\n<p>&nbsp;<\/p>\n<p>Margar augl\u00fdsingar \u00e1 vefs\u00ed\u00f0um sem \u00fe\u00fa heims\u00e6kir munu innihalda t\u00e1kn e\u00f0a au\u00f0kenni (sj\u00e1 d\u00e6mi\u00f0 h\u00e9r a\u00f0 ne\u00f0an). Me\u00f0 \u00fev\u00ed a\u00f0 smella \u00e1 t\u00e1kni\u00f0 getur\u00f0u fengi\u00f0 frekari uppl\u00fdsingar um \u00feau g\u00f6gn sem safna\u00f0 er og notkun \u00feeirra, \u00e1samt lei\u00f0um til a\u00f0 stj\u00f3rna e\u00f0a hafa eftirlit me\u00f0 \u00feeim.<\/p>\n<p>&nbsp;<\/p>\n<p style=\"text-align: center;\"><img loading=\"lazy\" class=\"aligncenter size-full wp-image-423\" title=\"icon\" src=\"https:\/\/www.youronlinechoices.com\/uk\/wp-content\/uploads\/2010\/11\/icon2.jpg\" alt=\"\" width=\"550\" height=\"200\" \/><\/p>\n<h3>3. \u00de\u00fa getur vali\u00f0 hvort \u00fe\u00fa viljir atferlisaugl\u00fdsingar e\u00f0a ekki <\/h3>\n<p>&nbsp;<\/p>\n<p>Fyrirt\u00e6ki sem bj\u00f3\u00f0a upp \u00e1 atferlisaugl\u00fdsingar munu einnig veita \u00fe\u00e9r frekari uppl\u00fdsingar um hvernig \u00e1 a\u00f0 af\u00feakka atferlisaugl\u00fdsingar. Atferlisaugl\u00fdsingar af\u00feakka\u00f0ar.<\/a><\/p>\n<p>&nbsp;<\/p>\n<h3>4. Kynntu \u00fe\u00e9r betur fri\u00f0helgisstillingarnar \u00e1 t\u00f6lvunni \u00feinni<\/h3>\n<p>&nbsp;<\/p>\n<p>\u00de\u00e6r m\u00e1 finna \u00ed valmyndinni \u201evalkostir (options)\u201c \u00e1 vafranum \u00fe\u00ednum. \u00deegar velja skal valkosti sem tengjast k\u00f6kum er gott a\u00f0 hafa \u00ed huga a\u00f0 \u00fe\u00e6r gera vefs\u00ed\u00f0ur oft notendav\u00e6nni (t.d. muna \u00f3skir \u00e1 s\u00ed\u00f0um og tungum\u00e1lastillingar).<\/p>\n<p>&nbsp;<\/p>\n<p>D\u00e6mi\u00f0 h\u00e9r a\u00f0 ne\u00f0an s\u00fdnir hvernig h\u00e6gt er a\u00f0 stj\u00f3rna fri\u00f0helgisstillingum \u00ed Internet Explorer<\/p>\n<p>&nbsp;<\/p>\n<p style=\"text-align: center;\"><img loading=\"lazy\" class=\"size-full wp-image-1137 aligncenter\" title=\"privacy at medium\" src=\"https:\/\/www.youronlinechoices.com\/wp-content\/uploads\/2009\/08\/privacy-at-medium.jpg\" alt=\"privacy at medium\" width=\"330\" height=\"428\" \/><\/p>\n<p style=\"text-align: center;\">\n<p style=\"text-align: center;\">\n<p style=\"text-align: center;\"><img loading=\"lazy\" class=\"size-full wp-image-128 aligncenter\" title=\"Advanced privacy settings\" src=\"https:\/\/youronlinechoices.com\/wp-content\/uploads\/2009\/08\/Advanced-privacy-settings.jpg\" alt=\"Advanced privacy settings\" width=\"341\" height=\"272\" \/><\/p>\n<h3><\/h3>\n<p>&nbsp;<\/p>\n<h3>5. Reyndu a\u00f0 sn\u00ed\u00f0a fri\u00f0helgisstillingarnar a\u00f0 \u00fe\u00f6rfum heimilisins.<\/h3>\n<p>&nbsp;<\/p>\n<p>Allir nota neti\u00f0 \u00e1 mismunandi vegu og \u00ed mismunandi tilgangi. \u00c1 heimilum \u00fear sem fleiri en einn notar s\u00f6mu t\u00f6lvu, m\u00e6lum vi\u00f0 me\u00f0 a\u00f0 hver notandi hafi sinn eigin \u201enotendareikning (user account)\u201c. \u00deannig er h\u00e6gt a\u00f0 sn\u00ed\u00f0a fri\u00f0helgisstillingar (t.d. sm\u00e1k\u00f6kustillingar e\u00f0a af\u00fe\u00f6kkun) a\u00f0 \u00fe\u00f6rfum og kr\u00f6fum hvers notanda.<\/p>\n<p>&nbsp;<\/p>\n<p style=\"text-align: center;\"><img loading=\"lazy\" class=\"size-full wp-image-129 aligncenter\" title=\"user accounts\" src=\"https:\/\/youronlinechoices.com\/wp-content\/uploads\/2009\/08\/user-accounts.jpg\" alt=\"user accounts\" width=\"364\" height=\"410\" \/><\/p>\n","protected":false},"excerpt":{"rendered":"<p>Fimm mikilv\u00e6gar \u00e1bendingar til a\u00f0 a\u00f0sto\u00f0a \u00feig vi\u00f0 a\u00f0 stj\u00f3rna fri\u00f0helgi \u00feinni \u00e1 netinu. &nbsp; 1. Ekki \u00f6rv\u00e6nta &nbsp; Atferlisaugl\u00fdsingar \u00e1 netinu eru \u00f6ruggar og gagns\u00e6jar. Augl\u00fdsendur vita ekki hver \u00fe\u00fa ert vegna \u00feess a\u00f0 ekki er h\u00e6gt a\u00f0 nota uppl\u00fdsingarnar sem safna\u00f0 er til a\u00f0 au\u00f0kenna \u00feig, \u00fe\u00e6r eru bygg\u00f0ar \u00e1 netvafri \u00fe\u00ednu til [&hellip;]<\/p>\n","protected":false},"author":2,"featured_media":0,"parent":0,"menu_order":4,"comment_status":"closed","ping_status":"closed","template":"","meta":[],"_links":{"self":[{"href":"https:\/\/www.youronlinechoices.com\/is\/wp-json\/wp\/v2\/pages\/12"}],"collection":[{"href":"https:\/\/www.youronlinechoices.com\/is\/wp-json\/wp\/v2\/pages"}],"about":[{"href":"https:\/\/www.youronlinechoices.com\/is\/wp-json\/wp\/v2\/types\/page"}],"author":[{"embeddable":true,"href":"https:\/\/www.youronlinechoices.com\/is\/wp-json\/wp\/v2\/users\/2"}],"replies":[{"embeddable":true,"href":"https:\/\/www.youronlinechoices.com\/is\/wp-json\/wp\/v2\/comments?post=12"}],"version-history":[{"count":30,"href":"https:\/\/www.youronlinechoices.com\/is\/wp-json\/wp\/v2\/pages\/12\/revisions"}],"predecessor-version":[{"id":685,"href":"https:\/\/www.youronlinechoices.com\/is\/wp-json\/wp\/v2\/pages\/12\/revisions\/685"}],"wp:attachment":[{"href":"https:\/\/www.youronlinechoices.com\/is\/wp-json\/wp\/v2\/media?parent=12"}],"curies":[{"name":"wp","href":"https:\/\/api.w.org\/{rel}","templated":true}]}}