{"id":10,"date":"2010-11-30T11:52:58","date_gmt":"2010-11-30T11:52:58","guid":{"rendered":"https:\/\/www.youronlinechoices.com\/uk\/?page_id=10"},"modified":"2014-08-13T12:24:56","modified_gmt":"2014-08-13T12:24:56","slug":"algengar-spurningar","status":"publish","type":"page","link":"https:\/\/www.youronlinechoices.com\/is\/algengar-spurningar\/","title":{"rendered":"Algengar spurningar"},"content":{"rendered":"<p>H\u00e9r fyrir ne\u00f0an er listi yfir algengar spurningar sem hj\u00e1lpa \u00fe\u00e9r a\u00f0 skilja atferlisaugl\u00fdsingar.<\/p>\n<p>&nbsp;<\/p>\n<ul>\n<ul>\n<li><a href=\"#1\">Hva\u00f0 eru atferlisaugl\u00fdsingar \u00e1 netinu?<\/a><\/li>\n<li><a href=\"#2\">Hvernig virka \u00fe\u00e6r?<\/a><\/li>\n<li><a href=\"#3\">Hva\u00f0a uppl\u00fdsingar eru nota\u00f0ar?<\/a><\/li>\n<li><a href=\"#4\">Hverjir eru kostirnir?<\/a><\/li>\n<li><a href=\"#5\">Eru \u00fe\u00e6r ekki \u00f3gnun vi\u00f0 fri\u00f0helgi m\u00edna?<\/a><\/li>\n<li><a href=\"#6\">Hva\u00f0 get \u00e9g gert ef \u00e9g vil ekki \u00feessa tegund augl\u00fdsinga?<\/a><\/li>\n<li><a href=\"#8\">\u00de\u00fd\u00f0a atferlisaugl\u00fdsingar \u00e1 netinu a\u00f0 \u00e9g muni sj\u00e1 fleiri augl\u00fdsingar?<\/a><\/li>\n<li><a href=\"#9\">Mun netupplifun m\u00edn raskast vegna atferlisaugl\u00fdsinga \u00e1 netinu?<\/a><\/li>\n<li><a href=\"#10\">Munu atferlisaugl\u00fdsingar \u00e1 netinu beinast a\u00f0 b\u00f6rnum?<\/a><\/li>\n<li><a href=\"#11\">Hva\u00f0 eru g\u00f3\u00f0ir starfsh\u00e6ttir ESB og hvernig skipta \u00feeir m\u00e1li fyrir mig?<\/a><\/li>\n<li><a href=\"#12\">Hvernig veit \u00e9g hvort fyrirt\u00e6ki sem hafa skr\u00e1\u00f0 sig starfi samkv\u00e6mt \u00feessum regluramma?<\/a><\/li>\n<li><a href=\"#13\">Eiga g\u00f3\u00f0ir starfsh\u00e6ttir ESB vi\u00f0 um fars\u00edma og spjaldt\u00f6lvur?<\/a><\/li>\n<li><a href=\"#14\">Ver\u00f0ur einhverjum hugb\u00fana\u00f0i hla\u00f0i\u00f0 ni\u00f0ur \u00ed t\u00f6lvuna m\u00edna?<\/a><\/li>\n<\/ul>\n<\/ul>\n<p><!-- br --><br \/>\n<!-- br --><\/p>\n<ul>\n<li><a href=\"#15\">Hva\u00f0 er \u201ekaka (cookie)\u201c og hvernig er h\u00fan notu\u00f0?<\/a><\/li>\n<li><a href=\"#16\">Get \u00e9g gert k\u00f6ku \u00f3virka?<\/a><\/li>\n<li><a href=\"#17\">Hva\u00f0 eru \u201eflash-k\u00f6kur\u201c? Eru \u00fe\u00e6r nota\u00f0ar til a\u00f0 safna uppl\u00fdsingum fyrir atferlisaugl\u00fdsingar \u00e1 netinu?<\/a><\/li>\n<li><a href=\"#18\">\u00dearf \u00e9g a\u00f0 af\u00feakka ef \u00e9g nota a\u00f0ra t\u00f6lvu \u00ed vinnunni?<\/a><\/li>\n<li><a href=\"#19\">Ef \u00e9g hef stillt vafrann minn til a\u00f0 ey\u00f0a k\u00f6kum sj\u00e1lfkrafa \u00feegar \u00e9g loka honum (e\u00f0a geri \u00fea\u00f0 handst\u00fdrt), mun \u00fea\u00f0 hafa \u00e1hrif \u00e1 \u00e1rangur af\u00fe\u00f6kkunars\u00ed\u00f0unnar?<\/a><\/li>\n<li><a href=\"#20\">Ef \u00e9g hef uppsettan hugb\u00fana\u00f0 \u00ed t\u00f6lvunni minni sem ver fri\u00f0helgi og st\u00f6\u00f0var augl\u00fdsingar, mun \u00fea\u00f0 hafa \u00e1hrif \u00e1 \u00e1rangur af\u00fe\u00f6kkunars\u00ed\u00f0unnar?<\/a><\/li>\n<li><a href=\"#21\">Ef \u00e9g af\u00feakka atferlisaugl\u00fdsingar, hindrar \u00fea\u00f0 sprettiglugga (pop-ups) e\u00f0a ruslp\u00f3st?<\/a><\/li>\n<li><a href=\"#22\">\u00c9g hef heyrt af framtaksverkefni sem kallast \u201eekki rekja\u201c (do not track): Hva\u00f0 er \u00fea\u00f0 og hvernig tengist \u00fea\u00f0 atferlisaugl\u00fdsingum \u00e1 netinu?<\/a><\/li>\n<li><a href=\"#22\">\u00dearf \u00e9g a\u00f0 gera eitthva\u00f0?<\/a><\/li>\n<li><a href=\"#23\">\u00c9g \u00f3ska eftir a\u00f0 leggja fram formlega kv\u00f6rtun. Hvernig geri \u00e9g \u00fea\u00f0?<\/a><\/li>\n<li><a href=\"#24\">Vi\u00f0 hvern get \u00e9g haft samband til a\u00f0 f\u00e1 frekari uppl\u00fdsingar?<\/a><\/li>\n<\/ul>\n<p><a name=\"1\"><\/a><\/p>\n<p>&nbsp;<\/p>\n<h3>Hva\u00f0 eru atferlisaugl\u00fdsingar \u00e1 netinu?<\/h3>\n<p>&nbsp;<\/p>\n<p>Atferlisaugl\u00fdsingar \u00e1 netinu er lei\u00f0 til a\u00f0 nota uppl\u00fdsingar um netvafur \u00feitt til a\u00f0 flokka \u00feig \u00e1samt \u00f6\u00f0rum notendum \u00ed \u00e1hugah\u00f3pa og bj\u00f3\u00f0a \u00fe\u00e9r upp \u00e1 augl\u00fdsingar sem byggjast \u00e1 \u00feessum \u00e1hugasvi\u00f0um.<\/p>\n<p>&nbsp;<\/p>\n<p>Atferlisaugl\u00fdsingar eru fr\u00e1brug\u00f0nar \u00f6\u00f0rum augl\u00fdsingaformum \u00e1 netinu, svo sem efnisaugl\u00fdsingum (contextual) sem birtast \u00ed kj\u00f6lfar yfirstandandi, lotumi\u00f0a\u00f0rar starfsemi  \u00feinnar (\u00fe.m.t. leitarfyrirspurna e\u00f0a heims\u00f3kna \u00e1 vefs\u00ed\u00f0ur). Einnig getur vi\u00f0eigandi augl\u00fdsingum veri\u00f0 komi\u00f0 til \u00fe\u00edn sem byggjast \u00e1 efni \u00feeirra vefs\u00ed\u00f0na sem \u00fe\u00fa hefur einungis veri\u00f0 a\u00f0 sko\u00f0a. \u00deetta kallast  \u201eendurmi\u00f0un\u201c (retargeting).<\/p>\n<p>&nbsp;<\/p>\n<p><a name=\"2\"><\/a><\/p>\n<h3>Hvernig virka \u00fe\u00e6r?<\/h3>\n<p>&nbsp;<\/p>\n<p>Mismunandi lei\u00f0ir eru \u00ed bo\u00f0i til a\u00f0 birta atferlisaugl\u00fdsingar. \u00c1 grunnstigi eru uppl\u00fdsingum um netvafur \u00feitt &#8211; \u00e1samt uppl\u00fdsingum um vefvafur \u00fe\u00fasunda annarra notenda &#8211; safna\u00f0 og \u00fe\u00e6r flokka\u00f0ar \u00ed almenna h\u00f3pa, svo sem bifrei\u00f0ar, fj\u00e1rm\u00e1l og fer\u00f0al\u00f6g. \u00c1hugasni\u00f0 (til d\u00e6mis &#8211; \u201ebifrei\u00f0ar\u201c) er sett upp \u00fat fr\u00e1 g\u00f6gnum um \u00fe\u00e6r s\u00ed\u00f0ur sem \u00fe\u00fa hefur heims\u00f3tt og skr\u00e1 sem k\u00f6llu\u00f0 er kaka er komi\u00f0 fyrir \u00ed  t\u00f6lvunni \u00feinni til a\u00f0 au\u00f0kenna \u00feig sem einhvern sem hefur \u00e1huga \u00e1 flokknum \u201eb\u00edlar\u201c. Augl\u00fdsendur og vefs\u00ed\u00f0ur s\u00e9rsn\u00ed\u00f0a augl\u00fdsingar fyrir notendah\u00f3pa me\u00f0 sama \u00e1hugasvi\u00f0 og kakan s\u00e9r s\u00ed\u00f0an um a\u00f0 koma vi\u00f0eigandi augl\u00fdsingum til \u00fe\u00edn.<\/p>\n<p>&nbsp;<\/p>\n<p><iframe loading=\"lazy\" src=\"https:\/\/www.youtube.com\/embed\/Y9Y4Efyxmk4?rel=0\" frameborder=\"0\" width=\"600\" height=\"338\"><\/iframe><\/p>\n<p><a name=\"3\"><\/a><\/p>\n<p>&nbsp;<\/p>\n<h3>Hva\u00f0a g\u00f6gn eru notu\u00f0<\/h3>\n<p>&nbsp;<\/p>\n<p>Atferlisaugl\u00fdsingar geta veri\u00f0 mismunandi eftir \u00fev\u00ed hva\u00f0a uppl\u00fdsingar eru nota\u00f0ar og hvernig. Sem d\u00e6mi m\u00e1 nefna a\u00f0 hef\u00f0bundin augl\u00fdsinganet safna og nota uppl\u00fdsingar \u00feegar \u00fe\u00fa heims\u00e6kir eitt e\u00f0a fleiri vefsv\u00e6\u00f0i sem eru hluti af vi\u00f0komandi neti. \u00deetta eru uppl\u00fdsingar eins og efni vefs\u00ed\u00f0u sem \u00fe\u00fa heims\u00e6kir, leitaror\u00f0 sem \u00fe\u00fa sl\u00e6r\u00f0 inn og augl\u00fdsingar sem \u00fe\u00fa sko\u00f0ar. Hvert fyrirt\u00e6ki mun veita \u00fe\u00e9r frekari uppl\u00fdsingar um \u00feau g\u00f6gn sem \u00feeir safna og nota og \u00fe\u00e6r m\u00e1 n\u00e1lgast me\u00f0 \u00fev\u00ed a\u00f0 smella \u00e1 n\u00fdja t\u00e1kni\u00f0 sem er \u00ed augl\u00fdsingum sem \u00fe\u00fa g\u00e6tir s\u00e9\u00f0 \u00e1 vefs\u00ed\u00f0um. Sko\u00f0a\u00f0u fimm mikilv\u00e6gustu \u00e1bendingarnar okkar til a\u00f0 f\u00e1 frekari uppl\u00fdsingar.<\/p>\n<p>&nbsp;<\/p>\n<p><a name=\"4\"><\/a><\/p>\n<h3>Hverjir eru kostirnir?<\/h3>\n<p>&nbsp;<\/p>\n<p>\u00de\u00fa f\u00e6r\u00f0 netaugl\u00fdsingar sem eru vi\u00f0eigandi fyrir \u00feig og \u00e1hugasvi\u00f0 \u00fe\u00edn. Sem d\u00e6mi m\u00e1 nefna a\u00f0 ef \u00fe\u00fa hefur \u00e1huga \u00e1 gar\u00f0r\u00e6kt og heims\u00e6kir gar\u00f0yrkjus\u00ed\u00f0ur, g\u00e6tir \u00fe\u00fa &#8211; strax e\u00f0a s\u00ed\u00f0ar \u00feegar \u00fe\u00fa ert \u00e1 netinu &#8211; fengi\u00f0 augl\u00fdsingar um s\u00e9rst\u00f6k tilbo\u00f0 \u00e1 sl\u00e1ttuv\u00e9lum.<\/p>\n<p>&nbsp;<\/p>\n<p>Hnitmi\u00f0a\u00f0ri augl\u00fdsingar eru hagst\u00e6\u00f0ar \u00fev\u00ed \u00fe\u00fa f\u00e6r\u00f0 fleiri augl\u00fdsingar sem eru meira vi\u00f0eigandi \u00e1samt a\u00f0gangi a\u00f0 \u00f3d\u00fdru e\u00f0a \u00f3keypis g\u00e6\u00f0aefni, \u00fej\u00f3nustu og forritum. \u00de\u00e6r eru hagst\u00e6\u00f0ar fyrir augl\u00fdsendur \u00fev\u00ed \u00feeir geta n\u00e1\u00f0 til \u00feess markh\u00f3ps sem l\u00edklegastur er til a\u00f0 hafa \u00e1huga \u00e1 \u00feessum uppl\u00fdsingum og sleppt \u00feeim sem eru ekki l\u00edklegir til a\u00f0 hafa \u00e1huga. \u00de\u00e6r eru einnig hagst\u00e6\u00f0ar fyrir vefs\u00ed\u00f0ur (vef\u00fatg\u00e1fur), \u00fev\u00ed augl\u00fdsingar gera \u00feeim kleift a\u00f0 halda \u00e1fram a\u00f0 bj\u00f3\u00f0a upp \u00e1 \u00f3d\u00fdrt e\u00f0a \u00f3keypis efni og gera augl\u00fdsingarnar meira vi\u00f0eigandi fyrir notendur s\u00edna. Augl\u00fdsingatekjurnar a\u00f0sto\u00f0a vi\u00f0 a\u00f0 fj\u00e1rmagna n\u00fdjungar og \u00fej\u00f3nustu \u00e1 netinu.<\/p>\n<p>&nbsp;<\/p>\n<p><a name=\"5\"><\/a><\/p>\n<h3>Eru \u00fe\u00e6r ekki \u00f3gnun vi\u00f0 fri\u00f0helgi m\u00edna?<\/h3>\n<p>&nbsp;<\/p>\n<p>Uppl\u00fdsingarnar sem safna\u00f0 er og nota\u00f0ar eru til a\u00f0 s\u00e9rsn\u00ed\u00f0a augl\u00fdsingar eru ekki pers\u00f3nulegar, \u00feannig a\u00f0 ekki er h\u00e6gt a\u00f0 bera kennsl \u00e1 \u00feig &#8211; notandann. Reglurammi ESB um g\u00f3\u00f0a starfsh\u00e6tti var s\u00e9rstaklega hanna\u00f0ur til a\u00f0 standa v\u00f6r\u00f0 um fri\u00f0helgi \u00fe\u00edna. \u00de\u00fa hefur alltaf val um hvort \u00fe\u00fa viljir nj\u00f3ta g\u00f3\u00f0s af \u00feessari tegund augl\u00fdsinga e\u00f0a ekki. Vi\u00f0eigandi augl\u00fdsingar \u00feurfa \u00e1kve\u00f0nar uppl\u00fdsingar um \u00e1hugasvi\u00f0 \u00fe\u00edn til a\u00f0 virka r\u00e9tt, en vi\u00f0 vi\u00f0urkennum a\u00f0 f\u00f3lki getur fundist \u00fea\u00f0 \u00f3\u00fe\u00e6gilegt. Ef svo er getur \u00fe\u00fa sl\u00f6kkt \u00e1 \u00feeim \u00f6llum h\u00e9r. \u00de\u00fa getur einnig stj\u00f3rna\u00f0 fri\u00f0helgi \u00feinni \u00e1  vafranum sem \u00fe\u00fa notar. Sko\u00f0a\u00f0u fimm mikilv\u00e6gustu \u00e1bendingar okkar til a\u00f0 sj\u00e1 hvernig \u00feetta er framkv\u00e6mt. Margir vafrar hafa einnig ham fyrir \u201epers\u00f3nulegt vafur\u201c.<\/p>\n<p><a name=\"6\"><\/a><\/p>\n<p>&nbsp;<\/p>\n<h3>Hva\u00f0 get \u00e9g gert ef \u00e9g vil ekki \u00feessa tegund augl\u00fdsinga?<\/h3>\n<p>&nbsp;<\/p>\n<p>\u00de\u00fa getur af\u00feakka\u00f0 h\u00e9r. \u00de\u00fa getur einnig stj\u00f3rna\u00f0 fri\u00f0helgi \u00feinni \u00e1  vafranum sem \u00fe\u00fa notar. Sko\u00f0a\u00f0u mikilv\u00e6gustu \u00e1bendingar okkar til a\u00f0 sj\u00e1 hvernig \u00feetta er framkv\u00e6mt. Margir vafrar hafa einnig ham fyrir \u201epers\u00f3nulegt vafur\u201c.<\/p>\n<p>&nbsp;<\/p>\n<p>Mikilv\u00e6gt er a\u00f0 muna a\u00f0 \u00feetta \u00fe\u00fd\u00f0ir ekki a\u00f0 \u00fe\u00fa munt ekki lengur f\u00e1 augl\u00fdsingar \u00feegar \u00fe\u00fa notar neti\u00f0. \u00deetta \u00fe\u00fd\u00f0ir a\u00f0eins a\u00f0 augl\u00fdsingarnar sem birtast \u00e1 vefs\u00ed\u00f0um ver\u00f0a ekki s\u00e9rsni\u00f0nar a\u00f0 \u00fe\u00e9r og \u00e1hugasvi\u00f0um \u00fe\u00ednum og geta veri\u00f0 minna vi\u00f0eigandi fyrir \u00feig.<\/p>\n<p>&nbsp;<\/p>\n<p><a name=\"8\"><\/a><\/p>\n<h3>\u00de\u00fd\u00f0a atferlisaugl\u00fdsingar \u00e1 netinu a\u00f0 \u00e9g muni sj\u00e1 fleiri augl\u00fdsingar?<\/h3>\n<p>&nbsp;<\/p>\n<p>Nei, \u00fea\u00f0 \u00fe\u00fd\u00f0ir einfaldlega a\u00f0 augl\u00fdsingarnar sem \u00fe\u00fa s\u00e9r\u00f0 \u00e1 sumum vefs\u00ed\u00f0um ver\u00f0a meira vi\u00f0eigandi fyrir \u00feig og \u00e1hugasvi\u00f0 \u00fe\u00edn. Augl\u00fdsingar \u00e1 netinu a\u00f0sto\u00f0a vi\u00f0 a\u00f0 grei\u00f0a fyrir efni og \u00fej\u00f3nustu sem stendur til bo\u00f0a \u00f3d\u00fdrt e\u00f0a \u00f3keypis.<\/p>\n<p>&nbsp;<\/p>\n<p><a name=\"9\"><\/a><\/p>\n<h3>Mun netupplifun m\u00edn raskast vegna atferlisaugl\u00fdsinga \u00e1 netinu?<\/h3>\n<p>&nbsp;<\/p>\n<p>Nei. \u00de\u00fa munt ekki sj\u00e1 e\u00f0a upplifa neinn mun \u00feegar \u00fe\u00fa ert \u00e1 netinu. Atferlisaugl\u00fdsingar mi\u00f0a einfaldlega a\u00f0 \u00fev\u00ed a\u00f0 gera augl\u00fdsingar sem \u00fe\u00fa s\u00e9r\u00f0 \u00e1 vefs\u00ed\u00f0um meira vi\u00f0eigandi fyrir \u00feig.<\/p>\n<p>&nbsp;<\/p>\n<p><a name=\"10\"><\/a><\/p>\n<h3>Munu atferlisaugl\u00fdsingar \u00e1 netinu beinast a\u00f0 b\u00f6rnum?<\/h3>\n<p>&nbsp;<\/p>\n<p>Reglurammi ESB um g\u00f3\u00f0a starfsh\u00e6tti inniheldur s\u00e9rstaka skuldbindingu um a\u00f0 engin fyrirt\u00e6ki skulu framlei\u00f0a e\u00f0a selja eitthva\u00f0 sem vekur \u00e1huga hj\u00e1 markh\u00f3pnum \u00ed \u00feeim tilgangi einum a\u00f0 mi\u00f0a atferlislega \u00e1 b\u00f6rn sem \u00feeir vita a\u00f0 eru undir 13 \u00e1ra aldri.<\/p>\n<p>&nbsp;<\/p>\n<p><a name=\"11\"><\/a><\/p>\n<h3>Hva\u00f0 eru g\u00f3\u00f0ir starfsh\u00e6ttir ESB og hvernig skipta \u00feeir m\u00e1li fyrir mig?<\/h3>\n<p>&nbsp;<\/p>\n<p>Reglurammi ESB um g\u00f3\u00f0a starfsh\u00e6tti eru lei\u00f0beiningar fyrir fyrirt\u00e6ki sem safna og nota uppl\u00fdsingar sem \u00feeir f\u00e1 \u00e1 netinu fyrir atferlisaugl\u00fdsingar. Markmi\u00f0i\u00f0 er a\u00f0 veita \u00fe\u00e9r gagns\u00e6rri uppl\u00fdsingar og stj\u00f3rn \u00e1 \u00feessari tegund augl\u00fdsinga. \u00cd hjarta reglurammans er t\u00e1kn e\u00f0a au\u00f0kenni sem birtist \u00ed augl\u00fdsingum \u00e1 vefs\u00ed\u00f0um til a\u00f0 veita \u00fe\u00e9r \u00feessar uppl\u00fdsingar og stj\u00f3rn. \u00de\u00fa getur fundi\u00f0 meira um \u00feetta t\u00e1kn \u00ed fimm mikilv\u00e6gustu \u00e1bendingum okkar.<\/p>\n<p><a name=\"12\"><\/a><\/p>\n<p>&nbsp;<\/p>\n<h3>Hvernig veit \u00e9g hvort fyrirt\u00e6ki sem hafa skr\u00e1\u00f0 sig starfi samkv\u00e6mt \u00feessum regluramma?<\/h3>\n<p>&nbsp;<\/p>\n<p>Frekari uppl\u00fdsingar um reglufylgni og framkv\u00e6md ESB framtaksverkefnisins munu birtast h\u00e9r flj\u00f3tlega.<\/p>\n<p>&nbsp;<\/p>\n<p><a name=\"13\"><\/a><\/p>\n<p>&nbsp;<\/p>\n<h3>Eiga g\u00f3\u00f0ir starfsh\u00e6ttir ESB vi\u00f0 um fars\u00edma og spjaldt\u00f6lvur?<\/h3>\n<p>&nbsp;<\/p>\n<p>\u00de\u00fa g\u00e6tir rekist \u00e1 t\u00e1kni\u00f0 \u00feegar \u00fe\u00fa notar fars\u00edma e\u00f0a spjaldt\u00f6lvur. I\u00f0na\u00f0urinn stefnir a\u00f0 \u00fev\u00ed a\u00f0 a\u00f0laga n\u00faverandi g\u00f3\u00f0a starfsh\u00e6tti s\u00edna a\u00f0 m\u00f6rku\u00f0um ESB og EES til a\u00f0 veita f\u00f3lki meira gagns\u00e6i og stj\u00f3rn \u00feegar \u00fea\u00f0 notar fars\u00edma. Hins vegar, \u00e1 me\u00f0an hinir n\u00faverandi g\u00f3\u00f0u starfsh\u00e6ttir ESB eru t\u00e6knilega hlutlausir, eiga \u00feeir fyrst og fremst vi\u00f0 um skj\u00e1bor\u00f0s netumhverfi. Gagnas\u00f6fnun og notkun er a\u00f0eins fr\u00e1brug\u00f0in \u00ed fars\u00edmaumhverfinu og vi\u00f0 erum a\u00f0 vinna a\u00f0 \u00fev\u00ed a\u00f0 bj\u00f3\u00f0a upp \u00e1 samfellda upplifun \u00ed \u00f6llu umhverfi &#8211; skj\u00e1bor\u00f0i, fars\u00edmum og spjaldt\u00f6lvum &#8211; fyrir netnotendur. N\u00e1nari uppl\u00fdsingar um \u00feetta munu birtast \u00e1 \u00feessari s\u00ed\u00f0u.<\/p>\n<p>&nbsp;<\/p>\n<p><a name=\"14\"><\/a><\/p>\n<h3>Ver\u00f0ur einhverjum hugb\u00fana\u00f0i hla\u00f0i\u00f0 ni\u00f0ur \u00ed t\u00f6lvuna m\u00edna?<\/h3>\n<p>Nei. Atferlisaugl\u00fdsingar munu ekki trufla hra\u00f0a e\u00f0a nettengingu.<\/p>\n<p><a name=\"15\"><\/a><\/p>\n<h3>Hva\u00f0 er \u201ekaka (cookie)\u201c og hvernig er h\u00fan notu\u00f0?<\/h3>\n<p>&nbsp;<\/p>\n<p>Kaka er l\u00edtil skr\u00e1 me\u00f0 b\u00f3kst\u00f6fum og t\u00f6lust\u00f6fum sem hla\u00f0i\u00f0 er ni\u00f0ur \u00ed t\u00f6lvuna \u00fe\u00edna \u00feegar \u00fe\u00fa sko\u00f0ar \u00e1kve\u00f0nar vefs\u00ed\u00f0ur. K\u00f6kurnar hj\u00e1lpa vefs\u00ed\u00f0um a\u00f0 muna \u00f3skir notandans sem hann hefur \u00e1\u00f0ur vali\u00f0, \u00feegar hann fer aftur \u00e1 s\u00ed\u00f0una. Kakan sj\u00e1lf inniheldur ekki n\u00e9 safnar uppl\u00fdsingum. Hins vegar, \u00feegar h\u00fan er lesin af net\u00fej\u00f3ni \u00ed tengslum vi\u00f0 netvafur, getur h\u00fan hj\u00e1lpa\u00f0 vefs\u00ed\u00f0u a\u00f0 bj\u00f3\u00f0a upp \u00e1 notendav\u00e6nni \u00fej\u00f3nustu &#8211; til d\u00e6mis a\u00f0 muna fyrri kaup e\u00f0a uppl\u00fdsingar um bankareikning.<\/p>\n<p>&nbsp;<\/p>\n<p>K\u00f6kur eru geymdar \u00ed minni vafrans \u00fe\u00edns og hver \u00feeirra inniheldur venjulega:<\/p>\n<p>&#8211; Nafn vafrans sem kakan var send fr\u00e1<\/p>\n<p>&#8211; L\u00edft\u00edma k\u00f6kunnar<\/p>\n<p>&#8211; Gildi &#8211; oftast einst\u00f6k n\u00famer myndu\u00f0 af handah\u00f3fi<\/p>\n<p>&nbsp;<\/p>\n<p>Vefs\u00ed\u00f0uvafrinn sem sendir k\u00f6kuna notar \u00feetta n\u00famer til a\u00f0 \u00feekkja \u00feig \u00feegar \u00fe\u00fa kemur aftur \u00e1 s\u00ed\u00f0una e\u00f0a vafrar fr\u00e1 s\u00ed\u00f0u til s\u00ed\u00f0u. Vafrinn sem sendi k\u00f6kuna er s\u00e1 eini sem getur lesi\u00f0, og \u00fev\u00ed nota\u00f0, k\u00f6kuna. K\u00f6kur eru kjarninn \u00ed s\u00e9rsni\u00f0i \u00e1 netinu og atferlisaugl\u00fdsingar nota yfirleitt k\u00f6kur. Vinsamlegast athugi\u00f0:  K\u00f6kur eru einnig nota\u00f0ar \u00ed \u00f6\u00f0rum tilgangi, ekki a\u00f0eins fyrir augl\u00fdsingar.<\/p>\n<p>&nbsp;<\/p>\n<p><a name=\"16\"><\/a><\/p>\n<h3>Get \u00e9g gert k\u00f6ku \u00f3virka?<\/h3>\n<p>&nbsp;<\/p>\n<p>J\u00e1. Sumir vafrar vilja a\u00f0eins leyfa \u00fe\u00e9r a\u00f0 loka \u00e1 k\u00f6kur fr\u00e1 \u00feri\u00f0ja a\u00f0ila (\u00fea\u00f0 eru k\u00f6kur sem komi\u00f0 er fyrir \u00ed vafranum \u00fe\u00ednum af \u00feri\u00f0ja a\u00f0ila &#8211; t.d. augl\u00fdsinganeti &#8211; \u00f6\u00f0rum en \u00feessum tiltekna vefs\u00ed\u00f0ueiganda) e\u00f0a leyfir notkun stillinga til a\u00f0 loka eing\u00f6ngu \u00e1 k\u00f6kur sem ekki uppfylla \u00f3skir \u00fe\u00ednar um fri\u00f0helgi.<\/p>\n<p>&nbsp;<\/p>\n<p>\u00de\u00fa getur vali\u00f0 a\u00f0 gera allar k\u00f6kur \u00f3virkar, en \u00fea\u00f0 g\u00e6ti haft veruleg \u00e1hrif \u00e1 upplifun \u00fe\u00edna \u00ed netvafri ef \u00fe\u00fa notar \u00fej\u00f3nustu sem treystir \u00e1 k\u00f6kur. Sko\u00f0a\u00f0u fimm mikilv\u00e6gustu \u00e1bendingarnar okkar til a\u00f0 f\u00e1 frekari uppl\u00fdsingar um hvernig nota \u00e1 fri\u00f0helgisstillingar \u00ed vafranum \u00fe\u00ednum.<\/p>\n<p>&nbsp;<\/p>\n<p><a name=\"17\"><\/a><\/p>\n<h3>Hva\u00f0 eru \u201eflash-k\u00f6kur\u201c? Eru \u00fe\u00e6r nota\u00f0ar til a\u00f0 safna uppl\u00fdsingum fyrir atferlisaugl\u00fdsingar \u00e1 netinu?<\/h3>\n<p>&nbsp;<\/p>\n<p>Flash-sm\u00e1k\u00f6kur eru algeng tegund skr\u00e1a sem kallast LSO (Locally shared object). LSO-t\u00e6kni leyfir langvarandi geymslu og endurheimt uppl\u00fdsinga sem tengjast netvafri netnotanda en koma yfirleitt ekki fram hj\u00e1 netvafraeftirliti (eins og \u00fev\u00ed sem er fyrir HTML-k\u00f6kur). D\u00e6mi um notkun \u00feeirra eru Adobe Flash og Microsoft Silverlight.<\/p>\n<p>&nbsp;<\/p>\n<p>Ef t\u00e6kni, svo sem LSO-t\u00e6knin, eru notu\u00f0 fyrir atferlisaugl\u00fdsingar hefur \u00fea\u00f0 ekki \u00e1hrif \u00e1 r\u00e9tt \u00feinn til a\u00f0 sl\u00f6kkva \u00e1 atferlisaugl\u00fdsingum og \u00fea\u00f0 m\u00e1 gera h\u00e9r.<\/p>\n<p>&nbsp;<\/p>\n<p>LSO-t\u00e6knina \u00e6tti aldrei a\u00f0 nota sem t\u00e6ki til a\u00f0 koma \u00ed veg fyrir starfsemi netvafraeftirlits e\u00f0a af\u00fe\u00f6kkunart\u00f3la sem notendur almennt treysta \u00e1 til a\u00f0 st\u00fdra fri\u00f0helgi sinni gagnvart atferlisaugl\u00fdsingakerfum. Allar sl\u00edkar a\u00f0ger\u00f0ir sem hanna\u00f0ar eru til a\u00f0 komast framhj\u00e1 notendaeftirliti og au\u00f0velda \u201eendurbirtingu (respawning)\u201c \u00e1n afdr\u00e1ttarlauss sam\u00feykkis notandans er b\u00f6nnu\u00f0 \u00ed Bretlandi me\u00f0 breyttu pers\u00f3nuverndar- og fjarskipta (tilskipun EB) regluger\u00f0inni 2011.<\/p>\n<p>&nbsp;<\/p>\n<p><a name=\"18\"><\/a><\/p>\n<h3>\u00dearf \u00e9g a\u00f0 af\u00feakka ef \u00e9g nota a\u00f0ra t\u00f6lvu \u00ed vinnunni?<\/h3>\n<p>&nbsp;<\/p>\n<p>J\u00e1. Ef \u00fe\u00fa velur a\u00f0 hafna atferlisaugl\u00fdsingum fr\u00e1 tilteknu fyrirt\u00e6ki, gildir \u00fea\u00f0 a\u00f0eins fyrir gagnas\u00f6fnun og notkun \u00feessa tiltekna fyrirt\u00e6kis \u00e1 netvafra t\u00f6lvunnar e\u00f0a t\u00e6kisins sem \u00fe\u00fa ert a\u00f0 nota. \u00dea\u00f0 mun \u00fev\u00ed einnig hafa \u00e1hrif \u00e1 anna\u00f0 f\u00f3lk sem notar \u00feennan netvafra. \u00de\u00fa ver\u00f0ur a\u00f0 nota s\u00f6mu a\u00f0fer\u00f0 \u00e1 allar t\u00f6lvur sem \u00fe\u00fa notar e\u00f0a a\u00f0ra netvafra (t.d. Internet Explorer, Google Chrome, Mozilla Firefox e\u00f0a Safari) sem \u00fe\u00fa notar til a\u00f0 hafna atferlisaugl\u00fdsingum fr\u00e1 vi\u00f0komandi fyrirt\u00e6ki. Ef \u00fe\u00fa vilt f\u00e1 frekari uppl\u00fdsingar um af\u00fe\u00f6kkun skaltu heims\u00e6kja af\u00fe\u00f6kkunars\u00ed\u00f0una okkar.<\/p>\n<p>&nbsp;<\/p>\n<p><a name=\"19\"><\/a><\/p>\n<h3>Ef \u00e9g hef stillt vafrann minn til a\u00f0 ey\u00f0a k\u00f6kum sj\u00e1lfkrafa \u00feegar \u00e9g loka honum (e\u00f0a geri \u00fea\u00f0 handst\u00fdrt), mun \u00fea\u00f0 hafa \u00e1hrif \u00e1 \u00e1rangur af\u00fe\u00f6kkunars\u00ed\u00f0unnar?<\/h3>\n<p>&nbsp;<\/p>\n<p>J\u00e1. Af\u00fe\u00f6kkunars\u00ed\u00f0an vinnur n\u00fa \u00feannig a\u00f0 hvert skr\u00e1\u00f0 fyrirt\u00e6ki hefur af\u00fe\u00f6kkunar \u201ek\u00f6ku\u201c sem \u00fe\u00fd\u00f0ir \u00ed raun \u201eengar atferlisaugl\u00fdsingar\u201c. Ef \u00fe\u00fa ey\u00f0ir k\u00f6kum \u00ed netvafranum \u00fearftu a\u00f0 heims\u00e6kja s\u00ed\u00f0una aftur til a\u00f0 stilla \u00f3skir \u00fe\u00ednar. Vi\u00f0 erum a\u00f0 vinna a\u00f0 lausn til a\u00f0 gera \u00feetta skilvirkara og til a\u00f0 tryggja a\u00f0 \u00f3skir \u00fe\u00ednar s\u00e9u varanlegar. Vinsamlegast athuga\u00f0u a\u00f0 um lei\u00f0 og \u00fe\u00fa stj\u00f3rnar k\u00f6kum \u00ed netvafranum, getur\u00f0u um lei\u00f0 tryggt \u00f6ryggi \u00feitt \u00e1 netinu.<\/p>\n<p>&nbsp;<\/p>\n<p><a name=\"20\"><\/a><\/p>\n<h3>Ef \u00e9g er me\u00f0 hugb\u00fana\u00f0 \u00ed t\u00f6lvunni minni sem ver fri\u00f0helgi og st\u00f6\u00f0var augl\u00fdsingar, mun \u00fea\u00f0 hafa \u00e1hrif \u00e1 \u00e1rangur af\u00fe\u00f6kkunars\u00ed\u00f0unnar?<\/h3>\n<p>&nbsp;<\/p>\n<p>\u00dea\u00f0 getur gert \u00fea\u00f0 \u00fe\u00f3 a\u00f0 hugb\u00fana\u00f0urinn sj\u00e1lfur geti veitt \u00fe\u00e9r fri\u00f0helgi n\u00fa \u00feegar. Vi\u00f0 eru me\u00f0 g\u00e1tlista fyrir \u201e\u00farr\u00e6\u00f0aleit (troubleshooting)\u201c sem getur hj\u00e1lpa\u00f0 \u00fe\u00e9r e\u00f0a \u00fe\u00fa getur sent okkur athugasemdir.<\/p>\n<p>&nbsp;<\/p>\n<p><a name=\"21\"><\/a><\/p>\n<h3>Ef \u00e9g af\u00feakka atferlisaugl\u00fdsingar, hindrar \u00fea\u00f0 sprettiglugga (pop-ups) e\u00f0a ruslp\u00f3st?<\/h3>\n<p>&nbsp;<\/p>\n<p>Nei. A\u00f0 af\u00feakka atferlisaugl\u00fdsingar \u00fe\u00fd\u00f0ir a\u00f0eins a\u00f0 \u00fe\u00fa munt ekki f\u00e1 fleiri sl\u00edkar s\u00e9rsni\u00f0nar augl\u00fdsingar. \u00dea\u00f0 hefur ekki \u00e1hrif \u00e1 e\u00f0a hindrar neinar s\u00e9rstakar tegundir augl\u00fdsinga, t.d. me\u00f0 t\u00f6lvup\u00f3sti e\u00f0a sprettigluggum.<\/p>\n<p>&nbsp;<\/p>\n<p><a name=\"22\"><\/a><\/p>\n<h3>\u00c9g hef heyrt af framtaksverkefni sem kallast \u201eekki rekja\u201c (do not track): Hva\u00f0 er \u00fea\u00f0 og hvernig tengist \u00fea\u00f0 atferlisaugl\u00fdsingum \u00e1 netinu?<\/h3>\n<p>&nbsp;<\/p>\n<p>\u201eEkki rekja\u201c er nafni\u00f0 \u00e1 framtaksverkefni til a\u00f0 b\u00e6ta fri\u00f0helgisstillingar innan netvafrans sem \u00fe\u00fa notar til a\u00f0 vafra \u00e1 netinu. Framtaksverkefninu er st\u00fdrt af al\u00fej\u00f3\u00f0legum a\u00f0ilum sem annast setningu sta\u00f0la, sem kallast World Wide Web Consortium (W3C). \u00de\u00f3 a\u00f0 sm\u00e1atri\u00f0i verkefnisins s\u00e9u enn \u00ed vinnslu, hefur augl\u00fdsingai\u00f0na\u00f0urinn \u00feegar sam\u00feykkt hugmyndina \u201eekki rekja\u201c fyrir atferlisaugl\u00fdsingar \u00e1 netinu. \u00deegar sta\u00f0larnir eru fullb\u00fanir mun \u00feessi vefs\u00ed\u00f0a eiga samskipti vi\u00f0 \u00fe\u00e1. Augl\u00fdsingai\u00f0na\u00f0urinn er skuldbundinn til a\u00f0 tryggja a\u00f0 framtaksverkefni\u00f0 s\u00e9 rekstrarsamh\u00e6ft me\u00f0 \u201eekki rekja\u201c til a\u00f0 a\u00f0sto\u00f0a neytendur vi\u00f0 a\u00f0 taka uppl\u00fdstar \u00e1kvar\u00f0anir um hvort \u00feeir vilja a\u00f0 uppl\u00fdsingum s\u00e9 safna\u00f0 og \u00fe\u00e6r nota\u00f0ar fyrir \u00feessa tegund augl\u00fdsinga e\u00f0a ekki.<\/p>\n<p>&nbsp;<\/p>\n<p><a name=\"23\"><\/a><\/p>\n<h3>\u00dearf \u00e9g a\u00f0 gera eitthva\u00f0?<\/h3>\n<p>K\u00edktu sn\u00f6ggvast \u00e1 fimm mikilv\u00e6gustu \u00e1bendingarnar okkar.<\/p>\n<p>&nbsp;<\/p>\n<p><a name=\"24\"><\/a><\/p>\n<h3>\u00c9g \u00f3ska eftir a\u00f0 leggja fram formlega kv\u00f6rtun. Hvernig geri \u00e9g \u00fea\u00f0?<\/h3>\n<p>Vinsamlegast sko\u00f0a\u00f0u kvartanas\u00ed\u00f0una okkar.<\/p>\n<p>&nbsp;<\/p>\n<p><a name=\"25\"><\/a><\/p>\n<h3>Vi\u00f0 hvern get \u00e9g haft samband til a\u00f0 f\u00e1 frekari uppl\u00fdsingar?<\/h3>\n<p>Ef \u00fe\u00fa hefur einhverjar spurningar skaltu endilega l\u00e1ta okkur vita.<\/p>\n","protected":false},"excerpt":{"rendered":"<p>H\u00e9r fyrir ne\u00f0an er listi yfir algengar spurningar sem hj\u00e1lpa \u00fe\u00e9r a\u00f0 skilja atferlisaugl\u00fdsingar. &nbsp; Hva\u00f0 eru atferlisaugl\u00fdsingar \u00e1 netinu? Hvernig virka \u00fe\u00e6r? Hva\u00f0a uppl\u00fdsingar eru nota\u00f0ar? Hverjir eru kostirnir? Eru \u00fe\u00e6r ekki \u00f3gnun vi\u00f0 fri\u00f0helgi m\u00edna? Hva\u00f0 get \u00e9g gert ef \u00e9g vil ekki \u00feessa tegund augl\u00fdsinga? \u00de\u00fd\u00f0a atferlisaugl\u00fdsingar \u00e1 netinu a\u00f0 \u00e9g muni [&hellip;]<\/p>\n","protected":false},"author":2,"featured_media":0,"parent":0,"menu_order":5,"comment_status":"closed","ping_status":"closed","template":"","meta":[],"_links":{"self":[{"href":"https:\/\/www.youronlinechoices.com\/is\/wp-json\/wp\/v2\/pages\/10"}],"collection":[{"href":"https:\/\/www.youronlinechoices.com\/is\/wp-json\/wp\/v2\/pages"}],"about":[{"href":"https:\/\/www.youronlinechoices.com\/is\/wp-json\/wp\/v2\/types\/page"}],"author":[{"embeddable":true,"href":"https:\/\/www.youronlinechoices.com\/is\/wp-json\/wp\/v2\/users\/2"}],"replies":[{"embeddable":true,"href":"https:\/\/www.youronlinechoices.com\/is\/wp-json\/wp\/v2\/comments?post=10"}],"version-history":[{"count":50,"href":"https:\/\/www.youronlinechoices.com\/is\/wp-json\/wp\/v2\/pages\/10\/revisions"}],"predecessor-version":[{"id":702,"href":"https:\/\/www.youronlinechoices.com\/is\/wp-json\/wp\/v2\/pages\/10\/revisions\/702"}],"wp:attachment":[{"href":"https:\/\/www.youronlinechoices.com\/is\/wp-json\/wp\/v2\/media?parent=10"}],"curies":[{"name":"wp","href":"https:\/\/api.w.org\/{rel}","templated":true}]}}