{"id":7,"date":"2010-11-30T11:49:08","date_gmt":"2010-11-30T11:49:08","guid":{"rendered":"https:\/\/www.youronlinechoices.com\/hu\/?page_id=7"},"modified":"2020-09-17T09:11:21","modified_gmt":"2020-09-17T09:11:21","slug":"viselkedes-alapu-hirdetesekrol","status":"publish","type":"page","link":"https:\/\/www.youronlinechoices.com\/hu\/viselkedes-alapu-hirdetesekrol","title":{"rendered":"Viselked\u00e9s alap\u00fa hirdet\u00e9sekr\u0151l"},"content":{"rendered":"<p><a href=\"https:\/\/www.edaa.eu\/about\/governing-associations\/\" target=\"_blank\" rel=\"noopener noreferrer\">Mi<\/a>&nbsp;tiszt\u00e1ban vagyunk vele, hogy nem mindenki ismeri egyform\u00e1n az \u201e\u00e9rdekl\u0151d\u00e9sen alapul\u00f3 hirdet\u00e9s\u201d kifejez\u00e9s jelent\u00e9s\u00e9t. Az\u00e9rt \u00e1ll\u00edtottuk \u00f6ssze ezt a webhelyet, hogy jobban megismertess\u00fck ezt a t\u00e9mak\u00f6rt.<\/p>\n<p>A legegyszer\u0171bben fogalmazva: az \u00e9rdekl\u0151d\u00e9sen alapul\u00f3 hirdet\u00e9sek (vagy online viselked\u00e9sen alapul\u00f3 hirdet\u00e9sek) a felhaszn\u00e1l\u00f3 b\u00f6ng\u00e9sz\u00e9si tev\u00e9kenys\u00e9g\u00e9n alapulnak: figyelik, hogy \u00d6n milyen webhelyeket \u00e9s\/vagy alkalmaz\u00e1sokat haszn\u00e1l az id\u0151k sor\u00e1n, \u00edgy a m\u00e1rk\u00e1k az \u00e9rdekl\u0151d\u00e9si k\u00f6r\u00e9nek megfelel\u0151 hirdet\u00e9seket jelen\u00edthetnek meg \u00d6nnek. Ez egy biztons\u00e1gos \u00e9s \u00e1tl\u00e1that\u00f3 gyakorlat, amelynek l\u00e9nyege, hogy t\u00f6bb lehet\u0151s\u00e9get adjon \u00d6n, a fogyaszt\u00f3 kez\u00e9be.<\/p>\n<p><a href=\"https:\/\/www.edaa.eu\/about\/governing-associations\/\" target=\"_blank\" rel=\"noopener noreferrer\">Az eur\u00f3pai rekl\u00e1mipar<\/a>&nbsp;kidolgozta a&nbsp;<a href=\"https:\/\/www.youronlinechoices.com\/goodpractice\" target=\"_blank\" rel=\"noopener noreferrer\">bev\u00e1lt gyakorlatokra vonatkoz\u00f3 elveket<\/a>,&nbsp;amelyeket minden v\u00e1llalatnak be kell tartania. A bev\u00e1lt gyakorlatok l\u00e9nyege, hogy a v\u00e1llalatoknak \u00e1tl\u00e1that\u00f3 t\u00e1j\u00e9koztat\u00e1st kell ny\u00fajtaniuk az ebb\u0151l a c\u00e9lb\u00f3l gy\u0171jt\u00f6tt \u00e9s felhaszn\u00e1lt adatok k\u00f6r\u00e9r\u0151l, \u00e9s kell\u0151 ir\u00e1ny\u00edt\u00e1st kell biztos\u00edtaniuk a felhaszn\u00e1l\u00f3knak. A tev\u00e9kenys\u00e9g k\u00f6z\u00e9ppontj\u00e1ban egy<a href=\"https:\/\/www.youronlinechoices.com\/hu\/az-ot-tuti-tipp\"> \u201eikon\u201d vagy szimb\u00f3lum<\/a>&nbsp;van, amelyet tal\u00e1n m\u00e1r \u00d6n is megfigyelt a webhelyeken vagy alkalmaz\u00e1sokban megjelen\u0151 hirdet\u00e9sekben.<br \/>\n<!-- br--><br \/>\n<!-- br--><br \/>\n<strong>Mit nevez\u00fcnk \u00e9rdekl\u0151d\u00e9sen alapul\u00f3 hirdet\u00e9seknek?<\/strong><\/p>\n<p>Az \u00e9rdekl\u0151d\u00e9sen alapul\u00f3 hirdet\u00e9sek l\u00e9nyege, hogy az \u00d6n \u00e9rdekl\u0151d\u00e9si k\u00f6r\u00e9nek megfelel\u0151 hirdet\u00e9seket jelen\u00edts\u00fcnk meg a webhelyeken, amelyeket felkeres. A rendszer a kor\u00e1bbi b\u00f6ng\u00e9sz\u00e9si tev\u00e9kenys\u00e9ge alapj\u00e1n csoportokba rendezi a k\u00f6z\u00f6s \u00e9rdekl\u0151d\u00e9si k\u00f6r\u00f6ket, \u00e9s ezeknek megfelel\u0151 rekl\u00e1mokat mutat \u00d6nnek. \u00cdgy \u00d6n mindig a lehet\u0151 legrelev\u00e1nsabb \u00e9s leghasznosabb hirdet\u00e9seket fogja l\u00e1tni. A rendszer p\u00e9ld\u00e1ul a k\u00f6zelm\u00faltban megtekintett tartalmak, p\u00e9ld\u00e1ul term\u00e9kek alapj\u00e1n jelen\u00edti meg a relev\u00e1ns hirdet\u00e9seket. Ezt \u201eretarget\u00e1l\u00e1snak\u201d is nevezik.<br \/>\n<!-- br--><br \/>\n<!-- br--><br \/>\n<strong>Hogy m\u0171k\u00f6dik?<\/strong><\/p>\n<p><!-- br--><br \/>\n<iframe loading=\"lazy\" src=\"https:\/\/www.youtube.com\/embed\/Y9Y4Efyxmk4?rel=0\" width=\"600\" height=\"338\" frameborder=\"0\"><\/iframe><\/p>\n<p><!-- br--><br \/>\n<!-- br--><br \/>\n<strong>Milyen v\u00e1llalatok foglalkoznak \u00e9rdekl\u0151d\u00e9sen alapul\u00f3 hirdet\u00e9sekkel?<\/strong><\/p>\n<p><!-- br--><br \/>\nA k\u00f6vetkez\u0151 t\u00edpus\u00fa v\u00e1llalatok foglalkoznak ilyen hirdet\u00e9sekkel:<\/p>\n<ul>\n<li><strong>&#8211; Adatkezel\u00e9si platform (DMP) <\/strong>\u2013 Adatok gy\u0171jt\u00e9s\u00e9re \u00e9s kezel\u00e9s\u00e9re szolg\u00e1l\u00f3 szoftveres platform. Seg\u00edts\u00e9g\u00fckkel a v\u00e1llalatok azonos\u00edthatj\u00e1k a k\u00f6z\u00f6ns\u00e9gszegmenseket, amelyeket azt\u00e1n a&nbsp;<strong>rekl\u00e1mkamp\u00e1ny<\/strong>&nbsp;szervez\u00e9se sor\u00e1n felhaszn\u00e1lhatnak a konkr\u00e9t felhaszn\u00e1l\u00f3k \u00e9s kontextusok megc\u00e9lz\u00e1s\u00e1ra.<\/li>\n<\/ul>\n<ul>\n<li><strong>&#8211; Adat\u00f6sszes\u00edt\u0151<\/strong>&nbsp;\u2013 Egy v\u00e1llalat, amely \u00f6sszegy\u0171jti a k\u00fcl\u00f6nb\u00f6z\u0151 forr\u00e1sokb\u00f3l sz\u00e1rmaz\u00f3 adatokat, \u00e9s az \u00e9rdekl\u0151d\u00e9si k\u00f6r\u00f6k alapj\u00e1n k\u00fcl\u00f6nb\u00f6z\u0151 \u201eszegmenseket\u201d alak\u00edt ki (p\u00e9ld\u00e1ul \u201eaut\u00f3v\u00e1s\u00e1rl\u00f3k\u201d).<\/li>\n<\/ul>\n<ul>\n<li><strong>&#8211; \u00c9rt\u00e9kes\u00edt\u00e9si oldali platform<\/strong>&nbsp;\u2013 Egy v\u00e1llalat, amely a webes kiad\u00f3kkal k\u00f6z\u00f6sen azon dolgozik, hogy a kiad\u00f3k a lehet\u0151 legt\u00f6bb bev\u00e9telt szerezhess\u00e9k az oldalaikon \u00e9rt\u00e9kes\u00edtett hirdet\u00e9sekkel.<\/li>\n<\/ul>\n<ul>\n<li><strong>&#8211; Hirdet\u00e9sszolg\u00e1ltat\u00f3<\/strong>&nbsp;\u2013 Egy olyan v\u00e1llalat, amely technol\u00f3gi\u00e1t biztos\u00edt a hirdet\u00e9sek relev\u00e1ns weboldalon t\u00f6rt\u00e9n\u0151 megjelen\u00edt\u00e9s\u00e9hez.<\/li>\n<\/ul>\n<ul>\n<li><strong>&#8211; Hirdet\u00e9si h\u00e1l\u00f3zat<\/strong>&nbsp;\u2013 Egy olyan v\u00e1llalat, amely \u00f6sszekapcsolja a webhelyeket \u00e9s a webes&nbsp;<a href=\"https:\/\/www.youronlinechoices.com\/uk\/jargon-buster\">kiad\u00f3kat<\/a>&nbsp;a relev\u00e1ns&nbsp;<a href=\"https:\/\/www.youronlinechoices.com\/uk\/jargon-buster\">hirdet\u0151kkel<\/a>.<\/li>\n<\/ul>\n<ul>\n<li><strong>&#8211; Hirdet\u0151<\/strong>&nbsp;\u2013 Term\u00e9keket vagy szolg\u00e1ltat\u00e1sokat k\u00edn\u00e1l\u00f3 v\u00e1llalat, amely rekl\u00e1mkamp\u00e1nyokkal t\u00e1mogatja az \u00e9rt\u00e9kes\u00edt\u00e9si tev\u00e9kenys\u00e9g\u00e9t.<\/li>\n<\/ul>\n<ul>\n<li><strong>&#8211; Keresletoldali platform<\/strong>&nbsp;\u2013 Egy v\u00e1llalat, amely \u00f6sszek\u00f6ti a hirdet\u0151ket a webes kiad\u00f3kkal.<\/li>\n<\/ul>\n<ul>\n<li><strong>&#8211; Rekl\u00e1mt\u0151zsde<\/strong>&nbsp;\u2013 Egy v\u00e1llalat, amely ny\u00edlt piacteret biztos\u00edt a hirdet\u00e9sek v\u00e9tel\u00e9re \u00e9s elad\u00e1s\u00e1ra.<\/li>\n<\/ul>\n<ul>\n<li><strong>&#8211; Rekl\u00e1m\u00fcgyn\u00f6ks\u00e9g<\/strong>&nbsp;\u2013 Egy v\u00e1llalat, amely a hirdet\u0151k megb\u00edz\u00e1s\u00e1b\u00f3l a hirdet\u0151 term\u00e9keit \u00e9s szolg\u00e1ltat\u00e1sait n\u00e9pszer\u0171s\u00edt\u0151 rekl\u00e1mkamp\u00e1nyokat gy\u00e1rt \u00e9s menedzsel.<\/li>\n<\/ul>\n<ul>\n<li><strong>&#8211; \u00dcgyn\u00f6ks\u00e9gi kereskedelmi platform<\/strong>&nbsp;\u2013 Egy&nbsp;<a href=\"https:\/\/www.youronlinechoices.com\/uk\/jargon-buster\">rekl\u00e1m\u00fcgyn\u00f6ks\u00e9gen<\/a>&nbsp;bel\u00fcl m\u0171k\u00f6d\u0151 csapat, amely bizonyos&nbsp;<a href=\"https:\/\/www.youronlinechoices.com\/uk\/jargon-buster\">keresletoldali platformokkal<\/a>&nbsp;k\u00f6z\u00f6sen rekl\u00e1mkamp\u00e1nyokat menedzsel.<\/li>\n<\/ul>\n<ul>\n<li><strong>&#8211; Webes kiad\u00f3<\/strong>&nbsp;\u2013 Egy v\u00e1llalat, amely a webhely\u00e9n kereszt\u00fcl n\u00e9pszer\u0171s\u00edti a tartalmait, gyakran term\u00e9keket \u00e9s szolg\u00e1ltat\u00e1sokat is, \u00e9s hirdet\u00e9seket \u00e9rt\u00e9kes\u00edt a webhely\u00e9n, amelyek d\u00edja seg\u00edt fedezni a m\u0171k\u00f6d\u00e9si k\u00f6lts\u00e9geit. \u00c1ltal\u00e1ban a hirdet\u0151knek is van saj\u00e1t weboldaluk, ez\u00e9rt r\u00e1juk is hivatkozhatunk webes kiad\u00f3k\u00e9nt.<\/li>\n<\/ul>\n<p><!-- br--><br \/>\nAl\u00e1bb arr\u00f3l is olvashat, hogy ezek a v\u00e1llalatok hogyan juttatj\u00e1k el a hirdet\u00e9seket a felhaszn\u00e1l\u00f3khoz.<\/p>\n<p><!-- br--><br \/>\n<iframe loading=\"lazy\" src=\"https:\/\/www.youtube.com\/embed\/1C0n_9DOlwE?rel=0\" width=\"600\" height=\"338\" frameborder=\"0\"><\/iframe><\/p>\n<p><!-- br--><br \/>\n<!-- br--><br \/>\n<strong>Mi garant\u00e1lja az adataim v\u00e9delm\u00e9t?<\/strong><\/p>\n<p>Az \u00e9rdekl\u0151d\u00e9sen alapul\u00f3 hirdet\u00e9sek megjelen\u00edt\u00e9s\u00e9hez haszn\u00e1lt adatok az \u00d6n b\u00f6ng\u00e9sz\u00e9si tev\u00e9kenys\u00e9g\u00e9b\u0151l sz\u00e1rmaznak. Ha az elemz\u00e9s meg\u00e1llap\u00edt egy konkr\u00e9t \u00e9rdekl\u0151d\u00e9si k\u00f6rt, a rendszer elhelyez egy&nbsp;<a href=\"https:\/\/www.youronlinechoices.com\/hu\/szomagyarazat\">cookie-t<\/a>&nbsp;a sz\u00e1m\u00edt\u00f3g\u00e9p\u00e9n. Ez egy kis m\u00e9ret\u0171 f\u00e1jl, amelyet a webhelyek a hasznos inform\u00e1ci\u00f3k t\u00e1rol\u00e1s\u00e1ra \u00e9s a b\u00f6ng\u00e9sz\u00e9si \u00e9lm\u00e9ny jav\u00edt\u00e1s\u00e1ra haszn\u00e1lnak. M\u00e1s hasonl\u00f3 technol\u00f3gi\u00e1k is l\u00e9teznek: olvassa el a <a href=\"https:\/\/www.youronlinechoices.com\/hu\/szomagyarazat\">szakkifejez\u00e9sek magyar\u00e1zat\u00e1t<\/a>! A YourOnlineChoices seg\u00edts\u00e9g\u00e9vel \u00d6n d\u00f6nti el, hogy milyen online hirdet\u00e9seket szeretne l\u00e1tni. <strong><em>&nbsp;<\/em><\/strong>Amikor az interneten b\u00f6ng\u00e9szik, \u00e9s k\u00fcl\u00f6nb\u00f6z\u0151 webhelyeket keres fel, meghat\u00e1rozhatja, hogy mely nem l\u00e9tfontoss\u00e1g\u00fa (azaz hirdet\u00e9si c\u00e9l\u00fa) cookie-kat szeretn\u00e9 elfogadni, \u00e9s melyeket nem. Ezt \u00e1ltal\u00e1ban a webhelyen megjelen\u0151 \u00e9rtes\u00edt\u00e9sekkel \u00e9s a b\u00f6ng\u00e9sz\u0151je be\u00e1ll\u00edt\u00e1saival szab\u00e1lyozhatja. Ha szeretne t\u00f6bbet megtudni az \u00e9rdekl\u0151d\u00e9sen alapul\u00f3 hirdet\u00e9sekr\u0151l, a <a href=\"https:\/\/www.youronlinechoices.eu\">www.youronlinechoices.eu<\/a> oldalt is felkeresheti. Itt azt is jelezheti a programban r\u00e9szt vev\u0151 c\u00e9geknek, hogy milyen t\u00edpus\u00fa hirdet\u00e9seket szeretne l\u00e1tni.<\/p>\n<p><!-- br--><br \/>\nAz adatokat gy\u0171jt\u0151 \u00e9s felhaszn\u00e1l\u00f3 v\u00e1llalat emellett lehet\u0151s\u00e9get k\u00edn\u00e1l \u00d6nnek, hogy elutas\u00edtsa az \u00e9rdekl\u0151d\u00e9sen alapul\u00f3 hirdet\u00e9seket. Az EU&nbsp;<a href=\"https:\/\/www.youronlinechoices.com\/goodpractice\" target=\"_blank\" rel=\"noopener noreferrer\">bev\u00e1lt gyakorlatokra vonatkoz\u00f3 alapelvei<\/a>&nbsp;kifejezetten el\u0151\u00edrj\u00e1k a v\u00e1llalatoknak, hogy a lehet\u0151 legt\u00f6bb inform\u00e1ci\u00f3t \u00e9s d\u00f6nt\u00e9si jogot biztos\u00edtsanak \u00d6nnek az ilyen t\u00edpus\u00fa hirdet\u00e9sek megjelen\u00edt\u00e9s\u00e9vel kapcsolatban.&nbsp;Minden \u00e9rintett v\u00e1llalatnak javasoljuk, hogy haszn\u00e1lj\u00e1k ezt az oldalt, hiszen \u00edgy egy helyen, hat\u00e9konyan kezelhetik az online hirdet\u00e9si tev\u00e9kenys\u00e9geiket.&nbsp;<a href=\"https:\/\/www.youronlinechoices.com\/hu\/ad-choices\">Kattintson ide, ha nem szeretn\u00e9, hogy viselked\u00e9salap\u00fa hirdet\u00e9seket haszn\u00e1ljunk<\/a>. Ne feledje: az \u00e9rdekl\u0151d\u00e9sen alapul\u00f3 hirdet\u00e9sek nem jelenti azt, hogy a tov\u00e1bbiakban NEM fog rekl\u00e1mokat l\u00e1tni az interneten. Csup\u00e1n annyit, hogy val\u00f3sz\u00edn\u0171leg az \u00e9rdekl\u0151d\u00e9si k\u00f6r\u00f6dnek kev\u00e9ss\u00e9 megfelel\u0151 hirdet\u00e9sek fognak megjelenni \u00d6nn\u00e9l.<\/p>\n<p><!-- br--><br \/>\n<!-- br--><br \/>\n<strong>Hov\u00e1 fordulhatok, ha tov\u00e1bbi k\u00e9rd\u00e9seim vannak? Hasznos hivatkoz\u00e1sok:<\/strong><\/p>\n<ul>\n<li><a href=\"https:\/\/www.youronlinechoices.com\/hu\/gyik\">&#8211; A gyakori k\u00e9rd\u00e9seket megv\u00e1laszol\u00f3 oldalunkon bizony\u00e1ra megtal\u00e1lja a megold\u00e1st a tov\u00e1bbi k\u00e9rd\u00e9seire.<\/a><\/li>\n<li><a href=\"https:\/\/www.youronlinechoices.com\/hu\/az-ot-tuti-tipp\">&#8211; \u00d6t n\u00e9pszer\u0171 tipp, amelyekkel jobban meg\u00e9rtheti az online adatv\u00e9delem l\u00e9nyeg\u00e9t, \u00e9s hat\u00e9konyabban \u00f3vhatja az inform\u00e1ci\u00f3it<\/a><\/li>\n<\/ul>\n","protected":false},"excerpt":{"rendered":"<p>Mi&nbsp;tiszt\u00e1ban vagyunk vele, hogy nem mindenki ismeri egyform\u00e1n az \u201e\u00e9rdekl\u0151d\u00e9sen alapul\u00f3 hirdet\u00e9s\u201d kifejez\u00e9s jelent\u00e9s\u00e9t. Az\u00e9rt \u00e1ll\u00edtottuk \u00f6ssze ezt a webhelyet, hogy jobban megismertess\u00fck ezt a t\u00e9mak\u00f6rt. A legegyszer\u0171bben fogalmazva: az \u00e9rdekl\u0151d\u00e9sen alapul\u00f3 hirdet\u00e9sek (vagy online viselked\u00e9sen alapul\u00f3 hirdet\u00e9sek) a felhaszn\u00e1l\u00f3 b\u00f6ng\u00e9sz\u00e9si tev\u00e9kenys\u00e9g\u00e9n alapulnak: figyelik, hogy \u00d6n milyen webhelyeket \u00e9s\/vagy alkalmaz\u00e1sokat haszn\u00e1l az id\u0151k sor\u00e1n, \u00edgy [&hellip;]<\/p>\n","protected":false},"author":2,"featured_media":0,"parent":0,"menu_order":2,"comment_status":"closed","ping_status":"closed","template":"","meta":[],"_links":{"self":[{"href":"https:\/\/www.youronlinechoices.com\/hu\/wp-json\/wp\/v2\/pages\/7"}],"collection":[{"href":"https:\/\/www.youronlinechoices.com\/hu\/wp-json\/wp\/v2\/pages"}],"about":[{"href":"https:\/\/www.youronlinechoices.com\/hu\/wp-json\/wp\/v2\/types\/page"}],"author":[{"embeddable":true,"href":"https:\/\/www.youronlinechoices.com\/hu\/wp-json\/wp\/v2\/users\/2"}],"replies":[{"embeddable":true,"href":"https:\/\/www.youronlinechoices.com\/hu\/wp-json\/wp\/v2\/comments?post=7"}],"version-history":[{"count":38,"href":"https:\/\/www.youronlinechoices.com\/hu\/wp-json\/wp\/v2\/pages\/7\/revisions"}],"predecessor-version":[{"id":494,"href":"https:\/\/www.youronlinechoices.com\/hu\/wp-json\/wp\/v2\/pages\/7\/revisions\/494"}],"wp:attachment":[{"href":"https:\/\/www.youronlinechoices.com\/hu\/wp-json\/wp\/v2\/media?parent=7"}],"curies":[{"name":"wp","href":"https:\/\/api.w.org\/{rel}","templated":true}]}}