{"id":364,"date":"2013-10-29T12:40:07","date_gmt":"2013-10-29T12:40:07","guid":{"rendered":"https:\/\/www.youronlinechoices.com\/hu\/?page_id=364"},"modified":"2020-02-26T01:54:09","modified_gmt":"2020-02-26T01:54:09","slug":"altalanos-szerzodesifeltetelek","status":"publish","type":"page","link":"https:\/\/www.youronlinechoices.com\/hu\/altalanos-szerzodesifeltetelek","title":{"rendered":"\u00c1ltal\u00e1nos szerz\u0151d\u00e9si felt\u00e9telek"},"content":{"rendered":"<p><strong><span>\u00c1ltal\u00e1nos szerz\u0151d\u00e9si felt\u00e9telek<\/span><\/strong><\/p>\n<p><span>\u00a0<\/span><\/p>\n<p><span>Jelen szerz\u0151d\u00e9si felt\u00e9telek az EDAA \u00e9s az \u00d6n k\u00f6z\u00f6tt fenn\u00e1ll\u00f3 jogviszonyt szab\u00e1lyozz\u00e1k a YourOnlineChoices honlap haszn\u00e1lata sor\u00e1n, \u00e9s amikor elfogadja a YourOnlineChoices preferencia s\u00fctit.<\/span><\/p>\n<p><span>\u00a0<\/span><\/p>\n<p><span>Az EDAA br\u00fcsszeli sz\u00e9khellyel rendelkez\u0151 nonprofit t\u00e1rsas\u00e1g (AiSBL), c\u00e9gjegyz\u00e9ksz\u00e1ma BE 0846.790.105. Sz\u00e9khely\u00fcnk c\u00edme: Rue des Deux Eglises 26 | 1000 Brussels.<\/span><\/p>\n<p><span>\u00a0<\/span><\/p>\n<p><span>A YourOnlineChoices honlap az al\u00e1bbi c\u00edmeken el\u00e9rhet\u0151: <a href=\"https:\/\/www.youronlinechoices.eu\/\">www.youronlinechoices.eu<\/a>, <a href=\"https:\/\/www.youronlinechoices.com\">https:\/\/www.youronlinechoices.com<\/a>, <a href=\"https:\/\/www.youronlinechoices.eu\/uk\">www.youronlinechoices.eu\/uk\/<\/a> \u00e9s <a href=\"https:\/\/www.youronlinechoices.com\/uk\/\">www.youronlinechoices.com\/uk\/<\/a>. A YourOnlineChoices weboldalra k\u00f6zvetlen\u00fcl is eljuthat harmadik felek weboldal\u00e1n tal\u00e1lhat\u00f3 hivatkoz\u00e1son kereszt\u00fcl, vagy az OBA ikonra t\u00f6rt\u00e9n\u0151 kattint\u00e1ssal \u00e9rheti el.\u00a0 Az OBA ikon \u00edgy n\u00e9z ki: <a href=\"https:\/\/www.youronlinechoices.com\/ee\/?attachment_id=\" rel=\"attachment wp-att-757\"><img loading=\"lazy\" class=\"alignnone  wp-image-757\" title=\"OBA-icon\" src=\"https:\/\/www.youronlinechoices.com\/uk\/wp-content\/uploads\/2010\/11\/OBA-icon-300x300.jpg\" alt=\"\" width=\"38\" height=\"38\" \/><\/a>, \u00e9s a weboldalakon megjelen\u0151 rekl\u00e1mokban vagy azok k\u00f6zel\u00e9ben gyakran l\u00e1that\u00f3.<\/span><\/p>\n<p><span>\u00a0<\/span><\/p>\n<p><span>Jelen szerz\u0151d\u00e9si felt\u00e9telekben a \u201emi\u201d, \u201eminket\u201d vagy \u201emi\u00e9nk\u201d kifejez\u00e9sek r\u00e1nk, az EDAA-ra utalnak; m\u00edg az \u201e\u00d6n\u201d \u00e9s az \u201e\u00d6n\u00e9\u201d szavak pedig \u00d6nt vagy m\u00e1s olyan szem\u00e9lyt jel\u00f6lnek, aki bel\u00e9p a YourOnlineChoices honlapra, vagy a b\u00f6ng\u00e9sz\u0151j\u00e9n vagy m\u00e1s eszk\u00f6z\u00e9n kereszt\u00fcl a YourOnlineChoices honlapon tal\u00e1lhat\u00f3 fogyaszt\u00f3i v\u00e1laszt\u00e1si platformon az online viselked\u00e9salap\u00fa rekl\u00e1moz\u00e1ssal kapcsolatban kiv\u00e1laszt valamit, vagy (v\u00e1llalatok eset\u00e9ben) a l\u00e1togat\u00f3i v\u00e1laszt\u00e1s sor\u00e1n elfogadja a preferencia s\u00fctit. <\/span><\/p>\n<p><span>\u00a0<\/span><\/p>\n<p><span>Olvassa el adatv\u00e9delmi ir\u00e1nyelv\u00fcnket is: <a href=\"https:\/\/www.youronlinechoices.com\/uk\/protecting-your-privacy\">https:\/\/www.youronlinechoices.com\/uk\/protecting-your-privacy<\/a>, amely a jelen \u00e1ltal\u00e1nos szerz\u0151d\u00e9si felt\u00e9telek r\u00e9sz\u00e9t k\u00e9pezi.<\/span><\/p>\n<p><span>\u00a0<\/span><\/p>\n<p><strong><span>Az \u00d6n YourOnlineChoices preferenci\u00e1i<\/span><\/strong><\/p>\n<p><span>\u00a0<\/span><\/p>\n<p><span>A YourOnlineChoices weboldal egyik f\u0151 funkci\u00f3ja az, hogy az \u00d6n preferenci\u00e1it k\u00f6zvet\u00edtse a viselked\u00e9salap\u00fa rekl\u00e1mokkal kapcsolatban a r\u00e9sztvev\u0151 v\u00e1llalatok sz\u00e1m\u00e1ra. Felismerj\u00fck az \u00d6n preferenci\u00e1it, \u00e9s tov\u00e1bbadjuk ezeket a hirdet\u00e9si h\u00e1l\u00f3zatoknak, valamint a YourOnlineChoices platform <a href=\"https:\/\/www.youronlinechoices.com\/uk\/your-ad-choices\">https:\/\/www.youronlinechoices.com\/uk\/your-ad-choices<\/a> oldal\u00e1n felsorolt egy\u00e9b r\u00e9sztvev\u0151 tagv\u00e1llalatoknak.<\/span><\/p>\n<p><span>\u00a0<\/span><\/p>\n<p><span>A YourOnlineChoices honlap haszn\u00e1lat\u00e1nak \u00e9rdek\u00e9ben sz\u00fcks\u00e9ges, hogy minden egyes r\u00e9sztvev\u0151 v\u00e1llalat s\u00fctit, \u00fagynevezett preferencia s\u00fctit helyezzen el az \u00d6n webb\u00f6ng\u00e9sz\u0151j\u00e9ben, \u00edgy megjegyezhetj\u00fck kiv\u00e1laszt\u00e1sait. A s\u00fctikkel kapcsolatban r\u00e9szletes t\u00e1j\u00e9koztat\u00e1s az adatv\u00e9delmi ir\u00e1nyelv\u00fcnkben tal\u00e1lhat\u00f3: https:\/\/www.youronlinechoices.com\/uk\/protecting-your-privacy. Amennyiben m\u00e1s sz\u00e1m\u00edt\u00f3g\u00e9pen vagy b\u00f6ng\u00e9sz\u0151 seg\u00edts\u00e9g\u00e9vel haszn\u00e1lja a YourOnlineChoices weboldalt, vagy kit\u00f6rli\/elutas\u00edtja s\u00fctijeit, nem tudjuk megjegyezni preferenci\u00e1it, \u00e9s ezek ism\u00e9telt kiv\u00e1laszt\u00e1s\u00e1hoz vissza kell t\u00e9rnie a YourOnlineChoices honlapra. Tov\u00e1bb\u00e1 a YourOnlineChoices honlap nem m\u0171k\u00f6dik megfelel\u0151en, ha b\u00f6ng\u00e9sz\u0151je \u00fagy van be\u00e1ll\u00edtva, hogy letiltja a s\u00fctiket, mivel kiv\u00e1laszt\u00e1sai a preferencia s\u00fctik haszn\u00e1lata n\u00e9lk\u00fcl nem menthet\u0151k el.<\/span><\/p>\n<p><span>\u00a0<\/span><\/p>\n<p><span>B\u00e1r minden \u00e9szszer\u0171 \u00fczleti l\u00e9p\u00e9st megtesz\u00fcnk annak biztos\u00edt\u00e1s\u00e1ra, hogy a YourOnlineChoices honlapon tett kiv\u00e1laszt\u00e1sait a honlapon felsorolt \u00e9rintett v\u00e1llalatoknak a kiv\u00e1laszt\u00e1s id\u0151pontj\u00e1ban tov\u00e1bb\u00edtsuk, a YourOnlineChoices honlapot a \u201ejelenlegi\u201d \u00e9s \u201erendelkez\u00e9sre \u00e1ll\u00f3\u201d form\u00e1j\u00e1ban biztos\u00edtjuk, \u00e9s nem tesz\u00fcnk olyan kijelent\u00e9st, illetve nem v\u00e1llalunk semmif\u00e9le j\u00f3t\u00e1ll\u00e1st, felt\u00e9telt, garanci\u00e1t vagy egy\u00e9b kik\u00f6t\u00e9st arra vonatkoz\u00f3lag, hogy az \u00d6n kiv\u00e1laszt\u00e1sa \u00e9rv\u00e9nyben lesz vagy \u00e9rv\u00e9nyben marad. Amennyiben kiv\u00e1laszt\u00e1sai nem bizonyulnak hat\u00e9konynak, akkor a <a href=\"https:\/\/www.youronlinechoices.com\/uk\/make-a-complaint\">https:\/\/www.youronlinechoices.com\/uk\/make-a-complaint<\/a> weboldalon kereszt\u00fcl tehet panaszt \u00e9s k\u00e9rhet jogorvoslatot.<\/span><\/p>\n<p><span>\u00a0<\/span><\/p>\n<p><strong><span>Az \u00d6n k\u00f6telezetts\u00e9gei<\/span><\/strong><\/p>\n<p><span>\u00a0<\/span><\/p>\n<p><span>\u00d6nnek megfelel\u0151 magatart\u00e1st kell tan\u00fas\u00edtania, \u00e9s a YourOnlineChoices honlapot minden vonatkoz\u00f3 jogszab\u00e1lynak \u00e9s rendelkez\u00e9snek megfelel\u0151en kell haszn\u00e1lnia, valamint olyan m\u00f3don, ami egy \u00e9rtelmes, felel\u0151ss\u00e9gteljes \u00e9s k\u00f6r\u00fcltekint\u0151 term\u00e9szetes szem\u00e9lyt\u0151l elv\u00e1rhat\u00f3.<\/span><\/p>\n<p><span>\u00a0<\/span><\/p>\n<p><span>Nem haszn\u00e1lhatja a YourOnlineChoices honlapot, vagy nem engedheti meg a YourOnlineChoices honlap haszn\u00e1lat\u00e1t:<\/span><\/p>\n<p><span>(a)\u00a0\u00a0\u00a0\u00a0\u00a0\u00a0\u00a0\u00a0\u00a0\u00a0 jogellenes vagy illeg\u00e1lis tev\u00e9kenys\u00e9gek c\u00e9lj\u00e1ra, vagy b\u0171ncselekm\u00e9ny \u00e9s\/vagy szab\u00e1lys\u00e9rt\u00e9s elk\u00f6vet\u00e9se c\u00e9lj\u00e1b\u00f3l;<\/span><\/p>\n<p><span>\u00a0<\/span><\/p>\n<p><span>(b)\u00a0\u00a0\u00a0\u00a0\u00a0\u00a0\u00a0\u00a0\u00a0\u00a0 illeg\u00e1lis, helytelen, obszc\u00e9n, erk\u00f6lcstelen, becs\u00fclets\u00e9rt\u0151, r\u00e1galmaz\u00f3, fenyeget\u0151, t\u00e1mad\u00f3, nem k\u00edv\u00e1nt vagy k\u00e9retlen jelleg\u0171 b\u00e1rmilyen kommunik\u00e1ci\u00f3 c\u00e9lj\u00e1ra, vagy bosszant\u00f3, zavar\u00f3 vagy sz\u00fcks\u00e9gtelen k\u00e9nyelmetlens\u00e9get kelt\u0151, vagy a k\u00f6zrendet \u00e9s\/vagy a k\u00f6zerk\u00f6lcs\u00f6t s\u00e9rt\u0151 kommunik\u00e1ci\u00f3 c\u00e9lj\u00e1ra, vagy a faji gy\u0171l\u00f6letkelt\u00e9st tilt\u00f3 b\u00e1rmely hat\u00e1lyos jogszab\u00e1ly megs\u00e9rt\u00e9s\u00e9vel;<\/span><\/p>\n<p><span>\u00a0<\/span><\/p>\n<p><span>(c)\u00a0\u00a0\u00a0\u00a0\u00a0\u00a0\u00a0\u00a0\u00a0\u00a0 semmi olyan tev\u00e9kenys\u00e9g c\u00e9lj\u00e1ra, amely s\u00e9rti a t\u00f6bbi \u00fcgyf\u00e9l\/el\u0151fizet\u0151 vagy harmadik felek szem\u00e9lyes adatainak v\u00e9delm\u00e9vel vagy \u00e1ltal\u00e1ban az adatv\u00e9delemmel kapcsolatos jogait; \u00e9s <\/span><\/p>\n<p><span>\u00a0<\/span><\/p>\n<p><span>(d)\u00a0\u00a0\u00a0\u00a0\u00a0\u00a0\u00a0\u00a0\u00a0\u00a0 v\u00edrusok vagy m\u00e1s k\u00e9rt\u00e9kony malware terjeszt\u00e9s\u00e9re, vagy b\u00e1rmi olyan m\u00f3don, amely akad\u00e1lyozza a kommunik\u00e1ci\u00f3t vagy az adatt\u00e1rol\u00e1st, vagy egy\u00e9b m\u00f3don k\u00e1rt okoz \u00e9s rong\u00e1lja a YourOnlineChoices weboldalt, vagy korl\u00e1tozza vagy rontja a YourOnlineChoices weboldal haszn\u00e1lat\u00e1t vagy kapacit\u00e1s\u00e1t m\u00e1s felhaszn\u00e1l\u00f3k vagy harmadik felek sz\u00e1m\u00e1ra, bele\u00e9rtve a weboldal felesleges t\u00falterhel\u00e9s\u00e9t nagy, nem k\u00e9retlen adatforgalmi folyamatokkal (el\u00e1raszt\u00e1s, spamming stb.).<\/span><\/p>\n<p><span>\u00a0<\/span><\/p>\n<p><span>\u00d6n v\u00e1llalja, hogy tiszteletben tartja a benn\u00fcnket \u00e9s a licencad\u00f3inkat megillet\u0151 szellemi tulajdonjogokat (korl\u00e1toz\u00e1s n\u00e9lk\u00fcl, bele\u00e9rtve a szerz\u0151i jogokat, a v\u00e9djegyeket, a szabadalmakat, a formatervez\u00e9si minta tekintet\u00e9ben fenn\u00e1ll\u00f3 oltalmi jogokat \u00e9s az adatb\u00e1zisokhoz f\u0171z\u0151d\u0151 jogokat).<\/span><\/p>\n<p><span>\u00a0<\/span><\/p>\n<p><span>Ig\u00e9ny eset\u00e9n \u00d6n k\u00e1rtalan\u00edt \u00e9s k\u00e1rmentes\u00edt benn\u00fcnket minden olyan k\u00f6telezetts\u00e9g, k\u00e1r, k\u00f6lts\u00e9g, ig\u00e9ny vagy kiad\u00e1s tekintet\u00e9ben (bele\u00e9rtve az \u00e9szszer\u0171 jogi k\u00f6lts\u00e9geket \u00e9s kiad\u00e1sokat is), amelyekr\u0151l meg\u00e1llap\u00edt\u00e1st nyert, hogy az e szakasz szerinti k\u00f6telezetts\u00e9geinek megs\u00e9rt\u00e9se k\u00f6vetkezm\u00e9nyek\u00e9nt mer\u00fcltek fel.<\/span><\/p>\n<p><span>\u00a0<\/span><\/p>\n<p><span>Amennyiben tudom\u00e1s\u00e1ra jut, hogy a YourOnlineChoices weboldal s\u00e9rti az \u00d6n szellemi tulajdonjogait, tulajdonosi jogait vagy b\u00e1rmilyen m\u00e1s jog\u00e1t, akkor halad\u00e9ktalanul \u00e9rtes\u00edtsen benn\u00fcnket az al\u00e1bbiakban megadott el\u00e9rhet\u0151s\u00e9geken.<\/span><\/p>\n<p><span>\u00a0<\/span><\/p>\n<p><strong><span>Hivatkoz\u00e1sok<\/span><\/strong><\/p>\n<p><span>\u00a0<\/span><\/p>\n<p><span>A YourOnlineChoices weboldalon tal\u00e1lhat\u00f3 egyes hivatkoz\u00e1sok lehet\u0151v\u00e9 teszik az olyan weboldalakhoz t\u00f6rt\u00e9n\u0151 csatlakoz\u00e1st, melyek nem \u00e1llnak az ellen\u0151rz\u00e9s\u00fcnk alatt.\u00a0 Az EDAA ezeket a hivatkoz\u00e1sokat csup\u00e1n k\u00e9nyelmi szempontb\u00f3l teszi el\u00e9rhet\u0151v\u00e9. A hivatkoz\u00e1s megjelen\u00e9se nem jelenti az adott weboldal EDAA \u00e1ltali j\u00f3v\u00e1hagy\u00e1s\u00e1t, \u00e9s az EDAA egyik hivatkozott weboldal tartalm\u00e1\u00e9rt sem felel\u0151s. \u00d6n saj\u00e1t kock\u00e1zat\u00e1ra l\u00e9p ezekre az oldalakra.<\/span><\/p>\n<p><span>\u00a0<\/span><\/p>\n<p><strong><span>A felel\u0151ss\u00e9g korl\u00e1toz\u00e1sa \u00e9s kiz\u00e1r\u00e1sa<\/span><\/strong><\/p>\n<p><span>\u00a0<\/span><\/p>\n<p><span>Az EDAA kifejezetten kiz\u00e1r minden tov\u00e1bbi, jogszab\u00e1lyb\u00f3l, szerz\u0151d\u00e9sb\u0151l ered\u0151, vagy vagy egy\u00e9b alapon fenn\u00e1ll\u00f3 nyilatkozatot, szavatoss\u00e1got, felt\u00e9telt vagy egy\u00e9b rendelkez\u00e9st, legyen az ak\u00e1r kifejezett, vagy bele\u00e9rtett, t\u00f6bbek k\u00f6z\u00f6tt bele\u00e9rtve a megfelel\u0151 min\u0151s\u00e9gre, a meghat\u00e1rozott c\u00e9lra val\u00f3 alkalmass\u00e1gra \u00e9s a megfelel\u0151 gondoss\u00e1g \u00e9s szakk\u00e9pzetts\u00e9g biztos\u00edt\u00e1s\u00e1ra vonatkoz\u00f3 kell\u00e9k- vagy egy\u00e9b szavatoss\u00e1got vagy felt\u00e9telt.<\/span><\/p>\n<p><span>\u00a0<\/span><\/p>\n<p><span>Az al\u00e1bbi kiv\u00e9telekt\u0151l eltekintve az EDAA elh\u00e1r\u00edt minden felel\u0151ss\u00e9get, \u00e9s nem v\u00e1llal szerz\u0151d\u00e9ses, mag\u00e1njogi v\u00e9tkes cselekm\u00e9nyb\u0151l (t\u00f6bbek k\u00f6z\u00f6tt hanyags\u00e1gb\u00f3l) ered\u0151, jogszab\u00e1lyi k\u00f6telezetts\u00e9geken, el\u0151szerz\u0151d\u00e9sen vagy egy\u00e9b nyilatkozatokon alapul\u00f3 felel\u0151ss\u00e9get (kiv\u00e9ve a csal\u00e1rd megt\u00e9veszt\u00e9st), vagy a YourOnlineChoices weboldalb\u00f3l vagy jelen felt\u00e9telek vonatkoz\u00e1s\u00e1ban m\u00e1s m\u00f3don felmer\u00fcl\u0151, vagy ezekkel kapcsolatos felel\u0151ss\u00e9get az al\u00e1bbiak tekintet\u00e9ben: (a) k\u00f6vetkezm\u00e9nyes, k\u00f6zvetett vagy k\u00fcl\u00f6nleges k\u00e1r \u00e9s vesztes\u00e9g; (b) a goodwill vagy a j\u00f3 h\u00edrn\u00e9v elveszt\u00e9se; vagy (c) b\u00e1rmilyen gazdas\u00e1gi vesztes\u00e9g (bele\u00e9rtve az elmaradt j\u00f6vedelmet, hasznot, szerz\u0151d\u00e9seket, \u00fczletet vagy felt\u00e9telezett megtakar\u00edt\u00e1st), mindegyik esetben f\u00fcggetlen\u00fcl att\u00f3l, hogy esetlegesen t\u00e1j\u00e9koztat\u00e1st kapott az ilyen vesztes\u00e9g vagy k\u00e1r lehet\u0151s\u00e9g\u00e9r\u0151l, illetve f\u00fcggetlen\u00fcl a felmer\u00fcl\u00e9s m\u00f3dj\u00e1t\u00f3l.<\/span><\/p>\n<p><span>\u00a0<\/span><\/p>\n<p><span>Az al\u00e1bbiakban foglaltak kiv\u00e9tel\u00e9vel az EDAA mag\u00e1njogi v\u00e9tkes cselekm\u00e9nyb\u0151l (t\u00f6bbek k\u00f6z\u00f6tt hanyags\u00e1gb\u00f3l) ered\u0151, jogszab\u00e1lyi k\u00f6telezetts\u00e9geken, el\u0151szerz\u0151d\u00e9sen vagy egy\u00e9b nyilatkozatokon alapul\u00f3 felel\u0151ss\u00e9ge (kiv\u00e9ve a csal\u00e1rd megt\u00e9veszt\u00e9st), vagy egy\u00e9bk\u00e9nt az e szerz\u0151d\u00e9sb\u0151l ered\u0151, vagy ezzel \u00e9s ennek b\u00e1rmely r\u00e9szv\u00e9vel kapcsolatos felel\u0151ss\u00e9g tekintet\u00e9ben <\/span>, <span>bele\u00e9rtve a v\u00e9grehajt\u00e1s\u00e1t \u00e9s a teljes\u00edt\u00e9s\u00e9t is, b\u00e1rmely egyedi esetben vagy esetek sorozat\u00e1ban (f\u00fcggetlen\u00fcl att\u00f3l, hogy egym\u00e1ssal \u00f6sszef\u00fcggnek vagy esetleg nem \u00e1llnak \u00f6sszef\u00fcgg\u00e9sben), amelyek b\u00e1rmely 12 h\u00f3napos id\u0151szakban fordultak el\u0151 \u2013 \u00f6t eur\u00f3ra korl\u00e1toz\u00f3dik. <\/span><\/p>\n<p><span>\u00a0<\/span><\/p>\n<p><span>A jelen Szerz\u0151d\u00e9s egyetlen rendelkez\u00e9se sem z\u00e1rja ki vagy nem korl\u00e1tozhatja a felel\u0151ss\u00e9get olyan hal\u00e1leset vagy szem\u00e9lyi s\u00e9r\u00fcl\u00e9s vonatkoz\u00e1s\u00e1ban, amely b\u00e1rmely f\u00e9l, vagy megb\u00edzottai, vagy alkalmazottai k\u00f6telezetts\u00e9geik ell\u00e1t\u00e1sa sor\u00e1n felmer\u00fcl\u0151 hanyags\u00e1g\u00e1b\u00f3l ered, illetve nem z\u00e1rja ki, vagy nem korl\u00e1tozza adott f\u00e9l a hat\u00e1lyos jogszab\u00e1lyok szerint ki nem z\u00e1rhat\u00f3 felel\u0151ss\u00e9g\u00e9t.<\/span><\/p>\n<p><span>\u00a0<\/span><\/p>\n<p><strong><span>\u00c1ltal\u00e1nos felt\u00e9telek<\/span><\/strong><\/p>\n<p><span>\u00a0<\/span><\/p>\n<p><em><strong><span>Vis maior: <\/span><\/strong><\/em><span>vis maior b\u00e1rmilyen olyan esem\u00e9ny, ami az \u00e9szszer\u0171 ellen\u0151rz\u00e9si k\u00f6r\u00fcnk\u00f6n k\u00edv\u00fcl \u00e1ll.\u00a0 Amennyiben jelen szerz\u0151d\u00e9ses felt\u00e9teleinkb\u0151l ered\u0151 k\u00f6telezetts\u00e9geink teljes\u00edt\u00e9se vis maior esem\u00e9ny miatt nem lehets\u00e9ges vagy k\u00e9sedelmet szenved, a vis maior esem\u00e9nyek id\u0151tartam\u00e1ra ezen k\u00f6telezetts\u00e9gek felf\u00fcggeszt\u00e9sre ker\u00fclnek.<\/span><\/p>\n<p><span>\u00a0<\/span><\/p>\n<p><em><strong><span>Engedm\u00e9nyez\u00e9s \u00e9s alv\u00e1llalkoz\u00e1s: <\/span><\/strong><\/em><span>\u00d6n nem jogosult arra, hogy a jelen szerz\u0151d\u00e9ses felt\u00e9telekb\u0151l ered\u0151 jogait \u00e9s\/vagy k\u00f6telezetts\u00e9geit r\u00e9szben vagy teljes eg\u00e9sz\u00e9ben \u00e1truh\u00e1zza, \u00e1tadja, ezekkel m\u00e1st b\u00edzzon meg, vagy ezekre m\u00e1st hatalmazzon fel.<\/span><\/p>\n<p><span>\u00a0<\/span><\/p>\n<p><em><strong><span>Jogviszony:<\/span><\/strong><\/em><span> Jelen szerz\u0151d\u00e9si felt\u00e9telek egyetlen rendelkez\u00e9se sem tekinthet\u0151 olyannak, amely az \u00d6n r\u00e9sz\u00e9r\u0151l \u00e9s a mi r\u00e9sz\u00fcnkr\u0151l partnerkapcsolatot, k\u00f6z\u00f6s v\u00e1llalkoz\u00e1st vagy munkaszerz\u0151d\u00e9st hoz l\u00e9tre, vagy b\u00e1rmilyen felhatalmaz\u00e1st ny\u00fajt \u00d6nnek a jelen szerz\u0151d\u00e9si felt\u00e9telekben kifejezetten r\u00f6gz\u00edtetteken t\u00falmen\u0151en, illetve nem tekinthet\u0151 \u00fagy, hogy b\u00e1rmilyen megb\u00edz\u00e1si jogviszonyt hozne l\u00e9tre k\u00f6z\u00f6tt\u00fcnk..<\/span><\/p>\n<p><span>\u00a0<\/span><\/p>\n<p><em><strong><span>Teljes szerz\u0151d\u00e9s: <\/span><\/strong><\/em><span>\u00d6n meger\u0151s\u00edti, hogy jelen felt\u00e9telek a k\u00f6z\u00f6tt\u00fcnk fenn\u00e1ll\u00f3 teljes szerz\u0151d\u00e9st \u00e9s meg\u00e1llapod\u00e1st k\u00e9pezik, \u00e9s jelen szerz\u0151d\u00e9si felt\u00e9telek az annak t\u00e1rgy\u00e1t k\u00e9pez\u0151 k\u00e9rd\u00e9sekben k\u00f6z\u00f6tt\u00fcnk l\u00e9trej\u00f6tt minden kor\u00e1bbi meg\u00e1llapod\u00e1s, egyezs\u00e9g \u00e9s szerz\u0151d\u00e9s hely\u00e9be l\u00e9pnek. \u00d6n meger\u0151s\u00edti, hogy nem t\u00e1maszkodik az ezen felt\u00e9telekben kifejezetten r\u00f6gz\u00edtetteken k\u00edv\u00fcl semmilyen m\u00e1s nyilatkozatra, kijelent\u00e9sre vagy meg\u00e1llapod\u00e1sra, \u00e9s kifejezetten nem r\u00f6gz\u00edtett nyilatkozat, kijelent\u00e9s vagy meg\u00e1llapod\u00e1s alapj\u00e1n jogorvoslati lehet\u0151s\u00e9ge nem \u00e1ll fenn, kiv\u00e9ve, ha az adott nyilatkozat, kijelent\u00e9s vagy meg\u00e1llapod\u00e1s megt\u00e9tele csal\u00e1rd m\u00f3don t\u00f6rt\u00e9nt. <\/span><\/p>\n<p><span>\u00a0<\/span><\/p>\n<p><em><strong><span>Jogfelad\u00e1s:<\/span><\/strong><\/em><span> Amennyiben b\u00e1rmelyik f\u00e9l nem \u00e9rv\u00e9nyes\u00edti, vagy k\u00e9sedelmesen \u00e9rv\u00e9nyes\u00edti az ezen szerz\u0151d\u00e9si felt\u00e9telek alapj\u00e1n \u0151t megillet\u0151 b\u00e1rmely jogot, jogk\u00f6rt vagy jogorvoslatra vonatkoz\u00f3 jogosults\u00e1got, ez nem min\u0151s\u00fcl jogfelad\u00e1snak az adott jog, jogk\u00f6r vagy jogorvoslatra vonatkoz\u00f3 jogosults\u00e1g tekintet\u00e9ben, valamint b\u00e1rmilyen jog, jogk\u00f6r vagy jogorvoslatra vonatkoz\u00f3 jogosults\u00e1g r\u00e9sz\u00fcnkr\u0151l t\u00f6rt\u00e9n\u0151 b\u00e1rmilyen egyedi vagy r\u00e9szleges \u00e9rv\u00e9nyes\u00edt\u00e9se nem z\u00e1rja ki b\u00e1rmely m\u00e1s jog, jogk\u00f6r vagy jogorvoslatra vonatkoz\u00f3 jogosults\u00e1g r\u00e9sz\u00fcnkr\u0151l t\u00f6rt\u00e9n\u0151 b\u00e1rmilyen k\u00e9s\u0151bbi \u00e9rv\u00e9nyes\u00edt\u00e9s\u00e9t.<\/span><\/p>\n<p><span>\u00a0<\/span><\/p>\n<p><em><strong><span>R\u00e9szleges \u00e9rv\u00e9nytelens\u00e9g: <\/span><\/strong><\/em><span>Amennyiben jelen szerz\u0151d\u00e9si felt\u00e9telek b\u00e1rmely rendelkez\u00e9s\u00e9t b\u00e1rmely b\u00edr\u00f3s\u00e1g vagy illet\u00e9kes hat\u00f3s\u00e1g \u00e9rv\u00e9nytelennek, jogellenesnek vagy v\u00e9grehajthatatlannak nyilv\u00e1n\u00edtja b\u00e1rmely joghat\u00f3s\u00e1gban, adott rendelkez\u00e9st \u00fagy kell tekinteni, mint ami nem k\u00e9pezi jelen szerz\u0151d\u00e9si felt\u00e9telek r\u00e9sz\u00e9t, \u00e9s ez nem befoly\u00e1solja jelen szerz\u0151d\u00e9si felt\u00e9telek fennmarad\u00f3 r\u00e9sz\u00e9nek \u00e9rv\u00e9nyess\u00e9g\u00e9t, jogszer\u0171s\u00e9g\u00e9t \u00e9s v\u00e9grehajthat\u00f3s\u00e1g\u00e1t, illetve nem befoly\u00e1solja az \u00e9rv\u00e9nytelennek tal\u00e1lt rendelkez\u00e9s b\u00e1rmely m\u00e1s joghat\u00f3s\u00e1gban fenn\u00e1ll\u00f3 \u00e9rv\u00e9nyess\u00e9g\u00e9t, jogszer\u0171s\u00e9g\u00e9t \u00e9s v\u00e9grehajthat\u00f3s\u00e1g\u00e1t.<\/span><\/p>\n<p><span>\u00a0<\/span><\/p>\n<p><em><strong><span>Az id\u0151 jelent\u0151s\u00e9ge:<\/span><\/strong><\/em><span> Az id\u0151 nem l\u00e9nyeges elem, kiv\u00e9ve, ha alkalmaz\u00e1sa kifejezetten el\u0151\u00edr\u00e1sra ker\u00fcl.<\/span><\/p>\n<p><span>\u00a0<\/span><\/p>\n<p><em><strong><span>Harmadik felek jogai:<\/span><\/strong><\/em><span> Jelen szerz\u0151d\u00e9si felt\u00e9telek semmilyen m\u00f3don nem hoznak l\u00e9tre vagy biztos\u00edtanak jogokat vagy egy\u00e9b el\u0151ny\u00f6ket a jelen szerz\u0151d\u00e9si felt\u00e9telekben szerepl\u0151 feleken t\u00falmen\u0151en senki r\u00e9sz\u00e9re, sem az 1999. \u00e9vi szerz\u0151d\u00e9sekr\u0151l (harmadik felek jogai) sz\u00f3l\u00f3 t\u00f6rv\u00e9ny alapj\u00e1n, sem egy\u00e9b m\u00f3don.<\/span><\/p>\n<p><span>\u00a0<\/span><\/p>\n<p><em><strong><span>Vegyes rendelkez\u00e9sek:<\/span><\/strong><\/em><span> A felek jelen szerz\u0151d\u00e9si felt\u00e9telek szerinti jogai \u00e9s jogorvoslati lehet\u0151s\u00e9gei halmoz\u00f3dnak, \u00e9s hozz\u00e1ad\u00f3dnak a t\u00f6rv\u00e9nyek szerint biztos\u00edtott jogokhoz \u00e9s jogorvoslati lehet\u0151s\u00e9gekhez.\u00a0 Jelen szerz\u0151d\u00e9si felt\u00e9telek minden m\u00f3dos\u00edt\u00e1sa \u00edr\u00e1sban, a felek egyet\u00e9rt\u00e9s\u00e9vel r\u00f6gz\u00edtend\u0151. Jelen szerz\u0151d\u00e9si felt\u00e9telek t\u00f6bb p\u00e9ld\u00e1nyban \u00e9s elektronikus \u00faton is al\u00e1\u00edrhat\u00f3.<\/span><\/p>\n<p><span>\u00a0<\/span><\/p>\n<p><em><strong><span>Ir\u00e1nyad\u00f3 jog:<\/span><\/strong><\/em><span> Jelen szerz\u0151d\u00e9si felt\u00e9telek a belga jog szerint \u00e9rtelmezend\u0151k, \u00e9s az egyes felek visszavonhatatlanul al\u00e1vetik magukat a br\u00fcsszeli b\u00edr\u00f3s\u00e1gok nem kiz\u00e1r\u00f3lagos joghat\u00f3s\u00e1g\u00e1nak.<\/span><\/p>\n<p><span>\u00a0<\/span><\/p>\n<p><strong><span>Z\u00e1r\u00f3 rendelkez\u00e9sek<\/span><\/strong><\/p>\n<p><span>\u00a0<\/span><\/p>\n<p><strong><span>Panaszkezel\u00e9si ir\u00e1nyelv\u00fcnk<\/span><\/strong><\/p>\n<p><span>\u00a0<\/span><\/p>\n<p><span>Lehet\u0151s\u00e9g szerint miel\u0151bb megoldunk minden r\u00e9sz\u00fcnkre jelentett \u00e9s orvosolhat\u00f3 probl\u00e9m\u00e1t.\u00a0 Ha \u00d6n nem el\u00e9gedett a v\u00e1lasszal vagy a k\u00edn\u00e1lt megold\u00e1ssal, forduljon hozz\u00e1nk az al\u00e1bbi c\u00edmen.<\/span><\/p>\n<p><span>\u00a0<\/span><\/p>\n<p><strong><span>Kapcsolat<\/span><\/strong><\/p>\n<p><span>\u00a0<\/span><\/p>\n<p><span>R\u00e9szletesebb t\u00e1j\u00e9koztat\u00e1s\u00e9rt, vagy a jelen szerz\u0151d\u00e9si felt\u00e9telekkel kapcsolatos k\u00e9rd\u00e9seivel, k\u00e9rj\u00fck, forduljon az EDAA-hoz e-mailben: privacy [kukac] edaa.eu<\/span><\/p>\n<p><span>\u00a0<\/span><\/p>\n<p><span>Szervezet\u00fcnk az Eur\u00f3pai Interakt\u00edv Digit\u00e1lis Rekl\u00e1msz\u00f6vets\u00e9g (EDAA)<\/span><\/p>\n<p><span><br \/>\nSz\u00e9khely\u00fcnk c\u00edme: Rue des Deux Eglises 26 | 1000 Brussels<\/span><\/p>\n<p><span><br \/>\nC\u00e9gjegyz\u00e9ksz\u00e1munk: BE 0846.790.105<\/span><\/p>\n<p><span>\u00a0<\/span><\/p>\n<p><span>Ad\u00f3sz\u00e1munk: BE 0846.790.105<\/span><\/p>\n","protected":false},"excerpt":{"rendered":"<p>\u00c1ltal\u00e1nos szerz\u0151d\u00e9si felt\u00e9telek \u00a0 Jelen szerz\u0151d\u00e9si felt\u00e9telek az EDAA \u00e9s az \u00d6n k\u00f6z\u00f6tt fenn\u00e1ll\u00f3 jogviszonyt szab\u00e1lyozz\u00e1k a YourOnlineChoices honlap haszn\u00e1lata sor\u00e1n, \u00e9s amikor elfogadja a YourOnlineChoices preferencia s\u00fctit. \u00a0 Az EDAA br\u00fcsszeli sz\u00e9khellyel rendelkez\u0151 nonprofit t\u00e1rsas\u00e1g (AiSBL), c\u00e9gjegyz\u00e9ksz\u00e1ma BE 0846.790.105. Sz\u00e9khely\u00fcnk c\u00edme: Rue des Deux Eglises 26 | 1000 Brussels. \u00a0 A YourOnlineChoices honlap az [&hellip;]<\/p>\n","protected":false},"author":2,"featured_media":0,"parent":0,"menu_order":0,"comment_status":"closed","ping_status":"open","template":"","meta":[],"_links":{"self":[{"href":"https:\/\/www.youronlinechoices.com\/hu\/wp-json\/wp\/v2\/pages\/364"}],"collection":[{"href":"https:\/\/www.youronlinechoices.com\/hu\/wp-json\/wp\/v2\/pages"}],"about":[{"href":"https:\/\/www.youronlinechoices.com\/hu\/wp-json\/wp\/v2\/types\/page"}],"author":[{"embeddable":true,"href":"https:\/\/www.youronlinechoices.com\/hu\/wp-json\/wp\/v2\/users\/2"}],"replies":[{"embeddable":true,"href":"https:\/\/www.youronlinechoices.com\/hu\/wp-json\/wp\/v2\/comments?post=364"}],"version-history":[{"count":9,"href":"https:\/\/www.youronlinechoices.com\/hu\/wp-json\/wp\/v2\/pages\/364\/revisions"}],"predecessor-version":[{"id":485,"href":"https:\/\/www.youronlinechoices.com\/hu\/wp-json\/wp\/v2\/pages\/364\/revisions\/485"}],"wp:attachment":[{"href":"https:\/\/www.youronlinechoices.com\/hu\/wp-json\/wp\/v2\/media?parent=364"}],"curies":[{"name":"wp","href":"https:\/\/api.w.org\/{rel}","templated":true}]}}