{"id":2,"date":"2010-06-18T20:51:35","date_gmt":"2010-06-18T20:51:35","guid":{"rendered":"https:\/\/www.youronlinechoices.com\/hu\/?page_id=2"},"modified":"2025-05-09T12:20:31","modified_gmt":"2025-05-09T12:20:31","slug":"about","status":"publish","type":"page","link":"https:\/\/www.youronlinechoices.com\/hu\/","title":{"rendered":"Kezd\u0151lap"},"content":{"rendered":"\n<div class=\"homeBlocks mb20\">\n<div class=\"tacenter mt10\">\n<div class=\"iblock cell fleft redbg\">\n\t\t\t\t\t\t\t\t\t<a href=\"https:\/\/www.youronlinechoices.com\/hu\/viselkedes-alapu-hirdetesekrol\" title=\"Viselked\u00e9s alap\u00fa hirdet\u00e9sekr\u0151l\"><br \/>\n\t\t\t\t\t\t\t\t\t\t<span class=\"icon about\"><\/span><br \/>\n\t\t\t\t\t\t\t\t\t<\/a><br \/>\n\t\t\t\t\t\t\t\t\t<label><a href=\"https:\/\/www.youronlinechoices.com\/hu\/viselkedes-alapu-hirdetesekrol\">Viselked\u00e9s alap\u00fa hirdet\u00e9sekr\u0151l<\/a><\/label>\n\t\t\t\t\t\t\t\t<\/div>\n<div class=\"iblock cell redbg\">\n\t\t\t\t\t\t\t\t\t<a href=\"https:\/\/www.youronlinechoices.com\/hu\/ad-choices\" title=\"Ad Choices\"><br \/>\n\t\t\t\t\t\t\t\t\t\t<span class=\"icon adchoices\"><\/span><br \/>\n\t\t\t\t\t\t\t\t\t<\/a><br \/>\n\t\t\t\t\t\t\t\t\t<label><a href=\"https:\/\/www.youronlinechoices.com\/hu\/ad-choices\">Ad Choices<\/a><\/label>\n\t\t\t\t\t\t\t\t<\/div>\n<div class=\"iblock cell fright redbg\">\n\t\t\t\t\t\t\t\t\t<a href=\"https:\/\/www.youronlinechoices.com\/hu\/az-ot-tuti-tipp\" title=\"Az \u00f6t tuti tipp\"><br \/>\n\t\t\t\t\t\t\t\t\t\t<span class=\"icon toptips\"><\/span><br \/>\n\t\t\t\t\t\t\t\t\t<\/a><br \/>\n\t\t\t\t\t\t\t\t\t<label><a href=\"https:\/\/www.youronlinechoices.com\/hu\/az-ot-tuti-tipp\">Az \u00f6t tuti tipp<\/a><\/label>\n\t\t\t\t\t\t\t\t<\/div>\n<\/p><\/div>\n<div class=\"tacenter mt10\">\n<div class=\"iblock cell fleft\">\n\t\t\t\t\t\t\t\t\t<a href=\"https:\/\/www.youronlinechoices.com\/hu\/gyik\" title=\"GYIK\"><br \/>\n\t\t\t\t\t\t\t\t\t\t<span class=\"icon faq\"><\/span><br \/>\n\t\t\t\t\t\t\t\t\t<\/a><br \/>\n\t\t\t\t\t\t\t\t\t<label><a href=\"https:\/\/www.youronlinechoices.com\/hu\/gyik\">GYIK<\/a><\/label>\n\t\t\t\t\t\t\t\t<\/div>\n<div class=\"iblock cell\">\n\t\t\t\t\t\t\t\t\t<a href=\"https:\/\/www.youronlinechoices.com\/hu\/szomagyarazat\" title=\"Sz\u00f3magyar\u00e1zat\"><br \/>\n\t\t\t\t\t\t\t\t\t\t<span class=\"icon jargon\"><\/span><br \/>\n\t\t\t\t\t\t\t\t\t<\/a><br \/>\n\t\t\t\t\t\t\t\t\t<label><a href=\"https:\/\/www.youronlinechoices.com\/hu\/szomagyarazat\">Sz\u00f3magyar\u00e1zat<\/a><\/label>\n\t\t\t\t\t\t\t\t<\/div>\n<div class=\"iblock cell fright\">\n\t\t\t\t\t\t\t\t\t<a href=\"make-a-complaint\" title=\"Panaszt\u00e9tel\"><span class=\"icon complaints\"><\/span><\/a><br \/>\n\t\t\t\t\t\t\t\t\t<label><a href=\"https:\/\/www.youronlinechoices.com\/hu\/panasztetel\">Panaszt\u00e9tel<\/a><\/label>\n\t\t\t\t\t\t\t\t<\/div>\n<\/p><\/div>\n<div class=\"tacenter mt10\">\n<div class=\"iblock cell fleft\">\n<a href=\"https:\/\/www.youronlinechoices.com\/hu\/hasznos-videok\" title=\"Hasznos vide\u00f3k\"><span class=\"icon videos\"><\/span><\/a><br \/>\n<label><a href=\"https:\/\/www.youronlinechoices.com\/hu\/hasznos-videok\">Hasznos vide\u00f3k<\/a><\/label><\/div>\n<div class=\"iblock cell\">\n<a href=\"https:\/\/www.youronlinechoices.com\/hu\/sugo\" title=\"S\u00fag\u00f3\"><span class=\"icon help\"><\/span><\/a><br \/>\n<label><a href=\"https:\/\/www.youronlinechoices.com\/hu\/sugo\">S\u00fag\u00f3<\/a><\/label>\n<\/div>\n<div class=\"iblock cell fright\" style=\"background: none;\"><\/div>\n<\/div><\/div>\n","protected":false},"excerpt":{"rendered":"<p>Viselked\u00e9s alap\u00fa hirdet\u00e9sekr\u0151l Ad Choices Az \u00f6t tuti tipp GYIK Sz\u00f3magyar\u00e1zat Panaszt\u00e9tel Hasznos vide\u00f3k S\u00fag\u00f3<\/p>\n","protected":false},"author":2,"featured_media":0,"parent":0,"menu_order":1,"comment_status":"closed","ping_status":"open","template":"","meta":[],"_links":{"self":[{"href":"https:\/\/www.youronlinechoices.com\/hu\/wp-json\/wp\/v2\/pages\/2"}],"collection":[{"href":"https:\/\/www.youronlinechoices.com\/hu\/wp-json\/wp\/v2\/pages"}],"about":[{"href":"https:\/\/www.youronlinechoices.com\/hu\/wp-json\/wp\/v2\/types\/page"}],"author":[{"embeddable":true,"href":"https:\/\/www.youronlinechoices.com\/hu\/wp-json\/wp\/v2\/users\/2"}],"replies":[{"embeddable":true,"href":"https:\/\/www.youronlinechoices.com\/hu\/wp-json\/wp\/v2\/comments?post=2"}],"version-history":[{"count":41,"href":"https:\/\/www.youronlinechoices.com\/hu\/wp-json\/wp\/v2\/pages\/2\/revisions"}],"predecessor-version":[{"id":541,"href":"https:\/\/www.youronlinechoices.com\/hu\/wp-json\/wp\/v2\/pages\/2\/revisions\/541"}],"wp:attachment":[{"href":"https:\/\/www.youronlinechoices.com\/hu\/wp-json\/wp\/v2\/media?parent=2"}],"curies":[{"name":"wp","href":"https:\/\/api.w.org\/{rel}","templated":true}]}}