{"id":12,"date":"2010-11-30T11:58:27","date_gmt":"2010-11-30T11:58:27","guid":{"rendered":"https:\/\/www.youronlinechoices.com\/hu"},"modified":"2020-09-17T09:21:08","modified_gmt":"2020-09-17T09:21:08","slug":"az-ot-tuti-tipp","status":"publish","type":"page","link":"https:\/\/www.youronlinechoices.com\/hu\/az-ot-tuti-tipp","title":{"rendered":"Az \u00f6t tuti tipp"},"content":{"rendered":"<p>\u00d6t tipp a hat\u00e9kony online adatv\u00e9delemhez.<br \/>\n<!-- br--><br \/>\n<!-- br--><\/p>\n<h3>1. Ne essen p\u00e1nikba!<\/h3>\n<p>A v\u00e1llalatok arra haszn\u00e1lj\u00e1k ezt a webhelyet \u00e9s az \u00e1ltalunk biztos\u00edtott eszk\u00f6z\u00f6ket, hogy min\u00e9l \u00e1tl\u00e1that\u00f3bb\u00e1 \u00e9s biztons\u00e1gosabb\u00e1 tegy\u00e9k az \u00e9rdekl\u0151d\u00e9sen alapul\u00f3 hirdet\u00e9sek haszn\u00e1lat\u00e1t. Az \u00e9rdekl\u0151d\u00e9sen alapul\u00f3 hirdet\u00e9sek l\u00e9nyege, hogy a b\u00f6ng\u00e9sz\u00e9si tev\u00e9kenys\u00e9gei alapj\u00e1n meg\u00e1llap\u00edtott \u00e9rdekl\u0151d\u00e9si k\u00f6reinek megfelel\u0151 rekl\u00e1mokat jelen\u00edthessenek meg \u00d6nnek.&nbsp;<a href=\"https:\/\/www.youronlinechoices.com\/hu\/viselkedes-alapu-hirdetesekrol\">Sz\u00e1njon r\u00e1 egy percet, \u00e9s ismerje meg az \u00e9rdekl\u0151d\u00e9sen alapul\u00f3 hirdet\u00e9sek l\u00e9nyeg\u00e9t!<\/a><br \/>\n<!-- br--><br \/>\n<!-- br--><\/p>\n<h3>2. Keresse az ikont a megl\u00e1togatott webhelyeken!<\/h3>\n<p>Sok felkeresett webhelyen l\u00e1tni fogja az \u201eAdChoices ikont\u201d (l\u00e1sd az al\u00e1bbi p\u00e9ld\u00e1t). Ha r\u00e1kattint az ikonra, tov\u00e1bbi t\u00e1j\u00e9koztat\u00e1st tal\u00e1l a webhely \u00e1ltal gy\u0171jt\u00f6tt \u00e9s felhaszn\u00e1lt adatokr\u00f3l, valamint lehet\u0151s\u00e9get kap az adatgy\u0171jt\u00e9s szab\u00e1lyoz\u00e1s\u00e1ra.<\/p>\n<p style=\"text-align: center;\"><img loading=\"lazy\" class=\"aligncenter size-full wp-image-423\" title=\"icon\" src=\"https:\/\/www.youronlinechoices.com\/uk\/wp-content\/uploads\/2010\/11\/icon2.jpg\" alt=\"\" width=\"550\" height=\"200\"><\/p>\n<p><!-- br--><br \/>\n<!-- br--><\/p>\n<h3>3. D\u00f6ntse el, hogy szeretne-e \u00e9rdekl\u0151d\u00e9sen alapul\u00f3 hirdet\u00e9seket l\u00e1tni!<\/h3>\n<p>Az \u00e9rdekl\u0151d\u00e9sen alapul\u00f3 hirdet\u00e9seket megjelen\u00edt\u0151 v\u00e1llalatok lehet\u0151v\u00e9 teszik \u00d6nnek, hogy letiltsa az ilyen t\u00edpus\u00fa rekl\u00e1mokat.&nbsp;<a href=\"https:\/\/www.youronlinechoices.com\/hu\/ad-choices\">Az \u00e9rdekl\u0151d\u00e9sen alapul\u00f3 hirdet\u00e9sek letilt\u00e1sa.<\/a><br \/>\n<!-- br--><br \/>\n<!-- br--><\/p>\n<h3>4. Ismerje meg a sz\u00e1m\u00edt\u00f3g\u00e9pen el\u00e9rhet\u0151 adatv\u00e9delmi be\u00e1ll\u00edt\u00e1sokat!<\/h3>\n<p>Ezek a lehet\u0151s\u00e9gek a b\u00f6ng\u00e9sz\u0151 \u201eBe\u00e1ll\u00edt\u00e1sok\u201d men\u00fcj\u00e9b\u0151l \u00e9rhet\u0151k el. A cookie-be\u00e1ll\u00edt\u00e1sok kiv\u00e1laszt\u00e1sa sor\u00e1n vegye figyelembe, hogy sok cookie-nak az a szerepe, hogy felhaszn\u00e1l\u00f3bar\u00e1tabb\u00e1 tegye a webhelyeket (p\u00e9ld\u00e1ul cookie-k t\u00e1rolj\u00e1k az \u00d6n preferenci\u00e1it \u00e9s nyelvi be\u00e1ll\u00edt\u00e1sait).<\/p>\n<p><!-- br--><br \/>\nAz al\u00e1bbi p\u00e9lda azt mutatja be, hogyan kezelheti az adatv\u00e9delmi be\u00e1ll\u00edt\u00e1sait a Firefox b\u00f6ng\u00e9sz\u0151ben<\/p>\n<p style=\"text-align: center;\"><a href=\"https:\/\/support.mozilla.org\/hu\/products\/firefox\/privacy-and-security\" target=\"_blank\" rel=\"noopener noreferrer\"><img loading=\"lazy\" class=\"aligncenter wp-image-507 size-thumbnail\" src=\"https:\/\/www.youronlinechoices.com\/ie\/wp-content\/uploads\/2020\/09\/1200px-Firefox_logo_2019.svg_-150x150.png\" alt=\"\" width=\"100\" height=\"100\"><\/a><\/p>\n<p>Az al\u00e1bbi p\u00e9lda azt mutatja be, hogyan kezelheti az adatv\u00e9delmi be\u00e1ll\u00edt\u00e1sait a Google Chrome b\u00f6ng\u00e9sz\u0151ben<\/p>\n<p style=\"text-align: center;\"><a href=\"https:\/\/support.google.com\/chrome\/answer\/95647?hl=hu\" target=\"_blank\" rel=\"noopener noreferrer\"><img loading=\"lazy\" class=\"aligncenter wp-image-508 size-thumbnail\" src=\"https:\/\/www.youronlinechoices.com\/ie\/wp-content\/uploads\/2020\/09\/Google-Chrome-icon-new-150x150.png\" alt=\"\" width=\"100\" height=\"100\"><\/a><\/p>\n<p>Az al\u00e1bbi p\u00e9lda azt mutatja be, hogyan kezelheti az adatv\u00e9delmi be\u00e1ll\u00edt\u00e1sait a Safari b\u00f6ng\u00e9sz\u0151ben<\/p>\n<p style=\"text-align: center;\"><a href=\"https:\/\/support.apple.com\/hu-hu\/guide\/safari\/sfri35610\/mac\" target=\"_blank\" rel=\"noopener noreferrer\"><img loading=\"lazy\" class=\"aligncenter wp-image-509 size-thumbnail\" src=\"https:\/\/www.youronlinechoices.com\/ie\/wp-content\/uploads\/2020\/09\/safari-240-150x150.png\" alt=\"\" width=\"100\" height=\"100\"><\/a><\/p>\n<p><!-- br--><br \/>\n<!-- br--><\/p>\n<h3>5. Az adatv\u00e9delmi be\u00e1ll\u00edt\u00e1sok meghat\u00e1roz\u00e1sakor vegye figyelembe a h\u00e1ztart\u00e1sban \u00e9l\u0151 t\u00f6bbi szem\u00e9lyt is!<\/h3>\n<p>Mindenki m\u00e1shogy \u00e9s m\u00e1sra haszn\u00e1lja az internetet. Ha a h\u00e1ztart\u00e1sban egyn\u00e9l t\u00f6bben haszn\u00e1lj\u00e1k ugyanazt a sz\u00e1m\u00edt\u00f3g\u00e9pet, javasoljuk, hogy mindenkinek legyen saj\u00e1t felhaszn\u00e1l\u00f3i fi\u00f3kja. \u00cdgy mindenki a saj\u00e1t ig\u00e9nyeinek megfelel\u0151en adhatja meg az adatv\u00e9delmi be\u00e1ll\u00edt\u00e1sokat (p\u00e9ld\u00e1ul a cookie-be\u00e1ll\u00edt\u00e1sokat \u00e9s a letiltani k\u00edv\u00e1nt funkci\u00f3kat).<br \/>\n<!-- br--><br \/>\nWindows 10:<\/p>\n<p style=\"text-align: center;\"><img class=\"size-full wp-image-129 aligncenter\" style=\"width: 70%; height: auto;\" title=\"user accounts\" src=\"https:\/\/www.youronlinechoices.com\/uk\/wp-content\/uploads\/2015\/09\/Windows10_accounts.png\" alt=\"user accounts\"><\/p>\n<p>Mac OS:<\/p>\n<p style=\"text-align: center;\"><img class=\"size-full wp-image-129 aligncenter\" style=\"width: 70%; height: auto;\" title=\"user accounts\" src=\"https:\/\/www.youronlinechoices.com\/uk\/wp-content\/uploads\/2015\/09\/MAC_accounts.jpg\" alt=\"user accounts\"><\/p>\n","protected":false},"excerpt":{"rendered":"<p>\u00d6t tipp a hat\u00e9kony online adatv\u00e9delemhez. 1. Ne essen p\u00e1nikba! A v\u00e1llalatok arra haszn\u00e1lj\u00e1k ezt a webhelyet \u00e9s az \u00e1ltalunk biztos\u00edtott eszk\u00f6z\u00f6ket, hogy min\u00e9l \u00e1tl\u00e1that\u00f3bb\u00e1 \u00e9s biztons\u00e1gosabb\u00e1 tegy\u00e9k az \u00e9rdekl\u0151d\u00e9sen alapul\u00f3 hirdet\u00e9sek haszn\u00e1lat\u00e1t. Az \u00e9rdekl\u0151d\u00e9sen alapul\u00f3 hirdet\u00e9sek l\u00e9nyege, hogy a b\u00f6ng\u00e9sz\u00e9si tev\u00e9kenys\u00e9gei alapj\u00e1n meg\u00e1llap\u00edtott \u00e9rdekl\u0151d\u00e9si k\u00f6reinek megfelel\u0151 rekl\u00e1mokat jelen\u00edthessenek meg \u00d6nnek.&nbsp;Sz\u00e1njon r\u00e1 egy percet, \u00e9s [&hellip;]<\/p>\n","protected":false},"author":2,"featured_media":0,"parent":0,"menu_order":4,"comment_status":"closed","ping_status":"closed","template":"","meta":[],"_links":{"self":[{"href":"https:\/\/www.youronlinechoices.com\/hu\/wp-json\/wp\/v2\/pages\/12"}],"collection":[{"href":"https:\/\/www.youronlinechoices.com\/hu\/wp-json\/wp\/v2\/pages"}],"about":[{"href":"https:\/\/www.youronlinechoices.com\/hu\/wp-json\/wp\/v2\/types\/page"}],"author":[{"embeddable":true,"href":"https:\/\/www.youronlinechoices.com\/hu\/wp-json\/wp\/v2\/users\/2"}],"replies":[{"embeddable":true,"href":"https:\/\/www.youronlinechoices.com\/hu\/wp-json\/wp\/v2\/comments?post=12"}],"version-history":[{"count":40,"href":"https:\/\/www.youronlinechoices.com\/hu\/wp-json\/wp\/v2\/pages\/12\/revisions"}],"predecessor-version":[{"id":500,"href":"https:\/\/www.youronlinechoices.com\/hu\/wp-json\/wp\/v2\/pages\/12\/revisions\/500"}],"wp:attachment":[{"href":"https:\/\/www.youronlinechoices.com\/hu\/wp-json\/wp\/v2\/media?parent=12"}],"curies":[{"name":"wp","href":"https:\/\/api.w.org\/{rel}","templated":true}]}}