{"id":699,"date":"2015-10-06T06:18:04","date_gmt":"2015-10-06T06:18:04","guid":{"rendered":"https:\/\/www.youronlinechoices.com\/hr\/?page_id=699"},"modified":"2015-10-06T06:18:24","modified_gmt":"2015-10-06T06:18:24","slug":"trust-seal","status":"publish","type":"page","link":"https:\/\/www.youronlinechoices.com\/hr\/trust-seal","title":{"rendered":"EDAA Trust seal"},"content":{"rendered":"<p>Tvrtke koje sudjeluju u Europskom samoregulatornom programu o mre\u017enom bihevioristi\u010dkom  ogla\u0161avanju  (OBA)  trebaju  provesti  razli\u010dite  korake  kako  bi  iskazale  njihovu  uskla\u0111enost s <a href=\"https:\/\/www.edaa.eu\/european-principles\/\">EU Principles on OBA<\/a>.<\/p>\n<p>&nbsp;<\/p>\n<p>Nakon \u0161to samostalno potvrde svoju uskla\u0111enost tvrtke trebaju pro\u0107i neovisnu certifikaciju uskla\u0111enosti  kod  jednog  od  \u010detiri   pru\u017eatelja  certifikacijekoje je odobrila EDAA.  Cilj  je neovisna  provjera  kako  tvrtke  osiguravaju  ono  \u0161to  navode  u  svojim  pravilima,  a  to  su transparentnost, mogu\u0107nost izbora i kontrolu mre\u017enih preferenci ogla\u0161avanja za korisnike. To je razina odgovornosti koja je korisna kako  za potro\u0161a\u010de tako i za  cijelu gospodarsku djelatnost. <\/p>\n<p>&nbsp;<\/p>\n<p>Pru\u017eatelji certifikacije imaju odobrenje od EDAA i nude vjerodostojna i u\u010dinkovita rje\u0161enja za certifikaciju tvrtke, te stoga mogu dodijeliti (i povu\u0107i) EDAA Trust Seal na temelju uskla\u0111enosti s Programom.<\/p>\n<p>Pru\u017eatelji  su  potpuno  neovisni  o  gospodarskoj  djelatnosti  i  o  EDAA.  Zahtjev  za  nadzor neovisnog tijela bio je klju\u010dan element Programa koji je proiza\u0161ao iz po\u010detnih rasprava i opsega  poslova  kroz  samoregulatorni  pristup  Europske  komisije  kako  bi  se  osiguralo  da samoregulacija mo\u017ee dati pozitivne i zna\u010dajne rezultate za potro\u0161a\u010de.<\/p>\n<p>&nbsp;<\/p>\n<p style=\"width: 100%; float: left;\">Nakon sveobuhvatnog i temeljitog razdoblja pra\u0107enja tijekom 30 dana, uspje\u0161ne su tvrtke nagra\u0111ene  EDAA  Trust  Sealom  \u0161to  isti\u010de  njihov  dobar polo\u017eaj  i  odgovornost  prema poslovnoj zajednici i potro\u0161a\u010dima.<\/p>\n<\/p>\n<p style=\"width: 25%; float: left;margin-top:15px\"><img loading=\"lazy\" class=\" alignleft\" style=\"margin-left: 5px; margin-right: 5px;\" title=\"Certified companies\" src=\"https:\/\/www.edaa.eu\/wp-content\/uploads\/2015\/04\/EDAA-seal-300.jpg\" alt=\"Certified companies\" width=\"147\" height=\"73\" \/><\/p>\n","protected":false},"excerpt":{"rendered":"<p>Tvrtke koje sudjeluju u Europskom samoregulatornom programu o mre\u017enom bihevioristi\u010dkom ogla\u0161avanju (OBA) trebaju provesti razli\u010dite korake kako bi iskazale njihovu uskla\u0111enost s EU Principles on OBA. &nbsp; Nakon \u0161to samostalno potvrde svoju uskla\u0111enost tvrtke trebaju pro\u0107i neovisnu certifikaciju uskla\u0111enosti kod jednog od \u010detiri pru\u017eatelja certifikacijekoje je odobrila EDAA. Cilj je neovisna provjera kako tvrtke osiguravaju [&hellip;]<\/p>\n","protected":false},"author":500,"featured_media":0,"parent":0,"menu_order":0,"comment_status":"open","ping_status":"open","template":"","meta":[],"_links":{"self":[{"href":"https:\/\/www.youronlinechoices.com\/hr\/wp-json\/wp\/v2\/pages\/699"}],"collection":[{"href":"https:\/\/www.youronlinechoices.com\/hr\/wp-json\/wp\/v2\/pages"}],"about":[{"href":"https:\/\/www.youronlinechoices.com\/hr\/wp-json\/wp\/v2\/types\/page"}],"author":[{"embeddable":true,"href":"https:\/\/www.youronlinechoices.com\/hr\/wp-json\/wp\/v2\/users\/500"}],"replies":[{"embeddable":true,"href":"https:\/\/www.youronlinechoices.com\/hr\/wp-json\/wp\/v2\/comments?post=699"}],"version-history":[{"count":2,"href":"https:\/\/www.youronlinechoices.com\/hr\/wp-json\/wp\/v2\/pages\/699\/revisions"}],"predecessor-version":[{"id":701,"href":"https:\/\/www.youronlinechoices.com\/hr\/wp-json\/wp\/v2\/pages\/699\/revisions\/701"}],"wp:attachment":[{"href":"https:\/\/www.youronlinechoices.com\/hr\/wp-json\/wp\/v2\/media?parent=699"}],"curies":[{"name":"wp","href":"https:\/\/api.w.org\/{rel}","templated":true}]}}