{"id":46,"date":"2010-10-14T22:39:56","date_gmt":"2010-10-14T22:39:56","guid":{"rendered":"https:\/\/www.youronlinechoices.com\/fr\/?page_id=46"},"modified":"2020-09-14T09:21:30","modified_gmt":"2020-09-14T09:21:30","slug":"cinq-trucs-et-astuces","status":"publish","type":"page","link":"https:\/\/www.youronlinechoices.com\/fr\/cinq-trucs-et-astuces\/","title":{"rendered":"Cinq trucs et astuces"},"content":{"rendered":"<p>Cinq trucs et astuces pour vous aider \u00e0 g\u00e9rer votre vie priv\u00e9e en ligne.<\/p>\n<h3>1 Pas de panique<\/h3>\n<p>Afin de garantir une publicit\u00e9 bas\u00e9e sur les centres d\u2019int\u00e9r\u00eat s\u00fbre et transparente, les soci\u00e9t\u00e9s utilisent le pr\u00e9sent site Web et les outils que nous fournissons. La publicit\u00e9 bas\u00e9e sur les centres d\u2019int\u00e9r\u00eat se base sur votre activit\u00e9 de navigation pour diffuser des publicit\u00e9s qui refl\u00e8tent vos int\u00e9r\u00eats pr\u00e9sum\u00e9s.&nbsp;<span><a href=\"https:\/\/www.youronlinechoices.com\/fr\/a-propos-de-la-publicite-comportementale\/\">Prenez un moment pour en savoir davantage sur la publicit\u00e9 bas\u00e9e sur les centres d\u2019int\u00e9r\u00eat.<\/a><\/span><\/p>\n<h3>2 Recherchez cette ic\u00f4ne sur les sites Web que vous visitez<\/h3>\n<p>Sur les sites Web que vous visitez, la plupart des publicit\u00e9s comporteront l\u2019ic\u00f4ne \u00ab&nbsp;AdChoices&nbsp;\u00bb (voir l\u2019exemple ci-dessous). En cliquant sur cette ic\u00f4ne, vous pourrez en savoir plus sur les informations collect\u00e9es et utilis\u00e9es, ainsi que sur les moyens de les g\u00e9rer ou de les contr\u00f4ler.<\/p>\n<p style=\"text-align: center;\"><img loading=\"lazy\" class=\"aligncenter size-full wp-image-423\" title=\"icon\" src=\"https:\/\/www.youronlinechoices.com\/uk\/wp-content\/uploads\/2010\/11\/icon2.jpg\" alt=\"\" width=\"550\" height=\"200\"><\/p>\n<h3><\/h3>\n<h3>3 Choisissez si vous souhaitez ou non voir de la publicit\u00e9 bas\u00e9e sur les centres d\u2019int\u00e9r\u00eat<\/h3>\n<p>Les soci\u00e9t\u00e9s qui diffusent de la publicit\u00e9 bas\u00e9e sur les centres d\u2019int\u00e9r\u00eat vous fourniront \u00e9galement davantage d\u2019informations sur la mani\u00e8re de refuser ce type de publicit\u00e9.&nbsp;<span><a href=\"https:\/\/www.youronlinechoices.com\/fr\/controler-ses-cookies\/\">D\u00e9sactivez la publicit\u00e9 bas\u00e9e sur les centres d\u2019int\u00e9r\u00eat.<\/a><\/span><\/p>\n<h3><\/h3>\n<h3>4 Familiarisez-vous davantage avec les param\u00e8tres de confidentialit\u00e9 de votre ordinateur<\/h3>\n<p>Vous pourrez les trouver dans le menu \u00ab&nbsp;Param\u00e8tres&nbsp;\u00bb de votre navigateur. Lorsque vous s\u00e9lectionnez les options relatives aux cookies, n\u2019oubliez pas qu\u2019ils rendent souvent la navigation des sites Web un peu plus conviviale (en se souvenant par exemple des pr\u00e9f\u00e9rences du site ou des param\u00e8tres de langue).<\/p>\n<p style=\"text-align: center;\">\n<p>Cliquez sur l&#8217;ic\u00f4ne ci-dessous pour conna\u00eetre les param\u00e8tres de confidentialit\u00e9 sur Firefox<\/p>\n<p style=\"text-align: center;\"><a href=\"https:\/\/support.mozilla.org\/fr\/products\/firefox\/privacy-and-security\" target=\"_blank\" rel=\"noopener noreferrer\"><img loading=\"lazy\" class=\"aligncenter wp-image-507 size-thumbnail\" src=\"https:\/\/www.youronlinechoices.com\/ie\/wp-content\/uploads\/2020\/09\/1200px-Firefox_logo_2019.svg_-150x150.png\" alt=\"\" width=\"100\" height=\"100\"><\/a><\/p>\n<p>Cliquez sur l&#8217;ic\u00f4ne ci-dessous pour conna\u00eetre les param\u00e8tres de confidentialit\u00e9 sur Google Chrome.<\/p>\n<p style=\"text-align: center;\"><a href=\"https:\/\/support.google.com\/chrome\/answer\/95647?hl=fr\" target=\"_blank\" rel=\"noopener noreferrer\"><img loading=\"lazy\" class=\"aligncenter wp-image-508 size-thumbnail\" src=\"https:\/\/www.youronlinechoices.com\/ie\/wp-content\/uploads\/2020\/09\/Google-Chrome-icon-new-150x150.png\" alt=\"\" width=\"100\" height=\"100\"><\/a><\/p>\n<p>Cliquez sur l&#8217;ic\u00f4ne ci-dessous pour conna\u00eetre les param\u00e8tres de confidentialit\u00e9 sur Safari.<\/p>\n<p style=\"text-align: center;\"><a href=\"https:\/\/support.apple.com\/fr-fr\/guide\/safari\/sfri35610\/mac\" target=\"_blank\" rel=\"noopener noreferrer\"><img loading=\"lazy\" class=\"aligncenter wp-image-509 size-thumbnail\" src=\"https:\/\/www.youronlinechoices.com\/ie\/wp-content\/uploads\/2020\/09\/safari-240-150x150.png\" alt=\"\" width=\"100\" height=\"100\"><\/a><\/p>\n<h3><\/h3>\n<h3>5 Testez et adaptez ces param\u00e8tres de confidentialit\u00e9 aux n\u00e9cessit\u00e9s de votre famille.<\/h3>\n<p>Tout le monde utilise Internet de diff\u00e9rentes mani\u00e8res et \u00e0 des fins diverses. Dans les familles o\u00f9 plusieurs personnes utilisent un seul ordinateur, nous sugg\u00e9rons que chaque utilisateur ait son propre \u00ab&nbsp;compte utilisateur&nbsp;\u00bb. Cela permet d\u2019adapter les param\u00e8tres de confidentialit\u00e9 (les param\u00e8tres des cookies ou les pr\u00e9f\u00e9rences de d\u00e9sactivation, par exemple) aux besoins et aux attentes de chaque internaute.<\/p>\n<p>Windows 10:<\/p>\n<p style=\"text-align: center;\"><img class=\"size-full wp-image-129 aligncenter\" style=\"width: 70%; height: auto;\" title=\"user accounts\" src=\"https:\/\/www.youronlinechoices.com\/uk\/wp-content\/uploads\/2015\/09\/Windows10_accounts.png\" alt=\"user accounts\"><\/p>\n<p>Mac OS:<\/p>\n<p style=\"text-align: center;\"><img class=\"size-full wp-image-129 aligncenter\" style=\"width: 70%; height: auto;\" title=\"user accounts\" src=\"https:\/\/www.youronlinechoices.com\/uk\/wp-content\/uploads\/2015\/09\/MAC_accounts.jpg\" alt=\"user accounts\"><\/p>\n","protected":false},"excerpt":{"rendered":"<p>Cinq trucs et astuces pour vous aider \u00e0 g\u00e9rer votre vie priv\u00e9e en ligne. 1 Pas de panique Afin de garantir une publicit\u00e9 bas\u00e9e sur les centres d\u2019int\u00e9r\u00eat s\u00fbre et transparente, les soci\u00e9t\u00e9s utilisent le pr\u00e9sent site Web et les outils que nous fournissons. La publicit\u00e9 bas\u00e9e sur les centres d\u2019int\u00e9r\u00eat se base sur votre [&hellip;]<\/p>\n","protected":false},"author":3,"featured_media":0,"parent":0,"menu_order":4,"comment_status":"closed","ping_status":"closed","template":"","meta":[],"_links":{"self":[{"href":"https:\/\/www.youronlinechoices.com\/fr\/wp-json\/wp\/v2\/pages\/46"}],"collection":[{"href":"https:\/\/www.youronlinechoices.com\/fr\/wp-json\/wp\/v2\/pages"}],"about":[{"href":"https:\/\/www.youronlinechoices.com\/fr\/wp-json\/wp\/v2\/types\/page"}],"author":[{"embeddable":true,"href":"https:\/\/www.youronlinechoices.com\/fr\/wp-json\/wp\/v2\/users\/3"}],"replies":[{"embeddable":true,"href":"https:\/\/www.youronlinechoices.com\/fr\/wp-json\/wp\/v2\/comments?post=46"}],"version-history":[{"count":50,"href":"https:\/\/www.youronlinechoices.com\/fr\/wp-json\/wp\/v2\/pages\/46\/revisions"}],"predecessor-version":[{"id":488,"href":"https:\/\/www.youronlinechoices.com\/fr\/wp-json\/wp\/v2\/pages\/46\/revisions\/488"}],"wp:attachment":[{"href":"https:\/\/www.youronlinechoices.com\/fr\/wp-json\/wp\/v2\/media?parent=46"}],"curies":[{"name":"wp","href":"https:\/\/api.w.org\/{rel}","templated":true}]}}