{"id":303,"date":"2013-06-25T12:08:11","date_gmt":"2013-06-25T12:08:11","guid":{"rendered":"https:\/\/www.youronlinechoices.com\/fr\/?page_id=303"},"modified":"2020-09-08T09:24:45","modified_gmt":"2020-09-08T09:24:45","slug":"page-de-retour-dinformation","status":"publish","type":"page","link":"https:\/\/www.youronlinechoices.com\/fr\/page-de-retour-dinformation\/","title":{"rendered":"Page de retour d&#8217;information"},"content":{"rendered":"<p><strong><span>Contact<\/span><\/strong><\/p>\n<p><span>Nous pourrions avoir les r\u00e9ponses aux questions que vous vous posez. Testez l\u2019une des options suivantes\u00a0:<\/span><\/p>\n<ul>\n<li><span>&#8211; Consultez notre <a href=\"https:\/\/www.youronlinechoices.com\/fr\/foire-aux-questions\/\">Foire Aux Questions<\/a> (FAQ)<\/span><\/li>\n<li><span>&#8211; Consultez notre <a href=\"https:\/\/www.youronlinechoices.com\/fr\/aide-au-controle-des-cookies\/\">page d&#8217;aide<\/a><\/span><\/li>\n<li><span>&#8211; Si vous souhaitez pr\u00e9senter une r\u00e9clamation officielle, veuillez consulter notre <a href=\"https:\/\/www.youronlinechoices.com\/fr\/deposer-une-plainte\/\">page d\u00e9di\u00e9e aux r\u00e9clamations<\/a><\/span><\/li>\n<li><span>&#8211; Consultez notre <a href=\"https:\/\/www.youronlinechoices.com\/fr\/protection-de-votre-vie-privee\/\">politique en mati\u00e8re de confidentialit\u00e9<\/a><\/span><\/li>\n<li><span><\/span><span>&#8211; Si vous avez d\u2019autres questions, envoyez-nous une br\u00e8ve description de vos demandes\/commentaires au courriel suivant : privacy [at] edaa[.]eu<\/span><\/li>\n<\/ul>\n<p><span>\u00a0<\/span><\/p>\n<p><strong><span>Remarque\u00a0: vos donn\u00e9es personnelles ne seront utilis\u00e9es que pour r\u00e9pondre \u00e0 votre demande. Elles n\u2019iront alimenter aucune base de donn\u00e9es marketing ni ne serviront \u00e0 des fins marketing.<\/span><\/strong><\/p>\n","protected":false},"excerpt":{"rendered":"<p>Contact Nous pourrions avoir les r\u00e9ponses aux questions que vous vous posez. Testez l\u2019une des options suivantes\u00a0: &#8211; Consultez notre Foire Aux Questions (FAQ) &#8211; Consultez notre page d&#8217;aide &#8211; Si vous souhaitez pr\u00e9senter une r\u00e9clamation officielle, veuillez consulter notre page d\u00e9di\u00e9e aux r\u00e9clamations &#8211; Consultez notre politique en mati\u00e8re de confidentialit\u00e9 &#8211; Si vous [&hellip;]<\/p>\n","protected":false},"author":3,"featured_media":0,"parent":0,"menu_order":0,"comment_status":"closed","ping_status":"open","template":"","meta":[],"_links":{"self":[{"href":"https:\/\/www.youronlinechoices.com\/fr\/wp-json\/wp\/v2\/pages\/303"}],"collection":[{"href":"https:\/\/www.youronlinechoices.com\/fr\/wp-json\/wp\/v2\/pages"}],"about":[{"href":"https:\/\/www.youronlinechoices.com\/fr\/wp-json\/wp\/v2\/types\/page"}],"author":[{"embeddable":true,"href":"https:\/\/www.youronlinechoices.com\/fr\/wp-json\/wp\/v2\/users\/3"}],"replies":[{"embeddable":true,"href":"https:\/\/www.youronlinechoices.com\/fr\/wp-json\/wp\/v2\/comments?post=303"}],"version-history":[{"count":5,"href":"https:\/\/www.youronlinechoices.com\/fr\/wp-json\/wp\/v2\/pages\/303\/revisions"}],"predecessor-version":[{"id":485,"href":"https:\/\/www.youronlinechoices.com\/fr\/wp-json\/wp\/v2\/pages\/303\/revisions\/485"}],"wp:attachment":[{"href":"https:\/\/www.youronlinechoices.com\/fr\/wp-json\/wp\/v2\/media?parent=303"}],"curies":[{"name":"wp","href":"https:\/\/api.w.org\/{rel}","templated":true}]}}