{"id":7,"date":"2010-11-30T11:49:08","date_gmt":"2010-11-30T11:49:08","guid":{"rendered":"https:\/\/www.youronlinechoices.com\/fi\/?page_id=7"},"modified":"2014-11-18T11:43:21","modified_gmt":"2014-11-18T11:43:21","slug":"tietoa-selainkayttoon-perustuvasta-mainonnasta","status":"publish","type":"page","link":"https:\/\/www.youronlinechoices.com\/fi\/tietoa-selainkayttoon-perustuvasta-mainonnasta","title":{"rendered":"Tietoa selaink\u00e4ytt\u00f6\u00f6n perustuvasta mainonnasta"},"content":{"rendered":"<p>\u201c<a href=\"sanasto\">Selaink\u00e4ytt\u00f6\u00f6n perustuva mainonta<\/a>\u201d ei v\u00e4ltt\u00e4m\u00e4tt\u00e4 ole k\u00e4sitteen\u00e4 kaikille tuttu. T\u00e4m\u00e4n verkkosivuston tarkoitus on tarjota aiheeseen liittyv\u00e4\u00e4 tietoa helposti ymm\u00e4rrett\u00e4v\u00e4ss\u00e4 muodossa.<\/p>\n<p>Selaink\u00e4ytt\u00f6\u00f6n perustuva mainonta on keino kohdentaa internetin k\u00e4ytt\u00e4jille heit\u00e4 kiinnostavia mainoksia perustuen selausk\u00e4ytt\u00e4ytymiseen. T\u00e4llainen mainonta on turvallista ja avointa ja pyrkii palvelemaan kuluttajia.<\/p>\n<p>T\u00e4m\u00e4 sivusto tarjoaa kattavan tietopaketin verkkomainonnasta ja mahdollisuuden\u00a0<a href=\"omat-mainokset\">kielt\u00e4\u00e4 selaink\u00e4ytt\u00f6\u00f6n perustuva mainonta<\/a>.<\/p>\n<p><!--br--><br \/>\n<!--br--><\/p>\n<td><span style=\"color: #000; font-size: medium;\"><strong> <strong>Mit\u00e4 on selaink\u00e4ytt\u00f6\u00f6n perustuva verkkomainonta?<\/strong><\/strong><\/span><br \/>\n<!--br--><br \/>\nSelaink\u00e4ytt\u00f6\u00f6n perustuva verkkomainonta (my\u00f6s: kiinnostuksen kohteisiin perustuva mainonta) on keino n\u00e4ytt\u00e4\u00e4 k\u00e4ytt\u00e4j\u00e4\u00e4 kiinnostavia mainoksia verkkosivustoilla, joilla h\u00e4n vierailee. Internetin k\u00e4ytt\u00e4jien mielenkiinnon kohteet luokitellaan aiemman selaink\u00e4yt\u00f6n perusteella, ja k\u00e4ytt\u00e4jille n\u00e4ytet\u00e4\u00e4n mainoksia, jotka vastaavat n\u00e4it\u00e4 mielenkiinnon kohteita. N\u00e4in mainonnasta saadaan mahdollisimman tarkoituksenmukaista ja hy\u00f6dyllist\u00e4.<br \/>\n<!--br--><br \/>\n<span style=\"color: #f000; font-size: medium;\"><strong> <strong>Miten selaink\u00e4ytt\u00f6\u00f6n perustuva mainonta toimii?<\/strong><\/strong><\/span><br \/>\n<!--br--><br \/>\nKuvitellaan, ett\u00e4 suunnittelet lomamatkaa Roomaan. Vierailet Roomasta kertovalla verkkosivustolla, jossa luet artikkeleita majapaikoista ja n\u00e4ht\u00e4vyyksist\u00e4. Lukiessasi my\u00f6hemmin verkossa kannattamaasi jalkapallojoukkuetta koskevaa artikkelia n\u00e4et sivulla mainoksen illallisesta kahdelle Roomassa ja tarjouksen autonvuokrauksesta Roomassa. N\u00e4m\u00e4 r\u00e4\u00e4t\u00e4l\u00f6idyt mainokset n\u00e4ytet\u00e4\u00e4n sinulle, koska olet osoittanut kiinnostusta Roomaa kohtaan. Hy\u00f6dynt\u00e4m\u00e4ll\u00e4 n\u00e4it\u00e4 ainoastaan internetin tarjoamia teknisi\u00e4 mahdollisuuksia voidaan k\u00e4ytt\u00e4ji\u00e4 kiinnostamattomien mainosten m\u00e4\u00e4r\u00e4\u00e4 v\u00e4hent\u00e4\u00e4 ja n\u00e4in parantaa internetin k\u00e4yt\u00f6st\u00e4 saatavaa kokemusta.<\/p>\n<p style=\"text-align: center;\"><img loading=\"lazy\" class=\"size-full wp-image-172 aligncenter\" title=\"what is behavioural advertising\" src=\"https:\/\/www.youronlinechoices.com\/fi\/wp-content\/uploads\/2012\/01\/what-is-behavioural-advertising.gif\" alt=\"what is behavioural advertising\" width=\"397\" height=\"494\" \/><\/p>\n<p>T\u00e4m\u00e4n tyyppinen selaink\u00e4ytt\u00f6\u00f6n perustuva verkkomainonta pohjautuu selainhistoriaan, ja eroaa n\u00e4in ollen muun muassa kontekstipohjaisesta verkkomainonnasta. <a href=\"sanasto\">Kontekstipohjainen mainonta<\/a>\u00a0perustuu siihen sivustoon, jolla k\u00e4ytt\u00e4j\u00e4 vierailee kyseisell\u00e4 hetkell\u00e4.<br \/>\n<!--br--><br \/>\n<span style=\"color: #000; font-size: medium;\"><strong> <strong>Miten k\u00e4ytt\u00e4j\u00e4n yksityisyydensuoja on turvattu?<\/strong><\/strong><\/span><br \/>\n<!--br--><br \/>\nSelaink\u00e4ytt\u00f6\u00f6n perustuvan mainonnan tarjoajien on noudatettava EU:n lains\u00e4\u00e4d\u00e4nt\u00f6\u00e4 ja alan pelis\u00e4\u00e4nt\u00f6j\u00e4. Yleens\u00e4 mainonnan kohdentamiseen k\u00e4ytett\u00e4v\u00e4t tiedot eiv\u00e4t ole henkil\u00f6kohtaisia, eli niiden perusteella ei voi tunnistaa k\u00e4ytt\u00e4j\u00e4n henkil\u00f6llisyytt\u00e4. Selaimen k\u00e4ytt\u00f6\u00e4 koskevien tietojen ker\u00e4\u00e4minen ja analysointi tapahtuvat nimett\u00f6min\u00e4. Jos analyysi paljastaa, ett\u00e4 k\u00e4ytt\u00e4j\u00e4 on kiinnostunut tietyist\u00e4 asioista, tietokoneelle tallennetaan\u00a0<a href=\"sanasto\">ev\u00e4ste<\/a>\u00a0\u2013 pieni tiedosto, jota useimmat verkkosivustot k\u00e4ytt\u00e4v\u00e4t internetin k\u00e4ytt\u00f6\u00e4 helpottavan hy\u00f6dyllisen tiedon tallentamiseen. K\u00e4ytt\u00e4j\u00e4lle n\u00e4ytett\u00e4v\u00e4t mainokset riippuvat ev\u00e4steest\u00e4 (eiv\u00e4t selaintiedoista). Jos tallennettavat tiedot sis\u00e4lt\u00e4v\u00e4t henkil\u00f6tietoja (esim. rekister\u00f6intitiedot), asiasta kerrotaan verkkosivuston yksityisyydensuojaa koskevissa s\u00e4\u00e4nn\u00f6iss\u00e4, jotka k\u00e4ytt\u00e4j\u00e4n on hyv\u00e4ksytt\u00e4v\u00e4 palveluun rekister\u00f6itymisen yhteydess\u00e4. K\u00e4ytt\u00e4j\u00e4 voi itse valita, haluaako vastaanottaa itse\u00e4\u00e4n mahdollisesti kiinnostavia mainoksia. Henkil\u00f6tietojen k\u00e4ytt\u00e4miseen vaaditaan aina k\u00e4ytt\u00e4j\u00e4n suostumus.<\/p>\n<p>K\u00e4ytt\u00e4j\u00e4 voi itse p\u00e4\u00e4tt\u00e4\u00e4, mit\u00e4 ev\u00e4steit\u00e4 sallii. Tietoja ker\u00e4\u00e4v\u00e4t ja k\u00e4ytt\u00e4v\u00e4t yritykset tarjoavat my\u00f6s mahdollisuuden kielt\u00e4\u00e4 selaink\u00e4ytt\u00f6\u00f6n perustuvan mainonnan.\u00a0\u00a0<a href=\"omat-mainokset\">Napsauta t\u00e4st\u00e4 kielt\u00e4\u00e4ksesi selaink\u00e4ytt\u00f6\u00f6n perustuva mainonta<\/a>.<br \/>\n<!--br--><br \/>\n<span style=\"color: #f000; font-size: medium;\"><strong> <strong>Mist\u00e4 saa lis\u00e4tietoa? Hy\u00f6dyllisi\u00e4 linkkej\u00e4:<\/strong><\/strong><\/span><br \/>\n<!--br--><br \/>\n<!--br--><\/p>\n<ul>\n<li><a href=\"usein-kysytyt-kysymykset\">Usein kysyttyj\u00e4 kysymyksi\u00e4.<\/a><\/li>\n<li><a href=\"viisi-vinkkia\">Olemme my\u00f6s koonneet viisi vinkki\u00e4, joiden avulla on helpompi ymm\u00e4rt\u00e4\u00e4 ja suojata yksityisyytt\u00e4\u00e4n verkossa.<\/a><\/li>\n<\/ul>\n<p><!-- br--><br \/>\n<!-- br--><\/p>\n","protected":false},"excerpt":{"rendered":"<p>\u201cSelaink\u00e4ytt\u00f6\u00f6n perustuva mainonta\u201d ei v\u00e4ltt\u00e4m\u00e4tt\u00e4 ole k\u00e4sitteen\u00e4 kaikille tuttu. T\u00e4m\u00e4n verkkosivuston tarkoitus on tarjota aiheeseen liittyv\u00e4\u00e4 tietoa helposti ymm\u00e4rrett\u00e4v\u00e4ss\u00e4 muodossa. Selaink\u00e4ytt\u00f6\u00f6n perustuva mainonta on keino kohdentaa internetin k\u00e4ytt\u00e4jille heit\u00e4 kiinnostavia mainoksia perustuen selausk\u00e4ytt\u00e4ytymiseen. T\u00e4llainen mainonta on turvallista ja avointa ja pyrkii palvelemaan kuluttajia. T\u00e4m\u00e4 sivusto tarjoaa kattavan tietopaketin verkkomainonnasta ja mahdollisuuden\u00a0kielt\u00e4\u00e4 selaink\u00e4ytt\u00f6\u00f6n perustuva mainonta. Mit\u00e4 [&hellip;]<\/p>\n","protected":false},"author":3,"featured_media":0,"parent":0,"menu_order":2,"comment_status":"closed","ping_status":"closed","template":"","meta":[],"_links":{"self":[{"href":"https:\/\/www.youronlinechoices.com\/fi\/wp-json\/wp\/v2\/pages\/7"}],"collection":[{"href":"https:\/\/www.youronlinechoices.com\/fi\/wp-json\/wp\/v2\/pages"}],"about":[{"href":"https:\/\/www.youronlinechoices.com\/fi\/wp-json\/wp\/v2\/types\/page"}],"author":[{"embeddable":true,"href":"https:\/\/www.youronlinechoices.com\/fi\/wp-json\/wp\/v2\/users\/3"}],"replies":[{"embeddable":true,"href":"https:\/\/www.youronlinechoices.com\/fi\/wp-json\/wp\/v2\/comments?post=7"}],"version-history":[{"count":37,"href":"https:\/\/www.youronlinechoices.com\/fi\/wp-json\/wp\/v2\/pages\/7\/revisions"}],"predecessor-version":[{"id":431,"href":"https:\/\/www.youronlinechoices.com\/fi\/wp-json\/wp\/v2\/pages\/7\/revisions\/431"}],"wp:attachment":[{"href":"https:\/\/www.youronlinechoices.com\/fi\/wp-json\/wp\/v2\/media?parent=7"}],"curies":[{"name":"wp","href":"https:\/\/api.w.org\/{rel}","templated":true}]}}