{"id":422,"date":"2014-11-18T11:25:34","date_gmt":"2014-11-18T11:25:34","guid":{"rendered":"https:\/\/www.youronlinechoices.com\/fi\/?page_id=422"},"modified":"2021-02-16T17:58:40","modified_gmt":"2021-02-16T17:58:40","slug":"tee-ilmoitus","status":"publish","type":"page","link":"https:\/\/www.youronlinechoices.com\/fi\/tee-ilmoitus","title":{"rendered":"Tee ilmoitus"},"content":{"rendered":"<p>Haluatko antaa palautetta selaink\u00e4ytt\u00f6\u00f6n perustuvasta mainonnasta? Lue ensin ohjeet alla.<\/p>\n<p>1. Haluatko kielt\u00e4yty\u00e4 selaink\u00e4ytt\u00f6\u00f6n perustuvasta mainonnasta? <a title=\"Klikkaa t\u00e4st\u00e4\" href=\"https:\/\/www.youronlinechoices.com\/fi\/omat-mainokset\" target=\"_blank\" rel=\"noopener noreferrer\">Klikkaa t\u00e4st\u00e4!<\/a><\/p>\n<p>2. Onko sinulla ongelmia, kun kielt\u00e4ydyt selaink\u00e4ytt\u00f6\u00f6n perustuvasta mainonnasta k\u00e4ytt\u00e4en t\u00e4m\u00e4n sivuston linkkej\u00e4? Katso <a href=\"https:\/\/www.youronlinechoices.com\/fi\/ohjesivu\">ohjesivu<\/a>.<\/p>\n<p>3. Saatko edelleen selaink\u00e4ytt\u00f6\u00f6n perustuvaa kohdistettua mainontaa? Katso <a title=\"usein kysytyt kysymykset\" href=\"https:\/\/www.youronlinechoices.com\/fi\/usein-kysytyt-kysymykset\" target=\"_blank\" rel=\"noopener noreferrer\">usein kysytyt kysymykset<\/a>.<\/p>\n<p>4. Onko sinulla kysytt\u00e4v\u00e4\u00e4 verkkoselaimesi yksityisyysasetuksista? Katso <a href=\"https:\/\/www.youronlinechoices.com\/fi\/viisi-vinkkia\" target=\"_blank\" rel=\"noopener noreferrer\">viisi vinkki\u00e4-sivusto<\/a>.<\/p>\n<p>5. Haluatko tiet\u00e4\u00e4 lis\u00e4\u00e4 selaink\u00e4ytt\u00f6\u00f6n perustuvasta mainonnasta? Katso <a href=\"https:\/\/www.youronlinechoices.com\/fi\/usein-kysytyt-kysymykset\" target=\"_blank\" rel=\"noopener noreferrer\">usein kysytyt kysymykset<\/a>.<\/p>\n","protected":false},"excerpt":{"rendered":"<p>Haluatko antaa palautetta selaink\u00e4ytt\u00f6\u00f6n perustuvasta mainonnasta? Lue ensin ohjeet alla. 1. Haluatko kielt\u00e4yty\u00e4 selaink\u00e4ytt\u00f6\u00f6n perustuvasta mainonnasta? Klikkaa t\u00e4st\u00e4! 2. Onko sinulla ongelmia, kun kielt\u00e4ydyt selaink\u00e4ytt\u00f6\u00f6n perustuvasta mainonnasta k\u00e4ytt\u00e4en t\u00e4m\u00e4n sivuston linkkej\u00e4? Katso ohjesivu. 3. Saatko edelleen selaink\u00e4ytt\u00f6\u00f6n perustuvaa kohdistettua mainontaa? Katso usein kysytyt kysymykset. 4. Onko sinulla kysytt\u00e4v\u00e4\u00e4 verkkoselaimesi yksityisyysasetuksista? Katso viisi vinkki\u00e4-sivusto. 5. Haluatko [&hellip;]<\/p>\n","protected":false},"author":3,"featured_media":0,"parent":0,"menu_order":0,"comment_status":"closed","ping_status":"open","template":"","meta":[],"_links":{"self":[{"href":"https:\/\/www.youronlinechoices.com\/fi\/wp-json\/wp\/v2\/pages\/422"}],"collection":[{"href":"https:\/\/www.youronlinechoices.com\/fi\/wp-json\/wp\/v2\/pages"}],"about":[{"href":"https:\/\/www.youronlinechoices.com\/fi\/wp-json\/wp\/v2\/types\/page"}],"author":[{"embeddable":true,"href":"https:\/\/www.youronlinechoices.com\/fi\/wp-json\/wp\/v2\/users\/3"}],"replies":[{"embeddable":true,"href":"https:\/\/www.youronlinechoices.com\/fi\/wp-json\/wp\/v2\/comments?post=422"}],"version-history":[{"count":4,"href":"https:\/\/www.youronlinechoices.com\/fi\/wp-json\/wp\/v2\/pages\/422\/revisions"}],"predecessor-version":[{"id":497,"href":"https:\/\/www.youronlinechoices.com\/fi\/wp-json\/wp\/v2\/pages\/422\/revisions\/497"}],"wp:attachment":[{"href":"https:\/\/www.youronlinechoices.com\/fi\/wp-json\/wp\/v2\/media?parent=422"}],"curies":[{"name":"wp","href":"https:\/\/api.w.org\/{rel}","templated":true}]}}