{"id":353,"date":"2014-10-27T12:17:39","date_gmt":"2014-10-27T12:17:39","guid":{"rendered":"https:\/\/www.youronlinechoices.com\/fi\/?page_id=353"},"modified":"2019-06-22T16:25:42","modified_gmt":"2019-06-22T16:25:42","slug":"hyodyllinen-video","status":"publish","type":"page","link":"https:\/\/www.youronlinechoices.com\/fi\/hyodyllinen-video","title":{"rendered":"Hy\u00f6dyllinen video"},"content":{"rendered":"<p>&nbsp;<\/p>\n<div style=\"width:100%\">\n<div style=\"width:90%;margin:0 auto\">\n<video width=\"560\" height=\"400\" controls><source src=\"https:\/\/www.youronlinechoices.com\/wp-content\/uploads\/2015\/11\/optout_finnish.mp4\" type=\"video\/mp4\">Your browser does not support the video tag.<\/video>\n<\/div>\n<\/div>\n<p>&nbsp;<\/p>\n<h3>Miten selaink\u00e4ytt\u00f6\u00f6n perustuva mainonta toimii?<\/h3>\n<p>&nbsp;<\/p>\n<div style=\"width:100%\">\n<div style=\"width:90%;margin:0 auto\">\n<video width=\"560\" height=\"400\" controls><source src=\"https:\/\/www.youronlinechoices.com\/fi\/wp-content\/uploads\/2014\/11\/Finnish_How_online_behavioural_advertising_works.mp4\" type=\"video\/mp4\">Your browser does not support the video tag.<\/video>\n<\/div>\n<\/div>\n<p>&nbsp;<\/p>\n","protected":false},"excerpt":{"rendered":"<p>&nbsp; Your browser does not support the video tag. &nbsp; Miten selaink\u00e4ytt\u00f6\u00f6n perustuva mainonta toimii? &nbsp; Your browser does not support the video tag. &nbsp;<\/p>\n","protected":false},"author":3,"featured_media":0,"parent":0,"menu_order":0,"comment_status":"closed","ping_status":"open","template":"","meta":[],"_links":{"self":[{"href":"https:\/\/www.youronlinechoices.com\/fi\/wp-json\/wp\/v2\/pages\/353"}],"collection":[{"href":"https:\/\/www.youronlinechoices.com\/fi\/wp-json\/wp\/v2\/pages"}],"about":[{"href":"https:\/\/www.youronlinechoices.com\/fi\/wp-json\/wp\/v2\/types\/page"}],"author":[{"embeddable":true,"href":"https:\/\/www.youronlinechoices.com\/fi\/wp-json\/wp\/v2\/users\/3"}],"replies":[{"embeddable":true,"href":"https:\/\/www.youronlinechoices.com\/fi\/wp-json\/wp\/v2\/comments?post=353"}],"version-history":[{"count":10,"href":"https:\/\/www.youronlinechoices.com\/fi\/wp-json\/wp\/v2\/pages\/353\/revisions"}],"predecessor-version":[{"id":473,"href":"https:\/\/www.youronlinechoices.com\/fi\/wp-json\/wp\/v2\/pages\/353\/revisions\/473"}],"wp:attachment":[{"href":"https:\/\/www.youronlinechoices.com\/fi\/wp-json\/wp\/v2\/media?parent=353"}],"curies":[{"name":"wp","href":"https:\/\/api.w.org\/{rel}","templated":true}]}}