{"id":341,"date":"2014-01-20T10:07:16","date_gmt":"2014-01-20T10:07:16","guid":{"rendered":"https:\/\/www.youronlinechoices.com\/fi\/?page_id=341"},"modified":"2020-02-21T00:25:19","modified_gmt":"2020-02-21T00:25:19","slug":"yleiset-ehdot","status":"publish","type":"page","link":"https:\/\/www.youronlinechoices.com\/fi\/yleiset-ehdot","title":{"rendered":"Yleiset ehdot"},"content":{"rendered":"<p><strong><span>Yleiset ehdot ja edellytykset<\/span><\/strong><\/p>\n<p><span>\u00a0<\/span><\/p>\n<p><span>N\u00e4m\u00e4 yleiset ehdot ja edellytykset s\u00e4\u00e4ntelev\u00e4t EDAA:n ja sinun v\u00e4list\u00e4 suhdetta, kun k\u00e4yt\u00e4t YourOnlineChoices-verkkosivustoa tai hyv\u00e4ksyt YourOnlineChoices-mieltymysev\u00e4steen.<\/span><\/p>\n<p><span>\u00a0<\/span><\/p>\n<p><span>EDAA on voittoa tavoittelematon j\u00e4rjest\u00f6 (AiSBL), joka toimii Brysseliss\u00e4 belgialaisella Y-tunnuksella BE 0846.790.105. Rekister\u00f6ity toimipaikkamme sijaitsee osoitteessa Rue des Deux Eglises 26 | 1000 Bryssel.<\/span><\/p>\n<p><span>\u00a0<\/span><\/p>\n<p><span>YourOnlineChoices-verkkosivusto on k\u00e4ytett\u00e4viss\u00e4 osoitteissa <a href=\"https:\/\/www.youronlinechoices.eu\/\">www.youronlinechoices.eu<\/a>, <a href=\"https:\/\/www.youronlinechoices.com\">https:\/\/www.youronlinechoices.com<\/a>, <a href=\"https:\/\/www.youronlinechoices.eu\/uk\">www.youronlinechoices.eu\/uk\/<\/a> ja <a href=\"https:\/\/www.youronlinechoices.com\/uk\/\">www.youronlinechoices.com\/uk\/<\/a>. Voit vierailla YourOnlineChoices-verkkosivustolla suoraan kolmannen osapuolen verkkosivuston linkist\u00e4 tai OBA-kuvakkeen kautta.\u00a0 OBA-kuvake n\u00e4ytt\u00e4\u00e4 t\u00e4\u00e4lt\u00e4 <a href=\"https:\/\/www.youronlinechoices.com\/fi\/?attachment_id=382\" rel=\"attachment wp-att-382\"><img loading=\"lazy\" class=\"alignnone size-thumbnail wp-image-382\" title=\"OBA-icon\" src=\"https:\/\/www.youronlinechoices.com\/ie\/wp-content\/uploads\/2013\/06\/OBA-icon-150x150.jpg\" alt=\"\" width=\"45\" height=\"45\" \/><\/a>, ja saatat n\u00e4hd\u00e4 sen usein verkkosivuilla n\u00e4kem\u00e4si mainonnan yhteydess\u00e4 tai l\u00e4hist\u00f6ll\u00e4.<\/span><\/p>\n<p><span>\u00a0<\/span><\/p>\n<p><span>K\u00e4sitteell\u00e4 \u201dme\u201d ja sen eri sijamuodoilla tarkoitamme itse\u00e4mme eli EDAA:ta; k\u00e4sitteell\u00e4 \u201dsin\u00e4\u201d ja sen eri sijamuodoilla tarkoitamme sinua tai ket\u00e4 tahansa muuta henkil\u00f6\u00e4, joka k\u00e4ytt\u00e4\u00e4 YourOnlineChoices-verkkosivustoa tai tekee k\u00e4ytt\u00f6tottumuksia seuraavaa verkkomainontaa koskevan valinnan YourOnlineChoices-verkkosivuston kuluttajan valinta-alustalla omalla selaimellasi tai laitteellasi tai (yrityksen tapauksessa) hyv\u00e4ksyy mieltymysev\u00e4steen vierailijan valinnan yhteydess\u00e4.<\/span><\/p>\n<p><span>\u00a0<\/span><\/p>\n<p><span>Katso my\u00f6s yksityisyyden suojaa koskevat periaatteemme <a href=\"https:\/\/www.youronlinechoices.com\/uk\/protecting-your-privacy\">https:\/\/www.youronlinechoices.com\/uk\/protecting-your-privacy<\/a>, jotka ovat voimassa n\u00e4iden yleisten ehtojen ja edellytysten osana.<\/span><\/p>\n<p><span>\u00a0<\/span><\/p>\n<p><strong><span>Omat YourOnlineChoices-mieltymysasetuksesi<\/span><\/strong><\/p>\n<p><span>\u00a0<\/span><\/p>\n<p><span>Yksi YourOnlineChoices-verkkosivuston keskeisist\u00e4 toiminnoista on tarjota siihen liittyneille yhti\u00f6ille tiedot sinun henkil\u00f6kohtaisista mieltymysasetuksistasi k\u00e4ytt\u00f6tottumuksia seuraavaan verkkomainontaan liittyen. Me kuittaamme mieltymysasetuksesi vastaanotetuiksi ja v\u00e4lit\u00e4mme ne mainontaverkostoille ja muille sivustoomme liittyneille j\u00e4senyhti\u00f6ille, jotka on lueteltu YourOnlineChoices-alustan sivulla <a href=\"https:\/\/www.youronlinechoices.com\/uk\/your-ad-choices\">https:\/\/www.youronlinechoices.com\/uk\/your-ad-choices<\/a>.<\/span><\/p>\n<p><span>\u00a0<\/span><\/p>\n<p><span>Voidakseen k\u00e4ytt\u00e4\u00e4 YourOnlineChoices-verkkosivustoa kunkin siihen liittyneen yrityksen on tallennettava ev\u00e4ste, ns. mieltymysev\u00e4ste, verkkoselaimeesi, jotta me muistamme sinun valintasi. Yksityiskohtaiset tiedot ev\u00e4steist\u00e4 ovat luettavissa yksityisyyden suojaa koskevista periaatteistamme https:\/\/www.youronlinechoices.com\/uk\/protecting-your-privacy. Jos k\u00e4yt\u00e4t YourOnlineChoices-verkkosivustoa toisella tietokoneella tai selaimella tai nollaat\/poistat ev\u00e4steesi, emme en\u00e4\u00e4 pysty muistamaan mieltymyksi\u00e4si, jolloin sinun on palattava YourOnlineChoices-verkkosivustolle valitsemaan mieltymyksesi uudelleen. Lis\u00e4ksi YourOnlineChoices-verkkosivusto ei toimi asianmukaisesti, jos selaimesi on asetettu est\u00e4m\u00e4\u00e4n ev\u00e4steet, koska mieltymyksi\u00e4si ei voida tallentaa k\u00e4ytt\u00e4m\u00e4tt\u00e4 mieltymysev\u00e4stett\u00e4.<\/span><\/p>\n<p><span>\u00a0<\/span><\/p>\n<p><span>Vaikka pyrimme kaikin kohtuullisin kaupallisin keinoin v\u00e4litt\u00e4m\u00e4\u00e4n YourOnlineChoices-verkkosivustolla tekem\u00e4si mieltymysvalinnan niille yrityksille, jotka on lueteltu verkkosivustolla silloin, kun olet valinnut mieltymyksesi, YourOnlineChoices-verkkosivusto tarjotaan k\u00e4ytt\u00f6\u00f6n \u201dsellaisenaan\u201d ja \u201dsilloin kun se on saatavilla\u201d, emmek\u00e4 esit\u00e4 mit\u00e4\u00e4n v\u00e4itteit\u00e4, takuita, edellytyksi\u00e4, vakuuksia tai muitakaan ilmaisuja, joiden mukaan valintasi ovat voimassa nyt tai tulevaisuudessa. Mik\u00e4li osoittautuu, etteiv\u00e4t valintasi ole voimassa, voit tehd\u00e4 valituksen ja pyrki\u00e4 oikaisemaan tilanteen verkkosivustolla <a href=\"https:\/\/www.youronlinechoices.com\/uk\/make-a-complaint\">https:\/\/www.youronlinechoices.com\/uk\/make-a-complaint<\/a>.<\/span><\/p>\n<p><span>\u00a0<\/span><\/p>\n<p><strong><span>Sinun velvollisuutesi<\/span><\/strong><\/p>\n<p><span>\u00a0<\/span><\/p>\n<p><span>Sinun on k\u00e4ytt\u00e4ydytt\u00e4v\u00e4 ja k\u00e4ytett\u00e4v\u00e4 YourOnlineChoices-verkkosivustoa kaikkien voimassa olevien lakien ja asetusten mukaisesti ja j\u00e4rkev\u00e4lt\u00e4, vastuulliselta ja huolelliselta henkil\u00f6lt\u00e4 odotettavalla tavalla.<\/span><\/p>\n<p><span>\u00a0<\/span><\/p>\n<p><span>Et saa k\u00e4ytt\u00e4\u00e4 YourOnlineChoices-verkkosivustoa tai sallia YourOnlineChoices-verkkosivustoa k\u00e4ytett\u00e4v\u00e4n:<\/span><\/p>\n<ol>\n<li><span>lainvastaiseen tai laittomaan toimintaan tai rikollisiin tekoihin ja\/tai toimintaan;<\/span><\/li>\n<li>levitt\u00e4m\u00e4\u00e4n mill\u00e4\u00e4n tavalla laittomia, v\u00e4\u00e4ri\u00e4, h\u00e4vytt\u00f6mi\u00e4, siveett\u00f6mi\u00e4, herjaavia, h\u00e4p\u00e4isevi\u00e4, uhkaavia, loukkaavia, ep\u00e4suotavia tai ei-toivottuja viestej\u00e4 tai sellaisia, jotka aiheuttavat n\u00e4rk\u00e4styst\u00e4, k\u00e4rsimyst\u00e4 tai tarpeetonta ahdistusta tai rikkovat yleist\u00e4 j\u00e4rjestyst\u00e4 ja\/tai julkista s\u00e4\u00e4dyllisyytt\u00e4 tai muuta, rotuvihaa koskevaa lains\u00e4\u00e4d\u00e4nt\u00f6\u00e4;<\/li>\n<li>toimintaan, joka voi loukata muiden asiakkaiden\/tilaajien tai kolmansien osapuolten oikeuksia yksityisyyden suojaan tai tietosuojaan; ja<\/li>\n<li>levitt\u00e4m\u00e4\u00e4n viruksia tai muita haittaohjelmistoja tai mill\u00e4\u00e4n tavoin h\u00e4iritsem\u00e4\u00e4n tiedonsiirtoa tai tiedon tallennusta tai muulla tavoin aiheuttamaan vahinkoa tai tuhoa YourOnlineChoices-verkkosivustolle tai rajoittamaan tai est\u00e4m\u00e4\u00e4n YourOnlineChoices-verkkosivuston k\u00e4ytt\u00f6\u00e4 tai toimintavalmiutta muille k\u00e4ytt\u00e4jille tai kolmansille osapuolille, mukaan lukien tarpeeton verkkosivuston kuormitus suurilla, ep\u00e4suotavilla dataliikennevirroilla (tietotulva, sp\u00e4mm\u00e4ys jne.).<\/li>\n<\/ol>\n<p><span>\u00a0<\/span><\/p>\n<p><span>Sitoudut noudattamaan meid\u00e4n tai lisenssinantajiemme teollis- ja tekij\u00e4noikeuksia (mukaan lukien tekij\u00e4noikeudet, tavaramerkit, patentit, mallisuojat ja tietokantaoikeudet, n\u00e4ihin kuitenkaan rajoittumatta).<\/span><\/p>\n<p><span>\u00a0<\/span><\/p>\n<p><span>Olet korvausvelvollinen ja suojaat meid\u00e4t vaateilta, jotka liittyv\u00e4t vahingonkorvausvastuuseen, vahinkoihin, kuluihin, vaateisiin tai kustannuksiin (mukaan lukien kohtuulliset oikeudenk\u00e4yntikulut), joiden todetaan johtuvan siit\u00e4, ett\u00e4 olet loukannut jotain t\u00e4m\u00e4n kohdan velvollisuuksista.<\/span><\/p>\n<p><span>\u00a0<\/span><\/p>\n<p><span>Mik\u00e4li olet tietoinen siit\u00e4, ett\u00e4 YourOnlineChoices-verkkosivusto loukkaa sinun teollis- ja tekij\u00e4noikeuksiasi, omistusoikeuksiasi tai jotain muita oikeuksiasi, sinun on ilmoitettava asiasta meille viipym\u00e4tt\u00e4 alla ilmoitettuja yhteystietoja k\u00e4ytt\u00e4en.<\/span><\/p>\n<p><span>\u00a0<\/span><\/p>\n<p><strong><span>Linkit<\/span><\/strong><\/p>\n<p><span>\u00a0<\/span><\/p>\n<p><span>YourOnlineChoices-verkkosivuston tietyt linkit mahdollistavat yhteyden muodostamisen verkostoihin, jotka eiv\u00e4t ole meid\u00e4n valvonnassamme. EDAA tarjoaa n\u00e4m\u00e4 linkit ainoastaan k\u00e4tevyyden vuoksi. Linkin n\u00e4kyminen ei tarkoita, ett\u00e4 EDAA kannattaa sit\u00e4, eik\u00e4 EDAA ole my\u00f6sk\u00e4\u00e4n vastuussa linkitetyn verkkosivuston sis\u00e4ll\u00f6st\u00e4. Vierailet sivustoilla omalla riskill\u00e4si.<\/span><\/p>\n<p><span>\u00a0<\/span><\/p>\n<p><strong><span>Vastuun rajoitukset ja rajaukset<\/span><\/strong><\/p>\n<p><span>\u00a0<\/span><\/p>\n<p><span>EDAA ilmoittaa nimenomaisesti, ettei se ole vastuussa muista v\u00e4itteist\u00e4, takuista, edellytyksist\u00e4, vakuuksista tai ilmaisuista, olivatpa n\u00e4m\u00e4 nimenomaisia tai oletettuja, s\u00e4\u00e4d\u00f6kseen, vakuuteen tai muuhun perustuvia, mukaan lukien oletetut takuut, edellytykset tai muut ilmaisut tyydytt\u00e4v\u00e4st\u00e4 laadusta, tiettyyn k\u00e4ytt\u00f6tarkoitukseen soveltuvuudesta tai kohtuullisesta huolellisuudesta ja taidosta, n\u00e4ihin kuitenkaan rajoittumatta.<\/span><\/p>\n<p><span>\u00a0<\/span><\/p>\n<p><span>J\u00e4ljemp\u00e4n\u00e4 esitett\u00e4vi\u00e4 poikkeuksia lukuun ottamatta EDAA kielt\u00e4ytyy kaikista vaateista, jotka perustuvat sopimuksiin, muihin korvausvelvollisuuksiin (mukaan lukien laiminly\u00f6nti, t\u00e4h\u00e4n kuitenkaan rajoittumatta), lakis\u00e4\u00e4teisist\u00e4 velvollisuuksista, esisopimuksista tai muista v\u00e4itteist\u00e4 (muutoin kuin tahallisen harhaanjohtamisen yhteydess\u00e4) tai muista, jotka johtuvat YourOnlineChoices-verkkosivustosta tai liittyv\u00e4t siihen ja n\u00e4ihin ehtoihin ja edellytyksiin, eik\u00e4 ole vastuussa mist\u00e4\u00e4n seuraavista: a) v\u00e4lillinen, ep\u00e4suora tai poikkeuksellinen tappio tai vahinko; (b) liikearvon tai maineen menetys tai (c) kaikenlaiset taloudelliset tappiot (my\u00f6s tulonmenetys, voitto, sopimus, liiketoiminta tai ennakoidut s\u00e4\u00e4st\u00f6t), kussakin tapauksessa riippumatta siit\u00e4, onko t\u00e4llaisen menetyksen tai vahingon mahdollisuudesta ilmoitettu ja miten sellainen on ilmennyt.<\/span><\/p>\n<p><span>\u00a0<\/span><\/p>\n<p><span>J\u00e4ljemp\u00e4n\u00e4 esitett\u00e4vi\u00e4 poikkeuksia lukuun ottamatta EDAA:n suurin vahingonkorvausvastuu kaikista vaateista, jotka perustuvat sopimuksiin, muihin korvausvelvollisuuksiin (mukaan lukien laiminly\u00f6nti, t\u00e4h\u00e4n kuitenkaan rajoittumatta), lakis\u00e4\u00e4teisist\u00e4 velvollisuuksista, esisopimuksista tai muista v\u00e4itteist\u00e4 (muutoin kuin tahallisen harhaanjohtamisen yhteydess\u00e4) ja muista, jotka johtuvat t\u00e4st\u00e4 sopimuksesta tai sen yksitt\u00e4isist\u00e4 osista, mukaan lukien sen noudattaminen ja tehollisuus, rajoitetaan yhden tai useamman per\u00e4kk\u00e4isen (toisiinsa liittyv\u00e4n tai liittym\u00e4tt\u00f6m\u00e4n) tapahtuman tai tapahtumasarjan yhteydess\u00e4 mink\u00e4 tahansa 12 kuukauden jakson aikana 5\u00a0euroon.<\/span><\/p>\n<p><span>\u00a0<\/span><\/p>\n<p><span>Mik\u00e4\u00e4n t\u00e4m\u00e4n sopimuksen lauseke ei poista eik\u00e4 rajoita korvausvastuuta kuolemantapauksessa tai henkil\u00f6vahingossa, joka johtuu jommankumman osapuolen tai niiden asiamiesten tai ty\u00f6velvoitettaan hoitavien ty\u00f6ntekij\u00f6iden laiminly\u00f6nnist\u00e4, eik\u00e4 poista eik\u00e4 rajoita sellaisen osapuolen vastuuta, jota ei voida poistaa kulloinkin voimassa olevan lain nojalla.<\/span><\/p>\n<p><span>\u00a0<\/span><\/p>\n<p><strong><span>Yleiset ehdot<\/span><\/strong><\/p>\n<p><span>\u00a0<\/span><\/p>\n<p><em><strong><span>Ylivoimainen este: <\/span><\/strong><\/em><span>Ylivoimaisella esteell\u00e4 tarkoitetaan mit\u00e4 tahansa tapahtumaa, joka on normaalin kontrollimme ulottumattomissa. Mik\u00e4li emme pysty noudattamaan (ajoissa) meit\u00e4 n\u00e4iden ehtojen ja edellytysten nojalla koskevia velvoitteita, velvoitteet keskeytet\u00e4\u00e4n siksi ajaksi, kun ylivoimainen tapahtuma on olemassa.<\/span><\/p>\n<p><span>\u00a0<\/span><\/p>\n<p><em><strong><span>Siirt\u00e4minen ja alihankinta: <\/span><\/strong><\/em><span>Et saa siirt\u00e4\u00e4, luovuttaa, antaa toimeksi tai lisensoida sinua n\u00e4iden ehtojen ja edellytysten nojalla koskevia oikeuksiasi ja\/tai velvollisuuksiasi millek\u00e4\u00e4n osapuolelle.<\/span><\/p>\n<p><span>\u00a0<\/span><\/p>\n<p><em><strong><span>Suhde:<\/span><\/strong><\/em><span> Mink\u00e4\u00e4n n\u00e4iss\u00e4 ehdoissa ja edellytyksiss\u00e4 ei katsota perustavan kumppanuutta tai yhteisyrityst\u00e4 tai mink\u00e4\u00e4nlaista ty\u00f6sopimusta sinun ja meid\u00e4n v\u00e4lillemme, eik\u00e4 sen katsota aiheuttavan mink\u00e4\u00e4nlaista n\u00e4iss\u00e4 ehdoissa ja edellytyksiss\u00e4 nimenomaisesti mainitsematonta m\u00e4\u00e4r\u00e4ysvaltaa tai luovan asiamiessuhdetta sinun ja meid\u00e4n v\u00e4lille.<\/span><\/p>\n<p><span>\u00a0<\/span><\/p>\n<p><em><strong><span>Koko sopimus: <\/span><\/strong><\/em><span>Vahvistat, ett\u00e4 n\u00e4m\u00e4 ehdot ja edellytykset sis\u00e4lt\u00e4v\u00e4t meid\u00e4n v\u00e4lisemme koko sopimuksen ja yhteisymm\u00e4rryksen ja ett\u00e4 se korvaa kaikki aiemmat sopimukset, j\u00e4rjestelyt ja yhteisymm\u00e4rrykset sinun ja meid\u00e4n v\u00e4lill\u00e4 n\u00e4iden ehtojen ja edellytysten tarkoitteena olevassa asiassa. Vahvistat, ettet ole tehnyt p\u00e4\u00e4t\u00f6st\u00e4si mink\u00e4\u00e4n n\u00e4iss\u00e4 ehdoissa ja edellytyksiss\u00e4 nimenomaisesti mainitsemattoman toteamuksen, v\u00e4itteen tai k\u00e4sityksen perusteella ja ettei sinulla ole mink\u00e4\u00e4nlaista oikeuskeinoa mit\u00e4\u00e4n nimenomaisesti ehtona olevaa toteamusta, v\u00e4itt\u00e4m\u00e4\u00e4 tai k\u00e4sityst\u00e4 vastaan, jollei niit\u00e4 ole k\u00e4ytetty tahallisesti.<\/span><\/p>\n<p><span>\u00a0<\/span><\/p>\n<p><em><strong><span>Luopuminen:<\/span><\/strong><\/em><span> Mink\u00e4\u00e4n osapuolen mink\u00e4\u00e4n n\u00e4iss\u00e4 ehdoissa ja edellytyksiss\u00e4 mainitun oikeuden, valtuuden tai oikeuskeinon k\u00e4ytt\u00e4m\u00e4tt\u00e4 j\u00e4tt\u00e4minen tai k\u00e4yt\u00f6n viiv\u00e4styminen ei merkitse luopumista kyseisest\u00e4 tai mist\u00e4\u00e4n muustakaan oikeudesta, valtuudesta tai oikeuskeinosta, eik\u00e4 se, ett\u00e4 k\u00e4yt\u00e4mme yksitt\u00e4ist\u00e4 tai osittaista oikeutta, valtuutta tai oikeuskeinoa, est\u00e4 meit\u00e4 k\u00e4ytt\u00e4m\u00e4st\u00e4 jatkossa mit\u00e4\u00e4n muuta oikeutta, valtuutta tai oikeuskeinoa.<\/span><\/p>\n<p><span>\u00a0<\/span><\/p>\n<p><em><strong><span>Erottaminen:<\/span><\/strong><\/em><span> Mik\u00e4li jokin tuomioistuin tai toimivaltainen viranomainen toteaa jonkin n\u00e4iden ehtojen ja edellytysten lausekkeen p\u00e4tem\u00e4tt\u00f6m\u00e4ksi, lainvastaiseksi tai t\u00e4yt\u00e4nt\u00f6\u00f6npanokelvottomaksi jollain oikeudenk\u00e4ytt\u00f6alueella, kyseisen lausekkeen ei katsota olevan osana n\u00e4it\u00e4 ehtoja ja edellytyksi\u00e4, eik\u00e4 t\u00e4m\u00e4 vaikuta n\u00e4iden ehtojen ja edellytysten muun osan p\u00e4tevyyteen, laillisuuteen tai t\u00e4yt\u00e4nt\u00f6\u00f6npanokelpoisuuteen, eik\u00e4 se vaikuta kyseisen lausekkeen p\u00e4tevyyteen, laillisuuteen tai t\u00e4yt\u00e4nt\u00f6\u00f6npanokelpoisuuteen mill\u00e4\u00e4n muulla oikeudenk\u00e4ytt\u00f6alueella.<\/span><\/p>\n<p><span>\u00a0<\/span><\/p>\n<p><em><strong><span>Ajan oleellisuus:<\/span><\/strong><\/em><span> Aika ei ole oleellinen, ellei n\u00e4in nimenomaisesti ole todettu.<\/span><\/p>\n<p><span>\u00a0<\/span><\/p>\n<p><em><strong><span>Kolmansien osapuolten oikeudet:<\/span><\/strong><\/em><span> Mik\u00e4\u00e4n n\u00e4iss\u00e4 ehdoissa ja edellytyksiss\u00e4 ei luo eik\u00e4 siirr\u00e4 oikeuksia tai muita etuuksia kenellek\u00e4\u00e4n muulle henkil\u00f6lle kuin n\u00e4iden ehtojen ja edellytysten osapuolille, vuoden 1999 sopimuslain (kolmansien osapuolten oikeudet) nojalla tai muutoinkaan.<\/span><\/p>\n<p><span>\u00a0<\/span><\/p>\n<p><em><strong><span>Erin\u00e4isi\u00e4 lausekkeita:<\/span><\/strong><\/em><span> N\u00e4iden ehtojen edellytysten mukaiset osapuolten oikeudet ja oikeussuojakeinot ovat kumulatiivisia, ja ne lis\u00e4t\u00e4\u00e4n laissa s\u00e4\u00e4dettyihin oikeuksiin ja oikeussuojakeinoihin. N\u00e4iden ehtojen ja edellytysten mahdolliset muutokset on teht\u00e4v\u00e4 kirjallisesti ja niist\u00e4 on sovittava osapuolten kesken. N\u00e4m\u00e4 ehdot ja edellytykset voidaan panna t\u00e4yt\u00e4nt\u00f6\u00f6n kummankin osapuolen erillisell\u00e4 kappaleella ja s\u00e4hk\u00f6isell\u00e4 allekirjoituksella varustettuna.<\/span><\/p>\n<p><span>\u00a0<\/span><\/p>\n<p><em><strong><span>Sovellettava laki:<\/span><\/strong><\/em><span> N\u00e4m\u00e4 ehdot ja edellytykset on laadittu Belgian lain mukaisesti, ja kumpikin osapuoli sitoutuu t\u00e4ss\u00e4 yhteydess\u00e4 peruuttamattomasti antamaan riita-asiat Brysselin tuomioistuinten ei-yksinomaisen toimivallan ratkaistaviksi.<\/span><\/p>\n<p><span>\u00a0<\/span><\/p>\n<p><strong><span>Loppulausekkeet<\/span><\/strong><\/p>\n<p><span>\u00a0<\/span><\/p>\n<p><strong><span>Reklamaatioperiaatteemme<\/span><\/strong><\/p>\n<p><span>\u00a0<\/span><\/p>\n<p><span>Ratkaisemme kaikki meille ilmoitetut ongelmat, jotka kykenemme ratkaisemaan, mahdollisimman nopeasti. Jollet ole tyytyv\u00e4inen antamaamme vastaukseen tai ratkaisuun, sinun on otettava yhteytt\u00e4 alla olevaan osoitteeseemme.<\/span><\/p>\n<p><span>\u00a0<\/span><\/p>\n<p><strong><span>Ota meihin yhteytt\u00e4<\/span><\/strong><\/p>\n<p><span>\u00a0<\/span><\/p>\n<p><span>Jos haluat lis\u00e4tietoja tai sinulla on kysytt\u00e4v\u00e4\u00e4 n\u00e4ist\u00e4 ehdoista ja edellytyksist\u00e4, ota yhteytt\u00e4 EDAA:han s\u00e4hk\u00f6postitse: privacy@edaa.eu.<\/span><\/p>\n<p><span>\u00a0<\/span><\/p>\n<p><span>Olemme Eurooppalaisen vuorovaikutteisen digitaalimainonnan liitto: European Interactive Digital Advertising Alliance (EDAA).<\/span><\/p>\n<p><span><br \/>\nRekister\u00f6idyn toimipaikkamme osoite on Rue des Deux Eglises 26 | 1000 Bryssel.<br \/>\nBelgialainen Y-tunnuksemme on BE 0846.790.105.<\/span><\/p>\n<p><span>\u00a0<\/span><\/p>\n<p><span>ALV-numeromme on BE0846790105.<\/span><\/p>\n<p>&nbsp;<\/p>\n","protected":false},"excerpt":{"rendered":"<p>Yleiset ehdot ja edellytykset \u00a0 N\u00e4m\u00e4 yleiset ehdot ja edellytykset s\u00e4\u00e4ntelev\u00e4t EDAA:n ja sinun v\u00e4list\u00e4 suhdetta, kun k\u00e4yt\u00e4t YourOnlineChoices-verkkosivustoa tai hyv\u00e4ksyt YourOnlineChoices-mieltymysev\u00e4steen. \u00a0 EDAA on voittoa tavoittelematon j\u00e4rjest\u00f6 (AiSBL), joka toimii Brysseliss\u00e4 belgialaisella Y-tunnuksella BE 0846.790.105. Rekister\u00f6ity toimipaikkamme sijaitsee osoitteessa Rue des Deux Eglises 26 | 1000 Bryssel. \u00a0 YourOnlineChoices-verkkosivusto on k\u00e4ytett\u00e4viss\u00e4 osoitteissa www.youronlinechoices.eu, https:\/\/www.youronlinechoices.com, [&hellip;]<\/p>\n","protected":false},"author":3,"featured_media":0,"parent":0,"menu_order":0,"comment_status":"closed","ping_status":"open","template":"","meta":[],"_links":{"self":[{"href":"https:\/\/www.youronlinechoices.com\/fi\/wp-json\/wp\/v2\/pages\/341"}],"collection":[{"href":"https:\/\/www.youronlinechoices.com\/fi\/wp-json\/wp\/v2\/pages"}],"about":[{"href":"https:\/\/www.youronlinechoices.com\/fi\/wp-json\/wp\/v2\/types\/page"}],"author":[{"embeddable":true,"href":"https:\/\/www.youronlinechoices.com\/fi\/wp-json\/wp\/v2\/users\/3"}],"replies":[{"embeddable":true,"href":"https:\/\/www.youronlinechoices.com\/fi\/wp-json\/wp\/v2\/comments?post=341"}],"version-history":[{"count":14,"href":"https:\/\/www.youronlinechoices.com\/fi\/wp-json\/wp\/v2\/pages\/341\/revisions"}],"predecessor-version":[{"id":491,"href":"https:\/\/www.youronlinechoices.com\/fi\/wp-json\/wp\/v2\/pages\/341\/revisions\/491"}],"wp:attachment":[{"href":"https:\/\/www.youronlinechoices.com\/fi\/wp-json\/wp\/v2\/media?parent=341"}],"curies":[{"name":"wp","href":"https:\/\/api.w.org\/{rel}","templated":true}]}}