{"id":336,"date":"2014-01-20T09:46:15","date_gmt":"2014-01-20T09:46:15","guid":{"rendered":"https:\/\/www.youronlinechoices.com\/fi\/?page_id=336"},"modified":"2025-10-22T19:10:20","modified_gmt":"2025-10-22T19:10:20","slug":"suojelemme-yksityisyyttasi","status":"publish","type":"page","link":"https:\/\/www.youronlinechoices.com\/fi\/suojelemme-yksityisyyttasi","title":{"rendered":"Suojelemme yksityisyytt\u00e4si"},"content":{"rendered":"<h3>Yksityisyytesi suoja<\/h3>\n<p><!-- br --><br \/>\nDigitaalinen mainosala tukee t\u00e4t\u00e4 verkkosivustoa, ja sen hallinnoijana toimii Euroopan vuorovaikutteisen digitaalimainonnan liitto (EDAA). Olemme sitoutuneet kunnioittamaan ja suojelemaan kaikkien niiden henkil\u00f6iden yksityisyytt\u00e4, joiden kanssa olemme olleet tai olemme vuorovaikutuksessa nyt tai tulevaisuudessa. Osana t\u00e4t\u00e4 sitoumusta pyrimme tarjoamaan sinulle selv\u00e4\u00e4 tietoa niist\u00e4 henkil\u00f6tiedoista, joita meill\u00e4 on sinusta, sek\u00e4 muista tiedoista, joita saatamme ker\u00e4t\u00e4 ja k\u00e4ytt\u00e4\u00e4, kun k\u00e4yt t\u00e4ll\u00e4 verkkosivustolla, ja siit\u00e4, miten voit hallita niit\u00e4.<br \/>\n<!-- br --><br \/>\n<!-- br --><\/p>\n<h3>Verkkosivusto<\/h3>\n<p><!-- br --><br \/>\nT\u00e4ll\u00e4 verkkosivustolla hallinnoimme k\u00e4ytt\u00f6tottumuksia seuraavan verkkomainonnan Euroopan-laajuisen itses\u00e4\u00e4ntelyohjelman keskeist\u00e4 osaa (jossa internetin k\u00e4ytt\u00e4jille kohdennetaan entist\u00e4 merkityksellisempi\u00e4 mainoksia p\u00e4\u00e4teltyjen kiinnostuksen kohteiden perusteella). T\u00e4m\u00e4 itses\u00e4\u00e4ntelyohjelma merkitsee sinun kaltaisillesi Internet-k\u00e4ytt\u00e4jille entist\u00e4 avoimempia tietoja k\u00e4ytt\u00f6tottumuksia seuraavasta verkkomainonnasta ja entist\u00e4 parempaa kyseisen mainonnan hallintaa.<br \/>\n<!-- br --><br \/>\n<a href=\"https:\/\/www.youronlinechoices.com\/fi\/otavamedia_green_rgb\" rel=\"attachment wp-att-382\"><img loading=\"lazy\" class=\"alignnone size-thumbnail wp-image-382\" title=\"OBA-icon\" src=\"https:\/\/www.youronlinechoices.com\/ie\/wp-content\/uploads\/2013\/06\/OBA-icon-150x150.jpg\" alt=\"\" width=\"42\" height=\"42\" \/><\/a>Avoimuus perustuu yleismaailmallisesti tunnistettavaan \u201dOBA-kuvakkeeseen\u201d, joka on saatavana oheisteksteineen kaikilla virallisilla EU-kielill\u00e4 (t\u00e4ydellinen luettelo kunkin virallisen EU-kielen oheisteksteist\u00e4 on saatavana <a href=\"https:\/\/edaa.eu\/wp-content\/uploads\/Att-3-technical_specifications_for_iab_eu_oba_fw_v1.pdf#page=15\" target=\"_blank\" rel=\"noopener noreferrer\">t\u00e4\u00e4lt\u00e4<\/a>) ja joka n\u00e4kyy kaikkialla, miss\u00e4 yhti\u00f6t ker\u00e4\u00e4v\u00e4t ja k\u00e4sittelev\u00e4t tietoa k\u00e4ytt\u00f6tottumuksia seuraavan verkkomainonnan tarkoituksiin. Napsauttamalla kuvaketta k\u00e4ytt\u00e4j\u00e4t n\u00e4kev\u00e4t selv\u00e4\u00e4 ja ymm\u00e4rrett\u00e4v\u00e4\u00e4 tietoa k\u00e4ytt\u00f6tottumuksia seuraavasta verkkomainonnasta.<br \/>\n<!-- br --><br \/>\nKuvake antaa k\u00e4ytt\u00e4jille lis\u00e4ksi mahdollisuuden valita ja hallita k\u00e4ytt\u00f6tottumuksia seuraavaa verkkomainontaa tarjottujen ty\u00f6kalujen ja resurssien avulla; t\u00e4m\u00e4 sivusto kuuluu n\u00e4ihin ty\u00f6kaluihin ja resursseihin. T\u00e4m\u00e4 verkkosivusto kattaa Euroopan unionin \/ Euroopan talousalueen (EU\/ETA) maat sek\u00e4 Sveitsin ja Turkin, ja se sis\u00e4lt\u00e4\u00e4 helppok\u00e4ytt\u00f6isen toiminnon (joka on kaikkien luetelluissa maissa sijaitsevien k\u00e4ytt\u00e4jien k\u00e4ytett\u00e4viss\u00e4), joka keskeytt\u00e4\u00e4 k\u00e4ytt\u00f6tottumuksia seuraavan verkkomainonnan (j\u00e4rjestelm\u00e4\u00e4n osallistuvilta yhti\u00f6ilt\u00e4), mik\u00e4li k\u00e4ytt\u00e4j\u00e4t n\u00e4in haluavat. Sivuston huomattavimpia ominaisuuksia on, ett\u00e4 se on rakennettu koko toimialan laajuisen sitoumuksen pohjalta, ja ett\u00e4 sen taustalla vaikuttaa Euroopan mainosstandardiliitto (EASA) ja sen verkosto eri puolella Eurooppaa toimivia vakiintuneita ja laajalti tunnustettuja kansallisia itses\u00e4\u00e4ntelyorganisaatioita, jotka pyrkiv\u00e4t yhdess\u00e4 varmistamaan tehokkaat, riippumattomat ja k\u00e4ytt\u00e4jille maksuttomat valitustenk\u00e4sittelyj\u00e4rjestelm\u00e4t.<br \/>\n<!-- br --><br \/>\n<!-- br --><\/p>\n<h3>Omat henkil\u00f6tietosi<\/h3>\n<p><!-- br --><br \/>\nT\u00e4ss\u00e4 selosteessa kuvattu sinun henkil\u00f6tietojesi k\u00e4sittely EDAA:ssa perustuu sinun suostumukseesi tai sopimusperusteiseen v\u00e4ltt\u00e4m\u00e4tt\u00f6myyteen. Kun annat meille palautetta jollain t\u00e4ll\u00e4 sivustolla sinun k\u00e4ytett\u00e4viss\u00e4si olevalla v\u00e4lineell\u00e4, voimme ker\u00e4t\u00e4 ja k\u00e4sitell\u00e4 henkil\u00f6tietoja, jotka luovutat meille, esimerkkein\u00e4 nimesi, s\u00e4hk\u00f6postiosoitteesi ja puhelinnumerosi. N\u00e4it\u00e4 tietoja ei k\u00e4ytet\u00e4 muihin tarkoituksiin kuin sinun palautteesi k\u00e4sittelyyn. Tietyiss\u00e4 tapauksissa emme v\u00e4ltt\u00e4m\u00e4tt\u00e4 pysty k\u00e4sittelem\u00e4\u00e4n palautettasi suoraan, vaan voimme joutua luovuttamaan n\u00e4m\u00e4 tiedot asianomaiselle kansalliselle mainonnan itses\u00e4\u00e4ntelyorganisaatiolle valituksen k\u00e4sittely\u00e4 varten. T\u00e4ll\u00f6in EDAA ei luovuta mit\u00e4\u00e4n henkil\u00f6tietoja, ennen kuin se on selvitt\u00e4nyt sinulle ensin koko prosessin selv\u00e4sti ja saanut sinulta ennalta nimenomaisen ja tietoon perustuvan suostumuksen t\u00e4h\u00e4n. Muita henkil\u00f6tietoja ei luovuta muille kolmansille osapuolille. Sinun henkil\u00f6tietosi poistetaan, kun asia on ratkaistu sinua ja EDAA:ta tyydytt\u00e4v\u00e4ll\u00e4 tavalla.<br \/>\n<!-- br --><br \/>\n<!-- br --><\/p>\n<h3>Tietojen s\u00e4ilytys<\/h3>\n<p><!-- br --><br \/>\nEDAA s\u00e4ilytt\u00e4\u00e4 henkil\u00f6tietojasi kulloinkin sovellettavien lakis\u00e4\u00e4teisten vaatimusten mukaisesti ja ainoastaan niin kauan kuin on v\u00e4ltt\u00e4m\u00e4t\u00f6nt\u00e4 t\u00e4ss\u00e4 selosteessa kuvatuissa tarkoituksissa, lain edellytysten mukaisesti tai mahdollisia oikeudellisia vaateita vastaan puolustautumiseksi.<br \/>\n<!-- br --><br \/>\nSuoraan EDAA:lle l\u00e4hetettyjen tietopyynt\u00f6jen ja\/tai kyselyjen ja\/tai valitusten kautta saatuja henkil\u00f6tietoja s\u00e4ilytet\u00e4\u00e4n 1 vuoden ajan (tai lain edellytysten mukaisesti tai mahdollisia oikeudellisia vaateita vastaan puolustautumiseksi), jollet peruuta aiemmin antamaasi suostumusta henkil\u00f6tietojen k\u00e4sittelyyn.<br \/>\n<!-- br --><br \/>\n<!-- br --><\/p>\n<h3>Sinun oikeutesi<\/h3>\n<p><!-- br --><br \/>\nYksityisyyden suojaa koskevan lains\u00e4\u00e4d\u00e4nn\u00f6n mukaisesti luovutamme henkil\u00f6tiedot tarkistettaviksesi heti niit\u00e4 pyydetty\u00e4si. Mik\u00e4li ilmoitat meille, ett\u00e4 henkil\u00f6tiedot ovat virheellisi\u00e4 tai niit\u00e4 k\u00e4ytet\u00e4\u00e4n ep\u00e4asianmukaisesti, oikaisemme, p\u00e4ivit\u00e4mme tai poistamme henkil\u00f6tiedot tarpeen mukaan tai rajoitamme niiden k\u00e4ytt\u00f6\u00e4. Jos haluat tietoja siit\u00e4, miten voit tarkistaa henkil\u00f6tiedot, katso yhteyspisteet t\u00e4m\u00e4n tietosuojailmoituksen lopusta. Sinulla on oikeus vastustaa milloin tahansa henkil\u00f6tietojesi k\u00e4ytt\u00f6\u00e4 esitt\u00e4m\u00e4ll\u00e4 t\u00e4t\u00e4 koskeva pyynt\u00f6 tietosuojailmoituksen lopussa oleville yhteyspisteille. Sinulla on oikeus vastaanottaa omat henkil\u00f6tietosi k\u00e4ytt\u00f6kelpoisessa s\u00e4hk\u00f6isess\u00e4 muodossa ja v\u00e4litt\u00e4\u00e4 ne kolmansille osapuolille (oikeus \u201dtietojen siirrett\u00e4vyyteen\u201d).<br \/>\n<!-- br --><br \/>\nEDAA on sitoutunut toimimaan kanssasi, jotta saat oikeudenmukaisen ratkaisun kaikkiin yksityisyytt\u00e4si koskeviin valituksiin tai huolenaiheisiin, jotka liittyv\u00e4t t\u00e4ll\u00e4 sivustolla k\u00e4sitelt\u00e4viin toimintoihin. Mik\u00e4li t\u00e4st\u00e4 huolimatta katsot, ettei EDAA ole pystynyt avustamaan sinua valituksesi tai huolenaiheesi k\u00e4sittelyss\u00e4, sinulla on oikeus tehd\u00e4 valitus vakinaisen asuinpaikkasi, ty\u00f6paikkasi tai yksityisyyden suojaa koskevien lakien loukkauksen v\u00e4itetyn tapahtumapaikan j\u00e4senvaltion valvontaviranomaiselle (katso Belgiassa www.dataprotectionauthority.be ja muissa maissa napsauta <a href=\"https:\/\/edpb.europa.eu\/about-edpb\/board\/members_fi\" target=\"_blank\" rel=\"noopener noreferrer\">t\u00e4st\u00e4<\/a>).<br \/>\n<!-- br --><br \/>\n<!-- br --><\/p>\n<h3>Luovuttaminen kolmansille osapuolille \/ henkil\u00f6tietojen siirt\u00e4minen ulkomaille<\/h3>\n<p><!-- br --><br \/>\nT\u00e4ll\u00e4 verkkosivustolla sinulla voi lis\u00e4ksi olla mahdollisuus l\u00e4hett\u00e4\u00e4 tietoja ja\/tai valituksia suoraan oman kotimaasi kansalliselle mainonnan itses\u00e4\u00e4ntelyorganisaatiolle (katso asianomainen itsess\u00e4\u00e4ntelyorganisaatio <a href=\"https:\/\/www.easa-alliance.org\/members\/europe\" target=\"_blank\" rel=\"noopener noreferrer\">t\u00e4\u00e4lt\u00e4<\/a>). T\u00e4llaiset tiedot voivat sis\u00e4lt\u00e4\u00e4 henkil\u00f6tietoja, jotka l\u00e4hetet\u00e4\u00e4n t\u00e4ll\u00f6in suoraan kyseiselle organisaatiolle, jotta se huolehtii puolestasi valituksen\/tietojen k\u00e4sittelyst\u00e4 pyynt\u00f6si mukaisesti.<br \/>\n<!-- br --><br \/>\nKehotamme sinua tarkistamaan kyseisten itses\u00e4\u00e4ntelyorganisaatioiden yksityisyyden suojaa koskevat periaatteet, jos p\u00e4\u00e4t\u00e4t k\u00e4ytt\u00e4\u00e4 t\u00e4t\u00e4 toimintoa. Joka tapauksessa saat tarkat tiedot siit\u00e4, mille oikeushenkil\u00f6lle tietosi l\u00e4hetet\u00e4\u00e4n, kun k\u00e4yt\u00e4t t\u00e4t\u00e4 valinnaista verkkolomaketta (esim. Saksassa <a href=\"https:\/\/www.youronlinechoices.com\/de\/beschwerde\/\" target=\"_blank\" rel=\"noopener noreferrer\">https:\/\/www.youronlinechoices.com\/de\/beschwerde\/<\/a>; Yhdistyneess\u00e4 kuningaskunnassa <a href=\"https:\/\/www.youronlinechoices.com\/uk\/make-a-complaint\" target=\"_blank\" rel=\"noopener noreferrer\">https:\/\/www.youronlinechoices.com\/uk\/make-a-complaint<\/a>)<br \/>\n<!-- br --><br \/>\nEDAA ei luovuta eik\u00e4 paljasta mit\u00e4\u00e4n sinusta t\u00e4ll\u00e4 sivustolla ker\u00e4ttyj\u00e4 henkil\u00f6tietoja muille oikeushenkil\u00f6ille (lukuun ottamatta tiettyj\u00e4 poikkeustapauksia, joissa sinulta pyydet\u00e4\u00e4n ennakkosuostumus), t\u00e4m\u00e4n kuitenkaan est\u00e4m\u00e4tt\u00e4 lain s\u00e4\u00e4nn\u00f6ksiin, viranomaisiin tai tuomioistuimen m\u00e4\u00e4r\u00e4yksiin perustuvien velvoitteiden noudattamista.<br \/>\n<!-- br --><br \/>\n<!-- br --><\/p>\n<h3>Ev\u00e4steet<\/h3>\n<p><!-- br --><br \/>\nEv\u00e4steet ovat pieni\u00e4 tiedostoja, jotka verkkoselaimesi tallentaa. Verkkosivustot, joilla vierailet, sijoittavat niit\u00e4 verkkoselaimeesi. Jos haluat varmistaa, ettei ev\u00e4steit\u00e4 k\u00e4ytet\u00e4, katso ohjeet alta tai lue viisi t\u00e4rke\u00e4\u00e4 vinkki\u00e4mme siit\u00e4, miten ev\u00e4steit\u00e4 hallitaan tai miten ne poistetaan k\u00e4yt\u00f6st\u00e4 oman verkkoselaimesi yksityisyysasetuksissa. Huomaa, ett\u00e4 jos poistat ev\u00e4steet k\u00e4yt\u00f6st\u00e4 t\u00e4t\u00e4 tarkoitusta varten, hallintaty\u00f6kalu ei en\u00e4\u00e4 toimi tehokkaasti, vaan koko selailukokemuksesi voi vaikeutua.<br \/>\n<!-- br --><br \/>\nMonet \u201domat mainosev\u00e4steesi\u201d luettelossa mainitut yritykset k\u00e4ytt\u00e4v\u00e4t ev\u00e4steit\u00e4 tarkistamaan k\u00e4ytt\u00f6tottumuksia seuraavan mainonnan nykyisen tilasi (\u201dhyv\u00e4ksytty\u201d tai \u201dpoistettu k\u00e4yt\u00f6st\u00e4\u201d kulloistenkin mieltymystesi mukaisesti) ja toteuttamaan haluamasi valinnan. T\u00e4llaiset ev\u00e4steet ovat olennaisen t\u00e4rkeit\u00e4 hallintasivun toiminnalle sek\u00e4 sen toiminnan virheiden havaitsemiselle.<br \/>\n<!-- br --><br \/>\nKatsoa alta yksityiskohtainen kuvaus t\u00e4ll\u00e4 verkkosivustolla k\u00e4ytetyist\u00e4 ev\u00e4steist\u00e4.<br \/>\n<!-- br --><br \/>\n<!-- br --><\/p>\n<h3>Mit\u00e4 ev\u00e4steit\u00e4 t\u00e4ll\u00e4 verkkosivustolla k\u00e4ytet\u00e4\u00e4n?<\/h3>\n<p><!-- br --><br \/>\n<strong> <\/strong><\/p>\n<table border=\"0\" cellspacing=\"5\" cellpadding=\"5\">\n<tbody>\n<tr>\n<td style=\"border-bottom: 1px solid #ccc; text-align: left;\" valign=\"top\">Ev\u00e4ste<\/td>\n<td style=\"border-bottom: 1px solid #ccc; text-align: left;\" valign=\"top\">Ev\u00e4steen tarkoitus<\/td>\n<td style=\"border-bottom: 1px solid #ccc; text-align: left;\" valign=\"top\">Ev\u00e4steen luonne<\/td>\n<td style=\"border-bottom: 1px solid #ccc; text-align: left;\" valign=\"top\">Ev\u00e4stetyyppi<\/td>\n<\/tr>\n<tr>\n<td style=\"border-bottom: 1px solid #ccc; text-align: left;\" valign=\"top\">Verkkoanalytiikka<\/td>\n<td style=\"border-bottom: 1px solid #ccc; text-align: left;\">EDAA, itseis\u00e4nn\u00f6ity Matomo: seuraa jokaisen k\u00e4ytt\u00e4j\u00e4n k\u00e4yntim\u00e4\u00e4ri\u00e4 ja ensimm\u00e4isen, seuraavan ja nykyisen k\u00e4ynnin aikaa.<\/td>\n<td style=\"border-bottom: 1px solid #ccc; text-align: left;\">Ensimm\u00e4inen osapuoli<\/td>\n<td style=\"border-bottom: 1px solid #ccc; text-align: left;\">1 vuosi<\/td>\n<\/tr>\n<tr>\n<td style=\"border-bottom: 1px solid #ccc; text-align: left;\" valign=\"top\">Ev\u00e4ste seuraa yhti\u00f6iden integraation luotettavuutta<\/td>\n<td style=\"border-bottom: 1px solid #ccc; text-align: left;\">K\u00e4ytet\u00e4\u00e4n seuraamaan sit\u00e4, miten luotettavasti yhti\u00f6t integroituvat t\u00e4m\u00e4n sivuston kohtiin<\/td>\n<td style=\"border-bottom: 1px solid #ccc; text-align: left;\">Ensimm\u00e4inen osapuoli<\/td>\n<td style=\"border-bottom: 1px solid #ccc; text-align: left;\">1 kuukausi<\/td>\n<\/tr>\n<tr>\n<td style=\"border-bottom: 1px solid #ccc; text-align: left;\" valign=\"top\">Ev\u00e4stepalkin ev\u00e4ste<\/td>\n<td style=\"border-bottom: 1px solid #ccc; text-align: left;\">K\u00e4ytet\u00e4\u00e4n muistuttamaan siit\u00e4, ett\u00e4 verkkovierailija on poistanut k\u00e4yt\u00f6st\u00e4 verkkosivujen yl\u00e4laidassa n\u00e4kyv\u00e4n \u201dev\u00e4stepalkin\u201d.<\/td>\n<td style=\"border-bottom: 1px solid #ccc; text-align: left;\">Ensimm\u00e4inen osapuoli<\/td>\n<td style=\"border-bottom: 1px solid #ccc; text-align: left;\">24 h<\/td>\n<\/tr>\n<\/tbody>\n<\/table>\n<p>&nbsp;<\/p>\n<h3>K\u00e4sitem\u00e4\u00e4ritelm\u00e4t:<\/h3>\n<p>&nbsp;<\/p>\n<ul>\n<li>\u2022\t\u201dEnsimm\u00e4isen osapuolen\u201d ev\u00e4ste \u2013 T\u00e4m\u00e4n verkkosivuston tallentama ev\u00e4ste<\/li>\n<li>\u2022\t\u201dKolmannen osapuolen\u201d ev\u00e4ste \u2013 Toisen domain-tunnuksen (esim. ei t\u00e4m\u00e4n verkkosivuston) tallentama ev\u00e4ste<\/li>\n<li>\u2022\t\u201dPysyv\u00e4 ev\u00e4ste\u201d \u2013 Ev\u00e4steen tiedot tallennetaan pysyv\u00e4sti laitteeseesi.<\/li>\n<\/ul>\n<p>&nbsp;<\/p>\n<p>Emme pyri ker\u00e4\u00e4m\u00e4\u00e4n sinun henkil\u00f6tietojasi, ja mik\u00e4li me n\u00e4in teemme, pyrimme anonymisoimaan henkil\u00f6tietosi mahdollisimman nopeasti.<\/p>\n<p>&nbsp;<\/p>\n<h3>Miten pystyn hallitsemaan ev\u00e4steiden k\u00e4ytt\u00f6\u00e4 t\u00e4ll\u00e4 sivustolla?<\/h3>\n<p>&nbsp;<\/p>\n<p>Kaikkien selaimien tekniikka mahdollistaa ev\u00e4steiden hallinnan verkkoselaimen ev\u00e4stekansiossa. T\u00e4m\u00e4 tarkoittaa, ett\u00e4 pystyt joko poistamaan ev\u00e4steet ev\u00e4stekansiosta, kun olet lopettanut vierailusi verkkosivustollamme, tai pystyt m\u00e4\u00e4ritt\u00e4m\u00e4\u00e4n ev\u00e4steiden k\u00e4ytt\u00f6\u00e4 koskevat omat mieltymysasetuksesi ennen kuin ryhdyt selaamaan sivustoamme. Huomaa, kuten edell\u00e4 totesimme, ett\u00e4 ev\u00e4steiden poistaminen tai niist\u00e4 kielt\u00e4ytyminen voi heikent\u00e4\u00e4 verkkosivustomme k\u00e4ytt\u00f6kokemusta.<br \/>\n<!-- br --><br \/>\nVoit lukea lis\u00e4tietoja seuraavista:<\/p>\n<ul>\n<li><a href=\"https:\/\/www.google.com\/intl\/en\/chrome\/privacy\/\" target=\"_blank\" rel=\"noopener noreferrer\">Google<\/a><\/li>\n<li><a href=\"https:\/\/support.mozilla.org\/en-US\/kb\/cookies-information-websites-store-on-your-computer?redirectlocale=en-US&#038;redirectslug=Cookies#w_cookie-settings\">Firefox<\/a><\/li>\n<li><a href=\"https:\/\/support.microsoft.com\/en-us\/help\/17442\/windows-internet-explorer-delete-manage-cookies\">Windows<\/a><\/li>\n<li><a href=\"https:\/\/www.apple.com\/safari\/#security\">Safari<\/a><\/li>\n<\/ul>\n<p><strong> <\/strong><br \/>\n<!-- br --><\/p>\n<div id=\"matomo-opt-out\"><\/div>\n<p><script src=\"https:\/\/analytics.youronlinechoices.com\/index.php?module=CoreAdminHome&#038;action=optOutJS&#038;divId=matomo-opt-out&#038;language=auto&#038;showIntro=1\"><\/script><\/p>\n<p><!-- br --><\/p>\n<p><strong>Ota meihin yhteytt\u00e4<\/strong><\/p>\n<p>&nbsp;<\/p>\n<p>Jos sinulle j\u00e4i viel\u00e4 kysytt\u00e4v\u00e4\u00e4 siit\u00e4, miten me k\u00e4sittelemme sinun henkil\u00f6tietojasi, tai jos haluat k\u00e4ytt\u00e4\u00e4 jotain t\u00e4ss\u00e4 selvityksess\u00e4 mainittua oikeuttasi, ota yhteytt\u00e4 seuraavaan osoitteeseen:<\/p>\n<p>&nbsp;<\/p>\n<p>EDAA | Rue des Deux Eglises 26 | 1000 | Bryssel| Belgia<\/p>\n<p>privacy [at] edaa.eu<\/p>\n","protected":false},"excerpt":{"rendered":"<p>Yksityisyytesi suoja Digitaalinen mainosala tukee t\u00e4t\u00e4 verkkosivustoa, ja sen hallinnoijana toimii Euroopan vuorovaikutteisen digitaalimainonnan liitto (EDAA). Olemme sitoutuneet kunnioittamaan ja suojelemaan kaikkien niiden henkil\u00f6iden yksityisyytt\u00e4, joiden kanssa olemme olleet tai olemme vuorovaikutuksessa nyt tai tulevaisuudessa. Osana t\u00e4t\u00e4 sitoumusta pyrimme tarjoamaan sinulle selv\u00e4\u00e4 tietoa niist\u00e4 henkil\u00f6tiedoista, joita meill\u00e4 on sinusta, sek\u00e4 muista tiedoista, joita saatamme ker\u00e4t\u00e4 [&hellip;]<\/p>\n","protected":false},"author":3,"featured_media":0,"parent":0,"menu_order":0,"comment_status":"closed","ping_status":"open","template":"","meta":[],"_links":{"self":[{"href":"https:\/\/www.youronlinechoices.com\/fi\/wp-json\/wp\/v2\/pages\/336"}],"collection":[{"href":"https:\/\/www.youronlinechoices.com\/fi\/wp-json\/wp\/v2\/pages"}],"about":[{"href":"https:\/\/www.youronlinechoices.com\/fi\/wp-json\/wp\/v2\/types\/page"}],"author":[{"embeddable":true,"href":"https:\/\/www.youronlinechoices.com\/fi\/wp-json\/wp\/v2\/users\/3"}],"replies":[{"embeddable":true,"href":"https:\/\/www.youronlinechoices.com\/fi\/wp-json\/wp\/v2\/comments?post=336"}],"version-history":[{"count":21,"href":"https:\/\/www.youronlinechoices.com\/fi\/wp-json\/wp\/v2\/pages\/336\/revisions"}],"predecessor-version":[{"id":507,"href":"https:\/\/www.youronlinechoices.com\/fi\/wp-json\/wp\/v2\/pages\/336\/revisions\/507"}],"wp:attachment":[{"href":"https:\/\/www.youronlinechoices.com\/fi\/wp-json\/wp\/v2\/media?parent=336"}],"curies":[{"name":"wp","href":"https:\/\/api.w.org\/{rel}","templated":true}]}}