{"id":23,"date":"2010-11-30T12:26:08","date_gmt":"2010-11-30T12:26:08","guid":{"rendered":"https:\/\/www.youronlinechoices.com\/fi"},"modified":"2014-11-18T11:45:27","modified_gmt":"2014-11-18T11:45:27","slug":"ohjesivu","status":"publish","type":"page","link":"https:\/\/www.youronlinechoices.com\/fi\/ohjesivu","title":{"rendered":"Ohjesivu"},"content":{"rendered":"<p><strong>T\u00e4ss\u00e4 muutamia asioita, jotka koskevat selaink\u00e4ytt\u00f6\u00f6n perustuvan kohdennetun mainonnan hallinnointitoimenpiteit\u00e4:<\/strong><br \/>\n<!-- br--><\/p>\n<ul>\n<li>Jos <span style=\"text-decoration: underline;\"><a href=\"omat-mainokset\">p\u00e4\u00e4t\u00e4t est\u00e4\u00e4<\/a><\/span> selaink\u00e4ytt\u00f6\u00f6n perustuvan kohdennetun mainonnan, on t\u00e4rke\u00e4\u00e4 muistaa, ettei se tarkoita, ettet saa en\u00e4\u00e4 ollenkaan mainoksia kun k\u00e4yt\u00e4t interneti\u00e4. Se tarkoittaa, ettei mainoksia ja niiden tarjoamia etuja voida r\u00e4\u00e4t\u00e4l\u00f6id\u00e4 sinulle mieleisiksi ja saattavat siksi jatkossa olla v\u00e4hemm\u00e4n kiinnostavia sinulle.<\/li>\n<\/ul>\n<p><!-- br--><br \/>\n<!-- br--><\/p>\n<ul>\n<li>Mik\u00e4li haluat est\u00e4\u00e4 tietyn selaink\u00e4ytt\u00f6\u00f6n perustuvan kohdennetun mainonnan palveluntarjoajan, koskee esto ainoastaan \u200b\u200bkyseisen yrityksen selaintietojen tiedonkeruuta sill\u00e4 selaimella, jota k\u00e4yt\u00e4t. Vaikka haluat est\u00e4\u00e4 kaikki selaink\u00e4ytt\u00f6\u00f6n perustuvan kohdennetun mainonnan palveluntarjoajat, koskee esto sit\u00e4 <span style=\"text-decoration: underline;\"><a href=\"sanasto\">selainta<\/a><\/span>, jota k\u00e4yt\u00e4t. N\u00e4in ollen kun haluat est\u00e4\u00e4 selaink\u00e4ytt\u00f6\u00f6n perustuvan kohdennetun mainonnan, <strong>tulee sinun est\u00e4\u00e4 haluamasi palveluntarjoajat kaikilla eri selaimilla, yhdess\u00e4 tai useammassa tietokoneessa tai laitteessa, joita k\u00e4yt\u00e4t. <\/strong>Huomaa, ett\u00e4 jos kotitaloudessasi on olemassa useita k\u00e4ytt\u00e4j\u00e4tilej\u00e4 samassa tietokoneessa, voit r\u00e4\u00e4t\u00e4l\u00f6id\u00e4 asetuksia jokaiselle tilille erikseen. Tutustu tarvittaessa <span style=\"text-decoration: underline;\"><a href=\"viisi-vinkkia\">lis\u00e4tietoihin<\/a><\/span>.<\/li>\n<\/ul>\n<p><!-- br--><br \/>\n<!-- br--><\/p>\n<ul>\n<li>Mik\u00e4li olet est\u00e4nyt (opt out) selaink\u00e4ytt\u00f6\u00f6n perustuvan kohdennetun mainonnan ja haluat jatkossa mieluummin vastaanottaa sinulle mielenkiintoisempaa mainontaa, voit sallia (opt in) ne uudestaan k\u00e4ytt\u00e4m\u00e4ll\u00e4 <span style=\"text-decoration: underline;\"><a href=\"omat-mainokset\">samaa lomaketta<\/a><\/span>. Vaihtoehtoisesti voit poistaa ev\u00e4steet selaimessasi. Tutustu tarvittaessa <span style=\"text-decoration: underline;\"><a href=\"viisi-vinkkia\">lis\u00e4tietoihin<\/a><\/span>.<\/li>\n<li>Jos sinulla ilmenee vaikeuksia, katso ohjeet alla.<\/li>\n<\/ul>\n<p><!-- br--><br \/>\n<strong>Onko sinulla haasteita tarjoamamme esto-ty\u00f6kalun kanssa?<\/strong><br \/>\n<!-- br--><\/p>\n<ul>\n<li>On olemassa useita tekij\u00f6it\u00e4, jotka saattavat vaikuttaa estosivun suorituskykyyn, ja joihin emme voi vaikuttaa. T\u00e4llaisia ovat ongelmat, jotka liittyv\u00e4t internet-yhteyteen, yritysten tietoturvaan tai internet-selaimen asetuksiin.<\/li>\n<p><!-- br--><\/p>\n<li>Mik\u00e4li selaink\u00e4ytt\u00f6\u00f6n perustuvan kohdennetun mainonnan est\u00e4minen ei v\u00e4litt\u00f6m\u00e4sti onnistu, suosittelemme kokeilemaan <span style=\"text-decoration: underline;\"><a href=\"omat-mainokset\">uudestaan<\/a><\/span>.<\/li>\n<\/ul>\n<p><!-- br--><br \/>\n<strong>Jos sinulla edelleen ilmenee toistuvia vaikeuksia, katso ohjeet alla. <\/strong><br \/>\n<!-- br--><\/p>\n<ul>\n<li>Tarjolla olevat esto-ty\u00f6kalut perustuvat internet-selaimen ev\u00e4steisiin. N\u00e4in ollen sinun tulee asetuksissa m\u00e4\u00e4ritt\u00e4\u00e4 selaimesi hyv\u00e4ksym\u00e4\u00e4n kolmannen osapuolen ev\u00e4steet, jotta esto (opt out) -toiminto toimii onnistuneesti. Tutustu <span style=\"text-decoration: underline;\"><a href=\"viisi-vinkkia\">vinkkeihimme<\/a><\/span> selvitt\u00e4\u00e4ksesi tarkemmin yksityisyytt\u00e4 koskevien asetusten m\u00e4\u00e4ritt\u00e4mist\u00e4 k\u00e4yt\u00f6ss\u00e4 olevalla selaimellasi.<\/li>\n<p><!-- br--><br \/>\n<!-- br--><\/p>\n<li>Lis\u00e4tietoja ja apua l\u00f6yd\u00e4t my\u00f6s selainkohtaisilta sivuilta:\u00a0<a href=\"http:\/\/support.microsoft.com\/kb\/283185\">Internet Explorer<\/a>,\u00a0<a href=\"http:\/\/support.mozilla.com\/en-US\/kb\/Options+window+-+Privacy+panel\">Firefox<\/a>,\u00a0<a href=\"http:\/\/docs.info.apple.com\/article.html?path=Safari\/3.0\/en\/9277.html\">Safari<\/a>\u00a0and\u00a0<a href=\"http:\/\/www.google.com\/support\/chrome\/bin\/answer.py?hl=en&amp;answer=95647\">Chrome<\/a>.<\/li>\n<\/ul>\n<p><!-- br--><br \/>\n<!-- br--><\/p>\n<ul>\n<li>Jos vaikeudet kaikista toimenpiteist\u00e4 huolimatta jatkuvat, voit my\u00f6s ottaa yhteytt\u00e4\u00a0<a href=\"mailto:palaute@iab.fi\">meihin<\/a>.<span style=\"text-decoration: underline;\"><br \/>\n<\/span><\/li>\n<\/ul>\n<p><!-- br--><br \/>\n<!-- br--><\/p>\n","protected":false},"excerpt":{"rendered":"<p>T\u00e4ss\u00e4 muutamia asioita, jotka koskevat selaink\u00e4ytt\u00f6\u00f6n perustuvan kohdennetun mainonnan hallinnointitoimenpiteit\u00e4: Jos p\u00e4\u00e4t\u00e4t est\u00e4\u00e4 selaink\u00e4ytt\u00f6\u00f6n perustuvan kohdennetun mainonnan, on t\u00e4rke\u00e4\u00e4 muistaa, ettei se tarkoita, ettet saa en\u00e4\u00e4 ollenkaan mainoksia kun k\u00e4yt\u00e4t interneti\u00e4. Se tarkoittaa, ettei mainoksia ja niiden tarjoamia etuja voida r\u00e4\u00e4t\u00e4l\u00f6id\u00e4 sinulle mieleisiksi ja saattavat siksi jatkossa olla v\u00e4hemm\u00e4n kiinnostavia sinulle. Mik\u00e4li haluat est\u00e4\u00e4 tietyn [&hellip;]<\/p>\n","protected":false},"author":3,"featured_media":0,"parent":0,"menu_order":11,"comment_status":"closed","ping_status":"closed","template":"","meta":[],"_links":{"self":[{"href":"https:\/\/www.youronlinechoices.com\/fi\/wp-json\/wp\/v2\/pages\/23"}],"collection":[{"href":"https:\/\/www.youronlinechoices.com\/fi\/wp-json\/wp\/v2\/pages"}],"about":[{"href":"https:\/\/www.youronlinechoices.com\/fi\/wp-json\/wp\/v2\/types\/page"}],"author":[{"embeddable":true,"href":"https:\/\/www.youronlinechoices.com\/fi\/wp-json\/wp\/v2\/users\/3"}],"replies":[{"embeddable":true,"href":"https:\/\/www.youronlinechoices.com\/fi\/wp-json\/wp\/v2\/comments?post=23"}],"version-history":[{"count":28,"href":"https:\/\/www.youronlinechoices.com\/fi\/wp-json\/wp\/v2\/pages\/23\/revisions"}],"predecessor-version":[{"id":435,"href":"https:\/\/www.youronlinechoices.com\/fi\/wp-json\/wp\/v2\/pages\/23\/revisions\/435"}],"wp:attachment":[{"href":"https:\/\/www.youronlinechoices.com\/fi\/wp-json\/wp\/v2\/media?parent=23"}],"curies":[{"name":"wp","href":"https:\/\/api.w.org\/{rel}","templated":true}]}}