{"id":2,"date":"2010-06-18T20:51:35","date_gmt":"2010-06-18T20:51:35","guid":{"rendered":"https:\/\/www.youronlinechoices.com\/fi\/?page_id=2"},"modified":"2014-11-18T11:42:20","modified_gmt":"2014-11-18T11:42:20","slug":"about","status":"publish","type":"page","link":"https:\/\/www.youronlinechoices.com\/fi\/","title":{"rendered":"Etusivu"},"content":{"rendered":"<div class=\"homeBlocks mb20\">\n<div class=\"tacenter mt10\">\n<div class=\"iblock cell fleft redbg\">\n   <a href=\"https:\/\/www.youronlinechoices.com\/fi\/tietoa-selainkayttoon-perustuvasta-mainonnasta\" title=\"Tietoa selaink\u00e4ytt\u00f6\u00f6n perustuvasta mainonnasta\"><span class=\"icon about\"><\/span><\/a><br \/>\n<label><a href=\"https:\/\/www.youronlinechoices.com\/fi\/tietoa-selainkayttoon-perustuvasta-mainonnasta\">Tietoa selaink\u00e4ytt\u00f6\u00f6n perustuvasta mainonnasta<\/a><\/label>\n  <\/div>\n<div class=\"iblock cell redbg\">\n    <a href=\"https:\/\/www.youronlinechoices.com\/fi\/omat-mainokset\" title=\"Omat mainokset\"><span class=\"icon adchoices\"><\/span><\/a><br \/>\n    <label><a href=\"https:\/\/www.youronlinechoices.com\/fi\/omat-mainokset\">Omat mainokset<\/a><\/label>\n   <\/div>\n<div class=\"iblock cell fright redbg\">\n    <a href=\"https:\/\/www.youronlinechoices.com\/fi\/viisi-vinkkia\" title=\"Viisi vinkki\u00e4\"><span class=\"icon toptips\"><\/span><\/a><br \/>\n    <label><a href=\"https:\/\/www.youronlinechoices.com\/fi\/viisi-vinkkia\">Viisi vinkki\u00e4<\/a><\/label>\n   <\/div>\n<\/p><\/div>\n<div class=\"tacenter mt10\">\n<div class=\"iblock cell fleft\">\n   <a href=\"https:\/\/www.youronlinechoices.com\/fi\/usein-kysytyt-kysymykset\" title=\"Usein kysytyt kysymykset\"><span class=\"icon faq\"><\/span><\/a><br \/>\n   <label><a href=\"https:\/\/www.youronlinechoices.com\/fi\/usein-kysytyt-kysymykset\">Usein kysytyt kysymykset<\/a><\/label>\n  <\/div>\n<div class=\"iblock cell\">\n   <a href=\"https:\/\/www.youronlinechoices.com\/fi\/sanasto\" title=\"Sanasto\"><span class=\"icon jargon\"><\/span><\/a><br \/>\n   <label><a href=\"https:\/\/www.youronlinechoices.com\/fi\/sanasto\">Sanasto<\/a><\/label>\n  <\/div>\n<div class=\"iblock cell fright\">\n   <a href=\"https:\/\/www.youronlinechoices.com\/fi\/ohjesivu\" title=\"Ohjesivu\"><span class=\"icon help\"><\/span><\/a><br \/>\n   <label><a href=\"https:\/\/www.youronlinechoices.com\/fi\/ohjesivu\">Ohjesivu<\/a><\/label>\n  <\/div>\n<\/p><\/div>\n<div class=\"tacenter mt10\">\n<div class=\"iblock cell fleft\">\n   <a href=\"https:\/\/www.youronlinechoices.com\/fi\/hyodyllinen-video\" title=\"Hy\u00f6dyllinen video\"><span class=\"icon videos\"><\/span><\/a><br \/>\n   <label><a href=\"https:\/\/www.youronlinechoices.com\/fi\/hyodyllinen-video\">Hy\u00f6dyllinen video<\/a><\/label>\n  <\/div>\n<div class=\"iblock cell\">\n    <a href=\"https:\/\/www.youronlinechoices.com\/fi\/tee-ilmoitus\" title=\"Tee ilmoitus\"><span class=\"icon complaints\"><\/span><\/a><br \/>\n    <label><a href=\"https:\/\/www.youronlinechoices.com\/fi\/tee-ilmoitus\">Tee ilmoitus<\/a><\/label>\n  <\/div>\n<div class=\"iblock cell fright\" style=\"background: none;\"><\/div>\n<\/p><\/div>\n<\/div>\n","protected":false},"excerpt":{"rendered":"<p>Tietoa selaink\u00e4ytt\u00f6\u00f6n perustuvasta mainonnasta Omat mainokset Viisi vinkki\u00e4 Usein kysytyt kysymykset Sanasto Ohjesivu Hy\u00f6dyllinen video Tee ilmoitus<\/p>\n","protected":false},"author":3,"featured_media":0,"parent":0,"menu_order":1,"comment_status":"closed","ping_status":"open","template":"","meta":[],"_links":{"self":[{"href":"https:\/\/www.youronlinechoices.com\/fi\/wp-json\/wp\/v2\/pages\/2"}],"collection":[{"href":"https:\/\/www.youronlinechoices.com\/fi\/wp-json\/wp\/v2\/pages"}],"about":[{"href":"https:\/\/www.youronlinechoices.com\/fi\/wp-json\/wp\/v2\/types\/page"}],"author":[{"embeddable":true,"href":"https:\/\/www.youronlinechoices.com\/fi\/wp-json\/wp\/v2\/users\/3"}],"replies":[{"embeddable":true,"href":"https:\/\/www.youronlinechoices.com\/fi\/wp-json\/wp\/v2\/comments?post=2"}],"version-history":[{"count":38,"href":"https:\/\/www.youronlinechoices.com\/fi\/wp-json\/wp\/v2\/pages\/2\/revisions"}],"predecessor-version":[{"id":430,"href":"https:\/\/www.youronlinechoices.com\/fi\/wp-json\/wp\/v2\/pages\/2\/revisions\/430"}],"wp:attachment":[{"href":"https:\/\/www.youronlinechoices.com\/fi\/wp-json\/wp\/v2\/media?parent=2"}],"curies":[{"name":"wp","href":"https:\/\/api.w.org\/{rel}","templated":true}]}}