{"id":19,"date":"2010-11-30T12:19:14","date_gmt":"2010-11-30T12:19:14","guid":{"rendered":"https:\/\/www.youronlinechoices.com\/fi"},"modified":"2014-11-18T11:45:04","modified_gmt":"2014-11-18T11:45:04","slug":"sanasto","status":"publish","type":"page","link":"https:\/\/www.youronlinechoices.com\/fi\/sanasto","title":{"rendered":"Sanasto"},"content":{"rendered":"<p>Opas selaink\u00e4ytt\u00f6\u00f6n perustuvan mainonnan t\u00e4rkeimpiin k\u00e4sitteisiin.<br \/>\n<!-- br--><br \/>\n<span style=\"color: #000000; font-size: medium;\"><strong> <strong>Mainosverkosto<\/strong><\/strong><\/span><br \/>\n<!-- br--><br \/>\nYritys, joka yhdist\u00e4\u00e4 verkkosivustoja ja mainostajia.<br \/>\n<!-- br--><br \/>\n<!-- br--><\/p>\n<ul>\n<li>My\u00f6s:\u00a0<strong>mainontaverkosto<\/strong><\/li>\n<p>\t<!-- \n\n<li><a href=\"http:\/\/en.wikipedia.org\/wiki\/Advertising_network\" target=\"_self\">Kuvaus Wikipediassa (englanniksi)<\/a><\/li>\n\n-->\n<\/ul>\n<p><!-- br--><br \/>\n<span style=\"color: #000000; font-size: medium;\"><strong> <strong>Ev\u00e4ste<\/strong><\/strong><\/span><br \/>\n<!-- br--><br \/>\nEv\u00e4ste on pieni kirjaimia ja numeroita sis\u00e4lt\u00e4v\u00e4 tiedosto, joka tallentuu tietokoneellesi vieraillessasi tietyill\u00e4 verkkosivustoilla. Verkkosivustot k\u00e4ytt\u00e4v\u00e4t ev\u00e4steit\u00e4 k\u00e4ytt\u00e4j\u00e4n tietokoneen tunnistamiseen. Itse ev\u00e4steet eiv\u00e4t sis\u00e4ll\u00e4 tai ker\u00e4\u00e4 tietoja. Selaink\u00e4ytt\u00f6\u00f6n perustuvassa mainonnassa ev\u00e4steiden avulla tunnistetaan k\u00e4ytt\u00e4j\u00e4t, joilla on samat mielenkiinnon kohteet, jotta heille voidaan n\u00e4ytt\u00e4\u00e4 kohdennettuja mainoksia.<br \/>\n<!-- br--><br \/>\n<!-- br--><\/p>\n<ul>\n<li>My\u00f6s:\u00a0<strong>cookie<\/strong>\u00a0tai\u00a0<strong>keksi<\/strong><\/li>\n<p>\t<!-- \n\n<li><span style=\"text-decoration: underline;\"><a href=\"http:\/\/fi.wikipedia.org\/wiki\/Ev%C3%A4ste\">Kuvaus Wikipediassa<\/a><\/span><\/li>\n\n-->\n<\/ul>\n<p><!-- br--><br \/>\n<span style=\"color: #000000; font-size: medium;\"><strong> <strong>Kontekstipohjainen mainonta<\/strong><\/strong><\/span><br \/>\n<!-- br--><br \/>\nTietylle yksil\u00f6lle verkkosivustolla vierailun yhteydess\u00e4 kohdennettu mainonta. Sivun sis\u00e4ll\u00f6st\u00e4 riippuvien mainosten n\u00e4ytt\u00e4miseen k\u00e4ytet\u00e4\u00e4n automaattisia j\u00e4rjestelmi\u00e4. Esimerkiksi elokuva-arvosteluja sis\u00e4lt\u00e4v\u00e4ll\u00e4 verkkosivustolla k\u00e4ytt\u00e4j\u00e4lle saatetaan n\u00e4ytt\u00e4\u00e4 mainoksia elokuvien ensi-illoista, DVD-uutuuksista tai elokuva-aiheisista tuotteista. My\u00f6s hakukoneet k\u00e4ytt\u00e4v\u00e4t kontekstipohjaista mainontaa n\u00e4ytt\u00e4m\u00e4ll\u00e4 hakutulossivulla hakusanoihin perustuvia mainoksia.<\/p>\n<ul>\n\t<!-- \n\n<li><a href=\"http:\/\/en.wikipedia.org\/wiki\/Contextual_advertising\" target=\"_self\">Kuvaus Wikipediassa (englanniksi)<\/a><\/li>\n\n-->\n<\/ul>\n<p><!-- br--><br \/>\n<span style=\"color: #000000; font-size: medium;\"><strong> <strong>Bannerimainonta<\/strong><\/strong><\/span><br \/>\n<!-- br--><br \/>\nK\u00e4ytt\u00e4jille verkkosivustoilla n\u00e4ytett\u00e4v\u00e4t vakiokokoiset mainokset. Bannerimainokset ovat yleens\u00e4 kuvia tai videoita. Bannerimainoksella tarkoitetaan t\u00e4ss\u00e4 kaikkea n\u00e4ytt\u00f6\/displaymainontaa.<br \/>\n<!-- br--><br \/>\n<!-- br--><\/p>\n<ul>\n<li>My\u00f6s:\u00a0<strong>verkkobanneri<\/strong><\/li>\n<p><!-- br--><br \/>\n\t<!-- \n\n<li><a href=\"http:\/\/fi.wikipedia.org\/wiki\/Bannerimainonta\">Kuvaus Wikipediassa<\/a><\/li>\n\n-->\n<\/ul>\n<p><!-- br--><br \/>\n<span style=\"color: #000000; font-size: medium;\"><strong> <strong>Selaink\u00e4ytt\u00f6\u00f6n perustuva verkkomainonta<\/strong><\/strong><\/span><br \/>\n<!-- br--><br \/>\nKeino tarjota r\u00e4\u00e4t\u00e4l\u00f6ityj\u00e4 mainoksia hy\u00f6dynt\u00e4m\u00e4ll\u00e4 selaink\u00e4ytt\u00f6\u00f6n liittyvi\u00e4 tietoja.<br \/>\n<!-- br--><br \/>\n<!-- br--><\/p>\n<ul>\n<li>My\u00f6s:\u00a0<strong>selaink\u00e4ytt\u00f6\u00f6n perustuva kohdentaminen<\/strong>,\u00a0<strong>kiinnostuksen kohteisiin perustuva mainonta<\/strong><\/li>\n<p><!-- br--><br \/>\n\t<!-- \n\n<li><a href=\"http:\/\/en.wikipedia.org\/wiki\/Behavioral_advertising\" target=\"_self\">Kuvaus Wikipediassa (englanniksi)<\/a><\/li>\n\n-->\n<\/ul>\n<p><!-- br--><br \/>\n<span style=\"color: #000000; font-size: medium;\"><strong> <strong>Kielto-oikeus<\/strong><\/strong><\/span><br \/>\n<!-- br--><br \/>\nKielto-oikeus antaa yksil\u00f6ille mahdollisuuden kielt\u00e4\u00e4, est\u00e4\u00e4 tai v\u00e4ltt\u00e4\u00e4 ei-toivottujen tuote- tai palvelutietojen vastaanottaminen. T\u00e4ss\u00e4 tapauksessa<strong>\u00a0<\/strong>kielto koskee selainhistorian perusteella kohdennettua mainontaa. Kiell\u00e4 IAB:n laatimia selaink\u00e4ytt\u00f6\u00f6n perustuvan mainonnan hyvi\u00e4 tapoja noudattavia yrityksi\u00e4 tarjoamasta sinulle selaink\u00e4ytt\u00f6\u00f6n perustuvaa mainontaa\u00a0<a href=\"omat-mainokset\">napsauttamalla t\u00e4st\u00e4<\/a>.<\/p>\n<ul>\n\t<!-- \n\n<li><a href=\"http:\/\/en.wikipedia.org\/wiki\/Personally_identifiable_information\" target=\"_self\">Kuvaus Wikipediassa (englanniksi)<\/a><\/li>\n\n-->\n<\/ul>\n<p><!-- br--><br \/>\n<span style=\"color: #000000; font-size: medium;\"><strong> <strong>Henkil\u00f6tiedot<\/strong><\/strong><\/span><br \/>\n<!-- br--><br \/>\nHenkil\u00f6tiedot ovat tietoja, joita voidaan sellaisenaan tai muiden tietojen kanssa k\u00e4ytt\u00e4\u00e4 yksil\u00f6n tunnistamiseen. T\u00e4llaisia tietoja ovat muun muassa nimi, kotiosoite, s\u00e4hk\u00f6postiosoite ja puhelinnumero. Henkil\u00f6tiedoiksi luokiteltavat tiedot on m\u00e4\u00e4ritelty EU-direktiiviss\u00e4 95\/46\/EY.<br \/>\n<!-- br--><br \/>\n<!-- br--><\/p>\n<ul>\n<li>My\u00f6s:\u00a0<strong>yksil\u00f6intitiedot<\/strong><\/li>\n<p><!-- br--><\/p>\n<li>My\u00f6s:\u00a0<strong>allekirjoittajat<\/strong><\/li>\n<p>\t<!-- \n\n<li><a href=\"http:\/\/en.wikipedia.org\/wiki\/Targeted_advertising\" target=\"_self\">Kuvaus Wikipediassa (englanniksi)<\/a><\/li>\n\n-->\n<\/ul>\n<p><!-- br--><br \/>\n<!-- br--><br \/>\n<span style=\"color: #000000; font-size: medium;\"><strong> <strong>Kohdennettu mainonta<\/strong><\/strong><\/span><br \/>\n<!-- br--><br \/>\n<!-- br--><br \/>\nTietylle k\u00e4ytt\u00e4j\u00e4ryhm\u00e4lle esimerkiksi v\u00e4est\u00f6tietojen tai paikannustietojen perusteella kohdistettu mainonta.<br \/>\n<!-- br--><br \/>\n<!-- br--><\/p>\n<ul>\n<li>My\u00f6s:\u00a0<strong>kohdistettu<\/strong>\u00a0tai\u00a0<strong>r\u00e4\u00e4t\u00e4l\u00f6ity mainonta<\/strong><\/li>\n<p>\t<!-- \n\n<li><span style=\"text-decoration: underline;\"><a href=\"http:\/\/en.wikipedia.org\/wiki\/Targeted_advertising\">Kuvaus Wikipediassa (englanniksi)<\/a><\/span><\/li>\n\n-->\n<\/ul>\n<p><!-- br--><br \/>\n<span style=\"color: #000000; font-size: medium;\"><strong> <strong> <strong>Verkkoselain<\/strong><\/strong><\/strong><\/span><br \/>\n<!-- br--><br \/>\nTietokoneohjelma, jonka avulla voi katsella WWW-sivuilta l\u00f6ytyvi\u00e4 tietoja vakiomuodossa. Verkkoselaimia ovat muun muassa Internet Explorer, Firefox, Chrome, Safari ja Opera.<\/p>\n<ul>\n\t<!-- \n\n<li><a href=\"http:\/\/en.wikipedia.org\/wiki\/Web_browser\" target=\"_self\">Kuvaus Wikipediassa (englanniksi)<\/a><\/li>\n\n-->\n<\/ul>\n<p><!-- br--><br \/>\n<!-- br--><\/p>\n","protected":false},"excerpt":{"rendered":"<p>Opas selaink\u00e4ytt\u00f6\u00f6n perustuvan mainonnan t\u00e4rkeimpiin k\u00e4sitteisiin. Mainosverkosto Yritys, joka yhdist\u00e4\u00e4 verkkosivustoja ja mainostajia. My\u00f6s:\u00a0mainontaverkosto Ev\u00e4ste Ev\u00e4ste on pieni kirjaimia ja numeroita sis\u00e4lt\u00e4v\u00e4 tiedosto, joka tallentuu tietokoneellesi vieraillessasi tietyill\u00e4 verkkosivustoilla. Verkkosivustot k\u00e4ytt\u00e4v\u00e4t ev\u00e4steit\u00e4 k\u00e4ytt\u00e4j\u00e4n tietokoneen tunnistamiseen. Itse ev\u00e4steet eiv\u00e4t sis\u00e4ll\u00e4 tai ker\u00e4\u00e4 tietoja. Selaink\u00e4ytt\u00f6\u00f6n perustuvassa mainonnassa ev\u00e4steiden avulla tunnistetaan k\u00e4ytt\u00e4j\u00e4t, joilla on samat mielenkiinnon kohteet, jotta [&hellip;]<\/p>\n","protected":false},"author":3,"featured_media":0,"parent":0,"menu_order":10,"comment_status":"closed","ping_status":"closed","template":"","meta":[],"_links":{"self":[{"href":"https:\/\/www.youronlinechoices.com\/fi\/wp-json\/wp\/v2\/pages\/19"}],"collection":[{"href":"https:\/\/www.youronlinechoices.com\/fi\/wp-json\/wp\/v2\/pages"}],"about":[{"href":"https:\/\/www.youronlinechoices.com\/fi\/wp-json\/wp\/v2\/types\/page"}],"author":[{"embeddable":true,"href":"https:\/\/www.youronlinechoices.com\/fi\/wp-json\/wp\/v2\/users\/3"}],"replies":[{"embeddable":true,"href":"https:\/\/www.youronlinechoices.com\/fi\/wp-json\/wp\/v2\/comments?post=19"}],"version-history":[{"count":25,"href":"https:\/\/www.youronlinechoices.com\/fi\/wp-json\/wp\/v2\/pages\/19\/revisions"}],"predecessor-version":[{"id":434,"href":"https:\/\/www.youronlinechoices.com\/fi\/wp-json\/wp\/v2\/pages\/19\/revisions\/434"}],"wp:attachment":[{"href":"https:\/\/www.youronlinechoices.com\/fi\/wp-json\/wp\/v2\/media?parent=19"}],"curies":[{"name":"wp","href":"https:\/\/api.w.org\/{rel}","templated":true}]}}