{"id":184,"date":"2011-03-07T14:48:17","date_gmt":"2011-03-07T14:48:17","guid":{"rendered":"https:\/\/www.youronlinechoices.com\/fi\/?page_id=184"},"modified":"2015-05-14T12:17:24","modified_gmt":"2015-05-14T12:17:24","slug":"omat-mainokset","status":"publish","type":"page","link":"https:\/\/www.youronlinechoices.com\/fi\/omat-mainokset","title":{"rendered":"Omat mainokset"},"content":{"rendered":"<div class=\"mb10\">\n<p>Alla on lueteltu yrityksi\u00e4, jotka ker\u00e4\u00e4v\u00e4t ja k\u00e4ytt\u00e4v\u00e4t verkkosivustojen yll\u00e4pit\u00e4jien kanssa tietoja selaink\u00e4ytt\u00f6\u00f6n perustuvaa verkkomainontaa varten.<\/p>\n<p>Alla olevilla painikkeilla voit hallita selaink\u00e4ytt\u00f6\u00f6n perustuvaan verkkomainontaan liittyvi\u00e4 asetuksia. Voit kielt\u00e4\u00e4 tai sallia joko kaikkien tai yksitt\u00e4isten yritysten kohdentaman mainonnan. Napsauttamalla <img src=\"https:\/\/www.youronlinechoices.com\/wp-content\/plugins\/optout\/css\/images\/info.gif\" alt=\"\"> saat lis\u00e4tietoa itse yrityksest\u00e4 ja yrityksen tarjoaman selaink\u00e4ytt\u00f6\u00f6n perustuvan verkkomainonnan tilasta k\u00e4ytt\u00e4m\u00e4ll\u00e4si verkkoselaimella. Mik\u00e4li mainosten kielt\u00e4minen tai salliminen ei onnistu, siirry <a href=\"https:\/\/www.youronlinechoices.com\/fi\/ohjesivu\">ohjesivullemme<\/a>.<\/p>\n<\/div>\n<div class=\"liteyellowbg p10\">\n<div class=\"bbsolid bcdarkyellow pb10 mb10\">\n<div class=\"fleft pt10 pl5 pr10\"><img class=\"block attention\" src=\"https:\/\/www.youronlinechoices.com\/images\/pixel.png\" alt=\"\" \/><\/div>\n<\/div>\n<div class=\"pl40 pt10 pb10\">\n<p><strong class=\"block mb5\">Symbolien selitykset:<\/strong><\/p>\n<div>\n<div class=\"block mb10\"><img class=\"iblock mr5 legend nocookie vamiddle\" src=\"https:\/\/www.youronlinechoices.com\/images\/pixel.png\" alt=\"\" \/><span class=\"iblock w530 vamiddle\">Yritys ei k\u00e4yt\u00e4 t\u00e4ll\u00e4 hetkell\u00e4 ev\u00e4steit\u00e4, mutta se on mahdollista tulevaisuudessa.<\/span><\/div>\n<div class=\"block mb10\"><img class=\"iblock vamiddle mr5 legend on\" src=\"https:\/\/www.youronlinechoices.com\/images\/pixel.png\" alt=\"\" \/><span class=\"iblock w530 vamiddle\">Salli t\u00e4m\u00e4n yrityksen kohdennetut mainokset.<\/span><\/div>\n<div class=\"block mb10\"><img class=\"iblock vamiddle mr5 legend off\" src=\"https:\/\/www.youronlinechoices.com\/images\/pixel.png\" alt=\"\" \/><span class=\"iblock w530 vamiddle\">Kiell\u00e4 t\u00e4m\u00e4n yrityksen kohdennetut mainokset.<\/span><\/div>\n<div class=\"block\"><img class=\"iblock vamiddle mr5 legend noconnection\" src=\"https:\/\/www.youronlinechoices.com\/images\/pixel.png\" alt=\"\" \/><span class=\"iblock w530 vamiddle\">Yrityksell\u00e4 on tekninen ongelma, emmek\u00e4 voi p\u00e4ivitt\u00e4\u00e4 asetuksiasi.<\/span><\/div>\n<\/div>\n<\/div>\n<\/div>\n<div>\n<p><iframe loading=\"lazy\" width=\"100%\" height=\"3700\" id=\"myiframeid\" name=\"myiframeid\" src=\"https:\/\/www.youronlinechoices.com\/opt_out_interface_v2?lang=fi\" scrolling=\"no\" frameborder=\"0\" onload=\"\"><\/iframe><\/p>\n<div id=\"loadingLoad\">\n<div class=\"reloadButtons\"> aaa <\/div>\n<p><span id=\"loadingLoadText\">82<\/span>\n<\/div>\n<\/div>\n","protected":false},"excerpt":{"rendered":"<p>Alla on lueteltu yrityksi\u00e4, jotka ker\u00e4\u00e4v\u00e4t ja k\u00e4ytt\u00e4v\u00e4t verkkosivustojen yll\u00e4pit\u00e4jien kanssa tietoja selaink\u00e4ytt\u00f6\u00f6n perustuvaa verkkomainontaa varten. Alla olevilla painikkeilla voit hallita selaink\u00e4ytt\u00f6\u00f6n perustuvaan verkkomainontaan liittyvi\u00e4 asetuksia. Voit kielt\u00e4\u00e4 tai sallia joko kaikkien tai yksitt\u00e4isten yritysten kohdentaman mainonnan. Napsauttamalla saat lis\u00e4tietoa itse yrityksest\u00e4 ja yrityksen tarjoaman selaink\u00e4ytt\u00f6\u00f6n perustuvan verkkomainonnan tilasta k\u00e4ytt\u00e4m\u00e4ll\u00e4si verkkoselaimella. Mik\u00e4li mainosten kielt\u00e4minen tai [&hellip;]<\/p>\n","protected":false},"author":3,"featured_media":0,"parent":0,"menu_order":3,"comment_status":"closed","ping_status":"open","template":"","meta":[],"_links":{"self":[{"href":"https:\/\/www.youronlinechoices.com\/fi\/wp-json\/wp\/v2\/pages\/184"}],"collection":[{"href":"https:\/\/www.youronlinechoices.com\/fi\/wp-json\/wp\/v2\/pages"}],"about":[{"href":"https:\/\/www.youronlinechoices.com\/fi\/wp-json\/wp\/v2\/types\/page"}],"author":[{"embeddable":true,"href":"https:\/\/www.youronlinechoices.com\/fi\/wp-json\/wp\/v2\/users\/3"}],"replies":[{"embeddable":true,"href":"https:\/\/www.youronlinechoices.com\/fi\/wp-json\/wp\/v2\/comments?post=184"}],"version-history":[{"count":24,"href":"https:\/\/www.youronlinechoices.com\/fi\/wp-json\/wp\/v2\/pages\/184\/revisions"}],"predecessor-version":[{"id":445,"href":"https:\/\/www.youronlinechoices.com\/fi\/wp-json\/wp\/v2\/pages\/184\/revisions\/445"}],"wp:attachment":[{"href":"https:\/\/www.youronlinechoices.com\/fi\/wp-json\/wp\/v2\/media?parent=184"}],"curies":[{"name":"wp","href":"https:\/\/api.w.org\/{rel}","templated":true}]}}