{"id":12,"date":"2010-11-30T11:58:27","date_gmt":"2010-11-30T11:58:27","guid":{"rendered":"https:\/\/www.youronlinechoices.com\/fi"},"modified":"2015-09-10T10:53:57","modified_gmt":"2015-09-10T10:53:57","slug":"viisi-vinkkia","status":"publish","type":"page","link":"https:\/\/www.youronlinechoices.com\/fi\/viisi-vinkkia","title":{"rendered":"Viisi vinkki\u00e4"},"content":{"rendered":"<p>N\u00e4iden viiden vinkin avulla voi suojata yksityisyytt\u00e4\u00e4n verkossa.<\/p>\n<table border=\"0\">\n<tbody>\n<tr>\n<td><img loading=\"lazy\" class=\"alignnone size-full wp-image-473\" title=\"Number-1-blue_4076\" src=\"https:\/\/youronlinechoices.com\/wp-content\/uploads\/2009\/08\/Number-1-blue_4076.jpg\" alt=\"Number-1-blue_4076\" width=\"80\" height=\"80\" \/><\/td>\n<td><span style=\"color: #000; font-size: medium;\"><strong> <strong>\u00c4l\u00e4 hermoile<\/strong><\/strong><\/span><br \/>\nSelaink\u00e4ytt\u00f6\u00f6n perustuva verkkomainonta on turvallista ja avointa. Mainostajat eiv\u00e4t tied\u00e4 henkil\u00f6llisyytt\u00e4si, koska sinua ei voida tunnistaa ker\u00e4tt\u00e4vien tietojen avulla. Tiedot perustuvat selaimen k\u00e4ytt\u00f6historiaan, ja niiden avulla sinulle voidaan n\u00e4ytt\u00e4\u00e4 mainoksia, jotka saattavat kiinnostaa sinua.\u00a0<a href=\"tietoa-kayttaytymiseen-perustuvasta-mainonnasta\">Tutustu selaink\u00e4ytt\u00f6\u00f6n perustuvaan mainontaan.<\/a><\/td>\n<td><\/td>\n<\/tr>\n<tr>\n<td><img loading=\"lazy\" class=\"alignnone size-full wp-image-474\" title=\"number-3-pink_4077\" src=\"https:\/\/youronlinechoices.com\/wp-content\/uploads\/2009\/08\/number-3-pink_4077.jpg\" alt=\"number-3-pink_4077\" width=\"80\" height=\"80\" \/><\/td>\n<td><span style=\"color: #000; font-size: medium;\"><strong> <strong>Etsi verkkosivustolta selaink\u00e4ytt\u00f6\u00f6n perustuvaa mainontaa koskevia tietoja.<\/strong><\/strong><\/span><br \/>\nJos sivustolla n\u00e4ytet\u00e4\u00e4n selaink\u00e4ytt\u00f6\u00f6n perustuvia mainoksia, sivustolta pit\u00e4isi l\u00f6yty\u00e4 tietoa siit\u00e4, mit\u00e4 tietoja tarkoitukseen ker\u00e4t\u00e4\u00e4n ja miten niit\u00e4 k\u00e4ytet\u00e4\u00e4n ja vastaako tietojen ker\u00e4\u00e4misest\u00e4 verkkosivuston yll\u00e4pit\u00e4j\u00e4 vai kolmas osapuoli (esim. mainosverkosto).<\/td>\n<\/tr>\n<tr>\n<td><img loading=\"lazy\" class=\"alignnone size-full wp-image-471\" title=\"three_4191\" src=\"https:\/\/youronlinechoices.com\/wp-content\/uploads\/2009\/08\/three_4191.jpg\" alt=\"three_4191\" width=\"80\" height=\"80\" \/><\/td>\n<td><a name=\"6\"><\/a><br \/>\nSelaink\u00e4ytt\u00f6\u00f6n perustuvaa mainontaa tarjoavilta yrityksilt\u00e4 saa my\u00f6s lis\u00e4tietoa siit\u00e4, miten kyseisen mainonnan voi kielt\u00e4\u00e4.\u00a0<a href=\"omat-mainokset\">Kiell\u00e4 selaink\u00e4ytt\u00f6\u00f6n perustuva mainonta.<\/a><\/td>\n<\/tr>\n<tr>\n<td><img loading=\"lazy\" class=\"alignnone size-full wp-image-472\" title=\"number4pink_4079\" src=\"https:\/\/youronlinechoices.com\/wp-content\/uploads\/2009\/08\/number4pink_4079.jpg\" alt=\"number4pink_4079\" width=\"80\" height=\"80\" \/><\/td>\n<td><span style=\"color: #000; font-size: medium;\"><strong> <strong>Tutustu tietokoneesi yksityisyysasetuksiin.<\/strong><\/strong><\/span><br \/>\nAsetukset l\u00f6ytyv\u00e4t selaimen asetukset-valikosta. Ev\u00e4steasetuksia muutettaessa kannattaa muistaa, ett\u00e4 ev\u00e4steit\u00e4 k\u00e4ytet\u00e4\u00e4n usein k\u00e4ytt\u00e4j\u00e4yst\u00e4v\u00e4llisyyden parantamiseen (esim. sivusto- ja kieliasetusten muistaminen).<\/td>\n<\/tr>\n<\/tbody>\n<\/table>\n<p>Alla olevasta esimerkist\u00e4 selvi\u00e4\u00e4, kuinka yksityisyysasetuksia voi muuttaa Internet Explorer 11 -selaimessa.<\/p>\n<p>&nbsp;<\/p>\n<p style=\"text-align: center;\"><img class=\"size-full wp-image-1137 aligncenter\" title=\"privacy at medium\" src=\"https:\/\/www.youronlinechoices.com\/uk\/wp-content\/uploads\/2015\/09\/IE11_privacy.jpg\" alt=\"privacy at medium\"style=\"width:50%;height:auto\"\/><\/p>\n<p style=\"text-align: center;\"><img class=\"size-full wp-image-128 aligncenter\" title=\"Advanced privacy settings\" src=\"https:\/\/www.youronlinechoices.com\/uk\/wp-content\/uploads\/2015\/09\/IE11_cookies.jpg\" alt=\"Advanced privacy settings\" style=\"width:50%;height:auto\"\/><\/p>\n<p>Alla olevasta esimerkist\u00e4 selvi\u00e4\u00e4, kuinka yksityisyysasetuksia voi muuttaa Microsoft EDGE.<\/p>\n<p>&nbsp;<\/p>\n<p style=\"text-align: center;\"><img class=\"size-full wp-image-1137 aligncenter\" title=\"privacy at medium\" src=\"https:\/\/www.youronlinechoices.com\/uk\/wp-content\/uploads\/2015\/09\/EDGE_privacy.jpg\" alt=\"privacy at medium\" style=\"width:50%;height:auto\" \/><\/p>\n<p style=\"text-align: center;\"><img class=\"size-full wp-image-128 aligncenter\" title=\"Advanced privacy settings\" src=\"https:\/\/www.youronlinechoices.com\/uk\/wp-content\/uploads\/2015\/09\/EDGE_cookies.jpg\" alt=\"Advanced privacy settings\" style=\"width:50%;height:auto\" \/><\/p>\n<p>Alla olevasta esimerkist\u00e4 selvi\u00e4\u00e4, kuinka yksityisyysasetuksia voi muuttaa Google Chrome.<\/p>\n<p>&nbsp;<\/p>\n<p style=\"text-align: center;\"><img class=\"size-full wp-image-1137 aligncenter\" title=\"privacy at medium\" src=\"https:\/\/www.youronlinechoices.com\/uk\/wp-content\/uploads\/2015\/09\/CHROME_privacy.png\" alt=\"privacy at medium\" style=\"width:90%;height:auto\" \/><\/p>\n<p style=\"text-align: center;\"><img class=\"size-full wp-image-128 aligncenter\" title=\"Advanced privacy settings\" src=\"https:\/\/www.youronlinechoices.com\/uk\/wp-content\/uploads\/2015\/09\/CHROME_cookies.png\" alt=\"Advanced privacy settings\" style=\"width:90%;height:auto\" \/><\/p>\n<p>Alla olevasta esimerkist\u00e4 selvi\u00e4\u00e4, kuinka yksityisyysasetuksia voi muuttaa Google Chrome for Mobile.<\/p>\n<p>&nbsp;<\/p>\n<p style=\"text-align: center;\"><img class=\"size-full wp-image-1137 aligncenter\" title=\"privacy at medium\" src=\"https:\/\/www.youronlinechoices.com\/uk\/wp-content\/uploads\/2015\/09\/Chrome_mobile_settings.jpg\" alt=\"privacy at medium\" style=\"width:50%;height:auto\" \/><\/p>\n<p style=\"text-align: center;\"><img class=\"size-full wp-image-128 aligncenter\" title=\"Advanced privacy settings\" src=\"https:\/\/www.youronlinechoices.com\/uk\/wp-content\/uploads\/2015\/09\/Chrome_mobile_cookies.jpg\" alt=\"Advanced privacy settings\" style=\"width:50%;height:auto\" \/><\/p>\n<p>Alla olevasta esimerkist\u00e4 selvi\u00e4\u00e4, kuinka yksityisyysasetuksia voi muuttaa Safari.<\/p>\n<p>&nbsp;<\/p>\n<p style=\"text-align: center;\"><img class=\"size-full wp-image-1137 aligncenter\" title=\"privacy at medium\" src=\"https:\/\/www.youronlinechoices.com\/uk\/wp-content\/uploads\/2015\/09\/SAFARI_privacy.png\" alt=\"privacy at medium\" style=\"width:70%;height:auto\" \/><\/p>\n<p><\/p>\n<p style=\"text-align: center;\"><img class=\"size-full wp-image-128 aligncenter\" title=\"Advanced privacy settings\" src=\"https:\/\/www.youronlinechoices.com\/uk\/wp-content\/uploads\/2015\/09\/SAFARI_cookies.png\" alt=\"Advanced privacy settings\" style=\"width:70%;height:auto\" \/><\/p>\n<p>Alla olevasta esimerkist\u00e4 selvi\u00e4\u00e4, kuinka yksityisyysasetuksia voi muuttaa Safari for Mobile.<\/p>\n<p>&nbsp;<\/p>\n<p style=\"text-align: center;\"><img class=\"size-full wp-image-1137 aligncenter\" title=\"privacy at medium\" src=\"https:\/\/www.youronlinechoices.com\/uk\/wp-content\/uploads\/2015\/09\/Safari_Mobile_Settings.jpg\" alt=\"privacy at medium\" style=\"width:50%;height:auto\" \/><\/p>\n<p style=\"text-align: center;\"><img class=\"size-full wp-image-128 aligncenter\" title=\"Advanced privacy settings\" src=\"https:\/\/www.youronlinechoices.com\/uk\/wp-content\/uploads\/2015\/09\/Safari_Mobile_privacy.jpg\" alt=\"Advanced privacy settings\" style=\"width:50%;height:auto\" \/><\/p>\n<p style=\"text-align: center;\"><img class=\"size-full wp-image-128 aligncenter\" title=\"Advanced privacy settings\" src=\"https:\/\/www.youronlinechoices.com\/uk\/wp-content\/uploads\/2015\/09\/Safari_Mobile_cookies.jpg\" alt=\"Advanced privacy settings\" style=\"width:50%;height:auto\" \/><\/p>\n<table border=\"0\">\n<tbody>\n<tr>\n<td><img loading=\"lazy\" class=\"alignnone size-full wp-image-497\" title=\"Number-5-blue_4080\" src=\"https:\/\/youronlinechoices.com\/wp-content\/uploads\/2009\/08\/Number-5-blue_4080.jpg\" alt=\"Number-5-blue_4080\" width=\"80\" height=\"80\" \/><\/td>\n<td><\/td>\n<td><span style=\"color: #000; font-size: medium;\"><strong><br \/>\n<strong>Muokkaa yksityisyysasetuksia kotitaloutesi tarpeiden mukaan.<\/strong><\/strong><\/span><br \/>\nIhmiset k\u00e4ytt\u00e4v\u00e4t interneti\u00e4 eri tavoin ja eri tarkoituksiin. Jos useampi henkil\u00f6 k\u00e4ytt\u00e4\u00e4 samaa tietokonetta, jokaisella k\u00e4ytt\u00e4j\u00e4ll\u00e4 on hyv\u00e4 olla oma k\u00e4ytt\u00e4j\u00e4tili. N\u00e4in jokaisella k\u00e4ytt\u00e4j\u00e4ll\u00e4 voi olla omien tarpeiden mukaiset yksityisyysasetukset (mm. ev\u00e4ste- ja kieltoasetukset).<\/td>\n<\/tr>\n<\/tbody>\n<\/table>\n<p>&nbsp;<br \/>\nWindows 10:<\/p>\n<p style=\"text-align: center;\"><img class=\"size-full wp-image-129 aligncenter\" title=\"user accounts\" src=\"https:\/\/www.youronlinechoices.com\/uk\/wp-content\/uploads\/2015\/09\/Windows10_accounts.png\" alt=\"user accounts\" style=\"width:70%;height:auto\" \/><\/p>\n<p>Mac OS:<\/p>\n<p style=\"text-align: center;\"><img class=\"size-full wp-image-129 aligncenter\" title=\"user accounts\" src=\"https:\/\/www.youronlinechoices.com\/uk\/wp-content\/uploads\/2015\/09\/MAC_accounts.jpg\" alt=\"user accounts\" style=\"width:70%;height:auto\" \/><\/p>\n<p><!-- br--><br \/>\n<!-- br--><\/p>\n","protected":false},"excerpt":{"rendered":"<p>N\u00e4iden viiden vinkin avulla voi suojata yksityisyytt\u00e4\u00e4n verkossa. \u00c4l\u00e4 hermoile Selaink\u00e4ytt\u00f6\u00f6n perustuva verkkomainonta on turvallista ja avointa. Mainostajat eiv\u00e4t tied\u00e4 henkil\u00f6llisyytt\u00e4si, koska sinua ei voida tunnistaa ker\u00e4tt\u00e4vien tietojen avulla. Tiedot perustuvat selaimen k\u00e4ytt\u00f6historiaan, ja niiden avulla sinulle voidaan n\u00e4ytt\u00e4\u00e4 mainoksia, jotka saattavat kiinnostaa sinua.\u00a0Tutustu selaink\u00e4ytt\u00f6\u00f6n perustuvaan mainontaan. Etsi verkkosivustolta selaink\u00e4ytt\u00f6\u00f6n perustuvaa mainontaa koskevia tietoja. Jos [&hellip;]<\/p>\n","protected":false},"author":3,"featured_media":0,"parent":0,"menu_order":4,"comment_status":"closed","ping_status":"closed","template":"","meta":[],"_links":{"self":[{"href":"https:\/\/www.youronlinechoices.com\/fi\/wp-json\/wp\/v2\/pages\/12"}],"collection":[{"href":"https:\/\/www.youronlinechoices.com\/fi\/wp-json\/wp\/v2\/pages"}],"about":[{"href":"https:\/\/www.youronlinechoices.com\/fi\/wp-json\/wp\/v2\/types\/page"}],"author":[{"embeddable":true,"href":"https:\/\/www.youronlinechoices.com\/fi\/wp-json\/wp\/v2\/users\/3"}],"replies":[{"embeddable":true,"href":"https:\/\/www.youronlinechoices.com\/fi\/wp-json\/wp\/v2\/comments?post=12"}],"version-history":[{"count":21,"href":"https:\/\/www.youronlinechoices.com\/fi\/wp-json\/wp\/v2\/pages\/12\/revisions"}],"predecessor-version":[{"id":448,"href":"https:\/\/www.youronlinechoices.com\/fi\/wp-json\/wp\/v2\/pages\/12\/revisions\/448"}],"wp:attachment":[{"href":"https:\/\/www.youronlinechoices.com\/fi\/wp-json\/wp\/v2\/media?parent=12"}],"curies":[{"name":"wp","href":"https:\/\/api.w.org\/{rel}","templated":true}]}}