{"id":10,"date":"2010-11-30T11:52:58","date_gmt":"2010-11-30T11:52:58","guid":{"rendered":"https:\/\/www.youronlinechoices.com\/fi\/?page_id=10"},"modified":"2018-10-02T21:50:42","modified_gmt":"2018-10-02T21:50:42","slug":"usein-kysytyt-kysymykset","status":"publish","type":"page","link":"https:\/\/www.youronlinechoices.com\/fi\/usein-kysytyt-kysymykset","title":{"rendered":"Usein kysytyt kysymykset"},"content":{"rendered":"<p>Olemme listanneet t\u00e4h\u00e4n usein kysyttyj\u00e4 kysymyksi\u00e4 helpottaaksemme ymm\u00e4rt\u00e4m\u00e4\u00e4n selaink\u00e4ytt\u00f6\u00f6n perustuvaa mainontaa.<br \/>\n<!-- br--><br \/>\n<!-- br--><\/p>\n<ul>\n<li><a href=\"#1\">Mit\u00e4 on selaink\u00e4ytt\u00f6\u00f6n perustuva verkkomainonta?<\/a><\/li>\n<li><a href=\"#2\">Miten selaink\u00e4ytt\u00f6\u00f6n perustuva mainonta toimii?<\/a><\/li>\n<li><a href=\"#3\">Mit\u00e4 tietoja mainontaan k\u00e4ytet\u00e4\u00e4n?<\/a><\/li>\n<li><a href=\"#4\">Mit\u00e4 hy\u00f6ty\u00e4 selaink\u00e4ytt\u00f6\u00f6n perustuvasta verkkomainonnasta on?<\/a><\/li>\n<li><a href=\"#5\">Onko yksityisyyteni turvassa?<\/a><\/li>\n<li><a href=\"#6\">Mit\u00e4 ovat henkil\u00f6tiedot, ja k\u00e4ytet\u00e4\u00e4nk\u00f6 niit\u00e4 selaink\u00e4ytt\u00f6\u00f6n perustuvassa verkkomainonnassa?<\/a><\/li>\n<li><a href=\"#7\">Mit\u00e4 voin tehd\u00e4, jos en halua t\u00e4llaisia mainoksia?<\/a><\/li>\n<li><a href=\"#8\">Tarkoittaako selaink\u00e4ytt\u00f6\u00f6n perustuva verkkomainonta mainonnan lis\u00e4\u00e4ntymist\u00e4?<\/a><\/li>\n<li><a href=\"#9\">Aiheutuuko selaink\u00e4ytt\u00f6\u00f6n perustuvasta verkkomainonnasta haittaa internetin k\u00e4ytt\u00e4miselle?<\/a><\/li>\n<li><a href=\"#10\">Tallentuuko tietokoneelleni ohjelmia?<\/a><\/li>\n<li><a href=\"#11\">Mit\u00e4 ev\u00e4steet ovat ja miten niit\u00e4 k\u00e4ytet\u00e4\u00e4n?<\/a><\/li>\n<li><a href=\"#12\">Voiko ev\u00e4steit\u00e4 poistaa?<\/a><\/li>\n<li><a href=\"#13\">K\u00e4yt\u00e4n t\u00f6iss\u00e4 eri konetta. Pit\u00e4\u00e4k\u00f6 minun asettaa kielto erikseen?<\/a><\/li>\n<li><a href=\"#14\">Est\u00e4\u00e4k\u00f6 selaink\u00e4ytt\u00f6\u00f6n perustuvan mainonnan kielt\u00e4minen roskapostin ja ponnahdusikkunat?<\/a><\/li>\n<li><a href=\"#15\">Mit\u00e4 voin tehd\u00e4 suojatakseni yksityisyytt\u00e4ni verkossa?<\/a><\/li>\n<\/ul>\n<p><!--br--><br \/>\n<span style=\"color: #f000; font-size: medium;\"><strong>Mit\u00e4 on selaink\u00e4ytt\u00f6\u00f6n perustuva verkkomainonta?<\/strong><\/span><br \/>\n<!--br--><br \/>\n<a href=\"sanasto\">Selaink\u00e4tt\u00f6\u00f6n perustuva verkkomainonta<\/a>\u00a0on keino tarjota internetin k\u00e4ytt\u00e4jille mainoksia, jotka perustuvat k\u00e4ytt\u00e4jien aiemman selaink\u00e4yt\u00f6n perusteella p\u00e4\u00e4teltyihin mielenkiinnon kohteisiin.<br \/>\n<!-- br--><br \/>\nSelaink\u00e4ytt\u00f6\u00f6n perustuva mainonta eroaa muusta internet-mainonnasta, kuten\u00a0<a href=\"sanasto\">kontekstipohjaisesta mainonnasta<\/a>, joka perustuu kulloiseenkin selaimen k\u00e4ytt\u00f6kertaan (mm. haut ja vieraillut sivustot).<br \/>\n<!-- br--><br \/>\n<a name=\"2\"><\/a><span style=\"color: #000000; font-size: medium;\"><strong>Miten selaink\u00e4ytt\u00f6\u00f6n perustuva mainonta toimii?<\/strong><\/span><br \/>\n<!-- br--><br \/>\nSelaink\u00e4ytt\u00f6\u00f6n perustuvan mainonnan tarjoamiseen on useita tapoja. Perusperiaate on, ett\u00e4 internetin k\u00e4ytt\u00e4jien selaink\u00e4ytt\u00f6\u00e4 koskevia tietoja ker\u00e4t\u00e4\u00e4n ja ryhmitell\u00e4\u00e4n aiheen perusteella (esim. autoilu, talous ja matkailu). K\u00e4ytt\u00e4j\u00e4st\u00e4 muodostetaan mielenkiinnon kohteita koskeva profiili (esim. &#8220;autoilu&#8221;) sen perusteella, mill\u00e4 verkkosivustoilla h\u00e4n vierailee. K\u00e4ytt\u00e4j\u00e4n tietokoneelle tallennetaan\u00a0<a href=\"sanasto\">ev\u00e4ste<\/a>\u00a0\u2013 tiedosto, jonka perusteella h\u00e4nen tunnistetaan olevan kiinnostunut &#8220;autoilusta&#8221;. Mainostajat ja verkkosivustot r\u00e4\u00e4t\u00e4l\u00f6iv\u00e4t mainoksia eri kohderyhmille. Ev\u00e4steiden avulla k\u00e4ytt\u00e4jille voidaan n\u00e4ytt\u00e4\u00e4 kullekin kohderyhm\u00e4lle sopivia\u00a0<a href=\"sanasto\">bannerimainoksia<\/a>\u00a0.<\/p>\n<p><span style=\"text-decoration: underline;\">Lis\u00e4tietoja kohdennetun mainonnan toimintaperiaatteista l\u00f6ytyy t\u00e4\u00e4lt\u00e4.<\/span><br \/>\n<!-- br--><br \/>\n<a name=\"3\"><\/a><span style=\"color: #000000; font-size: medium;\"><strong>Mit\u00e4 tietoja mainontaan k\u00e4ytet\u00e4\u00e4n?<\/strong><\/span><br \/>\n<!-- br--><br \/>\nSelaink\u00e4ytt\u00f6\u00f6n perustuvaan mainontaan k\u00e4ytett\u00e4v\u00e4t tiedot ja niiden k\u00e4ytt\u00f6tavat vaihtelevat. Esimerkiksi perinteiset\u00a0<a href=\"sanasto\">mainosverkostot<\/a> ker\u00e4\u00e4v\u00e4t ja k\u00e4ytt\u00e4v\u00e4t tietoja vierailuista verkkosivuilla, jotka kuuluvat kyseiseen verkostoon.<br \/>\n<!-- br--><br \/>\n<a name=\"4\"><\/a><span style=\"color: #000000; font-size: medium;\"><strong>Mit\u00e4 hy\u00f6ty\u00e4 selaink\u00e4ytt\u00f6\u00f6n perustuvasta verkkomainonnasta on?<\/strong><\/span><br \/>\n<!-- br--><br \/>\nK\u00e4ytt\u00e4j\u00e4n n\u00e4kem\u00e4t\u00a0<a href=\"sanasto\">mainokset<\/a>\u00a0ovat todenn\u00e4k\u00f6isemmin h\u00e4nt\u00e4 kiinnostavia. Jos esimerkiksi puutarhanhoidosta kiinnostunut k\u00e4ytt\u00e4j\u00e4 vierailee puutarhanhoitoa koskevilla sivustoilla, h\u00e4nelle saatetaan kyseisell\u00e4 tai my\u00f6hemm\u00e4ll\u00e4 istunnolla n\u00e4ytt\u00e4\u00e4 tarjouksia ruohonleikkureista.<br \/>\n<!-- br--><br \/>\nKohdennettu mainonta on hy\u00f6dyllist\u00e4, koska sen avulla k\u00e4ytt\u00e4jille on mahdollista tarjota kiinnostavia mainoksia sek\u00e4 ilmaista sis\u00e4lt\u00f6\u00e4, palveluita ja sovelluksia. My\u00f6s mainostajat hy\u00f6tyv\u00e4t siit\u00e4, koska he pystyv\u00e4t sen avulla tavoittamaan kohdeyleis\u00f6ns\u00e4 paremmin. Verkkosivustojen yll\u00e4pit\u00e4j\u00e4t hy\u00f6tyv\u00e4t, koska mainonnan ansiosta he voivat tarjota sis\u00e4lt\u00f6\u00e4 ilmaiseksi ja n\u00e4ytt\u00e4\u00e4 sivustoillaan k\u00e4ytt\u00e4ji\u00e4\u00e4n kiinnostavia mainoksia. Mainostuloilla voidaan rahoittaa uusia ja innovatiivisia internet-palveluita.<br \/>\n<!-- br--><br \/>\n<a name=\"5\"><\/a><span style=\"color: #000000; font-size: medium;\"><strong>Onko yksityisyyteni turvassa?<\/strong><\/span><br \/>\n<!-- br--><br \/>\nPalveluntarjoajien on noudatettava soveltuvaa lains\u00e4\u00e4d\u00e4nt\u00f6\u00e4. Yleens\u00e4 mainonnan kohdentamiseen k\u00e4ytett\u00e4vi\u00e4 tietoja ei voi k\u00e4ytt\u00e4\u00e4 yksil\u00f6n tunnistamiseen. Jos tallennettavat tiedot sis\u00e4lt\u00e4v\u00e4t \u00a0<a href=\"sanasto\">henkil\u00f6tietoja<\/a>\u00a0(esim. rekister\u00f6intitiedot), asiasta kerrotaan verkkosivuston yksityisyydensuojaa koskevissa s\u00e4\u00e4nn\u00f6iss\u00e4, jotka k\u00e4ytt\u00e4j\u00e4n on hyv\u00e4ksytt\u00e4v\u00e4 palveluun rekister\u00f6itymisen yhteydess\u00e4. K\u00e4ytt\u00e4j\u00e4 voi itse valita, haluaako vastaanottaa itse\u00e4\u00e4n mahdollisesti kiinnostavia mainoksia.<br \/>\n<!-- br--><br \/>\n<a name=\"6\"><\/a><span style=\"color: #000000; font-size: medium;\"><strong>Mit\u00e4 ovat henkil\u00f6tiedot, ja k\u00e4ytet\u00e4\u00e4nk\u00f6 niit\u00e4 selaink\u00e4ytt\u00f6\u00f6n perustuvassa verkkomainonnassa?<\/strong><\/span><br \/>\n<!-- br--><br \/>\n<a href=\"sanasto\">Henkil\u00f6tiedot<\/a>\u00a0ovat tietoja, joita voidaan sellaisenaan tai muiden tietojen kanssa k\u00e4ytt\u00e4\u00e4 yksil\u00f6n tunnistamiseen. T\u00e4llaisia tietoja ovat muun muassa nimi, kotiosoite ja s\u00e4hk\u00f6postiosoite. Henkil\u00f6tietoja ei yleens\u00e4 k\u00e4ytet\u00e4 selaink\u00e4ytt\u00f6\u00f6n perustuvassa mainonnassa. Jos henkil\u00f6tietoja k\u00e4ytet\u00e4\u00e4n, asiasta kerrotaan verkkosivuston yksityisyydensuojaa koskevissa s\u00e4\u00e4nn\u00f6iss\u00e4, jotka k\u00e4ytt\u00e4j\u00e4n on hyv\u00e4ksytt\u00e4v\u00e4 palveluun rekister\u00f6itymisen yhteydess\u00e4.<br \/>\n<!-- br--><br \/>\n<a name=\"7\"><\/a><span style=\"color: #000000; font-size: medium;\"><strong>Mit\u00e4 voin tehd\u00e4, jos en halua t\u00e4llaisia mainoksia?<\/strong><\/span><br \/>\n<!-- br--><br \/>\n<a href=\"omat-mainokset\">Voit kielt\u00e4\u00e4 mainokset t\u00e4\u00e4ll\u00e4.<\/a><\/p>\n<p>On t\u00e4rke\u00e4\u00e4 muistaa, ett\u00e4 kielt\u00e4minen ei tarkoita verkkomainonnan loppumista kokonaan. Kielt\u00e4misen j\u00e4lkeen verkkosivustoilla n\u00e4ytett\u00e4v\u00e4t mainokset eiv\u00e4t tosin v\u00e4ltt\u00e4m\u00e4tt\u00e4 ole sinulle kohdennettuja tai sinua kiinnostavia.<\/p>\n<p><a href=\"https:\/\/www.youronlinechoices.com\/fi\/ohjesivu\">Lis\u00e4tietoja l\u00f6ytyy mainonnan kieltoa koskevista ohjeistamme.<\/a><br \/>\n<!-- br--><br \/>\n<a name=\"8\"><\/a><span style=\"color: #000000; font-size: medium;\"><strong>Tarkoittaako selaink\u00e4ytt\u00f6\u00f6n perustuva verkkomainonta mainonnan lis\u00e4\u00e4ntymist\u00e4?<\/strong><\/span><br \/>\n<!-- br--><br \/>\nEi, mutta tietyill\u00e4 verkkosivustoilla n\u00e4ytett\u00e4v\u00e4t mainokset ovat todenn\u00e4k\u00f6isemmin sinua kiinnostavia.<br \/>\n<!-- br--><br \/>\n<a name=\"9\"><\/a><span style=\"color: #000000; font-size: medium;\"><strong>Aiheutuuko selaink\u00e4ytt\u00f6\u00f6n perustuvasta verkkomainonnasta haittaa internetin k\u00e4ytt\u00e4miselle?<\/strong><\/span><br \/>\n<!-- br--><br \/>\nEi, mainonta ei h\u00e4iritse internetin k\u00e4ytt\u00f6\u00e4. Selaink\u00e4ytt\u00f6\u00f6n perustuvan mainonnan tavoite on tehd\u00e4 bannerimainoksista k\u00e4ytt\u00e4j\u00e4\u00e4 kiinnostavia.<br \/>\n<!-- br--><br \/>\n<a name=\"10\"><\/a><span style=\"color: #000000; font-size: medium;\"><strong>Tallentuuko tietokoneelleni ohjelmia?<\/strong><\/span><br \/>\n<!-- br--><br \/>\nEi.<br \/>\n<!-- br--><br \/>\n<a name=\"11\"><\/a><span style=\"color: #000000; font-size: medium;\"><strong>Mit\u00e4 ev\u00e4steet ovat ja miten niit\u00e4 k\u00e4ytet\u00e4\u00e4n?<\/strong><\/span><br \/>\n<!-- br--><br \/>\n<a href=\"sanasto\">Ev\u00e4steet<\/a>\u00a0ovat kirjaimia ja numeroita sis\u00e4lt\u00e4vi\u00e4 pieni\u00e4 tiedostoja, joita tallentuu tietokoneellesi vieraillessasi tietyill\u00e4 verkkosivustoilla. Ev\u00e4steiden avulla verkkosivustot tunnistavat k\u00e4ytt\u00e4j\u00e4n sivustolla aiemmin tekem\u00e4t asetukset. Itse ev\u00e4steet eiv\u00e4t sis\u00e4ll\u00e4 tai ker\u00e4\u00e4 tietoja. Ev\u00e4steiden avulla WWW-palvelimet muistavat esimerkiksi k\u00e4ytt\u00e4j\u00e4n aiemmat ostokset tai k\u00e4ytt\u00e4j\u00e4tilin tiedot, mink\u00e4 ansiosta verkkosivuston palveluja saattaa olla helpompi k\u00e4ytt\u00e4\u00e4.<br \/>\n<!-- br--><br \/>\nEv\u00e4steet tallentuvat selaimen muistiin. Yleens\u00e4 ev\u00e4ste sis\u00e4lt\u00e4\u00e4 seuraavat tiedot:<\/p>\n<ul>\n<li>Ev\u00e4steen l\u00e4hett\u00e4neen palvelimen nimi<\/li>\n<li>Ev\u00e4steen k\u00e4ytt\u00f6aika<\/li>\n<li>Tunniste \u2013 yleens\u00e4 summittainen ja yksil\u00f6llinen numerosarja<\/li>\n<\/ul>\n<p><!-- br--><br \/>\nTunnisteen avulla ev\u00e4steen l\u00e4hett\u00e4nyt WWW-palvelin tunnistaa sivustolle palaavan ja sivustolla liikkuvan k\u00e4ytt\u00e4j\u00e4n. Ainoastaan ev\u00e4steen l\u00e4hett\u00e4nyt palvelin voi lukea ja k\u00e4ytt\u00e4\u00e4 kyseist\u00e4 ev\u00e4stett\u00e4. Ev\u00e4steet ovat olennainen osa internetin yksil\u00f6llist\u00e4mist\u00e4 ja niit\u00e4 hy\u00f6dynnet\u00e4\u00e4n yleisesti selaink\u00e4ytt\u00f6\u00f6n perustuvassa mainonnassa.<br \/>\n<!-- br--><br \/>\n<a name=\"12\"><\/a><span style=\"color: #000000; font-size: medium;\"><strong>Voiko ev\u00e4steit\u00e4 poistaa?<\/strong><\/span><br \/>\n<!-- br--><br \/>\nKyll\u00e4. Selaimesta riippuen k\u00e4ytt\u00e4j\u00e4 voi est\u00e4\u00e4 vain\u00a0<a href=\"sanasto\">kolmansien osapuolten ev\u00e4steet\u00a0<\/a>(ev\u00e4ste, jonka tallentaa kolmas osapuoli \u2013 esimerkiksi\u00a0<a href=\"sanasto\">mainosverkosto\u00a0<\/a>\u2013 eik\u00e4 verkkosivuston omistaja) tai kaikki ev\u00e4steet, jotka eiv\u00e4t vastaa k\u00e4ytt\u00e4j\u00e4n yksityisyysasetuksia.<br \/>\n<!-- br--><br \/>\nEv\u00e4steiden k\u00e4yt\u00f6n voi est\u00e4\u00e4 kokonaan. T\u00e4m\u00e4 saattaa kuitenkin vaikuttaa internetin k\u00e4ytt\u00f6\u00f6n, jos k\u00e4ytt\u00e4m\u00e4si verkkopalvelut hy\u00f6dynt\u00e4v\u00e4t ev\u00e4steit\u00e4.\u00a0Lis\u00e4tietoa selaimen yksityisyysasetusten muuttamisesta saa\u00a0<a href=\"viisi-vinkkia\">vinkkiosiostamme<\/a>.<br \/>\n<!-- br--><br \/>\n<a name=\"13\"><\/a><span style=\"color: #000000; font-size: medium;\"><strong>K\u00e4yt\u00e4n t\u00f6iss\u00e4 eri konetta. Pit\u00e4\u00e4k\u00f6 minun asettaa kielto erikseen?<\/strong><\/span><br \/>\n<!-- br--><br \/>\nKyll\u00e4. Tietyn yrityksen selaink\u00e4ytt\u00f6\u00f6n perustuvan mainonnan kielt\u00e4minen est\u00e4\u00e4 yrityst\u00e4 ker\u00e4\u00e4m\u00e4st\u00e4 ja k\u00e4ytt\u00e4m\u00e4st\u00e4 tietoja ainoastaan kyseisell\u00e4 verkkoselaimella ja kyseisell\u00e4 tietokoneella tai laitteella. Kielto vaikuttaa siis my\u00f6s kyseisen selaimen muihin k\u00e4ytt\u00e4jiin. Jos haluaa est\u00e4\u00e4 selaink\u00e4ytt\u00f6\u00f6n perustuvan mainonnan kokonaan, on samat toimenpiteet teht\u00e4v\u00e4 kaikilla k\u00e4ytt\u00e4mill\u00e4\u00e4n tietokoneilla ja selaimilla (esim. Internet Explorer, Google Chrome, Mozilla Firefox ja Safari). Lis\u00e4tietoja mainonnan kielt\u00e4misest\u00e4 saa\u00a0<a href=\"https:\/\/www.youronlinechoices.com\/fi\/ohjesivu\">mainonnan kieltoa koskevista ohjeistamme<\/a><em>.<\/em><br \/>\n<!-- br--><br \/>\n<a name=\"14\"><\/a><span style=\"color: #000000; font-size: medium;\"><strong>Est\u00e4\u00e4k\u00f6 selaink\u00e4ytt\u00f6\u00f6n perustuvan mainonnan kielt\u00e4minen roskapostin ja ponnahdusikkunat?<\/strong><\/span><br \/>\n<!-- br--><br \/>\nEi. Selaink\u00e4ytt\u00f6\u00f6n perustuvan mainonnan kielt\u00e4minen est\u00e4\u00e4 k\u00e4ytt\u00e4j\u00e4lle kohdennetut bannerimainokset. Se ei vaikuta s\u00e4hk\u00f6postimainontaan eik\u00e4 ponnahdusikkunoihin.<br \/>\n<!-- br--><br \/>\n<a name=\"15\"><\/a><span style=\"color: #000000; font-size: medium;\"><strong>Mit\u00e4 voin tehd\u00e4 suojatakseni yksityisyytt\u00e4ni verkossa?<\/strong><\/span><br \/>\n<!-- br--><br \/>\n<a href=\"viisi-vinkkia\">Tutustu viiteen vinkkiimme.<\/a><br \/>\n<!-- br--><br \/>\n<!-- br--><\/p>\n","protected":false},"excerpt":{"rendered":"<p>Olemme listanneet t\u00e4h\u00e4n usein kysyttyj\u00e4 kysymyksi\u00e4 helpottaaksemme ymm\u00e4rt\u00e4m\u00e4\u00e4n selaink\u00e4ytt\u00f6\u00f6n perustuvaa mainontaa. Mit\u00e4 on selaink\u00e4ytt\u00f6\u00f6n perustuva verkkomainonta? Miten selaink\u00e4ytt\u00f6\u00f6n perustuva mainonta toimii? Mit\u00e4 tietoja mainontaan k\u00e4ytet\u00e4\u00e4n? Mit\u00e4 hy\u00f6ty\u00e4 selaink\u00e4ytt\u00f6\u00f6n perustuvasta verkkomainonnasta on? Onko yksityisyyteni turvassa? Mit\u00e4 ovat henkil\u00f6tiedot, ja k\u00e4ytet\u00e4\u00e4nk\u00f6 niit\u00e4 selaink\u00e4ytt\u00f6\u00f6n perustuvassa verkkomainonnassa? Mit\u00e4 voin tehd\u00e4, jos en halua t\u00e4llaisia mainoksia? Tarkoittaako selaink\u00e4ytt\u00f6\u00f6n perustuva verkkomainonta [&hellip;]<\/p>\n","protected":false},"author":3,"featured_media":0,"parent":0,"menu_order":5,"comment_status":"closed","ping_status":"closed","template":"","meta":[],"_links":{"self":[{"href":"https:\/\/www.youronlinechoices.com\/fi\/wp-json\/wp\/v2\/pages\/10"}],"collection":[{"href":"https:\/\/www.youronlinechoices.com\/fi\/wp-json\/wp\/v2\/pages"}],"about":[{"href":"https:\/\/www.youronlinechoices.com\/fi\/wp-json\/wp\/v2\/types\/page"}],"author":[{"embeddable":true,"href":"https:\/\/www.youronlinechoices.com\/fi\/wp-json\/wp\/v2\/users\/3"}],"replies":[{"embeddable":true,"href":"https:\/\/www.youronlinechoices.com\/fi\/wp-json\/wp\/v2\/comments?post=10"}],"version-history":[{"count":33,"href":"https:\/\/www.youronlinechoices.com\/fi\/wp-json\/wp\/v2\/pages\/10\/revisions"}],"predecessor-version":[{"id":470,"href":"https:\/\/www.youronlinechoices.com\/fi\/wp-json\/wp\/v2\/pages\/10\/revisions\/470"}],"wp:attachment":[{"href":"https:\/\/www.youronlinechoices.com\/fi\/wp-json\/wp\/v2\/media?parent=10"}],"curies":[{"name":"wp","href":"https:\/\/api.w.org\/{rel}","templated":true}]}}