{"id":61,"date":"2011-01-09T20:33:37","date_gmt":"2011-01-09T20:33:37","guid":{"rendered":"https:\/\/www.youronlinechoices.com\/es"},"modified":"2020-09-04T13:10:49","modified_gmt":"2020-09-04T13:10:49","slug":"preferencias","status":"publish","type":"page","link":"https:\/\/www.youronlinechoices.com\/es\/preferencias\/","title":{"rendered":"Preferencias"},"content":{"rendered":"<div class=\"mb10\">\n<p><span>Las empresas indicadas a continuaci\u00f3n son algunos de los proveedores que trabajan con sitios web para recoger y utilizar datos para ofrecer publicidad basada en intereses.<\/span><\/p>\n<p><span>Utilice los botones a continuaci\u00f3n para controlar sus preferencias de publicidad basada en intereses. Puede darse de alta o de baja de todas las empresas o de manera alternativa establecer sus preferencias para las empresas individualmente. Al hacer clic en el bot\u00f3n de expandir podr\u00e1 obtener m\u00e1s informaci\u00f3n sobre la propia empresa, as\u00ed como el estatus de su publicidad basada en intereses en el navegador web que est\u00e9 utilizando. Si experimenta cualquier problema visite nuestra&nbsp;<a href=\"https:\/\/www.youronlinechoices.com\/es\/ayuda-para-la-baja-voluntaria\/\">p\u00e1gina de ayuda<\/a>.<\/span><\/p>\n<\/div>\n<div class=\"liteyellowbg p10\">\n<div class=\"bbsolid bcdarkyellow pb10 mb10\">\n<div class=\"fleft pt10 pl5 pr10\"><img class=\"block attention\" src=\"https:\/\/www.youronlinechoices.com\/images\/pixel.png\" alt=\"\"><\/div>\n<div class=\"fleft w90\">Por favor tenga en cuenta que esto no har\u00e1 que deje de recibir publicidad en Internet, solo los anuncios que est\u00e9n personalizados seg\u00fan sus posibles intereses basados en su actividad previa de navegaci\u00f3n por la web. <a class=\"block mt5\" href=\"\/es\/ayuda-para-la-baja-voluntaria\">Lea m\u00e1s sobre el proceso aqu\u00ed<\/a><\/div>\n<\/div>\n<div class=\"pl40 pt10 pb10\">\n<p><strong class=\"block mb5\">Significado de los iconos:<\/strong><\/p>\n<div>\n<div class=\"block mb10\"><img class=\"iblock mr5 legend nocookie vamiddle\" src=\"https:\/\/www.youronlinechoices.com\/images\/pixel.png\" alt=\"\"><span class=\"iblock w530 vamiddle\">Esta empresa no ha ofrecido anteriormente anuncios basados en intereses, pero podr\u00e1 ofrecer anuncios en el futuro adaptados a sus intereses.<\/span><\/div>\n<div class=\"block mb10\"><img class=\"iblock vamiddle mr5 legend on\" src=\"https:\/\/www.youronlinechoices.com\/images\/pixel.png\" alt=\"\"><span class=\"iblock w530 vamiddle\">Esta empresa est\u00e1 recogiendo o utilizando datos que podr\u00e1n emplearse para ofrecer anuncios adaptados a sus intereses.<\/span><\/div>\n<div class=\"block mb10\"><img class=\"iblock vamiddle mr5 legend off\" src=\"https:\/\/www.youronlinechoices.com\/images\/pixel.png\" alt=\"\"><span class=\"iblock w530 vamiddle\">Esta empresa no est\u00e1 recogiendo datos que puedan emplearse para ofrecer anuncios adaptados a sus intereses.<\/span><\/div>\n<div class=\"block\"><img class=\"iblock vamiddle mr5 legend noconnection\" src=\"https:\/\/www.youronlinechoices.com\/images\/pixel.png\" alt=\"\"><span class=\"iblock w530 vamiddle\">Esta empresa est\u00e1 experimentando problemas t\u00e9cnicos y no podemos obtener su estatus.<\/span><\/div>\n<\/div>\n<\/div>\n<\/div>\n<div>\n<p><iframe loading=\"lazy\" id=\"myiframeid\" src=\"https:\/\/www.youronlinechoices.com\/opt_out_interface_v2?lang=es\" name=\"myiframeid\" width=\"100%\" height=\"3700\" frameborder=\"0\" scrolling=\"no\"><\/iframe><\/p>\n<div id=\"loadingLoad\">\n<div class=\"reloadButtons\">aaa<\/div>\n<p><span id=\"loadingLoadText\">Collecting your status from 0 companies.This may take a while&#8230;<\/span><\/p>\n<\/div>\n<\/div>\n","protected":false},"excerpt":{"rendered":"<p>Las empresas indicadas a continuaci\u00f3n son algunos de los proveedores que trabajan con sitios web para recoger y utilizar datos para ofrecer publicidad basada en intereses. Utilice los botones a continuaci\u00f3n para controlar sus preferencias de publicidad basada en intereses. Puede darse de alta o de baja de todas las empresas o de manera alternativa [&hellip;]<\/p>\n","protected":false},"author":3,"featured_media":0,"parent":0,"menu_order":3,"comment_status":"closed","ping_status":"closed","template":"","meta":[],"_links":{"self":[{"href":"https:\/\/www.youronlinechoices.com\/es\/wp-json\/wp\/v2\/pages\/61"}],"collection":[{"href":"https:\/\/www.youronlinechoices.com\/es\/wp-json\/wp\/v2\/pages"}],"about":[{"href":"https:\/\/www.youronlinechoices.com\/es\/wp-json\/wp\/v2\/types\/page"}],"author":[{"embeddable":true,"href":"https:\/\/www.youronlinechoices.com\/es\/wp-json\/wp\/v2\/users\/3"}],"replies":[{"embeddable":true,"href":"https:\/\/www.youronlinechoices.com\/es\/wp-json\/wp\/v2\/comments?post=61"}],"version-history":[{"count":29,"href":"https:\/\/www.youronlinechoices.com\/es\/wp-json\/wp\/v2\/pages\/61\/revisions"}],"predecessor-version":[{"id":374,"href":"https:\/\/www.youronlinechoices.com\/es\/wp-json\/wp\/v2\/pages\/61\/revisions\/374"}],"wp:attachment":[{"href":"https:\/\/www.youronlinechoices.com\/es\/wp-json\/wp\/v2\/media?parent=61"}],"curies":[{"name":"wp","href":"https:\/\/api.w.org\/{rel}","templated":true}]}}